{"id":159,"date":"2024-06-15T08:13:31","date_gmt":"2024-06-15T08:13:31","guid":{"rendered":"https:\/\/rfid-laundry-tag.com\/?post_type=product&#038;p=159"},"modified":"2024-08-14T16:18:47","modified_gmt":"2024-08-14T16:18:47","slug":"nfc-laundry-token-ntag216","status":"publish","type":"product","link":"https:\/\/rfid-laundry-tag.com\/cs\/nfc-laundry-token-ntag216\/","title":{"rendered":"Token NFC Laundry Token-NTAG216"},"content":{"rendered":"<div class=\"J_module\">\n<div class=\"ife-detail-decorate-table\">\n<table class=\"has-title all magic-6\">\n<tbody>\n<tr>\n<td colspan=\"1\" rowspan=\"1\">\n<div class=\"magic-7\" data-spm-anchor-id=\"a2700.details.0.i45.77607d98vZbcDU\"><span class=\"magic-8\" style=\"color: #363535;\">N\u00e1zev polo\u017eky<\/span><\/div>\n<\/td>\n<td colspan=\"1\" rowspan=\"1\">\n<div class=\"magic-9\">Token NFC Laundry Token \u2013 NTAG216<\/div>\n<\/td>\n<\/tr>\n<tr>\n<td colspan=\"1\" rowspan=\"1\">\n<div class=\"magic-7\"><span class=\"magic-10\" data-spm-anchor-id=\"a2700.pc-decorate.0.i10.28d333330XLbTD\"><span class=\"magic-8\">Materi\u00e1l<\/span><\/span><\/div>\n<\/td>\n<td colspan=\"1\" rowspan=\"1\">\n<div class=\"magic-9\"><span class=\"magic-8\">PPS<\/span><\/div>\n<\/td>\n<\/tr>\n<tr>\n<td colspan=\"1\" rowspan=\"1\">\n<div class=\"magic-7\"><span class=\"magic-8\">Barva<\/span><\/div>\n<\/td>\n<td colspan=\"1\" rowspan=\"1\">\n<div class=\"magic-9\"><span class=\"magic-8\">\u010cern\u00e1, \u017elut\u00e1 atd<\/span><\/div>\n<\/td>\n<\/tr>\n<tr>\n<td colspan=\"1\" rowspan=\"1\">MOQ<\/td>\n<td colspan=\"1\" rowspan=\"1\">500 ks<\/td>\n<\/tr>\n<tr>\n<td colspan=\"1\" rowspan=\"1\">\n<div class=\"magic-7\"><span class=\"magic-8\">V\u00fdrobce\/\u010dip<\/span><\/div>\n<\/td>\n<td colspan=\"1\" rowspan=\"1\">\n<div class=\"magic-9\"><span class=\"magic-8\">NXP Ntag213, Ntag215, Ntag216, Mifare Ultralight ev1 atd.<\/span><\/div>\n<\/td>\n<\/tr>\n<tr>\n<td colspan=\"1\" rowspan=\"1\">\n<div class=\"magic-7\"><span class=\"magic-8\">Frekvence<\/span><\/div>\n<\/td>\n<td colspan=\"1\" rowspan=\"1\">\n<div class=\"magic-9\"><span class=\"magic-8\">13,56 MHz<\/span><\/div>\n<\/td>\n<\/tr>\n<tr>\n<td colspan=\"1\" rowspan=\"1\">\n<div class=\"magic-7\"><span class=\"magic-8\">Pam\u011b\u0165<\/span><\/div>\n<\/td>\n<td colspan=\"1\" rowspan=\"1\">\n<div class=\"magic-9\"><span class=\"magic-8\">144 bajt\u016f, 504 bajt\u016f, 888 bajt\u016f, 64 bajt\u016f atd<\/span><\/div>\n<\/td>\n<\/tr>\n<tr>\n<td colspan=\"1\" rowspan=\"1\">\n<div class=\"magic-7\"><span class=\"magic-8\">P\u0159e\u010dt\u011bte si Vzd\u00e1lenost<\/span><\/div>\n<\/td>\n<td colspan=\"1\" rowspan=\"1\">\n<div class=\"magic-9\"><span class=\"magic-8\">1~5 cm<\/span><\/div>\n<\/td>\n<\/tr>\n<tr>\n<td colspan=\"1\" rowspan=\"1\">\n<div class=\"magic-7\"><span class=\"magic-8\">Pracovn\u00ed re\u017eim<\/span><\/div>\n<\/td>\n<td colspan=\"1\" rowspan=\"1\">\n<div class=\"magic-9\"><span class=\"magic-8\">pasivn\u00ed<\/span><\/div>\n<\/td>\n<\/tr>\n<tr>\n<td colspan=\"1\" rowspan=\"1\">\n<div class=\"magic-7\"><span class=\"magic-8\">Pracovn\u00ed teplota<\/span><\/div>\n<\/td>\n<td colspan=\"1\" rowspan=\"1\">\n<div class=\"magic-9\"><span class=\"magic-8\">-25\u2103~+110\u2103<\/span><\/div>\n<\/td>\n<\/tr>\n<tr>\n<td colspan=\"1\" rowspan=\"1\">\n<div class=\"magic-7\"><span class=\"magic-8\">Skladovac\u00ed teplota<\/span><\/div>\n<\/td>\n<td colspan=\"1\" rowspan=\"1\">\n<div class=\"magic-9\"><span class=\"magic-8\">-40 \u2103 ~ + 85 \u2103<\/span><\/div>\n<\/td>\n<\/tr>\n<tr>\n<td colspan=\"1\" rowspan=\"1\">\n<div class=\"magic-7\">\n<div><span class=\"magic-8\">\u00a0<\/span><\/div>\n<p><span class=\"magic-8\">Kr\u00e1tkodob\u00e1 teplotn\u00ed odolnost<\/span><\/p>\n<\/div>\n<\/td>\n<td colspan=\"1\" rowspan=\"1\">\n<div class=\"magic-9\"><span class=\"magic-8\">pran\u00ed: 90\u2103, 15 minut; p\u0159edsu\u0161en\u00ed konvertoru: 180\u2103, 30 minut, 200kr\u00e1t; \u017eehlen\u00ed: 180\u2103, 10 sekund, 200kr\u00e1t; vysok\u00fd<br \/>\nteplotn\u00ed sterilizace: 135\u2103, 20 minut<\/span><\/div>\n<\/td>\n<\/tr>\n<tr>\n<td colspan=\"1\" rowspan=\"1\">\n<div class=\"magic-7\"><span class=\"magic-8\">Funkce<\/span><\/div>\n<\/td>\n<td colspan=\"1\" rowspan=\"1\">\n<div class=\"magic-9\"><span class=\"magic-8\">vod\u011bodoln\u00fd, omyvateln\u00fd, odoln\u00fd v\u016f\u010di vysok\u00fdm teplot\u00e1m<\/span><\/div>\n<\/td>\n<\/tr>\n<tr>\n<td colspan=\"1\" rowspan=\"1\">\n<div class=\"magic-7\"><span class=\"magic-8\">\u017divot<\/span><\/div>\n<\/td>\n<td colspan=\"1\" rowspan=\"1\">\n<div class=\"magic-9\"><span class=\"magic-8\">pran\u00ed 200kr\u00e1t nebo 3 roky<\/span><\/div>\n<\/td>\n<\/tr>\n<tr>\n<td colspan=\"1\" rowspan=\"1\">\n<div class=\"magic-7\"><span class=\"magic-8\">Aplikace<\/span><\/div>\n<\/td>\n<td colspan=\"1\" rowspan=\"1\">\n<div class=\"magic-9\"><span class=\"magic-8\">spr\u00e1va a sledov\u00e1n\u00ed pr\u00e1dla<\/span><\/div>\n<\/td>\n<\/tr>\n<\/tbody>\n<\/table>\n<\/div>\n<\/div>\n<div class=\"J_module\">\n<div class=\"detail-decorate-json-renderer-container\">\n<div class=\"magic-1\">\n<div>\n<div><\/div>\n<\/div>\n<div class=\"magic-2\">\n<div class=\"auto-hide-last-sibling-br paragraph_1252f paragraph-element\">\n<div class=\"auto-hide-last-sibling-br paragraph_1252f paragraph-element\">\n<p>NTAG 213, NTAG 215 a NTAG 216 byly vyvinuty spole\u010dnost\u00ed NXP<sup>\u00ae<\/sup>\u00a0Polovodi\u010de jako standardn\u00ed integrovan\u00e9 obvody s ozna\u010den\u00edm NFC pro pou\u017eit\u00ed v aplikac\u00edch pro masov\u00fd trh, jako je maloobchod, hry a spot\u0159ebn\u00ed elektronika, v kombinaci se za\u0159\u00edzen\u00edmi NFC nebo proximity Coupling Devices kompatibiln\u00edmi s NFC. NTAG 213, NTAG 215 a NTAG 216 (od nyn\u011bj\u0161ka obecn\u011b naz\u00fdvan\u00e9 NTAG 21x) jsou navr\u017eeny tak, aby pln\u011b vyhovovaly specifikac\u00edm NFC Forum Type 2 Tag a ISO\/IEC14443 typu A.<\/p>\n<p>Mezi c\u00edlov\u00e9 aplikace pat\u0159\u00ed chytr\u00e1 reklama mimo domov a ti\u0161t\u011bn\u00e1 m\u00e9dia, aplikace SoLoMo, ov\u011b\u0159ov\u00e1n\u00ed produktu, \u0161t\u00edtky na polic\u00edch NFC a mobiln\u00ed doprovodn\u00e9 \u0161t\u00edtky.<\/p>\n<p>C\u00edlov\u00e9 p\u0159\u00edpady pou\u017eit\u00ed zahrnuj\u00ed chytrou reklamu Out-of-Home, ov\u011b\u0159ov\u00e1n\u00ed produktu, mobiln\u00ed doprovodn\u00e9 zna\u010dky, Bluetooth<sup>\u00ae<\/sup>\u00a0nebo Wi-Fi p\u00e1rov\u00e1n\u00ed, elektronick\u00e9 \u0161t\u00edtky na police a vizitky. Pam\u011b\u0165 NTAG 21x lze tak\u00e9 segmentovat pro implementaci v\u00edce aplikac\u00ed sou\u010dasn\u011b.<\/p>\n<p>D\u00edky vysok\u00e9 vstupn\u00ed kapacit\u011b jsou integrovan\u00e9 obvody NTAG 21x speci\u00e1ln\u011b p\u0159izp\u016fsobeny pro aplikace vy\u017eaduj\u00edc\u00ed mal\u00e9 rozm\u011bry bez kompromis\u016f ve v\u00fdkonu. Mal\u00e9 NFC tagy lze snadn\u011bji vlo\u017eit nap\u0159. do \u0161t\u00edtk\u016f produkt\u016f nebo elektronick\u00fdch za\u0159\u00edzen\u00ed.<\/p>\n<p>Mechanick\u00e9 a elektrick\u00e9 specifikace NTAG 21x jsou p\u0159izp\u016fsobeny tak, aby spl\u0148ovaly po\u017eadavky v\u00fdrobc\u016f vlo\u017eek a \u0161t\u00edtk\u016f.<\/p>\n<h3>Bezkontaktn\u00ed p\u0159enos energie a dat<\/h3>\n<p>Komunikaci s NTAG 21x lze nav\u00e1zat pouze tehdy, kdy\u017e je IC p\u0159ipojen k ant\u00e9n\u011b.<\/p>\n<p>Kdy\u017e je NTAG 21x um\u00edst\u011bn v RF poli, vysokorychlostn\u00ed RF komunika\u010dn\u00ed rozhran\u00ed umo\u017e\u0148uje p\u0159enos dat s p\u0159enosovou rychlost\u00ed 106 kbit\/s.<\/p>\n<h3>Jednoduch\u00e9 nasazen\u00ed a u\u017eivatelsk\u00e9 pohodl\u00ed<\/h3>\n<p>NTAG 21x nab\u00edz\u00ed specifick\u00e9 funkce navr\u017een\u00e9 pro zlep\u0161en\u00ed integrace a u\u017eivatelsk\u00e9ho pohodl\u00ed:<\/p>\n<ul>\n<li>Schopnost rychl\u00e9ho \u010dten\u00ed umo\u017e\u0148uje skenovat celou zpr\u00e1vu NDEF pouze jedn\u00edm p\u0159\u00edkazem FAST_READ, \u010d\u00edm\u017e se sni\u017euje re\u017eie v produk\u010dn\u00edch prost\u0159ed\u00edch s vysokou propustnost\u00ed<\/li>\n<li>Vylep\u0161en\u00fd RF v\u00fdkon umo\u017e\u0148uje v\u011bt\u0161\u00ed flexibilitu p\u0159i v\u00fdb\u011bru tvaru, rozm\u011bru a materi\u00e1l\u016f<\/li>\n<li>Mo\u017enost tlou\u0161\u0165ky IC 75 \u03bcm umo\u017e\u0148uje v\u00fdrobu ultratenk\u00fdch \u0161t\u00edtk\u016f pro pohodln\u011bj\u0161\u00ed integraci nap\u0159. do \u010dasopis\u016f nebo hern\u00edch karet<\/li>\n<\/ul>\n<h3>Bezpe\u010dnostn\u00ed<\/h3>\n<ul>\n<li>V\u00fdrobce naprogramoval 7bajtov\u00e9 UID pro ka\u017ed\u00e9 za\u0159\u00edzen\u00ed<\/li>\n<li>P\u0159edprogramovan\u00fd kontejner Capability s jednor\u00e1zov\u011b programovateln\u00fdmi bity<\/li>\n<li>Provozn\u011b programovateln\u00e1 funkce uzam\u010den\u00ed pouze pro \u010dten\u00ed<\/li>\n<li>Podpis originality zalo\u017een\u00fd na ECC<\/li>\n<li>32bitov\u00e1 ochrana heslem, aby se zabr\u00e1nilo neopr\u00e1vn\u011bn\u00fdm operac\u00edm s pam\u011bt\u00ed<\/li>\n<\/ul>\n<h3>Shoda typu NFC Forum Tag 2<\/h3>\n<p>NTAG 21x IC poskytuje plnou shodu s technickou specifikac\u00ed NFC Forum Tag 2 Type a umo\u017e\u0148uje konfigurace datov\u00e9 struktury NDEF.<\/p>\n<h3>Antikolizn\u00ed<\/h3>\n<p>Inteligentn\u00ed antikolizn\u00ed funkce umo\u017e\u0148uje provoz v\u00edce ne\u017e jednoho tagu v ter\u00e9nu sou\u010dasn\u011b. Antikolizn\u00ed algoritmus vybere ka\u017ed\u00fd tag jednotliv\u011b a zajist\u00ed, \u017ee proveden\u00ed transakce s vybran\u00fdm tagem prob\u011bhne spr\u00e1vn\u011b bez z\u00e1sahu jin\u00e9ho tagu v poli.<\/p>\n<h3>Funkce<\/h3>\n<div id=\"featuresXsp\" class=\"features-list toggle-opacity in\">\n<div class=\"features-xsp\">\n<div class=\"collapse-mobile ste-list-ul\">\n<ul class=\"boxes\">\n<li>Bezkontaktn\u00ed p\u0159enos dat a dod\u00e1vky energie<\/li>\n<li>Pracovn\u00ed frekvence 13,56 MHz<\/li>\n<li>P\u0159enos dat 106 kbit\/s<\/li>\n<li>Integrita dat 16bitov\u00e9ho CRC, parita, k\u00f3dov\u00e1n\u00ed bit\u016f, po\u010d\u00edt\u00e1n\u00ed bit\u016f<\/li>\n<li>Provozn\u00ed vzd\u00e1lenost a\u017e 100 mm (v z\u00e1vislosti na r\u016fzn\u00fdch parametrech, jako je nap\u0159. s\u00edla pole a geometrie ant\u00e9ny)<\/li>\n<li>7bajtov\u00e9 s\u00e9riov\u00e9 \u010d\u00edslo (kask\u00e1dov\u00e1 \u00farove\u0148 2 podle ISO\/IEC 14443-3)<\/li>\n<li>UID ASCII mirror pro automatickou serializaci zpr\u00e1v NDEF<\/li>\n<li>Automatick\u00e9 po\u010d\u00edtadlo NFC spu\u0161t\u011bn\u00e9 p\u0159\u00edkazem \u010dten\u00ed<\/li>\n<li>NFC \u010d\u00edta\u010d ASCII mirror pro automatick\u00e9 p\u0159id\u00e1n\u00ed hodnoty \u010d\u00edta\u010de NFC do zpr\u00e1vy NDEF<\/li>\n<li>Podpis originality zalo\u017een\u00fd na ECC<\/li>\n<li>P\u0159\u00edkaz pro rychl\u00e9 \u010dten\u00ed<\/li>\n<li>Opravdov\u00e1 antisr\u00e1\u017eka<\/li>\n<li>Vstupn\u00ed kapacita 50 pF<\/li>\n<\/ul>\n<\/div>\n<div class=\"collapse-mobile ste-list-ul\">\n<ul class=\"boxes\">\n<li>180, 540 nebo 924 bajt\u016f uspo\u0159\u00e1dan\u00fdch do 45, 135 nebo 231 str\u00e1nek se 4 bajty na str\u00e1nku<\/li>\n<li>144, 504 nebo 888 bajt\u016f voln\u011b dostupn\u00e1 u\u017eivatelsk\u00e1 oblast pro \u010dten\u00ed\/z\u00e1pis (36, 126 nebo 222 str\u00e1nek)<\/li>\n<li>4bajtov\u00fd inicializovan\u00fd kontejner schopnost\u00ed s jednor\u00e1zov\u011b programovateln\u00fdmi p\u0159\u00edstupov\u00fdmi bity<\/li>\n<li>Provozn\u011b programovateln\u00e1 funkce uzam\u010den\u00ed pouze pro \u010dten\u00ed na str\u00e1nku pro prvn\u00edch 16 str\u00e1nek<\/li>\n<li>Provozn\u011b programovateln\u00e1 funkce uzam\u010den\u00ed pouze pro \u010dten\u00ed nad prvn\u00edch 16 str\u00e1nek na dvoustr\u00e1nku pro NTAG 213 nebo po 16 str\u00e1nk\u00e1ch pro NTAG 215 a NTAG 216<\/li>\n<li>Nastaviteln\u00e1 ochrana heslem s voliteln\u00fdm limitem ne\u00fasp\u011b\u0161n\u00fdch pokus\u016f<\/li>\n<li>Podpora proti roztr\u017een\u00ed pro z\u00e1sobn\u00edk schopnost\u00ed (CC) a zaji\u0161\u0165ovac\u00ed bity<\/li>\n<li>Kontrola originality podporovan\u00e1 ECC<\/li>\n<li>Doba uchov\u00e1n\u00ed dat 10 let<\/li>\n<li>Napi\u0161te v\u00fddr\u017e 100 000 cykl\u016f<\/li>\n<\/ul>\n<\/div>\n<\/div>\n<\/div>\n<\/div>\n<p>&nbsp;<\/p>\n<div class=\"auto-hide-last-sibling-br paragraph_1252f paragraph-element\"><\/div>\n<div class=\"auto-hide-last-sibling-br paragraph_1252f paragraph-element\"><\/div>\n<\/div>\n<\/div>\n<\/div>\n<\/div>\n<\/div>","protected":false},"excerpt":{"rendered":"<p>NFC Laundry Token-NTAG216, tak\u00e9 zn\u00e1m\u00e9 jako PPS omyvateln\u00e9 NFC \u0161t\u00edtky, jsou vytvo\u0159eny pro situace, kter\u00e9 vy\u017eaduj\u00ed robustn\u00ed \u0161t\u00edtek schopn\u00fd zvl\u00e1dnout drsn\u00e1 provozn\u00ed prost\u0159ed\u00ed.<\/p>","protected":false},"featured_media":160,"template":"","meta":{"_kad_post_transparent":"default","_kad_post_title":"","_kad_post_layout":"default","_kad_post_sidebar_id":"","_kad_post_content_style":"default","_kad_post_vertical_padding":"default","_kad_post_feature":"","_kad_post_feature_position":"","_kad_post_header":false,"_kad_post_footer":false,"_kad_post_classname":""},"product_brand":[],"product_cat":[21,17],"product_tag":[37,74,42,45],"class_list":{"0":"post-159","1":"product","2":"type-product","3":"status-publish","4":"has-post-thumbnail","6":"product_cat-pps-rfid-laundry-tag","7":"product_cat-nfc-rfid-laundry-tag","8":"product_tag-nfc-button","9":"product_tag-nfc-laundry-token-ntag216","10":"product_tag-pps-nfc-laundry-tag","11":"product_tag-pps-washable-nfc-tags","13":"first","14":"instock","15":"shipping-taxable","16":"product-type-simple","17":"entry","18":"content-bg","19":"loop-entry"},"_links":{"self":[{"href":"https:\/\/rfid-laundry-tag.com\/cs\/wp-json\/wp\/v2\/product\/159","targetHints":{"allow":["GET"]}}],"collection":[{"href":"https:\/\/rfid-laundry-tag.com\/cs\/wp-json\/wp\/v2\/product"}],"about":[{"href":"https:\/\/rfid-laundry-tag.com\/cs\/wp-json\/wp\/v2\/types\/product"}],"version-history":[{"count":1,"href":"https:\/\/rfid-laundry-tag.com\/cs\/wp-json\/wp\/v2\/product\/159\/revisions"}],"predecessor-version":[{"id":1317,"href":"https:\/\/rfid-laundry-tag.com\/cs\/wp-json\/wp\/v2\/product\/159\/revisions\/1317"}],"wp:featuredmedia":[{"embeddable":true,"href":"https:\/\/rfid-laundry-tag.com\/cs\/wp-json\/wp\/v2\/media\/160"}],"wp:attachment":[{"href":"https:\/\/rfid-laundry-tag.com\/cs\/wp-json\/wp\/v2\/media?parent=159"}],"wp:term":[{"taxonomy":"product_brand","embeddable":true,"href":"https:\/\/rfid-laundry-tag.com\/cs\/wp-json\/wp\/v2\/product_brand?post=159"},{"taxonomy":"product_cat","embeddable":true,"href":"https:\/\/rfid-laundry-tag.com\/cs\/wp-json\/wp\/v2\/product_cat?post=159"},{"taxonomy":"product_tag","embeddable":true,"href":"https:\/\/rfid-laundry-tag.com\/cs\/wp-json\/wp\/v2\/product_tag?post=159"}],"curies":[{"name":"wp","href":"https:\/\/api.w.org\/{rel}","templated":true}]}}