{"id":151,"date":"2024-06-14T13:40:01","date_gmt":"2024-06-14T13:40:01","guid":{"rendered":"https:\/\/rfid-laundry-tag.com\/?post_type=product&#038;p=151"},"modified":"2024-06-14T15:08:09","modified_gmt":"2024-06-14T15:08:09","slug":"waterproof-washing-rfid-button-tag","status":"publish","type":"product","link":"https:\/\/rfid-laundry-tag.com\/cs\/waterproof-washing-rfid-button-tag\/","title":{"rendered":"Vodot\u011bsn\u00fd myc\u00ed \u0161t\u00edtek RFID tla\u010d\u00edtka"},"content":{"rendered":"<div class=\"J_module\">\n<div class=\"ife-detail-decorate-table\">\n<table class=\"has-title all magic-6\">\n<tbody>\n<tr>\n<td colspan=\"1\" rowspan=\"1\">\n<div class=\"magic-7\" data-spm-anchor-id=\"a2700.details.0.i45.77607d98vZbcDU\"><span class=\"magic-8\" style=\"color: #363535;\">N\u00e1zev polo\u017eky<\/span><\/div>\n<\/td>\n<td colspan=\"1\" rowspan=\"1\">\n<div class=\"magic-9\"><span class=\"magic-8\">Vodot\u011bsn\u00fd myc\u00ed \u0161t\u00edtek RFID tla\u010d\u00edtka<\/span><\/div>\n<\/td>\n<\/tr>\n<tr>\n<td colspan=\"1\" rowspan=\"1\">\n<div class=\"magic-7\"><span class=\"magic-10\" data-spm-anchor-id=\"a2700.pc-decorate.0.i10.28d333330XLbTD\"><span class=\"magic-8\">Materi\u00e1l<\/span><\/span><\/div>\n<\/td>\n<td colspan=\"1\" rowspan=\"1\">\n<div class=\"magic-9\"><span class=\"magic-8\">PPS<\/span><\/div>\n<\/td>\n<\/tr>\n<tr>\n<td colspan=\"1\" rowspan=\"1\">\n<div class=\"magic-7\"><span class=\"magic-8\">Barva<\/span><\/div>\n<\/td>\n<td colspan=\"1\" rowspan=\"1\">\n<div class=\"magic-9\"><span class=\"magic-8\">\u010cern\u00e1<\/span><\/div>\n<\/td>\n<\/tr>\n<tr>\n<td colspan=\"1\" rowspan=\"1\">MOQ<\/td>\n<td colspan=\"1\" rowspan=\"1\">500 ks<\/td>\n<\/tr>\n<tr>\n<td colspan=\"1\" rowspan=\"1\">\n<div class=\"magic-7\"><span class=\"magic-8\">V\u00fdrobce\/\u010dip<\/span><\/div>\n<\/td>\n<td colspan=\"1\" rowspan=\"1\">\n<div class=\"magic-9\"><span class=\"magic-8\">NXP UCODE 8,UCODE 9\/NTAG213,Mifare 1k\/EM4200,EM4305,T5577.TK4100 atd.<\/span><\/div>\n<\/td>\n<\/tr>\n<tr>\n<td colspan=\"1\" rowspan=\"1\">\n<div class=\"magic-7\"><span class=\"magic-8\">Frekvence<\/span><\/div>\n<\/td>\n<td colspan=\"1\" rowspan=\"1\">\n<div class=\"magic-9\"><span class=\"magic-8\">860-960MHz\/13,56MHz\/125Khz<\/span><\/div>\n<\/td>\n<\/tr>\n<tr>\n<td colspan=\"1\" rowspan=\"1\">\n<div class=\"magic-7\"><span class=\"magic-8\">Pam\u011b\u0165<\/span><\/div>\n<\/td>\n<td colspan=\"1\" rowspan=\"1\">\n<div class=\"magic-9\"><span class=\"magic-8\">96 bit\u016f\/128 bit\u016f\/144 bajt\u016f<\/span><\/div>\n<\/td>\n<\/tr>\n<tr>\n<td colspan=\"1\" rowspan=\"1\">\n<div class=\"magic-7\"><span class=\"magic-8\">P\u0159e\u010dt\u011bte si Vzd\u00e1lenost<\/span><\/div>\n<\/td>\n<td colspan=\"1\" rowspan=\"1\">\n<div class=\"magic-9\"><span class=\"magic-8\">1-6m\/1~5cm\/1~2cm<\/span><\/div>\n<\/td>\n<\/tr>\n<tr>\n<td colspan=\"1\" rowspan=\"1\">\n<div class=\"magic-7\"><span class=\"magic-8\">Pracovn\u00ed re\u017eim<\/span><\/div>\n<\/td>\n<td colspan=\"1\" rowspan=\"1\">\n<div class=\"magic-9\"><span class=\"magic-8\">pasivn\u00ed<\/span><\/div>\n<\/td>\n<\/tr>\n<tr>\n<td colspan=\"1\" rowspan=\"1\">\n<div class=\"magic-7\"><span class=\"magic-8\">Pracovn\u00ed teplota<\/span><\/div>\n<\/td>\n<td colspan=\"1\" rowspan=\"1\">\n<div class=\"magic-9\"><span class=\"magic-8\">-25\u2103~+110\u2103<\/span><\/div>\n<\/td>\n<\/tr>\n<tr>\n<td colspan=\"1\" rowspan=\"1\">\n<div class=\"magic-7\"><span class=\"magic-8\">Skladovac\u00ed teplota<\/span><\/div>\n<\/td>\n<td colspan=\"1\" rowspan=\"1\">\n<div class=\"magic-9\"><span class=\"magic-8\">-40 \u2103 ~ + 85 \u2103<\/span><\/div>\n<\/td>\n<\/tr>\n<tr>\n<td colspan=\"1\" rowspan=\"1\">\n<div class=\"magic-7\">\n<div><span class=\"magic-8\">\u00a0<\/span><\/div>\n<p><span class=\"magic-8\">Kr\u00e1tkodob\u00e1 teplotn\u00ed odolnost<\/span><\/p>\n<\/div>\n<\/td>\n<td colspan=\"1\" rowspan=\"1\">\n<div class=\"magic-9\"><span class=\"magic-8\">pran\u00ed: 90\u2103, 15 minut; p\u0159edsu\u0161en\u00ed konvertoru: 180\u2103, 30 minut, 200kr\u00e1t; \u017eehlen\u00ed: 180\u2103, 10 sekund, 200kr\u00e1t; vysok\u00fd<br \/>\nteplotn\u00ed sterilizace: 135\u2103, 20 minut<\/span><\/div>\n<\/td>\n<\/tr>\n<tr>\n<td colspan=\"1\" rowspan=\"1\">\n<div class=\"magic-7\"><span class=\"magic-8\">Funkce<\/span><\/div>\n<\/td>\n<td colspan=\"1\" rowspan=\"1\">\n<div class=\"magic-9\"><span class=\"magic-8\">vod\u011bodoln\u00fd, omyvateln\u00fd, odoln\u00fd v\u016f\u010di vysok\u00fdm teplot\u00e1m<\/span><\/div>\n<\/td>\n<\/tr>\n<tr>\n<td colspan=\"1\" rowspan=\"1\">\n<div class=\"magic-7\"><span class=\"magic-8\">\u017divot<\/span><\/div>\n<\/td>\n<td colspan=\"1\" rowspan=\"1\">\n<div class=\"magic-9\"><span class=\"magic-8\">pran\u00ed 200kr\u00e1t nebo 3 roky<\/span><\/div>\n<\/td>\n<\/tr>\n<tr>\n<td colspan=\"1\" rowspan=\"1\">\n<div class=\"magic-7\"><span class=\"magic-8\">Aplikace<\/span><\/div>\n<\/td>\n<td colspan=\"1\" rowspan=\"1\">\n<div class=\"magic-9\"><span class=\"magic-8\">spr\u00e1va a sledov\u00e1n\u00ed pr\u00e1dla<\/span><\/div>\n<\/td>\n<\/tr>\n<\/tbody>\n<\/table>\n<\/div>\n<\/div>\n<div class=\"J_module\">\n<div class=\"detail-decorate-json-renderer-container\">\n<div class=\"magic-1\">\n<div class=\"magic-2\">\n<div><\/div>\n<div><strong>UHF RFID PPS Button Laundry Tags<\/strong> jsou miniaturn\u00ed indik\u00e1tory RFID s hmotnost\u00ed pe\u0159\u00ed v\u00fdslovn\u011b navr\u017een\u00e9 pro sledov\u00e1n\u00ed pr\u00e1dla. Design t\u011bchto visa\u010dek je p\u0159edur\u010duje k upevn\u011bn\u00ed na od\u011bvy a r\u016fzn\u00e9 textilie. Mohou b\u00fdt detekov\u00e1ny z n\u011bkolika metr\u016f pomoc\u00ed UHF RFID skener\u016f. Obvykle jsou tyto identifik\u00e1tory p\u0159ipevn\u011bny k od\u011bv\u016fm, jako jsou pono\u017eky, ko\u0161ile a ru\u010dn\u00edky. Slou\u017e\u00ed jako n\u00e1kladov\u011b efektivn\u00ed a efektivn\u00ed zp\u016fsob sledov\u00e1n\u00ed pohybu t\u011bchto kus\u016f v r\u00e1mci pr\u00e1delny, \u010d\u00edm\u017e se minimalizuje mno\u017estv\u00ed ztracen\u00fdch nebo zapadl\u00fdch kus\u016f. Jedine\u010dn\u00fd knofl\u00edkov\u00fd styl t\u011bchto \u0161t\u00edtk\u016f umo\u017e\u0148uje jejich snadn\u00e9 p\u0159ipevn\u011bn\u00ed k \u010d\u00e1stem oble\u010den\u00ed. Takov\u00fd syst\u00e9m p\u0159in\u00e1\u0161\u00ed revoluci do tradi\u010dn\u00edho sledov\u00e1n\u00ed pr\u00e1dla, co\u017e z n\u011bj \u010din\u00ed v\u00fdhodu p\u0159i spr\u00e1v\u011b velk\u00fdch objem\u016f pr\u00e1dla a textili\u00ed v institucion\u00e1ln\u00edm prost\u0159ed\u00ed, zlep\u0161uje efektivitu a sni\u017euje ztr\u00e1ty.<\/div>\n<div><\/div>\n<\/div>\n<p><strong>Mo\u017enosti \u010dipu:<\/strong><\/p>\n<ul>\n<li><strong>NXP UCODE 8\/9:<\/strong>\u00a0Cenov\u011b v\u00fdhodn\u00e9 \u010dipy ide\u00e1ln\u00ed pro z\u00e1kladn\u00ed sledov\u00e1n\u00ed a identifikaci, nab\u00edzej\u00ed \u010dtec\u00ed dosah a\u017e 10 metr\u016f.<\/li>\n<li><strong>NTAG213:<\/strong>\u00a0\u010cip s podporou NFC, kter\u00fd umo\u017e\u0148uje komunikaci se smartphony a dal\u0161\u00edmi za\u0159\u00edzen\u00edmi NFC, ide\u00e1ln\u00ed pro aplikace, jako jsou bezkontaktn\u00ed platby nebo p\u0159\u00edstup k informac\u00edm o produktech.<\/li>\n<li><strong>Mifare 1k:<\/strong>\u00a0Bezpe\u010dn\u00fd \u010dip se siln\u00fdmi \u0161ifrovac\u00edmi a autentiza\u010dn\u00edmi funkcemi, vhodn\u00fd pro \u0159\u00edzen\u00ed p\u0159\u00edstupu a bezpe\u010dn\u00e9 ukl\u00e1d\u00e1n\u00ed dat.<\/li>\n<li><strong>EM4305:<\/strong>\u00a0N\u00edzkon\u00e1kladov\u00fd \u010dip pro z\u00e1kladn\u00ed aplikace \u0159\u00edzen\u00ed p\u0159\u00edstupu s dosahem \u010dten\u00ed a\u017e 1 metr.<\/li>\n<li><strong>T5577:<\/strong>\u00a0Dal\u0161\u00ed levn\u00fd \u010dip pro syst\u00e9my kontroly p\u0159\u00edstupu a l\u00edstk\u016f, kter\u00fd nab\u00edz\u00ed \u010dtec\u00ed dosah a\u017e 1 metr.<\/li>\n<\/ul>\n<div class=\"magic-2\">\n<div class=\"auto-hide-last-sibling-br paragraph_1252f paragraph-element\">\n<div class=\"auto-hide-last-sibling-br paragraph_1252f paragraph-element\"><strong>Aplikace:<\/strong><\/div>\n<ol class=\"auto-hide-last-sibling-br\">\n<li>\n<div class=\"auto-hide-last-sibling-br paragraph_1252f paragraph-element\">Pr\u016fmyslov\u00e9 pr\u00e1delny: V pr\u016fmyslov\u00e9m prost\u0159ed\u00ed je sledov\u00e1n\u00ed velk\u00e9ho mno\u017estv\u00ed pr\u00e1dla hra\u010dkou s na\u0161imi tla\u010d\u00edtky RFID Laundry Tag Buttons.<\/div>\n<\/li>\n<li>\n<div class=\"auto-hide-last-sibling-br paragraph_1252f paragraph-element\">Zdravotnick\u00e1 za\u0159\u00edzen\u00ed a hotely: Instituce, jako jsou tyto, \u010dasto zaji\u0161\u0165uj\u00ed velkoobjemov\u00e9 pr\u00e1delny, kde na\u0161e \u0161t\u00edtky trvale zvy\u0161uj\u00ed efektivitu a zjednodu\u0161uj\u00ed spr\u00e1vu z\u00e1sob.<\/div>\n<\/li>\n<li>\n<div class=\"auto-hide-last-sibling-br paragraph_1252f paragraph-element\">P\u016fj\u010dovny pr\u00e1dla: Podniky v sektoru slu\u017eeb pron\u00e1jmu pr\u00e1dla vyu\u017e\u00edvaj\u00ed tyto \u0161t\u00edtky ke zjednodu\u0161en\u00ed \u0159\u00edzen\u00ed z\u00e1sob a udr\u017een\u00ed kontroly kvality.<\/div>\n<\/li>\n<\/ol>\n<div class=\"auto-hide-last-sibling-br paragraph_1252f paragraph-element\">\n<p>&nbsp;<\/p>\n<\/div>\n<\/div>\n<div class=\"auto-hide-last-sibling-br paragraph_1252f paragraph-element\"><\/div>\n<\/div>\n<\/div>\n<\/div>\n<\/div>","protected":false},"excerpt":{"rendered":"<p>Vodot\u011bsn\u00fd myc\u00ed \u0161t\u00edtek RFID Button Tag, b\u011b\u017en\u011b ozna\u010dovan\u00fd jako PPS RFID omyvateln\u00e9 \u0161t\u00edtky na pr\u00e1dlo, je robustn\u00ed za\u0159\u00edzen\u00ed vyroben\u00e9 na zak\u00e1zku v\u00fdslovn\u011b navr\u017een\u00e9 pro aplikace vy\u017eaduj\u00edc\u00ed \u0161t\u00edtky odoln\u00e9 v\u016f\u010di n\u00e1ro\u010dn\u00fdm podm\u00ednk\u00e1m. Zat\u00edmco UHF pr\u00e1deln\u00ed transpond\u00e9ry jsou na dne\u0161n\u00edm trhu \u0161iroce obl\u00edben\u00e9, n\u011bkter\u00e9 sc\u00e9n\u00e1\u0159e vy\u017eaduj\u00ed \u0161t\u00edtky RFID tla\u010d\u00edtek vhodn\u00e9 pro mobiln\u00ed aplikace. Knofl\u00edkov\u00e9 RFID transpond\u00e9ry pr\u00e1dla tyto po\u017eadavky \u00fa\u010dinn\u011b spl\u0148uj\u00ed. Jejich p\u0159izp\u016fsobivost a prvot\u0159\u00eddn\u00ed v\u00fdkon nab\u00edzej\u00ed v\u00fdznamn\u00e9 v\u00fdhody p\u0159i sledov\u00e1n\u00ed a identifikaci pr\u016fmyslov\u00e9ho pr\u00e1dla a textili\u00ed v r\u016fzn\u00fdch odv\u011btv\u00edch.<\/p>","protected":false},"featured_media":154,"template":"","meta":{"_kad_post_transparent":"default","_kad_post_title":"","_kad_post_layout":"default","_kad_post_sidebar_id":"","_kad_post_content_style":"default","_kad_post_vertical_padding":"default","_kad_post_feature":"","_kad_post_feature_position":"","_kad_post_header":false,"_kad_post_footer":false,"_kad_post_classname":""},"product_brand":[],"product_cat":[21,18,17,16],"product_tag":[43,35,50,44],"class_list":{"0":"post-151","1":"product","2":"type-product","3":"status-publish","4":"has-post-thumbnail","6":"product_cat-pps-rfid-laundry-tag","7":"product_cat-125khz-rfid-laundry-tag","8":"product_cat-nfc-rfid-laundry-tag","9":"product_cat-uhf-rfid-laundry-tags","10":"product_tag-pps-rfid-washable-laundry-tags","11":"product_tag-rfid-button","12":"product_tag-rfid-laundry-tag-pps","13":"product_tag-rfid-washable-laundry-tags","15":"first","16":"instock","17":"shipping-taxable","18":"product-type-simple","19":"entry","20":"content-bg","21":"loop-entry"},"_links":{"self":[{"href":"https:\/\/rfid-laundry-tag.com\/cs\/wp-json\/wp\/v2\/product\/151","targetHints":{"allow":["GET"]}}],"collection":[{"href":"https:\/\/rfid-laundry-tag.com\/cs\/wp-json\/wp\/v2\/product"}],"about":[{"href":"https:\/\/rfid-laundry-tag.com\/cs\/wp-json\/wp\/v2\/types\/product"}],"version-history":[{"count":0,"href":"https:\/\/rfid-laundry-tag.com\/cs\/wp-json\/wp\/v2\/product\/151\/revisions"}],"wp:featuredmedia":[{"embeddable":true,"href":"https:\/\/rfid-laundry-tag.com\/cs\/wp-json\/wp\/v2\/media\/154"}],"wp:attachment":[{"href":"https:\/\/rfid-laundry-tag.com\/cs\/wp-json\/wp\/v2\/media?parent=151"}],"wp:term":[{"taxonomy":"product_brand","embeddable":true,"href":"https:\/\/rfid-laundry-tag.com\/cs\/wp-json\/wp\/v2\/product_brand?post=151"},{"taxonomy":"product_cat","embeddable":true,"href":"https:\/\/rfid-laundry-tag.com\/cs\/wp-json\/wp\/v2\/product_cat?post=151"},{"taxonomy":"product_tag","embeddable":true,"href":"https:\/\/rfid-laundry-tag.com\/cs\/wp-json\/wp\/v2\/product_tag?post=151"}],"curies":[{"name":"wp","href":"https:\/\/api.w.org\/{rel}","templated":true}]}}