{"id":148,"date":"2024-06-14T13:17:06","date_gmt":"2024-06-14T13:17:06","guid":{"rendered":"https:\/\/rfid-laundry-tag.com\/?post_type=product&#038;p=148"},"modified":"2024-06-14T13:36:44","modified_gmt":"2024-06-14T13:36:44","slug":"uhf-rfid-laundry-tag-button","status":"publish","type":"product","link":"https:\/\/rfid-laundry-tag.com\/cs\/uhf-rfid-laundry-tag-button\/","title":{"rendered":"Tla\u010d\u00edtko UHF RFID Laundry Tag"},"content":{"rendered":"<div class=\"J_module\">\n<div class=\"ife-detail-decorate-table\">\n<table class=\"has-title all magic-6\">\n<tbody>\n<tr>\n<td colspan=\"1\" rowspan=\"1\">\n<div class=\"magic-7\" data-spm-anchor-id=\"a2700.details.0.i45.77607d98vZbcDU\"><span class=\"magic-8\" style=\"color: #363535;\">N\u00e1zev polo\u017eky<\/span><\/div>\n<\/td>\n<td colspan=\"1\" rowspan=\"1\">\n<div class=\"magic-9\"><strong><span class=\"magic-8\">Tla\u010d\u00edtko UHF RFID Laundry Tag<\/span><\/strong><\/div>\n<\/td>\n<\/tr>\n<tr>\n<td colspan=\"1\" rowspan=\"1\">\n<div class=\"magic-7\"><span class=\"magic-10\" data-spm-anchor-id=\"a2700.pc-decorate.0.i10.28d333330XLbTD\"><span class=\"magic-8\">Materi\u00e1l<\/span><\/span><\/div>\n<\/td>\n<td colspan=\"1\" rowspan=\"1\">\n<div class=\"magic-9\"><span class=\"magic-8\">PPS<\/span><\/div>\n<\/td>\n<\/tr>\n<tr>\n<td colspan=\"1\" rowspan=\"1\">\n<div class=\"magic-7\"><span class=\"magic-8\">Barva<\/span><\/div>\n<\/td>\n<td colspan=\"1\" rowspan=\"1\">\n<div class=\"magic-9\"><span class=\"magic-8\">\u010cern\u00e1<\/span><\/div>\n<\/td>\n<\/tr>\n<tr>\n<td colspan=\"1\" rowspan=\"1\">MOQ<\/td>\n<td colspan=\"1\" rowspan=\"1\">500 ks<\/td>\n<\/tr>\n<tr>\n<td colspan=\"1\" rowspan=\"1\">\n<div class=\"magic-7\"><span class=\"magic-8\">V\u00fdrobce\/\u010dip<\/span><\/div>\n<\/td>\n<td colspan=\"1\" rowspan=\"1\">\n<div class=\"magic-9\"><span class=\"magic-8\">NXP UCODE 8, UCODE 9, Mimozem\u0161\u0165an Higgs 9<\/span><\/div>\n<\/td>\n<\/tr>\n<tr>\n<td colspan=\"1\" rowspan=\"1\">\n<div class=\"magic-7\"><span class=\"magic-8\">Frekvence<\/span><\/div>\n<\/td>\n<td colspan=\"1\" rowspan=\"1\">\n<div class=\"magic-9\"><span class=\"magic-8\">860\u2013960 MHz\/<\/span><\/div>\n<\/td>\n<\/tr>\n<tr>\n<td colspan=\"1\" rowspan=\"1\">\n<div class=\"magic-7\"><span class=\"magic-8\">Pam\u011b\u0165<\/span><\/div>\n<\/td>\n<td colspan=\"1\" rowspan=\"1\">\n<div class=\"magic-9\"><span class=\"magic-8\">96 bit\u016f\/128 bit\u016f<\/span><\/div>\n<\/td>\n<\/tr>\n<tr>\n<td colspan=\"1\" rowspan=\"1\">\n<div class=\"magic-7\"><span class=\"magic-8\">P\u0159e\u010dt\u011bte si Vzd\u00e1lenost<\/span><\/div>\n<\/td>\n<td colspan=\"1\" rowspan=\"1\">\n<div class=\"magic-9\"><span class=\"magic-8\">1-6m<\/span><\/div>\n<\/td>\n<\/tr>\n<tr>\n<td colspan=\"1\" rowspan=\"1\">\n<div class=\"magic-7\"><span class=\"magic-8\">Pracovn\u00ed re\u017eim<\/span><\/div>\n<\/td>\n<td colspan=\"1\" rowspan=\"1\">\n<div class=\"magic-9\"><span class=\"magic-8\">pasivn\u00ed<\/span><\/div>\n<\/td>\n<\/tr>\n<tr>\n<td colspan=\"1\" rowspan=\"1\">\n<div class=\"magic-7\"><span class=\"magic-8\">Pracovn\u00ed teplota<\/span><\/div>\n<\/td>\n<td colspan=\"1\" rowspan=\"1\">\n<div class=\"magic-9\"><span class=\"magic-8\">-25\u2103~+110\u2103<\/span><\/div>\n<\/td>\n<\/tr>\n<tr>\n<td colspan=\"1\" rowspan=\"1\">\n<div class=\"magic-7\"><span class=\"magic-8\">Skladovac\u00ed teplota<\/span><\/div>\n<\/td>\n<td colspan=\"1\" rowspan=\"1\">\n<div class=\"magic-9\"><span class=\"magic-8\">-40 \u2103 ~ + 85 \u2103<\/span><\/div>\n<\/td>\n<\/tr>\n<tr>\n<td colspan=\"1\" rowspan=\"1\">\n<div class=\"magic-7\">\n<div><span class=\"magic-8\">\u00a0<\/span><\/div>\n<p><span class=\"magic-8\">Kr\u00e1tkodob\u00e1 teplotn\u00ed odolnost<\/span><\/p>\n<\/div>\n<\/td>\n<td colspan=\"1\" rowspan=\"1\">\n<div class=\"magic-9\"><span class=\"magic-8\">pran\u00ed: 90\u2103, 15 minut; p\u0159edsu\u0161en\u00ed konvertoru: 180\u2103, 30 minut, 200kr\u00e1t; \u017eehlen\u00ed: 180\u2103, 10 sekund, 200kr\u00e1t; vysok\u00fd<br \/>\nteplotn\u00ed sterilizace: 135\u2103, 20 minut<\/span><\/div>\n<\/td>\n<\/tr>\n<tr>\n<td colspan=\"1\" rowspan=\"1\">\n<div class=\"magic-7\"><span class=\"magic-8\">Funkce<\/span><\/div>\n<\/td>\n<td colspan=\"1\" rowspan=\"1\">\n<div class=\"magic-9\"><span class=\"magic-8\">vod\u011bodoln\u00fd, omyvateln\u00fd, odoln\u00fd v\u016f\u010di vysok\u00fdm teplot\u00e1m<\/span><\/div>\n<\/td>\n<\/tr>\n<tr>\n<td colspan=\"1\" rowspan=\"1\">\n<div class=\"magic-7\"><span class=\"magic-8\">\u017divot<\/span><\/div>\n<\/td>\n<td colspan=\"1\" rowspan=\"1\">\n<div class=\"magic-9\"><span class=\"magic-8\">pran\u00ed 200kr\u00e1t nebo 3 roky<\/span><\/div>\n<\/td>\n<\/tr>\n<tr>\n<td colspan=\"1\" rowspan=\"1\">\n<div class=\"magic-7\"><span class=\"magic-8\">Aplikace<\/span><\/div>\n<\/td>\n<td colspan=\"1\" rowspan=\"1\">\n<div class=\"magic-9\"><span class=\"magic-8\">spr\u00e1va a sledov\u00e1n\u00ed pr\u00e1dla<\/span><\/div>\n<\/td>\n<\/tr>\n<\/tbody>\n<\/table>\n<\/div>\n<\/div>\n<div class=\"J_module\">\n<div class=\"detail-decorate-json-renderer-container\">\n<div class=\"magic-1\">\n<div class=\"magic-2\">\n<div class=\"magic-3\">\n<div><\/div>\n<div class=\"magic-4\">\n<div><strong>\u0160t\u00edtek tla\u010d\u00edtka RFID<\/strong><\/div>\n<div><\/div>\n<\/div>\n<\/div>\n<div>\n<div class=\"auto-hide-last-sibling-br paragraph_1252f paragraph-element\">PPS High Temperature Resistant Laundry Tags slou\u017e\u00ed jako vynikaj\u00edc\u00ed \u0159e\u0161en\u00ed pro sledov\u00e1n\u00ed pro komer\u010dn\u00ed prost\u0159ed\u00ed, jako jsou j\u00eddelny a restaurace, kde se neust\u00e1le manipuluje s velk\u00fdmi objemy n\u00e1dob\u00ed.<\/div>\n<\/div>\n<div>\n<div><\/div>\n<\/div>\n<\/div>\n<p><strong>Mo\u017enosti \u010dipu:<\/strong><\/p>\n<p><strong>NXP UCODE 8<\/strong> a UCODE 8m IC jsou produkty rodiny UCODE. UCODE 8\/8m nab\u00edz\u00ed vysok\u00fd v\u00fdkon a funkce pro pou\u017eit\u00ed v nejn\u00e1ro\u010dn\u011bj\u0161\u00edch aplikac\u00edch RFID tagov\u00e1n\u00ed.<\/p>\n<p>UCODE 8\/8m, kter\u00fd je zvl\u00e1\u0161t\u011b vhodn\u00fd pro aplikace spr\u00e1vy z\u00e1sob, jako je nap\u0159. maloobchod a m\u00f3da, se sv\u00fdm osv\u011bd\u010den\u00fdm RF v\u00fdkonem pro jak\u00fdkoli dan\u00fd tvarov\u00fd faktor umo\u017e\u0148uje dlouh\u00e9 \u010dtec\u00ed vzd\u00e1lenosti a rychlou inventarizaci hust\u00e9 populace RFID tag\u016f. D\u00edky sv\u00e9mu \u0161irokop\u00e1smov\u00e9mu designu nab\u00edz\u00ed mo\u017enost vyr\u00e1b\u011bt skute\u010dn\u00e9 glob\u00e1ln\u00ed RFID \u0161t\u00edtky s vysok\u00fdm v\u00fdkonem nad celosv\u011btov\u00fdmi p\u0159edpisy.<\/p>\n<p>Za\u0159\u00edzen\u00ed tak\u00e9 poskytuje funkci Self Adjust Feature, p\u0159\u00edznak stavu produktu pro aplikaci Electronic Article Surveillance (EAS), p\u0159edem serializovan\u00e9 96bitov\u00e9 EPC, Brand Identifier a p\u0159\u00edkaz EPC Gen2v2 Claim Untraceable.<\/p>\n<div id=\"featuresXsp\" class=\"features-list toggle-opacity in\">\n<div class=\"features-xsp\">\n<div class=\"collapse-mobile ste-list\">\n<h3>Kl\u00ed\u010dov\u00e9 vlastnosti<\/h3>\n<ul class=\"boxes\">\n<li>Citlivost \u010dten\u00ed -23dBm<\/li>\n<li>Citlivost z\u00e1pisu -18dBm<\/li>\n<li>Inovativn\u00ed funk\u010dnost\n<ul>\n<li>Self-Adjust<\/li>\n<li>Ochrana pam\u011bti<\/li>\n<li>Nevystopovateln\u00e9<\/li>\n<li>P\u0159edb\u011b\u017en\u00e1 serializace pro 96bitov\u00e9 EPC<\/li>\n<li>Integrovan\u00fd p\u0159\u00edznak stavu produktu (PSF)<\/li>\n<\/ul>\n<\/li>\n<li>Kompatibiln\u00ed s jedno\u0161t\u011brbinovou ant\u00e9nou<\/li>\n<li>A\u017e 128bitov\u00e9 EPC<\/li>\n<li>96bitov\u00fd jedine\u010dn\u00fd identifik\u00e1tor zna\u010dky (TID) uzam\u010den z v\u00fdroby, v\u010detn\u011b 48bitov\u00e9ho jedine\u010dn\u00e9ho s\u00e9riov\u00e9ho \u010d\u00edsla<\/li>\n<li>EPC Gen2v2<\/li>\n<\/ul>\n<\/div>\n<div class=\"collapse-mobile ste-list\">\n<h3>Pam\u011b\u0165<\/h3>\n<ul class=\"boxes\">\n<li>128-bit\/96-bit (UCODE 8\/UCODE 8m) pam\u011bti EPC<\/li>\n<li>Podporuje pre-serializaci pro 96bitov\u00e9 EPC<\/li>\n<li>96bitov\u00fd identifik\u00e1tor tagu (TID) uzam\u010den z v\u00fdroby<\/li>\n<li>48bitov\u00e9 jedine\u010dn\u00e9 s\u00e9riov\u00e9 \u010d\u00edslo zak\u00f3dovan\u00e9 z v\u00fdroby do TID<\/li>\n<li>0-bit\/32-bit (UCODE 8\/UCODE 8m) U\u017eivatelsk\u00e1 pam\u011b\u0165<\/li>\n<li>32bitov\u00e9 heslo deaktivace pro trvalou deaktivaci zna\u010dky<\/li>\n<li>32bitov\u00e9 p\u0159\u00edstupov\u00e9 heslo<\/li>\n<li>\u0160irok\u00fd rozsah provozn\u00edch teplot: -40\u00a0<sup>\u00b0<\/sup>C a\u017e +85\u00a0<sup>\u00b0<\/sup>C<\/li>\n<li>EPC Gen2v2<\/li>\n<\/ul>\n<p><strong>NXP UCODE 9<\/strong><\/p>\n<p>S UCODE 9 z\u00edsk\u00e1vaj\u00ed podporu n\u00e1ro\u010dn\u00e9 aplikace RAIN RFID pro ozna\u010dov\u00e1n\u00ed, tak\u017ee maloobchodn\u00edci a chytr\u00e9 logistick\u00e9 spole\u010dnosti mohou urychlit p\u0159ijet\u00ed IoT.<\/p>\n<p>D\u00edky sv\u00e9mu zv\u00fd\u0161en\u00e9mu v\u00fdkonu umo\u017e\u0148uje UCODE 9 efektivn\u011bj\u0161\u00ed po\u010d\u00edt\u00e1n\u00ed z\u00e1sob. UCODE 9 nav\u00edc umo\u017e\u0148uje op\u011btovn\u00e9 pou\u017eit\u00ed st\u00e1vaj\u00edc\u00edch n\u00e1vrh\u016f inlay ant\u00e9ny UCODE 8, kter\u00e9 nab\u00edz\u00ed snadnou migra\u010dn\u00ed cestu z UCODE 8 na UCODE 9.<\/p>\n<p>Jeho vy\u0161\u0161\u00ed v\u00fdkon \u010dipu umo\u017e\u0148uje men\u0161\u00ed design vlo\u017eek, co\u017e pom\u00e1h\u00e1 sni\u017eovat pou\u017eit\u00ed plastu a hlin\u00edku, \u010d\u00edm\u017e podporuje udr\u017eitelnost \u017eivotn\u00edho prost\u0159ed\u00ed.<\/p>\n<div class=\"collapse-mobile ste-list\">\n<h3>Kl\u00ed\u010dov\u00e9 vlastnosti<\/h3>\n<ul class=\"boxes\">\n<li>Citlivost \u010dten\u00ed: -24 dBm<\/li>\n<li>Citlivost z\u00e1pisu: -22 dBm<\/li>\n<li>Rychlost k\u00f3dov\u00e1n\u00ed: 32 bit\u016f za 0,96 ms<\/li>\n<li>V\u00fdm\u011bna z\u00e1suvn\u00e9 ant\u00e9ny pro UCODE 8<\/li>\n<li>Vlastn\u00ed nastaven\u00ed<\/li>\n<li>Zabezpe\u010den\u00ed pam\u011bti<\/li>\n<li>P\u0159edb\u011b\u017en\u00e1 serializace 96bitov\u00e9ho EPC<\/li>\n<\/ul>\n<\/div>\n<div class=\"collapse-mobile ste-list\">\n<h3>Pam\u011b\u0165<\/h3>\n<ul class=\"boxes\">\n<li>96bitov\u00e1 pam\u011b\u0165 EPC<\/li>\n<li>Podporuje pre-serializaci 96bitov\u00e9ho EPC<\/li>\n<li>96bitov\u00fd identifik\u00e1tor tagu (TID) uzam\u010den z v\u00fdroby<\/li>\n<li>48bitov\u00e9 jedine\u010dn\u00e9 s\u00e9riov\u00e9 \u010d\u00edslo zak\u00f3dovan\u00e9 z v\u00fdroby do TID<\/li>\n<li>32bitov\u00e9 heslo deaktivace pro trvalou deaktivaci zna\u010dky<\/li>\n<li>\u0160irok\u00fd rozsah provozn\u00edch teplot: -40 \u00b0C a\u017e +85 \u00b0C<\/li>\n<li>V\u00fddr\u017e cyklu z\u00e1pisu 100k<\/li>\n<li>20 let uchov\u00e1v\u00e1n\u00ed dat<\/li>\n<\/ul>\n<\/div>\n<\/div>\n<\/div>\n<\/div>\n<div class=\"magic-2\">\n<div>\n<div class=\"auto-hide-last-sibling-br paragraph_1252f paragraph-element\">\n<h2>Mimozem\u0161\u0165an Higgs<span class=\"sup\">\u2122<\/span>\u00a09<\/h2>\n<p>Vysokokapacitn\u00ed \u010dip GS1 t\u0159\u00eddy 1 Gen 2 RFID Tag IC<\/p>\n<h4 class=\"alternative\">Zv\u00fdrazn\u011bn\u00ed<\/h4>\n<ul>\n<li>Vyhovuje GS1 Class 1 Gen 2 a ISO\/IEC 18000-6C<\/li>\n<li>Celosv\u011btov\u00fd provoz v p\u00e1smech RFID UHF (840-960 MHz)<\/li>\n<li>1024 bit\u016f pam\u011bti NVM\/RAM<\/li>\n<li>A\u017e 496 bit\u016f EPC (nomin\u00e1ln\u011b 96 bit\u016f)<\/li>\n<li>A\u017e 688 u\u017eivatelsk\u00fdch bit\u016f<\/li>\n<li>48bitov\u00fd jedine\u010dn\u00fd TID<\/li>\n<li>32bitov\u00fd p\u0159\u00edstup a 32bitov\u00fd Kill Pass-<br \/>\nslova<\/li>\n<li>P\u0159edprogramov\u00e1no s jedine\u010dn\u00fdm, nezm\u011bn\u011bn\u00fdm<br \/>\nschopn\u00e9 48bitov\u00e9 s\u00e9riov\u00e9 \u010d\u00edslo<\/li>\n<li>U\u017eivatelskou pam\u011b\u0165 lze blokovat trvale<br \/>\nZam\u010deno a tak\u00e9 \u010d\u00edst heslo pro-<br \/>\nchr\u00e1n\u011bno ve 256bitov\u00fdch bloc\u00edch<\/li>\n<li>N\u00edzkoenergetick\u00fd provoz pro \u010dten\u00ed i<br \/>\nnaprogramovat<\/li>\n<li>QuickWrite\u2122 \/ BlastWrite\u2122 \u2013 Vysok\u00e1 rychlost<br \/>\n\u010dipov\u00e9 a hromadn\u00e9 programov\u00e1n\u00ed<\/li>\n<li>Antiklonov\u00e1n\u00ed Dynamic AuthenticationTM \/<br \/>\ntechnologie proti pad\u011blk\u016fm<\/li>\n<li>V\u00fdjime\u010dn\u00fd provozn\u00ed dosah a\u017e 13 m<br \/>\ns vhodnou ant\u00e9nou.<\/li>\n<\/ul>\n<\/div>\n<div class=\"auto-hide-last-sibling-br paragraph_1252f paragraph-element\">UHF RFID PPS Button Laundry Tags jsou kompaktn\u00ed identifik\u00e1tory o hmotnosti pe\u0159\u00ed ur\u010den\u00e9 pro \u00fa\u010dely sledov\u00e1n\u00ed pr\u00e1dla. Mohou b\u00fdt p\u0159ipevn\u011bny k r\u016fzn\u00fdm textiln\u00edm p\u0159edm\u011bt\u016fm, jako jsou pono\u017eky, ko\u0161ile a ru\u010dn\u00edky, a mohou b\u00fdt detekov\u00e1ny z n\u011bkolika metr\u016f pomoc\u00ed UHF RFID skener\u016f. Nejen, \u017ee tyto \u0161t\u00edtky zaji\u0161\u0165uj\u00ed efektivn\u00ed sledov\u00e1n\u00ed a minimalizuj\u00ed ztr\u00e1ty polo\u017eek v pr\u00e1deln\u011b, ale d\u00edky jedine\u010dn\u00e9mu stylu knofl\u00edk\u016f je lze snadno p\u0159ipevnit k od\u011bvu.<\/div>\n<div class=\"auto-hide-last-sibling-br paragraph_1252f paragraph-element\"><\/div>\n<\/div>\n<\/div>\n<\/div>\n<\/div>\n<\/div>","protected":false},"excerpt":{"rendered":"<p>Tla\u010d\u00edtko UHF RFID Laundry Tag pracuj\u00edc\u00ed na frekvenci 865-867 MHz. Tyto \u0161t\u00edtky jsou mal\u00e9, lehk\u00e9 a navr\u017een\u00e9 v\u00fdslovn\u011b pro sledov\u00e1n\u00ed pr\u00e1dla, tak\u017ee jsou vhodn\u00e9 pro spr\u00e1vu od\u011bv\u016f. \u0160t\u00edtky maj\u00ed dosah \u010dten\u00ed a\u017e 3 m, jak je uvedeno.<\/p>","protected":false},"featured_media":149,"template":"","meta":{"_kad_post_transparent":"default","_kad_post_title":"","_kad_post_layout":"default","_kad_post_sidebar_id":"","_kad_post_content_style":"default","_kad_post_vertical_padding":"default","_kad_post_feature":"","_kad_post_feature_position":"","_kad_post_header":false,"_kad_post_footer":false,"_kad_post_classname":""},"product_brand":[],"product_cat":[21,16],"product_tag":[41,35,33,30],"class_list":{"0":"post-148","1":"product","2":"type-product","3":"status-publish","4":"has-post-thumbnail","6":"product_cat-pps-rfid-laundry-tag","7":"product_cat-uhf-rfid-laundry-tags","8":"product_tag-pps-uhf-rfid-laundry-tag","9":"product_tag-rfid-button","10":"product_tag-rfid-laundry-tag-button","11":"product_tag-uhf-rfid-laundry-tag","13":"first","14":"instock","15":"shipping-taxable","16":"product-type-simple","17":"entry","18":"content-bg","19":"loop-entry"},"_links":{"self":[{"href":"https:\/\/rfid-laundry-tag.com\/cs\/wp-json\/wp\/v2\/product\/148","targetHints":{"allow":["GET"]}}],"collection":[{"href":"https:\/\/rfid-laundry-tag.com\/cs\/wp-json\/wp\/v2\/product"}],"about":[{"href":"https:\/\/rfid-laundry-tag.com\/cs\/wp-json\/wp\/v2\/types\/product"}],"version-history":[{"count":0,"href":"https:\/\/rfid-laundry-tag.com\/cs\/wp-json\/wp\/v2\/product\/148\/revisions"}],"wp:featuredmedia":[{"embeddable":true,"href":"https:\/\/rfid-laundry-tag.com\/cs\/wp-json\/wp\/v2\/media\/149"}],"wp:attachment":[{"href":"https:\/\/rfid-laundry-tag.com\/cs\/wp-json\/wp\/v2\/media?parent=148"}],"wp:term":[{"taxonomy":"product_brand","embeddable":true,"href":"https:\/\/rfid-laundry-tag.com\/cs\/wp-json\/wp\/v2\/product_brand?post=148"},{"taxonomy":"product_cat","embeddable":true,"href":"https:\/\/rfid-laundry-tag.com\/cs\/wp-json\/wp\/v2\/product_cat?post=148"},{"taxonomy":"product_tag","embeddable":true,"href":"https:\/\/rfid-laundry-tag.com\/cs\/wp-json\/wp\/v2\/product_tag?post=148"}],"curies":[{"name":"wp","href":"https:\/\/api.w.org\/{rel}","templated":true}]}}