{"id":145,"date":"2024-06-14T10:04:26","date_gmt":"2024-06-14T10:04:26","guid":{"rendered":"https:\/\/rfid-laundry-tag.com\/?post_type=product&#038;p=145"},"modified":"2024-09-08T04:26:06","modified_gmt":"2024-09-08T04:26:06","slug":"uhf-rfid-textile-label","status":"publish","type":"product","link":"https:\/\/rfid-laundry-tag.com\/cs\/uhf-rfid-textile-label\/","title":{"rendered":"Textiln\u00ed \u0161t\u00edtek UHF RFID"},"content":{"rendered":"<div>\n<div class=\"auto-hide-last-sibling-br paragraph_1252f paragraph-element\">\n<table width=\"637\">\n<tbody>\n<tr>\n<td width=\"328\">N\u00e1zev polo\u017eky:<\/td>\n<td width=\"309\">Textiln\u00ed \u0161t\u00edtek UHF RFID<\/td>\n<\/tr>\n<tr>\n<td width=\"328\">RFID standard:<\/td>\n<td width=\"309\">ISO\/IEC 18000-6 TypeC (EPC Gen2)<\/td>\n<\/tr>\n<tr>\n<td width=\"328\">Velikost a hmotnost:<\/td>\n<td width=\"309\">70\u00d715 mm, 0,6g<\/td>\n<\/tr>\n<tr>\n<td width=\"328\">Typ \u010dipu:<\/td>\n<td width=\"309\">Impinj Monza 4QT, NXP U CODE 8, NXP U CODE 9<\/td>\n<\/tr>\n<tr>\n<td width=\"328\">Pam\u011b\u0165 EPC:<\/td>\n<td width=\"309\">128 bit\u016f<\/td>\n<\/tr>\n<tr>\n<td width=\"328\">U\u017eivatelsk\u00e1 pam\u011b\u0165:<\/td>\n<td width=\"309\">512 bit\u016f<\/td>\n<\/tr>\n<tr>\n<td width=\"328\">Rozsah \u010dten\u00ed (2W ERP FCC):<\/td>\n<td width=\"309\">8m<\/td>\n<\/tr>\n<tr>\n<td width=\"328\">Rozsah \u010dten\u00ed (2W ERP ETSI):<\/td>\n<td width=\"309\">8m<\/td>\n<\/tr>\n<tr>\n<td width=\"328\">Ozna\u010dov\u00e1n\u00ed:<\/td>\n<td width=\"309\">\u0160it\u00ed, lepidlo pro ra\u017een\u00ed za tepla<\/td>\n<\/tr>\n<tr>\n<td width=\"328\">Odhadovan\u00e1 \u017eivotnost:<\/td>\n<td width=\"309\">200 myc\u00edch cykl\u016f nebo 3 roky, podle toho, co nastane d\u0159\u00edve<\/td>\n<\/tr>\n<tr>\n<td width=\"328\">Zp\u016fsob pran\u00ed:<\/td>\n<td width=\"309\">Pr\u00e1delna, Chemick\u00e9 \u010di\u0161t\u011bn\u00ed<\/td>\n<\/tr>\n<tr>\n<td width=\"328\">Tlak ods\u00e1v\u00e1n\u00ed vody:<\/td>\n<td width=\"309\">60 bar<\/td>\n<\/tr>\n<tr>\n<td width=\"328\">Vod\u011bodolnost:<\/td>\n<td width=\"309\">Vod\u011bodoln\u00fd<\/td>\n<\/tr>\n<tr>\n<td width=\"328\">Chemick\u00e1 odolnost:<\/td>\n<td width=\"309\">Prac\u00ed prost\u0159edek, aviv\u00e1\u017e, b\u011blidlo (kysl\u00edk\/chl\u00f3r), alk\u00e1lie<\/td>\n<\/tr>\n<tr>\n<td width=\"328\">P\u0159edsu\u0161en\u00ed v bubnu:<\/td>\n<td width=\"309\">125 \u00baC po dobu 15-20 minut<\/td>\n<\/tr>\n<tr>\n<td width=\"328\">Teplota sterilizace:<\/td>\n<td width=\"309\">135\u00b0C po dobu 15-20 minut<\/td>\n<\/tr>\n<tr>\n<td width=\"328\">Teplota pran\u00ed:<\/td>\n<td width=\"309\">90\u00b0C, a\u017e 15 min.<\/td>\n<\/tr>\n<tr>\n<td width=\"328\">Provozn\u00ed vlhkost \/ teplota:<\/td>\n<td width=\"309\">-20 a\u017e 110 \u00b0C, 8 a\u017e 951 TP3TRH<\/td>\n<\/tr>\n<tr>\n<td width=\"328\">Skladov\u00e1n\u00ed vlhkosti\/teploty:<\/td>\n<td width=\"309\">-40 a\u017e 110 \u00b0C, 8 a\u017e 95%RH<\/td>\n<\/tr>\n<\/tbody>\n<\/table>\n<\/div>\n<div class=\"auto-hide-last-sibling-br paragraph_1252f paragraph-element\"><\/div>\n<\/div>\n<div class=\"auto-hide-last-sibling-br paragraph_1252f paragraph-element\">\n<div data-spm-anchor-id=\"a2700.details.0.i57.23b419c7xXORP0\"><span data-spm-anchor-id=\"a2700.details.0.i75.23b419c7xXORP0\"><b>Vlastnosti:<\/b><br \/>\n1) Technologie UHF pro sou\u010dasn\u00e9 \u010dten\u00ed stovek tag\u016f.<br \/>\n2) \u010ctec\u00ed vzd\u00e1lenost v\u00edce ne\u017e 8 stop.<br \/>\n3) Nov\u00fd mechanick\u00fd design pro lep\u0161\u00ed v\u00fdkon pro ploch\u00e9 pr\u00e1dlo.<br \/>\n4) Vhodn\u00e9 pro vysokotlak\u00e9 extraktory do 60 bar.<br \/>\n5) Vhodn\u00e9 pro sterilizaci v autokl\u00e1vu.<br \/>\n6) Mal\u00fd, m\u011bkk\u00fd, pru\u017en\u00fd materi\u00e1l ide\u00e1ln\u00ed pro textilie, pr\u00e1dlo, od\u011bvy a dopl\u0148ky.<\/span><\/div>\n<\/div>\n<div data-spm-anchor-id=\"a2700.details.0.i57.23b419c7xXORP0\"><\/div>\n<div data-spm-anchor-id=\"a2700.details.0.i57.23b419c7xXORP0\">\n<p><img fetchpriority=\"high\" decoding=\"async\" class=\"wp-image-55\" src=\"https:\/\/rfid-laundry-tag.com\/wp-content\/uploads\/2024\/06\/4-300x275.png\" alt=\"RFID Tag for linen laundry\" width=\"605\" height=\"555\" srcset=\"https:\/\/rfid-laundry-tag.com\/wp-content\/uploads\/2024\/06\/4-300x275.png 300w, https:\/\/rfid-laundry-tag.com\/wp-content\/uploads\/2024\/06\/4-600x550.png 600w, https:\/\/rfid-laundry-tag.com\/wp-content\/uploads\/2024\/06\/4-13x12.png 13w, https:\/\/rfid-laundry-tag.com\/wp-content\/uploads\/2024\/06\/4.png 750w\" sizes=\"(max-width: 605px) 100vw, 605px\" \/><\/p>\n<\/div>\n<h3 class=\"wp-block-heading\">Instalace<\/h3>\n<p><strong>Stitch Tagging<\/strong>: K v\u0161it\u00ed do lemu l\u00e1tky. P\u0159i\u0161ijte visa\u010dku na pr\u00e1dlo sm\u011brem od lini\u00ed skl\u00e1d\u00e1n\u00ed.<br \/>\n<strong>Tepeln\u00e9 t\u011bsn\u011bn\u00ed<\/strong>: K tepeln\u00e9mu zataven\u00ed p\u0159\u00edmo na textilii p\u0159i +200\u00b0C (392\u00b0F), po dobu 12~14s.<br \/>\n<strong>V s\u00e1\u010dku<\/strong>: K p\u0159i\u0161it\u00ed jako standardn\u00ed \u0161t\u00edtek pro p\u00e9\u010di. P\u0159i\u0161ijte visa\u010dku na pr\u00e1dlo sm\u011brem od lini\u00ed skl\u00e1d\u00e1n\u00ed.<\/p>\n<div class=\"auto-hide-last-sibling-br paragraph_1252f paragraph-element\">\n<div class=\"auto-hide-last-sibling-br paragraph_1252f paragraph-element\">Textiln\u00ed \u0161t\u00edtky RFID pro uniformy pro pran\u00ed pr\u00e1dla jsou nepostradateln\u00e9 v mnoha pr\u016fmyslov\u00fdch odv\u011btv\u00edch, rozhoduj\u00edc\u00edm zp\u016fsobem p\u0159isp\u00edvaj\u00ed k efektivn\u00edmu sledov\u00e1n\u00ed majetku, \u0159\u00edzen\u00ed z\u00e1sob a zvy\u0161uj\u00ed celkovou provozn\u00ed efektivitu. Zde je pohled na jejich pou\u017eit\u00ed v r\u016fzn\u00fdch odv\u011btv\u00edch:<\/div>\n<\/div>\n<h1 id=\"hero-title\" class=\"sp-hero-title\">UCODE 9xe: UCODE 9 s v\u00edce EPC pam\u011bt\u00ed<\/h1>\n<p>Tato varianta UCODE 9 nab\u00edz\u00ed 128 bit\u016f EPC pam\u011bti a m\u016f\u017ee ukl\u00e1dat d\u016fle\u017eit\u00e9 atributy, jako je datum expirace nebo v\u00fdrobn\u00ed informace, p\u0159\u00edmo na IC. D\u00edky tomu mohou b\u00fdt aplikace IoT je\u0161t\u011b chyt\u0159ej\u0161\u00ed ne\u017e d\u0159\u00edve.<\/p>\n<p>UCODE 9xe, navr\u017een\u00fd jako n\u00e1hradn\u00ed n\u00e1hrada za vysoce v\u00fdkonn\u00fd UCODE 9, nab\u00edz\u00ed stejnou sadu funkc\u00ed, RF v\u00fdkon a kompatibilitu s ant\u00e9nami s certifikac\u00ed Auburn ARC jako UCODE 9, ale se 128 bity elektronick\u00e9ho k\u00f3du produktu (EPC) pam\u011bti pro podporu \u0161ir\u0161\u00edho spektra p\u0159\u00edpad\u016f pou\u017eit\u00ed IoT. V\u00fdsledkem je \u0161t\u00edtek RAIN RFID, kter\u00fd p\u0159in\u00e1\u0161\u00ed v\u00fdhody majitel\u016fm zna\u010dek, maloobchodn\u00edk\u016fm i spot\u0159ebitel\u016fm.<\/p>\n<h3>Funkce<\/h3>\n<div id=\"featuresXsp\" class=\"features-list\">\n<div class=\"features-xsp\">\n<div class=\"collapse-mobile ste-list-ul\">\n<ul class=\"boxes\">\n<li>Citlivost \u010dten\u00ed: 24 dBm<\/li>\n<li>Citlivost z\u00e1pisu: 22 dBm<\/li>\n<li>128bitov\u00e1 pam\u011b\u0165 EPC<\/li>\n<li>Drop-in n\u00e1hrada za UCODE 9 \/ UCODE 8<\/li>\n<li>Vlastn\u00ed nastaven\u00ed<\/li>\n<li>Zabezpe\u010den\u00ed pam\u011bti<\/li>\n<li>P\u0159edb\u011b\u017en\u00e1 serializace 96bitov\u00e9ho EPC<\/li>\n<\/ul>\n<\/div>\n<\/div>\n<\/div>\n<div class=\"auto-hide-last-sibling-br paragraph_1252f paragraph-element\">\n<p>&nbsp;<\/p>\n<\/div>","protected":false},"excerpt":{"rendered":"<p>Textiln\u00ed \u0161t\u00edtky UHF RFID jsou navr\u017eeny tak, aby fungovaly bezchybn\u011b, p\u0159esto\u017ee byly podrobeny n\u00e1ro\u010dn\u00fdm prac\u00edm proces\u016fm, v\u010detn\u011b sterilizace, pran\u00ed p\u0159i vysok\u00e9 teplot\u011b, \u010di\u0161t\u011bn\u00ed, su\u0161en\u00ed a lisov\u00e1n\u00ed.<\/p>","protected":false},"featured_media":146,"template":"","meta":{"_kad_post_transparent":"default","_kad_post_title":"","_kad_post_layout":"default","_kad_post_sidebar_id":"","_kad_post_content_style":"default","_kad_post_vertical_padding":"default","_kad_post_feature":"","_kad_post_feature_position":"","_kad_post_header":false,"_kad_post_footer":false,"_kad_post_classname":""},"product_brand":[],"product_cat":[19,16],"product_tag":[65,30,68],"class_list":{"0":"post-145","1":"product","2":"type-product","3":"status-publish","4":"has-post-thumbnail","6":"product_cat-textile-rfid-laundry-tag","7":"product_cat-uhf-rfid-laundry-tags","8":"product_tag-textile-rfid-laundry-tags","9":"product_tag-uhf-rfid-laundry-tag","10":"product_tag-uhf-rfid-textile-label","12":"first","13":"instock","14":"featured","15":"shipping-taxable","16":"product-type-simple","17":"entry","18":"content-bg","19":"loop-entry"},"_links":{"self":[{"href":"https:\/\/rfid-laundry-tag.com\/cs\/wp-json\/wp\/v2\/product\/145","targetHints":{"allow":["GET"]}}],"collection":[{"href":"https:\/\/rfid-laundry-tag.com\/cs\/wp-json\/wp\/v2\/product"}],"about":[{"href":"https:\/\/rfid-laundry-tag.com\/cs\/wp-json\/wp\/v2\/types\/product"}],"version-history":[{"count":1,"href":"https:\/\/rfid-laundry-tag.com\/cs\/wp-json\/wp\/v2\/product\/145\/revisions"}],"predecessor-version":[{"id":1299,"href":"https:\/\/rfid-laundry-tag.com\/cs\/wp-json\/wp\/v2\/product\/145\/revisions\/1299"}],"wp:featuredmedia":[{"embeddable":true,"href":"https:\/\/rfid-laundry-tag.com\/cs\/wp-json\/wp\/v2\/media\/146"}],"wp:attachment":[{"href":"https:\/\/rfid-laundry-tag.com\/cs\/wp-json\/wp\/v2\/media?parent=145"}],"wp:term":[{"taxonomy":"product_brand","embeddable":true,"href":"https:\/\/rfid-laundry-tag.com\/cs\/wp-json\/wp\/v2\/product_brand?post=145"},{"taxonomy":"product_cat","embeddable":true,"href":"https:\/\/rfid-laundry-tag.com\/cs\/wp-json\/wp\/v2\/product_cat?post=145"},{"taxonomy":"product_tag","embeddable":true,"href":"https:\/\/rfid-laundry-tag.com\/cs\/wp-json\/wp\/v2\/product_tag?post=145"}],"curies":[{"name":"wp","href":"https:\/\/api.w.org\/{rel}","templated":true}]}}