{"id":143,"date":"2024-06-14T09:55:34","date_gmt":"2024-06-14T09:55:34","guid":{"rendered":"https:\/\/rfid-laundry-tag.com\/?post_type=product&#038;p=143"},"modified":"2024-09-26T04:10:00","modified_gmt":"2024-09-26T04:10:00","slug":"textile-rfid-tags-for-laundry","status":"publish","type":"product","link":"https:\/\/rfid-laundry-tag.com\/cs\/textile-rfid-tags-for-laundry\/","title":{"rendered":"Textiln\u00ed RFID \u0161t\u00edtky pro pr\u00e1dlo"},"content":{"rendered":"<div>\n<div class=\"auto-hide-last-sibling-br paragraph_1252f paragraph-element\">\n<h1>Textiln\u00ed RFID \u0161t\u00edtky pro pr\u00e1dlo<\/h1>\n<table width=\"593\">\n<tbody>\n<tr>\n<td width=\"233\">RF Air Protocol<\/td>\n<td colspan=\"4\" width=\"360\">EPC Global Class 1 Gen2 ISO18000-6C<\/td>\n<\/tr>\n<tr>\n<td width=\"233\">Provozn\u00ed frekvence<\/td>\n<td colspan=\"4\" width=\"360\">UHF 866-868 MHz (ETSI) \/UHF 902-928 MHz (FCC)<\/td>\n<\/tr>\n<tr>\n<td width=\"233\">Kompatibilita s prost\u0159ed\u00edm<\/td>\n<td colspan=\"4\" width=\"360\">Optimalizov\u00e1no ve vzduchu<\/td>\n<\/tr>\n<tr>\n<td width=\"233\">Doba uchov\u00e1n\u00ed dat<\/td>\n<td colspan=\"4\" width=\"360\">50 let<\/td>\n<\/tr>\n<tr>\n<td width=\"233\">P\u0159e\u010dt\u011bte si rozsah<\/td>\n<td colspan=\"4\" width=\"360\">A\u017e 5,5 m (od kovu)<\/td>\n<\/tr>\n<tr>\n<td width=\"233\">Polarizace<\/td>\n<td colspan=\"4\" width=\"360\">Line\u00e1rn\u00ed<\/td>\n<\/tr>\n<tr>\n<td width=\"233\">Typ IC<\/td>\n<td colspan=\"4\" width=\"360\">NXP U K\u00d3D 8, U K\u00d3D 9 atd<\/td>\n<\/tr>\n<tr>\n<td width=\"233\">Konfigurace pam\u011bti<\/td>\n<td colspan=\"4\" width=\"360\">EPC 128bit TID 96bit U\u017eivatel 32bit<\/td>\n<\/tr>\n<tr>\n<td colspan=\"5\" width=\"593\">Mechanick\u00e9 specifikace<\/td>\n<\/tr>\n<tr>\n<td width=\"233\">Povrchov\u00e9 materi\u00e1ly<\/td>\n<td colspan=\"4\" width=\"360\">Textiln\u00ed<\/td>\n<\/tr>\n<tr>\n<td width=\"233\">Rozm\u011bry (mm)<\/td>\n<td colspan=\"4\" width=\"360\">15*70*1,5 mm<\/td>\n<\/tr>\n<tr>\n<td width=\"233\">Hmotnost (g)<\/td>\n<td colspan=\"4\" width=\"360\">0,7 g<\/td>\n<\/tr>\n<tr>\n<td rowspan=\"2\" width=\"233\">P\u0159\u00edloha<\/td>\n<td colspan=\"4\" width=\"360\">V\u0161ijte lem nebo tkan\u00fd \u0161t\u00edtek<\/td>\n<\/tr>\n<tr>\n<td colspan=\"4\" width=\"360\">Tepeln\u00e9 t\u011bsn\u011bn\u00ed p\u0159i 215 \u00b0C @ 15 sekund a 4 bary<\/td>\n<\/tr>\n<tr>\n<td width=\"233\">Barva<\/td>\n<td colspan=\"4\" width=\"360\">B\u00edl\u00fd<\/td>\n<\/tr>\n<tr>\n<td colspan=\"5\" width=\"593\">Environmetal Sepifications<\/td>\n<\/tr>\n<tr>\n<td width=\"233\">Provozn\u00ed teplota<\/td>\n<td colspan=\"4\" width=\"360\">-30\u00b0C a\u017e +85\u00b0C<\/td>\n<\/tr>\n<tr>\n<td width=\"233\">Okoln\u00ed teplota<\/td>\n<td colspan=\"4\" width=\"360\">-30\u00b0C a\u017e +100\u00b0C<\/td>\n<\/tr>\n<tr>\n<td width=\"233\">Mechanick\u00e1 odolnost<\/td>\n<td colspan=\"4\" width=\"360\">60 bar\u016f<\/td>\n<\/tr>\n<tr>\n<td width=\"233\">Chemick\u00e1 odolnost<\/td>\n<td colspan=\"4\" width=\"360\">B\u011b\u017en\u00e9 b\u011b\u017en\u00e9 chemik\u00e1lie v prac\u00edch procesech<\/td>\n<\/tr>\n<tr>\n<td rowspan=\"4\" width=\"233\">Tepeln\u00e1 odolnost<\/td>\n<td colspan=\"4\" width=\"360\">Pran\u00ed: 90\u2103, 15 minut, 200 cykl\u016f<\/td>\n<\/tr>\n<tr>\n<td colspan=\"4\" width=\"360\">P\u0159edsu\u0161en\u00ed: 180\u2103, 30 min<\/td>\n<\/tr>\n<tr>\n<td colspan=\"4\" width=\"360\">\u017dehlen\u00ed: 180\u2103, 10 sekund, 200 cykl\u016f<\/td>\n<\/tr>\n<tr>\n<td colspan=\"4\" width=\"360\">Sterilizace: 135\u2103, 20 min<\/td>\n<\/tr>\n<tr>\n<td width=\"233\">Klasifikace IP<\/td>\n<td colspan=\"4\" width=\"360\">IP68<\/td>\n<\/tr>\n<tr>\n<td width=\"233\">Z\u00e1ruka<\/td>\n<td colspan=\"4\" width=\"360\">2 roky nebo 200x pran\u00ed<\/td>\n<\/tr>\n<\/tbody>\n<\/table>\n<\/div>\n<\/div>\n<div>\n<div>\n<h2>V\u00fdhody UHF RFID Laundry Tags<\/h2>\n<p>Investice do\u00a0<strong>UHF RFID \u0161t\u00edtky na pr\u00e1dlo<\/strong>\u00a0je chytr\u00e9 rozhodnut\u00ed pro jakoukoli pr\u00e1delnu, kter\u00e1 chce zv\u00fd\u0161it produktivitu a p\u0159esnost. Zde jsou n\u011bkter\u00e9 p\u0159esv\u011bd\u010div\u00e9 v\u00fdhody:<\/p>\n<ul>\n<li><strong>Vylep\u0161en\u00e9 sledov\u00e1n\u00ed<\/strong>: D\u00edky technologii RFID m\u016f\u017eete sledovat ka\u017ed\u00fd kus pr\u00e1dla po celou dobu jeho cesty, od pran\u00ed a\u017e po doru\u010den\u00ed. To zaji\u0161\u0165uje, \u017ee se b\u011bhem procesu neztrat\u00ed \u017e\u00e1dn\u00e9 polo\u017eky.<\/li>\n<li><strong>Trvanlivost<\/strong>: Na\u0161e \u0161t\u00edtky jsou navr\u017eeny tak, aby vydr\u017eely vysok\u00e9 teploty, v\u00edcen\u00e1sobn\u00e9 pran\u00ed a dokonce i nep\u0159\u00edze\u0148 pr\u016fmyslov\u00fdch pr\u00e1delen, tak\u017ee jsou ide\u00e1ln\u00ed pro dlouhodob\u00e9 pou\u017e\u00edv\u00e1n\u00ed.<\/li>\n<li><strong>N\u00e1kladov\u011b efektivn\u00ed<\/strong>: Sn\u00ed\u017een\u00edm ztr\u00e1t a zlep\u0161en\u00edm \u0159\u00edzen\u00ed z\u00e1sob umo\u017e\u0148uj\u00ed \u0161t\u00edtky na pr\u00e1dlo RFID v kone\u010dn\u00e9m d\u016fsledku zna\u010dn\u00e9 \u00faspory n\u00e1klad\u016f.<\/li>\n<\/ul>\n<h2>Kl\u00ed\u010dov\u00e9 vlastnosti UHF RFID Laundry Tags<\/h2>\n<h3>1.\u00a0<strong>Omyvateln\u00fd design pro dlouhou \u017eivotnost<\/strong><\/h3>\n<p>N\u00e1\u0161\u00a0<strong>RFID l\u00e1tkov\u00e9 \u0161t\u00edtky na pr\u00e1dlo<\/strong>\u00a0jsou navr\u017eeny tak, aby vydr\u017eely v\u00edce ne\u017e 200 myc\u00edch cykl\u016f a zajistily spolehlivost a odolnost. Tyto \u0161t\u00edtky jsou speci\u00e1ln\u011b navr\u017eeny tak, aby vydr\u017eely extr\u00e9mn\u00ed podm\u00ednky pran\u00ed bez sn\u00ed\u017een\u00ed v\u00fdkonu. Mohou dokonce odolat vysok\u00fdm teplot\u00e1m, ani\u017e by ztratily sv\u00e9 schopnosti sledov\u00e1n\u00ed, tak\u017ee jsou ide\u00e1ln\u00ed pro jak\u00e9koli komer\u010dn\u00ed pr\u00e1delny.<\/p>\n<h3>2.\u00a0<strong>V\u0161estrannost v aplikaci<\/strong><\/h3>\n<p>Tyto\u00a0<strong>textiln\u00ed RFID \u0161t\u00edtky<\/strong>\u00a0jsou v\u0161estrann\u00e9 a lze je pou\u017e\u00edt pro r\u016fzn\u00e9 aplikace \u2014 od sledov\u00e1n\u00ed od\u011bv\u016f v hotelech a\u017e po spr\u00e1vu pr\u00e1dla ve zdravotnick\u00fdch za\u0159\u00edzen\u00edch. Jejich robustn\u00ed design jim umo\u017e\u0148uje zvl\u00e1dat r\u016fzn\u00e1 prost\u0159ed\u00ed pro pran\u00ed a z\u00e1rove\u0148 zajistit konzistentn\u00ed v\u00fdkon.<\/p>\n<h3>3.\u00a0<strong>Snadn\u00e1 integrace<\/strong><\/h3>\n<p>Integrace\u00a0<strong>UHF RFID \u0161t\u00edtky na pr\u00e1dlo<\/strong>\u00a0do va\u0161ich st\u00e1vaj\u00edc\u00edch sledovac\u00edch syst\u00e9m\u016f je p\u0159\u00edmo\u010dar\u00e9. \u0160t\u00edtky mohou bez probl\u00e9m\u016f spolupracovat se \u010dte\u010dkami RFID a nab\u00edzej\u00ed v re\u00e1ln\u00e9m \u010dase p\u0159ehled o va\u0161em invent\u00e1\u0159i pr\u00e1dla. To znamen\u00e1 zjednodu\u0161en\u00e9 procesy, zlep\u0161enou p\u0159esnost a lep\u0161\u00ed spr\u00e1vu majetku, ide\u00e1ln\u00ed pro spr\u00e1vu velk\u00fdch objem\u016f textiln\u00edch polo\u017eek.<\/p>\n<h3>4.\u00a0<strong>Odoln\u00fd v\u016f\u010di vod\u011b a teplot\u011b<\/strong><\/h3>\n<p>Tyto \u0161t\u00edtky jsou navr\u017eeny tak, aby vydr\u017eely n\u00e1ro\u010dn\u00e9 pr\u016fmyslov\u00e9 pr\u00e1delny, jsou vodot\u011bsn\u00e9 a odoln\u00e9 v\u016f\u010di vysok\u00fdm teplot\u00e1m. Tato odolnost zaji\u0161\u0165uje dlouhou \u017eivotnost, co\u017e jim umo\u017e\u0148uje zachovat funk\u010dnost b\u011bhem \u010detn\u00fdch agresivn\u00edch cykl\u016f pran\u00ed a su\u0161en\u00ed b\u011b\u017en\u00fdch v komer\u010dn\u00edch pr\u00e1deln\u00e1ch.<\/p>\n<h3>5.\u00a0<strong>P\u0159esn\u00e9 \u0159\u00edzen\u00ed z\u00e1sob<\/strong><\/h3>\n<p>S\u00a0<strong>RFID sledov\u00e1n\u00ed pr\u00e1dla<\/strong>, spr\u00e1va invent\u00e1\u0159e se stane hra\u010dkou. Ka\u017ed\u00fd \u0161t\u00edtek obsahuje jedine\u010dn\u00fd identifik\u00e1tor, kter\u00fd umo\u017e\u0148uje automatick\u00e9 sledov\u00e1n\u00ed ka\u017ed\u00e9ho kusu pr\u00e1dla, \u010d\u00edm\u017e odpad\u00e1 ru\u010dn\u00ed proces p\u0159ihl\u00e1\u0161en\u00ed\/odhl\u00e1\u0161en\u00ed. Tato funkce zvy\u0161uje efektivitu a zaji\u0161\u0165uje, \u017ee v\u017edy v\u00edte, kde se va\u0161e prost\u0159edky nach\u00e1zej\u00ed.<\/p>\n<h3>6.\u00a0<strong>Vliv na \u017eivotn\u00ed prost\u0159ed\u00ed<\/strong><\/h3>\n<p>Podpora udr\u017eiteln\u00e9ho p\u0159\u00edstupu, n\u00e1\u0161\u00a0<strong>omyvateln\u00e9 RFID \u0161t\u00edtky<\/strong>\u00a0jsou navr\u017eeny s ohledem na ekologii. Jsou opakovan\u011b pou\u017eiteln\u00e9 a vyroben\u00e9 z materi\u00e1l\u016f, kter\u00e9 sni\u017euj\u00ed mno\u017estv\u00ed odpadu ve srovn\u00e1n\u00ed s etiketami na jedno pou\u017eit\u00ed. Tento aspekt udr\u017eitelnosti je z\u00e1sadn\u00ed, proto\u017ee organizace st\u00e1le v\u00edce up\u0159ednost\u0148uj\u00ed odpov\u011bdnost v\u016f\u010di \u017eivotn\u00edmu prost\u0159ed\u00ed.<\/p>\n<\/div>\n<div><\/div>\n<div>\n<h2>N\u00e1vod k pou\u017eit\u00ed<\/h2>\n<ol>\n<li><strong>P\u0159\u00edprava<\/strong>: P\u0159ed aplikac\u00ed \u0161t\u00edtk\u016f na textil se ujist\u011bte, \u017ee je povrch \u010dist\u00fd a such\u00fd.<\/li>\n<li><strong>aplikace<\/strong>: \u0160t\u00edtky lze v\u0161\u00edt do od\u011bvu nebo p\u0159ilepit na pr\u00e1dlo podle va\u0161eho po\u017eadavku.<\/li>\n<li><strong>Inicializace<\/strong>: Naprogramujte ka\u017ed\u00fd \u0161t\u00edtek pomoc\u00ed \u010dte\u010dky RFID tak, aby ka\u017ed\u00e9mu kusu pr\u00e1dla p\u0159id\u011blil jedine\u010dn\u00fd identifik\u00e1tor.<\/li>\n<li><strong>Sledov\u00e1n\u00ed<\/strong>: Pou\u017eijte \u010dte\u010dku RFID k bezprobl\u00e9mov\u00e9mu sledov\u00e1n\u00ed a sledov\u00e1n\u00ed pr\u00e1dla v pr\u016fb\u011bhu prac\u00edho a v\u00fddejn\u00edho cyklu.<\/li>\n<\/ol>\n<\/div>\n<div><\/div>\n<div class=\"auto-hide-last-sibling-br paragraph_1252f paragraph-element\"><strong>Textiln\u00ed RFID \u0161t\u00edtky na pr\u00e1dlo<\/strong> slou\u017e\u00ed jako v\u00fdhodn\u00fd n\u00e1stroj pro provozovny, kter\u00e9 pot\u0159ebuj\u00ed kontinu\u00e1ln\u00ed dod\u00e1vky \u010dist\u00e9ho pr\u00e1dla, pracovn\u00edch uniforem, l\u00e9ka\u0159sk\u00fdch od\u011bv\u016f nebo \u010distic\u00edch prost\u0159edk\u016f, umo\u017e\u0148uj\u00edc\u00ed automatizovan\u00fdm syst\u00e9m\u016fm rychle a p\u0159esn\u011b zpracovat velk\u00e9 mno\u017estv\u00ed jednotliv\u00fdch polo\u017eek.<\/div>\n<p>&nbsp;<\/p>\n<\/div>\n<div>\n<div class=\"auto-hide-last-sibling-br paragraph_1252f paragraph-element\"><strong>Textiln\u00ed etikety RFID<\/strong> fungovat pomoc\u00ed specializovan\u00e9ho procesu. Ka\u017ed\u00fd \u0161t\u00edtek je vybaven \u010dipem RFID, kter\u00fd obsahuje v\u00fdznamn\u00e9 podrobnosti o produktu, jako jsou jeho v\u00fdrobn\u00ed specifika, jedine\u010dn\u00fd identifik\u00e1tor, zdroj, materi\u00e1lov\u00e9 slo\u017een\u00ed a tak d\u00e1le.<\/div>\n<div class=\"auto-hide-last-sibling-br paragraph_1252f paragraph-element\">Mechanismus extrahov\u00e1n\u00ed t\u011bchto vlo\u017een\u00fdch informac\u00ed zahrnuje n\u00e1stroj zn\u00e1m\u00fd jako RFID vys\u00edla\u010d nebo b\u011b\u017en\u011bji \u010dte\u010dka. Toto za\u0159\u00edzen\u00ed vys\u00edl\u00e1 vysokofrekven\u010dn\u00ed vlny, kter\u00e9 navazuj\u00ed spojen\u00ed s RFID \u010dipem, kter\u00fd se nach\u00e1z\u00ed na \u0161t\u00edtku. Tato interakce usnad\u0148uje \u010dte\u010dce p\u0159\u00edstup k dat\u016fm zabezpe\u010den\u00fdm na \u010dipu.<\/div>\n<\/div>\n<div><\/div>\n<div><\/div>\n<div>\n<div class=\"auto-hide-last-sibling-br paragraph_1252f paragraph-element\"><span style=\"font-family: inherit; font-size: 24px; font-weight: bold;\">Instalace<\/span><\/div>\n<\/div>\n<p><strong>Stitch Tagging<\/strong>: K v\u0161it\u00ed do lemu l\u00e1tky. P\u0159i\u0161ijte visa\u010dku na pr\u00e1dlo sm\u011brem od lini\u00ed skl\u00e1d\u00e1n\u00ed.<br \/>\n<strong>Tepeln\u00e9 t\u011bsn\u011bn\u00ed<\/strong>: K tepeln\u00e9mu zataven\u00ed p\u0159\u00edmo na textilii p\u0159i +200\u00b0C (392\u00b0F), po dobu 12~14s.<br \/>\n<strong>V s\u00e1\u010dku<\/strong>: K p\u0159i\u0161it\u00ed jako standardn\u00ed \u0161t\u00edtek pro p\u00e9\u010di. P\u0159i\u0161ijte visa\u010dku na pr\u00e1dlo sm\u011brem od lini\u00ed skl\u00e1d\u00e1n\u00ed.<\/p>\n<div class=\"auto-hide-last-sibling-br paragraph_1252f paragraph-element\">\n<div class=\"auto-hide-last-sibling-br paragraph_1252f paragraph-element\"><\/div>\n<p style=\"font-weight: 400;\"><span style=\"font-style: inherit; font-weight: inherit;\" data-spm-anchor-id=\"a2700.details.0.i52.7e74253fSAfL7T\">Jak <\/span><b><strong style=\"font-style: inherit;\">SILN\u00dd<\/strong><\/b><span style=\"font-style: inherit; font-weight: inherit;\"> oni jsou ?<\/span><\/p>\n<p><b><strong>\u2460<\/strong><\/b>.Do\u0161lo k po\u0161kozen\u00ed \u010dip\u016f RFID p\u0159i vysok\u00fdch teplot\u00e1ch?<span style=\"font-style: inherit; font-weight: inherit;\"> \u2013<\/span><b><strong>\u2714 Na\u0161e textiln\u00ed \u0161t\u00edtky na pr\u00e1dlo RFID jsou navr\u017eeny pro pou\u017eit\u00ed p\u0159i 200 \u00b0C<\/strong><\/b><span style=\"font-style: inherit; font-weight: inherit;\">.<\/span><\/p>\n<p style=\"font-weight: 400;\"><b><strong>\u2461<\/strong><\/b>Kolikr\u00e1t m\u016f\u017eeme vyprat \u0161t\u00edtky, kter\u00e9 jsou p\u0159ipevn\u011bny k textiln\u00edm v\u00fdrobk\u016fm uniforem? <b><strong>\u2013\u2714Na\u0161e textiln\u00ed \u0161t\u00edtky na pr\u00e1dlo RFID lze pr\u00e1t v\u00edce ne\u017e 200kr\u00e1t se z\u00e1rukou po dobu 2 let po odesl\u00e1n\u00ed.<\/strong><\/b><\/p>\n<p style=\"font-weight: 400;\"><b><strong>\u2462<\/strong><\/b>Budeme utr\u00e1cet za presti\u017en\u00ed uniformy textiln\u00ed v\u00fdrobky, pokra\u010dovat v pr\u00e1ci v p\u0159\u00edpad\u011b rozdrcen\u00ed t\u0159\u00edsek? <b><strong>\u2013\u2714Na\u0161i textiln\u00ed visa\u010dku na pr\u00e1dlo jsme navrhli tak, aby vydr\u017eela tlak 60 bar\u016f v procesu lisov\u00e1n\u00ed va\u0161ich textiln\u00edch v\u00fdrobk\u016f.<\/strong><\/b><\/p>\n<p style=\"font-weight: 400;\"><b><strong>\u2463<\/strong><\/b>Kam um\u00edst\u00edte textiln\u00ed \u0161t\u00edtky na pr\u00e1dlo RFID na textilie uniforem? <b><strong>\u2013 \u2714RFID textiln\u00ed \u0161t\u00edtky na pr\u00e1dlo jsou instalov\u00e1ny podle dostupnosti uniforem.<\/strong><\/b><\/p>\n<h2>\u010casto kladen\u00e9 ot\u00e1zky (FAQ)<\/h2>\n<h3>1.\u00a0<strong>Jsou etikety na pr\u00e1dlo RFID skute\u010dn\u011b omyvateln\u00e9?<\/strong><\/h3>\n<p>Ano, na\u0161e etikety na pr\u00e1dlo RFID jsou navr\u017eeny tak, aby vydr\u017eely v\u00edce ne\u017e 200 prac\u00edch cykl\u016f p\u0159i zachov\u00e1n\u00ed jejich v\u00fdkonu.<\/p>\n<h3>2.\u00a0<strong>Lze tyto zna\u010dky pou\u017e\u00edt v prost\u0159ed\u00ed s vysokou teplotou?<\/strong><\/h3>\n<p>Absolutn\u011b! Na\u0161e \u0161t\u00edtky jsou tepeln\u011b odoln\u00e9 a vydr\u017e\u00ed teploty a\u017e 85 \u00b0C bez ztr\u00e1ty funk\u010dnosti.<\/p>\n<h3>3.\u00a0<strong>Jak snadn\u00e9 je integrovat tyto zna\u010dky do st\u00e1vaj\u00edc\u00edch syst\u00e9m\u016f?<\/strong><\/h3>\n<p>Integrace je jednoduch\u00e1, proto\u017ee tyto \u0161t\u00edtky jsou kompatibiln\u00ed s v\u011bt\u0161inou RFID \u010dte\u010dek dostupn\u00fdch na trhu, co\u017e zaji\u0161\u0165uje bezprobl\u00e9movou implementaci.<\/p>\n<h3>4.\u00a0<strong>Jak\u00e9 materi\u00e1ly jsou pou\u017eity v t\u011bchto \u0161t\u00edtc\u00edch?<\/strong><\/h3>\n<p>\u0160t\u00edtky jsou vyrobeny z odoln\u00e9 textilie, kter\u00e1 poskytuje pevnost a pru\u017enost.<\/p>\n<h2>Z\u00e1v\u011br<\/h2>\n<p>Investice do\u00a0<strong>UHF RFID \u0161t\u00edtky na pr\u00e1dlo<\/strong>\u00a0nejde pouze o zlep\u0161en\u00ed provozn\u00ed \u00fa\u010dinnosti; jde o to, aby byly va\u0161e procesy pran\u00ed p\u0159ipraveny na budoucnost proti v\u00fdzv\u00e1m v oblasti sledov\u00e1n\u00ed, \u0159\u00edzen\u00ed z\u00e1sob a udr\u017eitelnosti. D\u00edky inovativn\u00edmu designu, kter\u00fd odol\u00e1 pr\u016fmyslov\u00e9mu pran\u00ed a snadn\u00e9mu pou\u017eit\u00ed, kter\u00e9 se prost\u011b ned\u00e1 srovnat, jsou tyto \u0161t\u00edtky nezbytn\u00e9 pro jakoukoli organizaci zab\u00fdvaj\u00edc\u00ed se pran\u00edm pr\u00e1dla. Pokud jste p\u0159ipraveni ud\u011blat revoluci ve sv\u00fdch syst\u00e9mech spr\u00e1vy textilu,\u00a0<strong>nakupujte \u0161t\u00edtky na pr\u00e1dlo RFID je\u0161t\u011b dnes a vypl\u0148te n\u00e1\u0161 popt\u00e1vkov\u00fd formul\u00e1\u0159 pro v\u00edce informac\u00ed o cen\u00e1ch a vzorc\u00edch!<\/strong><\/p>\n<\/div>","protected":false},"excerpt":{"rendered":"<p>Sledujte pr\u00e1dlo bez n\u00e1mahy pomoc\u00ed odoln\u00fdch textiln\u00edch \u0161t\u00edtk\u016f RFID! Lze pr\u00e1t a je ur\u010den pro pr\u016fmyslov\u00e9 pou\u017eit\u00ed, optimalizujte sv\u00e9 pran\u00ed pr\u00e1dla je\u0161t\u011b dnes!<\/p>","protected":false},"featured_media":144,"template":"","meta":{"_kad_post_transparent":"default","_kad_post_title":"","_kad_post_layout":"default","_kad_post_sidebar_id":"","_kad_post_content_style":"default","_kad_post_vertical_padding":"default","_kad_post_feature":"","_kad_post_feature_position":"","_kad_post_header":false,"_kad_post_footer":false,"_kad_post_classname":""},"product_brand":[],"product_cat":[19],"product_tag":[67,31,312,65],"class_list":{"0":"post-143","1":"product","2":"type-product","3":"status-publish","4":"has-post-thumbnail","6":"product_cat-textile-rfid-laundry-tag","7":"product_tag-heating-seal-uhf-rfid-laundry-tags","8":"product_tag-rfid-tag-for-linen-laundry","9":"product_tag-rfid-tags","10":"product_tag-textile-rfid-laundry-tags","12":"first","13":"instock","14":"shipping-taxable","15":"product-type-simple","16":"entry","17":"content-bg","18":"loop-entry"},"_links":{"self":[{"href":"https:\/\/rfid-laundry-tag.com\/cs\/wp-json\/wp\/v2\/product\/143","targetHints":{"allow":["GET"]}}],"collection":[{"href":"https:\/\/rfid-laundry-tag.com\/cs\/wp-json\/wp\/v2\/product"}],"about":[{"href":"https:\/\/rfid-laundry-tag.com\/cs\/wp-json\/wp\/v2\/types\/product"}],"version-history":[{"count":3,"href":"https:\/\/rfid-laundry-tag.com\/cs\/wp-json\/wp\/v2\/product\/143\/revisions"}],"predecessor-version":[{"id":2682,"href":"https:\/\/rfid-laundry-tag.com\/cs\/wp-json\/wp\/v2\/product\/143\/revisions\/2682"}],"wp:featuredmedia":[{"embeddable":true,"href":"https:\/\/rfid-laundry-tag.com\/cs\/wp-json\/wp\/v2\/media\/144"}],"wp:attachment":[{"href":"https:\/\/rfid-laundry-tag.com\/cs\/wp-json\/wp\/v2\/media?parent=143"}],"wp:term":[{"taxonomy":"product_brand","embeddable":true,"href":"https:\/\/rfid-laundry-tag.com\/cs\/wp-json\/wp\/v2\/product_brand?post=143"},{"taxonomy":"product_cat","embeddable":true,"href":"https:\/\/rfid-laundry-tag.com\/cs\/wp-json\/wp\/v2\/product_cat?post=143"},{"taxonomy":"product_tag","embeddable":true,"href":"https:\/\/rfid-laundry-tag.com\/cs\/wp-json\/wp\/v2\/product_tag?post=143"}],"curies":[{"name":"wp","href":"https:\/\/api.w.org\/{rel}","templated":true}]}}