{"id":140,"date":"2024-06-14T09:40:49","date_gmt":"2024-06-14T09:40:49","guid":{"rendered":"https:\/\/rfid-laundry-tag.com\/?post_type=product&#038;p=140"},"modified":"2024-09-08T04:30:07","modified_gmt":"2024-09-08T04:30:07","slug":"rfid-textile-tag-for-uniform","status":"publish","type":"product","link":"https:\/\/rfid-laundry-tag.com\/cs\/rfid-textile-tag-for-uniform\/","title":{"rendered":"Textiln\u00ed \u0161t\u00edtek RFID na uniformu"},"content":{"rendered":"<div>\n<div class=\"auto-hide-last-sibling-br paragraph_1252f paragraph-element\">\n<table width=\"637\">\n<tbody>\n<tr>\n<td width=\"328\">N\u00e1zev polo\u017eky:<\/td>\n<td width=\"309\">Textiln\u00ed \u0161t\u00edtek RFID na uniformu<\/td>\n<\/tr>\n<tr>\n<td width=\"328\">RFID standard:<\/td>\n<td width=\"309\">ISO\/IEC 18000-6 TypeC (EPC Gen2)<\/td>\n<\/tr>\n<tr>\n<td width=\"328\">Velikost a hmotnost:<\/td>\n<td width=\"309\">70\u00d715 mm, 0,6g<\/td>\n<\/tr>\n<tr>\n<td width=\"328\">Typ \u010dipu:<\/td>\n<td width=\"309\">Impinj Monza 4QT, NXP U CODE 8, NXP U CODE 9<\/td>\n<\/tr>\n<tr>\n<td width=\"328\">Pam\u011b\u0165 EPC:<\/td>\n<td width=\"309\">128 bit\u016f<\/td>\n<\/tr>\n<tr>\n<td width=\"328\">U\u017eivatelsk\u00e1 pam\u011b\u0165:<\/td>\n<td width=\"309\">512 bit\u016f<\/td>\n<\/tr>\n<tr>\n<td width=\"328\">Rozsah \u010dten\u00ed (2W ERP FCC):<\/td>\n<td width=\"309\">8m<\/td>\n<\/tr>\n<tr>\n<td width=\"328\">Rozsah \u010dten\u00ed (2W ERP ETSI):<\/td>\n<td width=\"309\">8m<\/td>\n<\/tr>\n<tr>\n<td width=\"328\">Ozna\u010dov\u00e1n\u00ed:<\/td>\n<td width=\"309\">\u0160it\u00ed, lepidlo pro ra\u017een\u00ed za tepla<\/td>\n<\/tr>\n<tr>\n<td width=\"328\">Odhadovan\u00e1 \u017eivotnost:<\/td>\n<td width=\"309\">200 myc\u00edch cykl\u016f nebo 3 roky, podle toho, co nastane d\u0159\u00edve<\/td>\n<\/tr>\n<tr>\n<td width=\"328\">Zp\u016fsob pran\u00ed:<\/td>\n<td width=\"309\">Pr\u00e1delna, Chemick\u00e9 \u010di\u0161t\u011bn\u00ed<\/td>\n<\/tr>\n<tr>\n<td width=\"328\">Tlak ods\u00e1v\u00e1n\u00ed vody:<\/td>\n<td width=\"309\">60 bar<\/td>\n<\/tr>\n<tr>\n<td width=\"328\">Vod\u011bodolnost:<\/td>\n<td width=\"309\">Vod\u011bodoln\u00fd<\/td>\n<\/tr>\n<tr>\n<td width=\"328\">Chemick\u00e1 odolnost:<\/td>\n<td width=\"309\">Prac\u00ed prost\u0159edek, aviv\u00e1\u017e, b\u011blidlo (kysl\u00edk\/chl\u00f3r), alk\u00e1lie<\/td>\n<\/tr>\n<tr>\n<td width=\"328\">P\u0159edsu\u0161en\u00ed v bubnu:<\/td>\n<td width=\"309\">125 \u00baC po dobu 15-20 minut<\/td>\n<\/tr>\n<tr>\n<td width=\"328\">Teplota sterilizace:<\/td>\n<td width=\"309\">135\u00b0C po dobu 15-20 minut<\/td>\n<\/tr>\n<tr>\n<td width=\"328\">Teplota pran\u00ed:<\/td>\n<td width=\"309\">90\u00b0C, a\u017e 15 min.<\/td>\n<\/tr>\n<tr>\n<td width=\"328\">Provozn\u00ed vlhkost \/ teplota:<\/td>\n<td width=\"309\">-20 a\u017e 110 \u00b0C, 8 a\u017e 951 TP3TRH<\/td>\n<\/tr>\n<tr>\n<td width=\"328\">Skladov\u00e1n\u00ed vlhkosti\/teploty:<\/td>\n<td width=\"309\">-40 a\u017e 110 \u00b0C, 8 a\u017e 95%RH<\/td>\n<\/tr>\n<\/tbody>\n<\/table>\n<\/div>\n<div class=\"auto-hide-last-sibling-br paragraph_1252f paragraph-element\"><\/div>\n<\/div>\n<div class=\"auto-hide-last-sibling-br paragraph_1252f paragraph-element\">\n<div data-spm-anchor-id=\"a2700.details.0.i57.23b419c7xXORP0\"><span data-spm-anchor-id=\"a2700.details.0.i75.23b419c7xXORP0\"><b>Vlastnosti:<\/b><br \/>\n1) Technologie UHF pro sou\u010dasn\u00e9 \u010dten\u00ed stovek tag\u016f.<br \/>\n2) \u010ctec\u00ed vzd\u00e1lenost v\u00edce ne\u017e 8 stop.<br \/>\n3) Nov\u00fd mechanick\u00fd design pro lep\u0161\u00ed v\u00fdkon pro ploch\u00e9 pr\u00e1dlo.<br \/>\n4) Vhodn\u00e9 pro vysokotlak\u00e9 extraktory do 60 bar.<br \/>\n5) Vhodn\u00e9 pro sterilizaci v autokl\u00e1vu.<br \/>\n6) Mal\u00fd, m\u011bkk\u00fd, pru\u017en\u00fd materi\u00e1l ide\u00e1ln\u00ed pro textilie, pr\u00e1dlo, od\u011bvy a dopl\u0148ky.<\/span><\/div>\n<\/div>\n<div data-spm-anchor-id=\"a2700.details.0.i57.23b419c7xXORP0\"><\/div>\n<div data-spm-anchor-id=\"a2700.details.0.i57.23b419c7xXORP0\">\n<p><img fetchpriority=\"high\" decoding=\"async\" class=\"wp-image-55\" src=\"https:\/\/rfid-laundry-tag.com\/wp-content\/uploads\/2024\/06\/4-300x275.png\" alt=\"RFID Tag for linen laundry\" width=\"605\" height=\"555\" srcset=\"https:\/\/rfid-laundry-tag.com\/wp-content\/uploads\/2024\/06\/4-300x275.png 300w, https:\/\/rfid-laundry-tag.com\/wp-content\/uploads\/2024\/06\/4-600x550.png 600w, https:\/\/rfid-laundry-tag.com\/wp-content\/uploads\/2024\/06\/4-13x12.png 13w, https:\/\/rfid-laundry-tag.com\/wp-content\/uploads\/2024\/06\/4.png 750w\" sizes=\"(max-width: 605px) 100vw, 605px\" \/><\/p>\n<\/div>\n<h3 class=\"wp-block-heading\">Instalace<\/h3>\n<p><strong>Stitch Tagging<\/strong>: K v\u0161it\u00ed do lemu l\u00e1tky. P\u0159i\u0161ijte visa\u010dku na pr\u00e1dlo sm\u011brem od lini\u00ed skl\u00e1d\u00e1n\u00ed.<br \/>\n<strong>Tepeln\u00e9 t\u011bsn\u011bn\u00ed<\/strong>: K tepeln\u00e9mu zataven\u00ed p\u0159\u00edmo na textilii p\u0159i +200\u00b0C (392\u00b0F), po dobu 12~14s.<br \/>\n<strong>V s\u00e1\u010dku<\/strong>: K p\u0159i\u0161it\u00ed jako standardn\u00ed \u0161t\u00edtek pro p\u00e9\u010di. P\u0159i\u0161ijte visa\u010dku na pr\u00e1dlo sm\u011brem od lini\u00ed skl\u00e1d\u00e1n\u00ed.<\/p>\n<div class=\"auto-hide-last-sibling-br paragraph_1252f paragraph-element\">\n<div class=\"auto-hide-last-sibling-br paragraph_1252f paragraph-element\">Textiln\u00ed \u0161t\u00edtky RFID pro uniformy pro pran\u00ed pr\u00e1dla jsou nepostradateln\u00e9 v mnoha pr\u016fmyslov\u00fdch odv\u011btv\u00edch, rozhoduj\u00edc\u00edm zp\u016fsobem p\u0159isp\u00edvaj\u00ed k efektivn\u00edmu sledov\u00e1n\u00ed majetku, \u0159\u00edzen\u00ed z\u00e1sob a zvy\u0161uj\u00ed celkovou provozn\u00ed efektivitu. Zde je pohled na jejich pou\u017eit\u00ed v r\u016fzn\u00fdch odv\u011btv\u00edch:<\/div>\n<div><\/div>\n<p style=\"font-weight: 400;\"><span style=\"font-style: inherit; font-weight: inherit;\" data-spm-anchor-id=\"a2700.details.0.i52.7e74253fSAfL7T\">Jak <\/span><b><strong style=\"font-style: inherit;\">SILN\u00dd<\/strong><\/b><span style=\"font-style: inherit; font-weight: inherit;\"> oni jsou ?<\/span><\/p>\n<p><b><strong>\u2460<\/strong><\/b>.Do\u0161lo k po\u0161kozen\u00ed \u010dip\u016f RFID p\u0159i vysok\u00fdch teplot\u00e1ch?<span style=\"font-style: inherit; font-weight: inherit;\"> \u2013<\/span><b><strong>\u2714 Na\u0161e textiln\u00ed \u0161t\u00edtky na pr\u00e1dlo RFID jsou navr\u017eeny pro pou\u017eit\u00ed p\u0159i 200 \u00b0C<\/strong><\/b><span style=\"font-style: inherit; font-weight: inherit;\">.<\/span><\/p>\n<p style=\"font-weight: 400;\"><b><strong>\u2461<\/strong><\/b>Kolikr\u00e1t m\u016f\u017eeme vyprat \u0161t\u00edtky, kter\u00e9 jsou p\u0159ipevn\u011bny k textiln\u00edm v\u00fdrobk\u016fm uniforem? <b><strong>\u2013\u2714Na\u0161e textiln\u00ed \u0161t\u00edtky na pr\u00e1dlo RFID lze pr\u00e1t v\u00edce ne\u017e 200kr\u00e1t se z\u00e1rukou po dobu 2 let po odesl\u00e1n\u00ed.<\/strong><\/b><\/p>\n<p style=\"font-weight: 400;\"><b><strong>\u2462<\/strong><\/b>Budeme utr\u00e1cet za presti\u017en\u00ed uniformy textiln\u00ed v\u00fdrobky, pokra\u010dovat v pr\u00e1ci v p\u0159\u00edpad\u011b rozdrcen\u00ed t\u0159\u00edsek? <b><strong>\u2013\u2714Na\u0161i textiln\u00ed visa\u010dku na pr\u00e1dlo jsme navrhli tak, aby vydr\u017eela tlak 60 bar\u016f v procesu lisov\u00e1n\u00ed va\u0161ich textiln\u00edch v\u00fdrobk\u016f.<\/strong><\/b><\/p>\n<p style=\"font-weight: 400;\"><b><strong>\u2463<\/strong><\/b>Kam um\u00edst\u00edte textiln\u00ed \u0161t\u00edtky na pr\u00e1dlo RFID na textilie uniforem? <b><strong>\u2013 \u2714RFID textiln\u00ed \u0161t\u00edtky na pr\u00e1dlo jsou instalov\u00e1ny podle dostupnosti uniforem.<\/strong><\/b><\/p>\n<p>&nbsp;<\/p>\n<\/div>\n<div class=\"auto-hide-last-sibling-br paragraph_1252f paragraph-element\">V textiln\u00edm pr\u016fmyslu hraj\u00ed RFID \u0161t\u00edtky kl\u00ed\u010dovou roli p\u0159i zlep\u0161ov\u00e1n\u00ed viditelnosti a efektivity dodavatelsk\u00e9ho \u0159et\u011bzce od v\u00fdroby a\u017e po prodej. Slou\u017e\u00ed jako cenn\u00fd n\u00e1stroj pro textiln\u00ed firmy spravuj\u00edc\u00ed rozs\u00e1hl\u00e9 z\u00e1soby. Implementace RFID tag\u016f pom\u00e1h\u00e1 sni\u017eovat n\u00e1klady a optimalizuje vyu\u017eit\u00ed \u010dasu. Zde je d\u016fvod, pro\u010d se do nich vyplat\u00ed investovat:<\/div>\n<ol class=\"auto-hide-last-sibling-br\">\n<li>\n<div class=\"auto-hide-last-sibling-br paragraph_1252f paragraph-element\"><strong>Prostorn\u00e9 \u00falo\u017ei\u0161t\u011b dat<\/strong>: Na rozd\u00edl od \u0161t\u00edtk\u016f s \u010d\u00e1rov\u00fdm k\u00f3dem maj\u00ed \u0161t\u00edtky RFID vy\u0161\u0161\u00ed kapacitu pro ukl\u00e1d\u00e1n\u00ed dat. Ulo\u017een\u00e1 data lze v p\u0159\u00edpad\u011b pot\u0159eby \u010d\u00edst a upravovat.<\/div>\n<\/li>\n<li>\n<div class=\"auto-hide-last-sibling-br paragraph_1252f paragraph-element\"><strong>Roz\u0161\u00ed\u0159en\u00e9 zaji\u0161t\u011bn\u00ed kvality<\/strong>: RFID usnad\u0148uje sledov\u00e1n\u00ed produkt\u016f od v\u00fdroby a\u017e po skladov\u00e1n\u00ed, identifikaci pad\u011blk\u016f nebo vr\u00e1cen\u00fdch polo\u017eek.<\/div>\n<\/li>\n<li>\n<div class=\"auto-hide-last-sibling-br paragraph_1252f paragraph-element\"><strong>Efektivn\u00ed \u0159\u00edzen\u00ed z\u00e1sob<\/strong>: \u0160t\u00edtky RFID mohou sledovat produkt na sklad\u011b, co\u017e \u0161et\u0159\u00ed \u010das a usnad\u0148uje proaktivn\u00ed dopl\u0148ov\u00e1n\u00ed z\u00e1sob. Automatick\u00e1 aktualizace dat v skladov\u00fdch souborech podle prodej\u016f nebo vratek pom\u00e1h\u00e1 s efektivn\u00ed kontrolou z\u00e1sob.<\/div>\n<\/li>\n<li>\n<div class=\"auto-hide-last-sibling-br paragraph_1252f paragraph-element\"><strong>Odolnost<\/strong>: Ve srovn\u00e1n\u00ed s tradi\u010dn\u00edmi \u0161t\u00edtky jsou \u0161t\u00edtky RFID vysoce odoln\u00e9 v\u016f\u010di vn\u011bj\u0161\u00edm nep\u0159\u00edzniv\u00fdm vliv\u016fm a nespr\u00e1vn\u00e9 manipulaci. Jsou p\u0159izp\u016fsobiteln\u00e9 v\u0161em typ\u016fm prost\u0159ed\u00ed v\u010detn\u011b prost\u0159ed\u00ed s vysok\u00fdmi teplotami, vlhkost\u00ed, prachem atd.<\/div>\n<\/li>\n<li>\n<div class=\"auto-hide-last-sibling-br paragraph_1252f paragraph-element\"><strong>Zv\u00fd\u0161en\u00e1 \u00fa\u010dinnost a rychlost<\/strong>: \u010cte\u010dky RFID maj\u00ed kapacitu pro sou\u010dasn\u00e9 \u010dten\u00ed v\u00edce \u0161t\u00edtk\u016f RFID na d\u00e1lku, co\u017e je funkce, kter\u00e1 podstatn\u011b optimalizuje procesy od v\u00fdroby po prodej.<\/div>\n<\/li>\n<li>\n<div class=\"auto-hide-last-sibling-br paragraph_1252f paragraph-element\"><strong>Robustn\u00ed zabezpe\u010den\u00ed dat<\/strong>: Ka\u017ed\u00fd \u010dip RFID se m\u016f\u017ee pochlubit neprolomitelnou ochranou dat d\u00edky \u0161ifrov\u00e1n\u00ed dat, kter\u00e9 zabra\u0148uje kop\u00edrov\u00e1n\u00ed.<\/div>\n<\/li>\n<li>\n<div class=\"auto-hide-last-sibling-br paragraph_1252f paragraph-element\"><strong>Prevence kr\u00e1de\u017e\u00ed<\/strong>: P\u0159i pokladn\u011b se \u010dipy RFID automaticky deaktivuj\u00ed, co\u017e sni\u017euje riziko kr\u00e1de\u017ee a lidsk\u00e9 chyby.<\/div>\n<\/li>\n<li>\n<div class=\"auto-hide-last-sibling-br paragraph_1252f paragraph-element\"><strong>Ekonomick\u00e9 provozn\u00ed n\u00e1klady<\/strong>: Navzdory po\u010d\u00e1te\u010dn\u00edm vy\u0161\u0161\u00edm n\u00e1klad\u016fm se technologie RFID ukazuje z dlouhodob\u00e9ho hlediska jako n\u00e1kladov\u011b efektivn\u00ed. Poskytuj\u00ed trval\u00e9 slu\u017eby s minim\u00e1ln\u00edmi n\u00e1roky na pracovn\u00ed s\u00edlu, eliminuj\u00ed pot\u0159ebu \u010dast\u00fdch v\u00fdm\u011bn, a t\u00edm sni\u017euj\u00ed provozn\u00ed n\u00e1klady.<\/div>\n<\/li>\n<\/ol>","protected":false},"excerpt":{"rendered":"<p>Textiln\u00ed \u0161t\u00edtky RFID pro uniformy ur\u010den\u00e9 pro uniformy jsou konstruov\u00e1ny tak, aby spolehliv\u011b fungovaly p\u0159i n\u00e1ro\u010dn\u00fdch prac\u00edch postupech, jako je sterilizace, pran\u00ed p\u0159i vysok\u00fdch teplot\u00e1ch, \u010di\u0161t\u011bn\u00ed, su\u0161en\u00ed a \u017eehlen\u00ed. Tyto etikety \u0161etrn\u00e9 k textilu vydr\u017e\u00ed stovky prac\u00edch cykl\u016f p\u0159i zachov\u00e1n\u00ed konzistentn\u00ed \u00farovn\u011b v\u00fdkonu RFID. I po opakovan\u00e9m pran\u00ed zaji\u0161\u0165uj\u00ed v\u00fdjime\u010dn\u00e9 vlastnosti sledov\u00e1n\u00ed a inventarizace, \u010d\u00edm\u017e prodlu\u017euj\u00ed \u017eivotnost pr\u00e1dla, od\u011bv\u016f a dal\u0161\u00edch textiln\u00edch p\u0159edm\u011bt\u016f.<\/p>","protected":false},"featured_media":141,"template":"","meta":{"_kad_post_transparent":"default","_kad_post_title":"","_kad_post_layout":"default","_kad_post_sidebar_id":"","_kad_post_content_style":"default","_kad_post_vertical_padding":"default","_kad_post_feature":"","_kad_post_feature_position":"","_kad_post_header":false,"_kad_post_footer":false,"_kad_post_classname":""},"product_brand":[],"product_cat":[19,16],"product_tag":[31,65,30],"class_list":{"0":"post-140","1":"product","2":"type-product","3":"status-publish","4":"has-post-thumbnail","6":"product_cat-textile-rfid-laundry-tag","7":"product_cat-uhf-rfid-laundry-tags","8":"product_tag-rfid-tag-for-linen-laundry","9":"product_tag-textile-rfid-laundry-tags","10":"product_tag-uhf-rfid-laundry-tag","12":"first","13":"instock","14":"shipping-taxable","15":"product-type-simple","16":"entry","17":"content-bg","18":"loop-entry"},"_links":{"self":[{"href":"https:\/\/rfid-laundry-tag.com\/cs\/wp-json\/wp\/v2\/product\/140","targetHints":{"allow":["GET"]}}],"collection":[{"href":"https:\/\/rfid-laundry-tag.com\/cs\/wp-json\/wp\/v2\/product"}],"about":[{"href":"https:\/\/rfid-laundry-tag.com\/cs\/wp-json\/wp\/v2\/types\/product"}],"version-history":[{"count":1,"href":"https:\/\/rfid-laundry-tag.com\/cs\/wp-json\/wp\/v2\/product\/140\/revisions"}],"predecessor-version":[{"id":1935,"href":"https:\/\/rfid-laundry-tag.com\/cs\/wp-json\/wp\/v2\/product\/140\/revisions\/1935"}],"wp:featuredmedia":[{"embeddable":true,"href":"https:\/\/rfid-laundry-tag.com\/cs\/wp-json\/wp\/v2\/media\/141"}],"wp:attachment":[{"href":"https:\/\/rfid-laundry-tag.com\/cs\/wp-json\/wp\/v2\/media?parent=140"}],"wp:term":[{"taxonomy":"product_brand","embeddable":true,"href":"https:\/\/rfid-laundry-tag.com\/cs\/wp-json\/wp\/v2\/product_brand?post=140"},{"taxonomy":"product_cat","embeddable":true,"href":"https:\/\/rfid-laundry-tag.com\/cs\/wp-json\/wp\/v2\/product_cat?post=140"},{"taxonomy":"product_tag","embeddable":true,"href":"https:\/\/rfid-laundry-tag.com\/cs\/wp-json\/wp\/v2\/product_tag?post=140"}],"curies":[{"name":"wp","href":"https:\/\/api.w.org\/{rel}","templated":true}]}}