{"id":136,"date":"2024-06-14T07:33:05","date_gmt":"2024-06-14T07:33:05","guid":{"rendered":"https:\/\/rfid-laundry-tag.com\/?post_type=product&#038;p=136"},"modified":"2024-09-08T04:31:40","modified_gmt":"2024-09-08T04:31:40","slug":"heating-seal-uhf-rfid-laundry-tags","status":"publish","type":"product","link":"https:\/\/rfid-laundry-tag.com\/cs\/heating-seal-uhf-rfid-laundry-tags\/","title":{"rendered":"Topen\u00ed Seal UHF RFID \u0161t\u00edtky na pr\u00e1dlo"},"content":{"rendered":"<div>\n<div class=\"auto-hide-last-sibling-br paragraph_1252f paragraph-element\">\n<h1>Topen\u00ed Seal UHF RFID \u0161t\u00edtky na pr\u00e1dlo<\/h1>\n<table width=\"593\">\n<tbody>\n<tr>\n<td width=\"233\">RF Air Protocol<\/td>\n<td colspan=\"4\" width=\"360\">EPC Global Class 1 Gen2 ISO18000-6C<\/td>\n<\/tr>\n<tr>\n<td width=\"233\">Provozn\u00ed frekvence<\/td>\n<td colspan=\"4\" width=\"360\">UHF 866-868 MHz (ETSI) \/UHF 902-928 MHz (FCC)<\/td>\n<\/tr>\n<tr>\n<td width=\"233\">Kompatibilita s prost\u0159ed\u00edm<\/td>\n<td colspan=\"4\" width=\"360\">Optimalizov\u00e1no ve vzduchu<\/td>\n<\/tr>\n<tr>\n<td width=\"233\">Doba uchov\u00e1n\u00ed dat<\/td>\n<td colspan=\"4\" width=\"360\">50 let<\/td>\n<\/tr>\n<tr>\n<td width=\"233\">P\u0159e\u010dt\u011bte si rozsah<\/td>\n<td colspan=\"4\" width=\"360\">A\u017e 5,5 m (od kovu)<\/td>\n<\/tr>\n<tr>\n<td width=\"233\">Polarizace<\/td>\n<td colspan=\"4\" width=\"360\">Line\u00e1rn\u00ed<\/td>\n<\/tr>\n<tr>\n<td width=\"233\">Typ IC<\/td>\n<td colspan=\"4\" width=\"360\">NXP U K\u00d3D 8, U K\u00d3D 9 atd<\/td>\n<\/tr>\n<tr>\n<td width=\"233\">Konfigurace pam\u011bti<\/td>\n<td colspan=\"4\" width=\"360\">EPC 128bit TID 96bit U\u017eivatel 32bit<\/td>\n<\/tr>\n<tr>\n<td colspan=\"5\" width=\"593\">Mechanick\u00e9 specifikace<\/td>\n<\/tr>\n<tr>\n<td width=\"233\">Povrchov\u00e9 materi\u00e1ly<\/td>\n<td colspan=\"4\" width=\"360\">Textiln\u00ed<\/td>\n<\/tr>\n<tr>\n<td width=\"233\">Rozm\u011bry (mm)<\/td>\n<td colspan=\"4\" width=\"360\">15*70*1,5 mm<\/td>\n<\/tr>\n<tr>\n<td width=\"233\">Hmotnost (g)<\/td>\n<td colspan=\"4\" width=\"360\">0,7 g<\/td>\n<\/tr>\n<tr>\n<td rowspan=\"2\" width=\"233\">P\u0159\u00edloha<\/td>\n<td colspan=\"4\" width=\"360\">V\u0161ijte lem nebo tkan\u00fd \u0161t\u00edtek<\/td>\n<\/tr>\n<tr>\n<td colspan=\"4\" width=\"360\">Tepeln\u00e9 t\u011bsn\u011bn\u00ed p\u0159i 215 \u00b0C @ 15 sekund a 4 bary<\/td>\n<\/tr>\n<tr>\n<td width=\"233\">Barva<\/td>\n<td colspan=\"4\" width=\"360\">B\u00edl\u00fd<\/td>\n<\/tr>\n<tr>\n<td colspan=\"5\" width=\"593\">Environmetal Sepifications<\/td>\n<\/tr>\n<tr>\n<td width=\"233\">Provozn\u00ed teplota<\/td>\n<td colspan=\"4\" width=\"360\">-30\u00b0C a\u017e +85\u00b0C<\/td>\n<\/tr>\n<tr>\n<td width=\"233\">Okoln\u00ed teplota<\/td>\n<td colspan=\"4\" width=\"360\">-30\u00b0C a\u017e +100\u00b0C<\/td>\n<\/tr>\n<tr>\n<td width=\"233\">Mechanick\u00e1 odolnost<\/td>\n<td colspan=\"4\" width=\"360\">60 bar\u016f<\/td>\n<\/tr>\n<tr>\n<td width=\"233\">Chemick\u00e1 odolnost<\/td>\n<td colspan=\"4\" width=\"360\">B\u011b\u017en\u00e9 b\u011b\u017en\u00e9 chemik\u00e1lie v prac\u00edch procesech<\/td>\n<\/tr>\n<tr>\n<td rowspan=\"4\" width=\"233\">Tepeln\u00e1 odolnost<\/td>\n<td colspan=\"4\" width=\"360\">Pran\u00ed: 90\u2103, 15 minut, 200 cykl\u016f<\/td>\n<\/tr>\n<tr>\n<td colspan=\"4\" width=\"360\">P\u0159edsu\u0161en\u00ed: 180\u2103, 30 min<\/td>\n<\/tr>\n<tr>\n<td colspan=\"4\" width=\"360\">\u017dehlen\u00ed: 180\u2103, 10 sekund, 200 cykl\u016f<\/td>\n<\/tr>\n<tr>\n<td colspan=\"4\" width=\"360\">Sterilizace: 135\u2103, 20 min<\/td>\n<\/tr>\n<tr>\n<td width=\"233\">Klasifikace IP<\/td>\n<td colspan=\"4\" width=\"360\">IP68<\/td>\n<\/tr>\n<tr>\n<td width=\"233\">Z\u00e1ruka<\/td>\n<td colspan=\"4\" width=\"360\">2 roky nebo 200x pran\u00ed<\/td>\n<\/tr>\n<\/tbody>\n<\/table>\n<\/div>\n<\/div>\n<div><\/div>\n<div>\n<div class=\"auto-hide-last-sibling-br paragraph_1252f paragraph-element\">Pr\u00e1deln\u00ed \u0161t\u00edtky RFID slou\u017e\u00ed jako v\u00fdhodn\u00fd n\u00e1stroj pro provozovny, kter\u00e9 pot\u0159ebuj\u00ed kontinu\u00e1ln\u00ed dod\u00e1vky \u010dist\u00e9ho pr\u00e1dla, pracovn\u00edch uniforem, l\u00e9ka\u0159sk\u00fdch od\u011bv\u016f nebo \u010distic\u00edch prost\u0159edk\u016f, umo\u017e\u0148uj\u00ed automatizovan\u00fdm syst\u00e9m\u016fm rychle a p\u0159esn\u011b zpracovat velk\u00e9 mno\u017estv\u00ed jednotliv\u00fdch polo\u017eek.<\/div>\n<p>&nbsp;<\/p>\n<div class=\"auto-hide-last-sibling-br paragraph_1252f paragraph-element\">Tyto textiln\u00ed \u0161t\u00edtky na pr\u00e1dlo UHF RFID, kter\u00e9 jsou z velk\u00e9 \u010d\u00e1sti p\u0159ijaty poskytovateli uniforem, pohostinsk\u00fdmi subjekty, komer\u010dn\u00edmi \u00faklidov\u00fdmi slu\u017ebami a zdravotnick\u00fdmi za\u0159\u00edzen\u00edmi, zjednodu\u0161uj\u00ed postup sledov\u00e1n\u00ed r\u016fzn\u00fdch aktiv, jako je oble\u010den\u00ed, pr\u00e1dlo nebo hadry. To p\u0159isp\u00edv\u00e1 k praxi efektivn\u00edho dohledu nad z\u00e1sobami a p\u0159esn\u00e9 spr\u00e1vy \u00fa\u010dt\u016f, co\u017e zvy\u0161uje celkovou provozn\u00ed efektivitu. Poskytov\u00e1n\u00edm bezchybn\u00fdch dat a automatizac\u00ed procesu sledov\u00e1n\u00ed tento syst\u00e9m kontroluje nespr\u00e1vn\u00e9 um\u00edst\u011bn\u00ed a kr\u00e1de\u017e polo\u017eek, \u010d\u00edm\u017e sni\u017euje ztr\u00e1ty. Odoln\u00e1 povaha t\u011bchto \u0161t\u00edtk\u016f zaji\u0161\u0165uje, \u017ee vydr\u017e\u00ed pr\u016fmyslov\u00e9 myc\u00ed procesy. Je to optim\u00e1ln\u00ed \u0159e\u0161en\u00ed pro systematick\u00e9 a organizovan\u00e9 \u0159\u00edzen\u00ed z\u00e1sob.<\/div>\n<\/div>\n<div><\/div>\n<div><\/div>\n<div><\/div>\n<div>\n<div class=\"auto-hide-last-sibling-br paragraph_1252f paragraph-element\"><span style=\"font-family: inherit; font-size: 24px; font-weight: bold;\">Instalace<\/span><\/div>\n<\/div>\n<p><strong>Stitch Tagging<\/strong>: K v\u0161it\u00ed do lemu l\u00e1tky. P\u0159i\u0161ijte visa\u010dku na pr\u00e1dlo sm\u011brem od lini\u00ed skl\u00e1d\u00e1n\u00ed.<br \/>\n<strong>Tepeln\u00e9 t\u011bsn\u011bn\u00ed<\/strong>: K tepeln\u00e9mu zataven\u00ed p\u0159\u00edmo na textilii p\u0159i +200\u00b0C (392\u00b0F), po dobu 12~14s.<br \/>\n<strong>V s\u00e1\u010dku<\/strong>: K p\u0159i\u0161it\u00ed jako standardn\u00ed \u0161t\u00edtek pro p\u00e9\u010di. P\u0159i\u0161ijte visa\u010dku na pr\u00e1dlo sm\u011brem od lini\u00ed skl\u00e1d\u00e1n\u00ed.<\/p>\n<p>&nbsp;<\/p>\n<div class=\"auto-hide-last-sibling-br paragraph_1252f paragraph-element\">\n<div class=\"auto-hide-last-sibling-br paragraph_1252f paragraph-element\">Vyh\u0159\u00edvac\u00ed lepic\u00ed \u0161t\u00edtky na pr\u00e1dlo UHF RFID pro pran\u00ed pr\u00e1dla jsou nepostradateln\u00e9 v mnoha pr\u016fmyslov\u00fdch odv\u011btv\u00edch, rozhoduj\u00edc\u00edm zp\u016fsobem podporuj\u00ed efektivn\u00ed sledov\u00e1n\u00ed majetku, spr\u00e1vu z\u00e1sob a zvy\u0161uj\u00ed celkovou provozn\u00ed efektivitu. Zde je pohled na jejich pou\u017eit\u00ed v r\u016fzn\u00fdch odv\u011btv\u00edch:<\/div>\n<div class=\"auto-hide-last-sibling-br paragraph_1252f paragraph-element\"><\/div>\n<p style=\"font-weight: 400;\"><span style=\"font-style: inherit; font-weight: inherit;\" data-spm-anchor-id=\"a2700.details.0.i52.7e74253fSAfL7T\">Jak <\/span><b><strong style=\"font-style: inherit;\">SILN\u00dd<\/strong><\/b><span style=\"font-style: inherit; font-weight: inherit;\"> oni jsou ?<\/span><\/p>\n<p><b><strong>\u2460<\/strong><\/b>.Do\u0161lo k po\u0161kozen\u00ed \u010dip\u016f RFID p\u0159i vysok\u00fdch teplot\u00e1ch?<span style=\"font-style: inherit; font-weight: inherit;\"> \u2013<\/span><b><strong>\u2714 Na\u0161e textiln\u00ed \u0161t\u00edtky na pr\u00e1dlo RFID jsou navr\u017eeny pro pou\u017eit\u00ed p\u0159i 200 \u00b0C<\/strong><\/b><span style=\"font-style: inherit; font-weight: inherit;\">.<\/span><\/p>\n<p style=\"font-weight: 400;\"><b><strong>\u2461<\/strong><\/b>Kolikr\u00e1t m\u016f\u017eeme vyprat \u0161t\u00edtky, kter\u00e9 jsou p\u0159ipevn\u011bny k textiln\u00edm v\u00fdrobk\u016fm uniforem? <b><strong>\u2013\u2714Na\u0161e textiln\u00ed \u0161t\u00edtky na pr\u00e1dlo RFID lze pr\u00e1t v\u00edce ne\u017e 200kr\u00e1t se z\u00e1rukou po dobu 2 let po odesl\u00e1n\u00ed.<\/strong><\/b><\/p>\n<p style=\"font-weight: 400;\"><b><strong>\u2462<\/strong><\/b>Budeme utr\u00e1cet za presti\u017en\u00ed uniformy textiln\u00ed v\u00fdrobky, pokra\u010dovat v pr\u00e1ci v p\u0159\u00edpad\u011b rozdrcen\u00ed t\u0159\u00edsek? <b><strong>\u2013\u2714Na\u0161i textiln\u00ed visa\u010dku na pr\u00e1dlo jsme navrhli tak, aby vydr\u017eela tlak 60 bar\u016f v procesu lisov\u00e1n\u00ed va\u0161ich textiln\u00edch v\u00fdrobk\u016f.<\/strong><\/b><\/p>\n<p style=\"font-weight: 400;\"><b><strong>\u2463<\/strong><\/b>Kam um\u00edst\u00edte textiln\u00ed \u0161t\u00edtky na pr\u00e1dlo RFID na textilie uniforem? <b><strong>\u2013 \u2714RFID textiln\u00ed \u0161t\u00edtky na pr\u00e1dlo jsou instalov\u00e1ny podle dostupnosti uniforem.<\/strong><\/b><\/p>\n<\/div>","protected":false},"excerpt":{"rendered":"<p>Heating Seal UHF RFID pr\u00e1deln\u00ed \u0161t\u00edtky jsou ur\u010deny pro komer\u010dn\u00ed a pr\u016fmyslov\u00e9 textiln\u00ed aplikace. Tento tag je extr\u00e9mn\u011b flexibiln\u00ed, lze jej \u010d\u00edst z v\u011bt\u0161\u00edho rozsahu a p\u0159esto poskytuje nejp\u0159esn\u011bj\u0161\u00ed data. Z\u00e1kazn\u00edci jej mohou vyu\u017e\u00edt pro sledov\u00e1n\u00ed velk\u00e9ho mno\u017estv\u00ed textiln\u00edch aktiv p\u0159i zachov\u00e1n\u00ed n\u00edzk\u00fdch n\u00e1klad\u016f a zlep\u0161en\u00ed efektivity \u0159\u00edzen\u00ed.<\/p>","protected":false},"featured_media":137,"template":"","meta":{"_kad_post_transparent":"default","_kad_post_title":"","_kad_post_layout":"default","_kad_post_sidebar_id":"","_kad_post_content_style":"default","_kad_post_vertical_padding":"default","_kad_post_feature":"","_kad_post_feature_position":"","_kad_post_header":false,"_kad_post_footer":false,"_kad_post_classname":""},"product_brand":[],"product_cat":[19,16],"product_tag":[67,31,65],"class_list":{"0":"post-136","1":"product","2":"type-product","3":"status-publish","4":"has-post-thumbnail","6":"product_cat-textile-rfid-laundry-tag","7":"product_cat-uhf-rfid-laundry-tags","8":"product_tag-heating-seal-uhf-rfid-laundry-tags","9":"product_tag-rfid-tag-for-linen-laundry","10":"product_tag-textile-rfid-laundry-tags","12":"first","13":"instock","14":"shipping-taxable","15":"product-type-simple","16":"entry","17":"content-bg","18":"loop-entry"},"_links":{"self":[{"href":"https:\/\/rfid-laundry-tag.com\/cs\/wp-json\/wp\/v2\/product\/136","targetHints":{"allow":["GET"]}}],"collection":[{"href":"https:\/\/rfid-laundry-tag.com\/cs\/wp-json\/wp\/v2\/product"}],"about":[{"href":"https:\/\/rfid-laundry-tag.com\/cs\/wp-json\/wp\/v2\/types\/product"}],"version-history":[{"count":1,"href":"https:\/\/rfid-laundry-tag.com\/cs\/wp-json\/wp\/v2\/product\/136\/revisions"}],"predecessor-version":[{"id":1938,"href":"https:\/\/rfid-laundry-tag.com\/cs\/wp-json\/wp\/v2\/product\/136\/revisions\/1938"}],"wp:featuredmedia":[{"embeddable":true,"href":"https:\/\/rfid-laundry-tag.com\/cs\/wp-json\/wp\/v2\/media\/137"}],"wp:attachment":[{"href":"https:\/\/rfid-laundry-tag.com\/cs\/wp-json\/wp\/v2\/media?parent=136"}],"wp:term":[{"taxonomy":"product_brand","embeddable":true,"href":"https:\/\/rfid-laundry-tag.com\/cs\/wp-json\/wp\/v2\/product_brand?post=136"},{"taxonomy":"product_cat","embeddable":true,"href":"https:\/\/rfid-laundry-tag.com\/cs\/wp-json\/wp\/v2\/product_cat?post=136"},{"taxonomy":"product_tag","embeddable":true,"href":"https:\/\/rfid-laundry-tag.com\/cs\/wp-json\/wp\/v2\/product_tag?post=136"}],"curies":[{"name":"wp","href":"https:\/\/api.w.org\/{rel}","templated":true}]}}