{"id":129,"date":"2024-06-12T06:22:28","date_gmt":"2024-06-12T06:22:28","guid":{"rendered":"https:\/\/rfid-laundry-tag.com\/?post_type=product&#038;p=129"},"modified":"2024-11-05T14:44:38","modified_gmt":"2024-11-05T14:44:38","slug":"textile-uhf-rfid-laundry-tags-for-uniform","status":"publish","type":"product","link":"https:\/\/rfid-laundry-tag.com\/cs\/textile-uhf-rfid-laundry-tags-for-uniform\/","title":{"rendered":"Textiln\u00ed UHF RFID \u0161t\u00edtky na pr\u00e1dlo na uniformu"},"content":{"rendered":"<div>\n<div class=\"auto-hide-last-sibling-br paragraph_1252f paragraph-element\">\n<h2>Textiln\u00ed UHF RFID \u0161t\u00edtky na pr\u00e1dlo na uniformu<\/h2>\n<table width=\"637\">\n<tbody>\n<tr>\n<td width=\"328\">N\u00e1zev polo\u017eky:<\/td>\n<td width=\"309\">Textiln\u00ed UHF RFID \u0161t\u00edtky na pr\u00e1dlo na uniformu<\/td>\n<\/tr>\n<tr>\n<td width=\"328\">RFID standard:<\/td>\n<td width=\"309\">ISO\/IEC 18000-6 TypeC (EPC Gen2)<\/td>\n<\/tr>\n<tr>\n<td width=\"328\">Velikost a hmotnost:<\/td>\n<td width=\"309\">70\u00d715 mm, 0,6g<\/td>\n<\/tr>\n<tr>\n<td width=\"328\">Typ \u010dipu:<\/td>\n<td width=\"309\">Impinj Monza 4QT, NXP U K\u00d3D 9<\/td>\n<\/tr>\n<tr>\n<td width=\"328\">Pam\u011b\u0165 EPC:<\/td>\n<td width=\"309\">128 bit\u016f<\/td>\n<\/tr>\n<tr>\n<td width=\"328\">U\u017eivatelsk\u00e1 pam\u011b\u0165:<\/td>\n<td width=\"309\">512 bit\u016f<\/td>\n<\/tr>\n<tr>\n<td width=\"328\">Rozsah \u010dten\u00ed (2W ERP FCC):<\/td>\n<td width=\"309\">8m<\/td>\n<\/tr>\n<tr>\n<td width=\"328\">Rozsah \u010dten\u00ed (2W ERP ETSI):<\/td>\n<td width=\"309\">8m<\/td>\n<\/tr>\n<tr>\n<td width=\"328\">Ozna\u010dov\u00e1n\u00ed:<\/td>\n<td width=\"309\">\u0160it\u00ed, lepidlo pro ra\u017een\u00ed za tepla<\/td>\n<\/tr>\n<tr>\n<td width=\"328\">Odhadovan\u00e1 \u017eivotnost:<\/td>\n<td width=\"309\">200 myc\u00edch cykl\u016f nebo 3 roky, podle toho, co nastane d\u0159\u00edve<\/td>\n<\/tr>\n<tr>\n<td width=\"328\">Zp\u016fsob pran\u00ed:<\/td>\n<td width=\"309\">Pr\u00e1delna, Chemick\u00e9 \u010di\u0161t\u011bn\u00ed<\/td>\n<\/tr>\n<tr>\n<td width=\"328\">Tlak ods\u00e1v\u00e1n\u00ed vody:<\/td>\n<td width=\"309\">60 bar<\/td>\n<\/tr>\n<tr>\n<td width=\"328\">Vod\u011bodolnost:<\/td>\n<td width=\"309\">Vod\u011bodoln\u00fd<\/td>\n<\/tr>\n<tr>\n<td width=\"328\">Chemick\u00e1 odolnost:<\/td>\n<td width=\"309\">Prac\u00ed prost\u0159edek, aviv\u00e1\u017e, b\u011blidlo (kysl\u00edk\/chl\u00f3r), alk\u00e1lie<\/td>\n<\/tr>\n<tr>\n<td width=\"328\">P\u0159edsu\u0161en\u00ed v bubnu:<\/td>\n<td width=\"309\">125 \u00baC po dobu 15-20 minut<\/td>\n<\/tr>\n<tr>\n<td width=\"328\">Teplota sterilizace:<\/td>\n<td width=\"309\">135\u00b0C po dobu 15-20 minut<\/td>\n<\/tr>\n<tr>\n<td width=\"328\">Teplota pran\u00ed:<\/td>\n<td width=\"309\">90\u00b0C, a\u017e 15 min.<\/td>\n<\/tr>\n<tr>\n<td width=\"328\">Provozn\u00ed vlhkost \/ teplota:<\/td>\n<td width=\"309\">-20 a\u017e 110 \u00b0C, 8 a\u017e 951 TP3TRH<\/td>\n<\/tr>\n<tr>\n<td width=\"328\">Skladov\u00e1n\u00ed vlhkosti\/teploty:<\/td>\n<td width=\"309\">-40 a\u017e 110 \u00b0C, 8 a\u017e 95%RH<\/td>\n<\/tr>\n<\/tbody>\n<\/table>\n<\/div>\n<div class=\"auto-hide-last-sibling-br paragraph_1252f paragraph-element\"><\/div>\n<\/div>\n<div><\/div>\n<div class=\"auto-hide-last-sibling-br paragraph_1252f paragraph-element\">\n<div data-spm-anchor-id=\"a2700.details.0.i57.23b419c7xXORP0\"><span data-spm-anchor-id=\"a2700.details.0.i75.23b419c7xXORP0\"><b>Vlastnosti:<\/b><br \/>\n1) Technologie UHF pro sou\u010dasn\u00e9 \u010dten\u00ed stovek tag\u016f.<br \/>\n2) \u010ctec\u00ed vzd\u00e1lenost v\u00edce ne\u017e 8 stop.<br \/>\n3) Nov\u00fd mechanick\u00fd design pro lep\u0161\u00ed v\u00fdkon pro ploch\u00e9 pr\u00e1dlo.<br \/>\n4) Vhodn\u00e9 pro vysokotlak\u00e9 extraktory do 60 bar.<br \/>\n5) Vhodn\u00e9 pro sterilizaci v autokl\u00e1vu.<br \/>\n6) Mal\u00fd, m\u011bkk\u00fd, pru\u017en\u00fd materi\u00e1l ide\u00e1ln\u00ed pro textilie, pr\u00e1dlo, od\u011bvy a dopl\u0148ky.<\/span><\/div>\n<\/div>\n<div data-spm-anchor-id=\"a2700.details.0.i57.23b419c7xXORP0\"><\/div>\n<div data-spm-anchor-id=\"a2700.details.0.i57.23b419c7xXORP0\">\n<p><img fetchpriority=\"high\" decoding=\"async\" class=\"wp-image-55\" src=\"https:\/\/rfid-laundry-tag.com\/wp-content\/uploads\/2024\/06\/4-300x275.png\" alt=\"RFID Tag for linen laundry\" width=\"605\" height=\"555\" srcset=\"https:\/\/rfid-laundry-tag.com\/wp-content\/uploads\/2024\/06\/4-300x275.png 300w, https:\/\/rfid-laundry-tag.com\/wp-content\/uploads\/2024\/06\/4-600x550.png 600w, https:\/\/rfid-laundry-tag.com\/wp-content\/uploads\/2024\/06\/4-13x12.png 13w, https:\/\/rfid-laundry-tag.com\/wp-content\/uploads\/2024\/06\/4.png 750w\" sizes=\"(max-width: 605px) 100vw, 605px\" \/><\/p>\n<p><strong>Pr\u00e1delna RFID \u0161t\u00edtky<\/strong> jsou navr\u017eeny tak, aby sledovaly od\u011bvy, jako je pr\u00e1dlo a uniformy v prost\u0159ed\u00edch, jako jsou nemocnice a hotely. Obvykle jsou vyrobeny s m\u011bkk\u00fdm pry\u017eov\u00fdm pl\u00e1\u0161t\u011bm, d\u00edky \u010demu\u017e jsou odoln\u00e9 v\u016f\u010di vod\u011b, detergent\u016fm a drsn\u00fdm podm\u00ednk\u00e1m pran\u00ed. Tyto \u0161t\u00edtky jsou vysoce odoln\u00e9, schopn\u00e9 odolat tlaku a\u017e 60 bar\u016f a vydr\u017eet v\u00edce ne\u017e 50 myc\u00edch cykl\u016f, co\u017e zaji\u0161\u0165uje dlouhou \u017eivotnost i p\u0159i neust\u00e1l\u00e9m pou\u017e\u00edv\u00e1n\u00ed.<\/p>\n<p>Prim\u00e1rn\u00ed funkc\u00ed t\u011bchto \u0161t\u00edtk\u016f je zajistit p\u0159esn\u00e9 sledov\u00e1n\u00ed a spr\u00e1vu od\u011bv\u016f, p\u0159edch\u00e1zet z\u00e1m\u011bn\u00e1m a zajistit, aby byly polo\u017eky p\u0159ed op\u011btovn\u00fdm pou\u017eit\u00edm \u0159\u00e1dn\u011b vy\u010di\u0161t\u011bny. To je zvl\u00e1\u0161t\u011b d\u016fle\u017eit\u00e9 v odv\u011btv\u00edch, kde jsou hygiena a hygiena z\u00e1sadn\u00ed, jako je zdravotnictv\u00ed a pohostinstv\u00ed.<\/p>\n<\/div>\n<h3 class=\"wp-block-heading\">Instalace<\/h3>\n<p><strong>Stitch Tagging<\/strong>: K v\u0161it\u00ed do lemu l\u00e1tky. P\u0159i\u0161ijte visa\u010dku na pr\u00e1dlo sm\u011brem od lini\u00ed skl\u00e1d\u00e1n\u00ed.<br \/>\n<strong>Tepeln\u00e9 t\u011bsn\u011bn\u00ed<\/strong>: K tepeln\u00e9mu zataven\u00ed p\u0159\u00edmo na textilii p\u0159i +200\u00b0C (392\u00b0F), po dobu 12~14s.<br \/>\n<strong>V s\u00e1\u010dku<\/strong>: K p\u0159i\u0161it\u00ed jako standardn\u00ed \u0161t\u00edtek pro p\u00e9\u010di. P\u0159i\u0161ijte visa\u010dku na pr\u00e1dlo sm\u011brem od lini\u00ed skl\u00e1d\u00e1n\u00ed.<\/p>\n<div class=\"auto-hide-last-sibling-br paragraph_1252f paragraph-element\">\n<div class=\"auto-hide-last-sibling-br paragraph_1252f paragraph-element\">RFID \u0161t\u00edtky pro pran\u00ed pr\u00e1dla jsou nepostradateln\u00e9 v mnoha pr\u016fmyslov\u00fdch odv\u011btv\u00edch, rozhoduj\u00edc\u00edm zp\u016fsobem p\u0159isp\u00edvaj\u00ed k efektivn\u00edmu sledov\u00e1n\u00ed majetku, \u0159\u00edzen\u00ed z\u00e1sob a zvy\u0161uj\u00ed celkovou provozn\u00ed efektivitu. Zde je pohled na jejich pou\u017eit\u00ed v r\u016fzn\u00fdch odv\u011btv\u00edch:<\/div>\n<p>&nbsp;<\/p>\n<ul class=\"auto-hide-last-sibling-br\">\n<li>\n<div class=\"auto-hide-last-sibling-br paragraph_1252f paragraph-element\">Zdravotn\u00ed p\u00e9\u010de: Nemocnice a dal\u0161\u00ed zdravotnick\u00e1 za\u0159\u00edzen\u00ed vyu\u017e\u00edvaj\u00ed RFID \u0161t\u00edtky na pr\u00e1dlo pro spr\u00e1vu rozs\u00e1hl\u00fdch z\u00e1sob lo\u017en\u00edho pr\u00e1dla, ru\u010dn\u00edk\u016f, peeling\u016f, uniforem a chirurgick\u00e9ho pr\u00e1dla. To pom\u00e1h\u00e1 minimalizovat ztr\u00e1ty, \u0159\u00eddit cykly pran\u00ed a zajistit, aby \u010dist\u00e9 a \u010derstv\u00e9 pr\u00e1dlo bylo neust\u00e1le k dispozici podle po\u017eadavk\u016f.<\/div>\n<\/li>\n<li>\n<div class=\"auto-hide-last-sibling-br paragraph_1252f paragraph-element\">Hotely: V hotelov\u00e9m pr\u016fmyslu je spr\u00e1va lo\u017en\u00edho pr\u00e1dla kolos\u00e1ln\u00ed \u00fakol, p\u0159i\u010dem\u017e v ob\u011bhu jsou tis\u00edce polo\u017eek, jako jsou l\u016f\u017ekoviny, ru\u010dn\u00edky, z\u00e1v\u011bsy a \u017eupany. RFID \u0161t\u00edtky na pr\u00e1dlo pom\u00e1haj\u00ed zefektivnit tento \u00fakol, zaji\u0161\u0165uj\u00ed v\u010dasn\u00e9 \u010di\u0161t\u011bn\u00ed a v\u00fdm\u011bnu a pom\u00e1haj\u00ed p\u0159i detekci a prevenci kr\u00e1de\u017e\u00ed.<\/div>\n<\/li>\n<li>\n<div class=\"auto-hide-last-sibling-br paragraph_1252f paragraph-element\">Restaurace: V r\u00e1mci potravin\u00e1\u0159sk\u00e9ho pr\u016fmyslu pom\u00e1haj\u00ed \u0161t\u00edtky RFID sledovat vyu\u017eit\u00ed a \u010distotu uniforem, ubrus\u016f, ubrousk\u016f a kucha\u0159sk\u00fdch z\u00e1st\u011br. To m\u016f\u017ee zv\u00fd\u0161it standardy \u010distoty a pomoci zachovat elegantn\u00ed, profesion\u00e1ln\u00ed vzhled.<\/div>\n<\/li>\n<li>\n<div class=\"auto-hide-last-sibling-br paragraph_1252f paragraph-element\">Fashion Apparel Industries: V rozruchu m\u00f3dy hraj\u00ed RFID \u0161t\u00edtky podstatnou roli p\u0159i sledov\u00e1n\u00ed polo\u017eek v cel\u00e9m dodavatelsk\u00e9m \u0159et\u011bzci od v\u00fdroby a\u017e po maloobchodn\u00ed vystaven\u00ed. Mohou nab\u00eddnout cenn\u00e9 informace, jako je p\u016fvod, cestovn\u00ed historie a dokonce i slo\u017eit\u00e9 podrobnosti o l\u00e1tce a pokyny pro p\u00e9\u010di.<\/div>\n<\/li>\n<li>\n<div class=\"auto-hide-last-sibling-br paragraph_1252f paragraph-element\">Pracovn\u00ed od\u011bvy\/od\u011bvy zpomaluj\u00edc\u00ed ho\u0159en\u00ed: RFID \u0161t\u00edtky pou\u017e\u00edvaj\u00ed spole\u010dnosti ke sledov\u00e1n\u00ed a spr\u00e1v\u011b speci\u00e1ln\u00edch od\u011bv\u016f. To zahrnuje zaji\u0161t\u011bn\u00ed toho, aby byl od\u011bv zpomaluj\u00edc\u00ed ho\u0159en\u00ed nebo jin\u00fd ochrann\u00fd od\u011bv pravideln\u011b kontrolov\u00e1n, vhodn\u011b \u010di\u0161t\u011bn a v p\u0159\u00edpad\u011b pot\u0159eby vym\u011bn\u011bn.<\/div>\n<\/li>\n<li>\n<div class=\"auto-hide-last-sibling-br paragraph_1252f paragraph-element\">Obuv a masky: V\u00fdznamn\u00e9 v odv\u011btv\u00edch, jako je zdravotnictv\u00ed a stavebnictv\u00ed, kde nelze ohrozit bezpe\u010dnost, sledov\u00e1n\u00ed pou\u017e\u00edv\u00e1n\u00ed, \u010distoty a \u00fadr\u017eby polo\u017eek, jako jsou masky a bezpe\u010dnostn\u00ed obuv, je zjednodu\u0161eno pomoc\u00ed RFID \u0161t\u00edtk\u016f.<\/div>\n<\/li>\n<li>\n<div class=\"auto-hide-last-sibling-br paragraph_1252f paragraph-element\">Roho\u017ee a mopy: Firmy poskytuj\u00edc\u00ed \u00faklidov\u00e9 slu\u017eby nebo spravuj\u00edc\u00ed velk\u00e1 za\u0159\u00edzen\u00ed mohou t\u011b\u017eit z RFID \u0161t\u00edtk\u016f na roho\u017e\u00edch a mopech. Budou moci sledovat pou\u017e\u00edv\u00e1n\u00ed a \u00fadr\u017ebu a v\u017edy zajistit \u010dist\u00e9 a efektivn\u00ed n\u00e1stroje.<\/div>\n<\/li>\n<\/ul>\n<p style=\"font-weight: 400;\"><span style=\"font-style: inherit; font-weight: inherit;\" data-spm-anchor-id=\"a2700.details.0.i52.7e74253fSAfL7T\">Jak <\/span><b><strong style=\"font-style: inherit;\">SILN\u00dd<\/strong><\/b><span style=\"font-style: inherit; font-weight: inherit;\"> oni jsou ?<\/span><\/p>\n<p><b><strong>\u2460<\/strong><\/b>.Do\u0161lo k po\u0161kozen\u00ed \u010dip\u016f RFID p\u0159i vysok\u00fdch teplot\u00e1ch?<span style=\"font-style: inherit; font-weight: inherit;\"> \u2013<\/span><b><strong>\u2714 Na\u0161e textiln\u00ed \u0161t\u00edtky na pr\u00e1dlo RFID jsou navr\u017eeny pro pou\u017eit\u00ed p\u0159i 200 \u00b0C<\/strong><\/b><span style=\"font-style: inherit; font-weight: inherit;\">.<\/span><\/p>\n<p style=\"font-weight: 400;\"><b><strong>\u2461<\/strong><\/b>Kolikr\u00e1t m\u016f\u017eeme vyprat \u0161t\u00edtky, kter\u00e9 jsou p\u0159ipevn\u011bny k textiln\u00edm v\u00fdrobk\u016fm uniforem? <b><strong>\u2013\u2714Na\u0161e textiln\u00ed \u0161t\u00edtky na pr\u00e1dlo RFID lze pr\u00e1t v\u00edce ne\u017e 200kr\u00e1t se z\u00e1rukou po dobu 2 let po odesl\u00e1n\u00ed.<\/strong><\/b><\/p>\n<p style=\"font-weight: 400;\"><b><strong>\u2462<\/strong><\/b>Budeme utr\u00e1cet za presti\u017en\u00ed uniformy textiln\u00ed v\u00fdrobky, pokra\u010dovat v pr\u00e1ci v p\u0159\u00edpad\u011b rozdrcen\u00ed t\u0159\u00edsek? <b><strong>\u2013\u2714Na\u0161i textiln\u00ed visa\u010dku na pr\u00e1dlo jsme navrhli tak, aby vydr\u017eela tlak 60 bar\u016f v procesu lisov\u00e1n\u00ed va\u0161ich textiln\u00edch v\u00fdrobk\u016f.<\/strong><\/b><\/p>\n<p style=\"font-weight: 400;\"><b><strong>\u2463<\/strong><\/b>Kam um\u00edst\u00edte textiln\u00ed \u0161t\u00edtky na pr\u00e1dlo RFID na textilie uniforem? <b><strong>\u2013 \u2714RFID textiln\u00ed \u0161t\u00edtky na pr\u00e1dlo jsou instalov\u00e1ny podle dostupnosti uniforem.<\/strong><\/b><\/p>\n<\/div>","protected":false},"excerpt":{"rendered":"<p><strong>UHF RFID \u0161t\u00edtky na pr\u00e1dlo<\/strong> ur\u010den\u00e9 pro uniformy jsou konstruov\u00e1ny tak, aby spolehliv\u011b fungovaly p\u0159i n\u00e1ro\u010dn\u00fdch prac\u00edch postupech, jako je sterilizace, pran\u00ed p\u0159i vysok\u00e9 teplot\u011b, \u010di\u0161t\u011bn\u00ed, su\u0161en\u00ed a \u017eehlen\u00ed. Tyto \u0161t\u00edtky \u0161etrn\u00e9 k textilu vydr\u017e\u00ed stovky prac\u00edch cykl\u016f p\u0159i zachov\u00e1n\u00ed konzistentn\u00ed \u00farovn\u011b v\u00fdkonu RFID. I po opakovan\u00e9m pran\u00ed zaji\u0161\u0165uj\u00ed v\u00fdjime\u010dn\u00e9 vlastnosti sledov\u00e1n\u00ed a inventarizace, \u010d\u00edm\u017e prodlu\u017euj\u00ed \u017eivotnost pr\u00e1dla, od\u011bv\u016f a dal\u0161\u00edch textiln\u00edch p\u0159edm\u011bt\u016f.<\/p>","protected":false},"featured_media":133,"template":"","meta":{"_kad_post_transparent":"default","_kad_post_title":"","_kad_post_layout":"default","_kad_post_sidebar_id":"","_kad_post_content_style":"default","_kad_post_vertical_padding":"default","_kad_post_feature":"","_kad_post_feature_position":"","_kad_post_header":false,"_kad_post_footer":false,"_kad_post_classname":""},"product_brand":[],"product_cat":[19,16],"product_tag":[31,65,30],"class_list":{"0":"post-129","1":"product","2":"type-product","3":"status-publish","4":"has-post-thumbnail","6":"product_cat-textile-rfid-laundry-tag","7":"product_cat-uhf-rfid-laundry-tags","8":"product_tag-rfid-tag-for-linen-laundry","9":"product_tag-textile-rfid-laundry-tags","10":"product_tag-uhf-rfid-laundry-tag","12":"first","13":"instock","14":"shipping-taxable","15":"product-type-simple","16":"entry","17":"content-bg","18":"loop-entry"},"_links":{"self":[{"href":"https:\/\/rfid-laundry-tag.com\/cs\/wp-json\/wp\/v2\/product\/129","targetHints":{"allow":["GET"]}}],"collection":[{"href":"https:\/\/rfid-laundry-tag.com\/cs\/wp-json\/wp\/v2\/product"}],"about":[{"href":"https:\/\/rfid-laundry-tag.com\/cs\/wp-json\/wp\/v2\/types\/product"}],"version-history":[{"count":1,"href":"https:\/\/rfid-laundry-tag.com\/cs\/wp-json\/wp\/v2\/product\/129\/revisions"}],"predecessor-version":[{"id":2871,"href":"https:\/\/rfid-laundry-tag.com\/cs\/wp-json\/wp\/v2\/product\/129\/revisions\/2871"}],"wp:featuredmedia":[{"embeddable":true,"href":"https:\/\/rfid-laundry-tag.com\/cs\/wp-json\/wp\/v2\/media\/133"}],"wp:attachment":[{"href":"https:\/\/rfid-laundry-tag.com\/cs\/wp-json\/wp\/v2\/media?parent=129"}],"wp:term":[{"taxonomy":"product_brand","embeddable":true,"href":"https:\/\/rfid-laundry-tag.com\/cs\/wp-json\/wp\/v2\/product_brand?post=129"},{"taxonomy":"product_cat","embeddable":true,"href":"https:\/\/rfid-laundry-tag.com\/cs\/wp-json\/wp\/v2\/product_cat?post=129"},{"taxonomy":"product_tag","embeddable":true,"href":"https:\/\/rfid-laundry-tag.com\/cs\/wp-json\/wp\/v2\/product_tag?post=129"}],"curies":[{"name":"wp","href":"https:\/\/api.w.org\/{rel}","templated":true}]}}