{"id":127,"date":"2024-06-12T06:15:43","date_gmt":"2024-06-12T06:15:43","guid":{"rendered":"https:\/\/rfid-laundry-tag.com\/?post_type=product&#038;p=127"},"modified":"2024-06-12T06:21:05","modified_gmt":"2024-06-12T06:21:05","slug":"silicone-rubber-uhf-rfid-laundry-tag","status":"publish","type":"product","link":"https:\/\/rfid-laundry-tag.com\/cs\/silicone-rubber-uhf-rfid-laundry-tag\/","title":{"rendered":"Silikonov\u00e1 pry\u017e UHF RFID Laundry Tag"},"content":{"rendered":"<table style=\"border-collapse: collapse; width: 711px; height: 751px;\" border=\"0\" width=\"537\" cellspacing=\"0\" cellpadding=\"0\">\n<tbody>\n<tr style=\"height: 14.40pt;\">\n<td class=\"et2\" style=\"height: 14.40pt; width: 136.80pt;\" width=\"228\" height=\"24\">Materi\u00e1l<\/td>\n<td class=\"et2\" style=\"width: 185.40pt;\" width=\"309\">Silikon<\/td>\n<\/tr>\n<tr style=\"height: 14.40pt;\">\n<td class=\"et3\" style=\"height: 14.40pt; width: 136.80pt;\" width=\"228\" height=\"24\">Velikost<\/td>\n<td class=\"et3\" style=\"width: 185.40pt;\" width=\"309\">55x12mm, 56x20mm, 85x27mm<\/td>\n<\/tr>\n<tr style=\"height: 14.40pt;\">\n<td class=\"et3\" style=\"height: 14.40pt; width: 136.80pt;\" width=\"228\" height=\"24\">Frekvence<\/td>\n<td class=\"et3\" style=\"width: 185.40pt;\" width=\"309\">860-960 MHz<\/td>\n<\/tr>\n<tr style=\"height: 27.60pt;\">\n<td class=\"et3\" style=\"height: 27.60pt; width: 136.80pt;\" width=\"228\" height=\"46\">Typ IC (\u010dip)<\/td>\n<td class=\"et3\" style=\"width: 185.40pt;\" width=\"309\">U7\/U8 (k dispozici jsou Alien H3 a Impinj Monza R6)<\/td>\n<\/tr>\n<tr style=\"height: 27.60pt;\">\n<td class=\"et3\" style=\"height: 27.60pt; width: 136.80pt;\" width=\"228\" height=\"46\">Protokol<\/td>\n<td class=\"et3\" style=\"width: 185.40pt;\" width=\"309\">EPC Global Class 1 Gen2 &amp; ISO18000-6C<\/td>\n<\/tr>\n<tr style=\"height: 14.40pt;\">\n<td class=\"et3\" style=\"height: 14.40pt; width: 136.80pt;\" width=\"228\" height=\"24\">Pam\u011b\u0165<\/td>\n<td class=\"et3\" style=\"width: 185.40pt;\" width=\"309\">128 bit\u016f<\/td>\n<\/tr>\n<tr style=\"height: 14.40pt;\">\n<td class=\"et3\" style=\"height: 14.40pt; width: 136.80pt;\" width=\"228\" height=\"24\">Tag Form Factor<\/td>\n<td class=\"et3\" style=\"width: 185.40pt;\" width=\"309\">Flexibiln\u00ed<\/td>\n<\/tr>\n<tr style=\"height: 14.40pt;\">\n<td class=\"et3\" style=\"height: 14.40pt; width: 136.80pt;\" width=\"228\" height=\"24\">Antikolizn\u00ed<\/td>\n<td class=\"et3\" style=\"width: 185.40pt;\" width=\"309\">Ano<\/td>\n<\/tr>\n<tr style=\"height: 14.40pt;\">\n<td class=\"et3\" style=\"height: 14.40pt; width: 136.80pt;\" width=\"228\" height=\"24\">Provozn\u00ed teplota<\/td>\n<td class=\"et3\" style=\"width: 185.40pt;\" width=\"309\">-25 \u00b0C \/ +200 \u00b0C<\/td>\n<\/tr>\n<tr style=\"height: 14.40pt;\">\n<td class=\"et3\" style=\"height: 14.40pt; width: 136.80pt;\" width=\"228\" height=\"24\">P\u0159e\u010dt\u011bte si Vzd\u00e1lenost<\/td>\n<td class=\"et3\" style=\"width: 185.40pt;\" width=\"309\">1-7m<\/td>\n<\/tr>\n<tr style=\"height: 14.40pt;\">\n<td class=\"et3\" style=\"height: 14.40pt; width: 136.80pt;\" width=\"228\" height=\"24\">P\u0159ipojuje k<\/td>\n<td class=\"et3\" style=\"width: 185.40pt;\" width=\"309\">Pr\u00e1dlo a od\u011bvy<\/td>\n<\/tr>\n<tr style=\"height: 14.40pt;\">\n<td class=\"et3\" style=\"height: 14.40pt; width: 136.80pt;\" width=\"228\" height=\"24\">Hodnocen\u00ed IP<\/td>\n<td class=\"et3\" style=\"width: 185.40pt;\" width=\"309\">IP68<\/td>\n<\/tr>\n<tr style=\"height: 14.40pt;\">\n<td class=\"et3\" style=\"height: 14.40pt; width: 136.80pt;\" width=\"228\" height=\"24\">Barva<\/td>\n<td class=\"et3\" style=\"width: 185.40pt;\" width=\"309\">B\u00edl\u00e1\/modr\u00e1 nebo p\u0159izp\u016fsoben\u00e1<\/td>\n<\/tr>\n<tr style=\"height: 17.40pt;\">\n<td class=\"et4\" style=\"height: 17.40pt; width: 322.20pt;\" colspan=\"2\" width=\"537\" height=\"29\">Myt\u00ed<\/td>\n<\/tr>\n<tr style=\"height: 27.60pt;\">\n<td class=\"et3\" style=\"height: 27.60pt; width: 136.80pt;\" width=\"228\" height=\"46\">Odol\u00e1v\u00e1 expozici<\/td>\n<td class=\"et3\" style=\"width: 185.40pt;\" width=\"309\">voda a v\u0161echny chemik\u00e1lie b\u011b\u017en\u00e9 pro komer\u010dn\u00ed pr\u00e1delny a chemick\u00e9 \u010di\u0161t\u011bn\u00ed<\/td>\n<\/tr>\n<tr style=\"height: 14.40pt;\">\n<td class=\"et3\" style=\"height: 14.40pt; width: 136.80pt;\" width=\"228\" height=\"24\">Myc\u00ed cykly<\/td>\n<td class=\"et3\" style=\"width: 185.40pt;\" width=\"309\">A\u017e 200 komer\u010dn\u00edch myc\u00edch cykl\u016f<\/td>\n<\/tr>\n<tr style=\"height: 27.60pt;\">\n<td class=\"et3\" style=\"height: 27.60pt; width: 136.80pt;\" width=\"228\" height=\"46\">Myt\u00ed<\/td>\n<td class=\"et3\" style=\"width: 185.40pt;\" width=\"309\">150 \u00baC po dobu 15-20 minut \u2013 150 cykl\u016f<\/td>\n<\/tr>\n<tr style=\"height: 27.60pt;\">\n<td class=\"et3\" style=\"height: 27.60pt; width: 136.80pt;\" width=\"228\" height=\"46\">Su\u0161en\u00ed<\/td>\n<td class=\"et3\" style=\"width: 185.40pt;\" width=\"309\">95 \u00b0C (a\u017e 60 minut), 130 \u00b0C (a\u017e 30 minut)<\/td>\n<\/tr>\n<tr style=\"height: 14.40pt;\">\n<td class=\"et3\" style=\"height: 14.40pt; width: 136.80pt;\" width=\"228\" height=\"24\">Fini\u0161er tunelu<\/td>\n<td class=\"et3\" style=\"width: 185.40pt;\" width=\"309\">200 \u00b0C po dobu 30 minut<\/td>\n<\/tr>\n<tr style=\"height: 14.40pt;\">\n<td class=\"et3\" style=\"height: 14.40pt; width: 136.80pt;\" width=\"228\" height=\"24\">\u017dehlen\u00ed<\/td>\n<td class=\"et3\" style=\"width: 185.40pt;\" width=\"309\">250 \u00b0C (a\u017e 60 sekund)<\/td>\n<\/tr>\n<\/tbody>\n<\/table>\n<p data-spm-anchor-id=\"a2700.details.0.i116.60201a70jOXdOd\">\n<p data-spm-anchor-id=\"a2700.details.0.i116.60201a70jOXdOd\"><strong>Silikonov\u00e1 pry\u017e UHF RFID Laundry Tag<\/strong>\u00a0p\u0159edstavuje nejnov\u011bj\u0161\u00ed inovaci pro automatizovan\u00e9 sledov\u00e1n\u00ed a \u0159\u00edzen\u00ed z\u00e1sob v pr\u00e1deln\u00e1ch. Tyto tenk\u00e9, poddajn\u00e9, jemn\u00e9 a elegantn\u00ed \u0161t\u00edtky, odoln\u00e9 v\u016f\u010di chemick\u00fdm kapalin\u00e1m a teplu, jsou vybaveny siln\u00fdm RFID transpond\u00e9rem, kter\u00fd je schopen vydr\u017eet a\u017e 200 cykl\u016f pran\u00ed v bubnu a su\u0161en\u00ed teplem spolu s \u010di\u0161t\u011bn\u00edm a \u017eehlen\u00edm. Silikonov\u00e9 \u0161t\u00edtky RFID Laundry Tags 5512, \u010dasto pou\u017e\u00edvan\u00e9 pro sledov\u00e1n\u00ed v sektoru pr\u016fmyslov\u00e9ho pran\u00ed pr\u00e1dla, se mohou bez probl\u00e9m\u016f za\u010dlenit do r\u016fzn\u00fdch textiln\u00edch materi\u00e1l\u016f, v\u010detn\u011b lo\u017en\u00edho pr\u00e1dla, halenek, ru\u010dn\u00edk\u016f, l\u00e9ka\u0159sk\u00fdch uniforem a dal\u0161\u00edch.<\/p>\n<p data-spm-anchor-id=\"a2700.details.0.i116.60201a70jOXdOd\"><strong>Aplikace :<\/strong><\/p>\n<ul>\n<li>Hotelov\u00e9 lo\u017en\u00ed pr\u00e1dlo Spr\u00e1va sledov\u00e1n\u00ed<\/li>\n<li>Tov\u00e1rna\/sklad\/hotel\/nemocnice\/z\u00e1bavn\u00ed park<\/li>\n<li data-spm-anchor-id=\"a2700.details.0.i115.60201a70jOXdOd\"><span data-spm-anchor-id=\"a2700.details.0.i120.60201a70jOXdOd\">Nemocni\u010dn\u00ed uniformy<\/span><\/li>\n<li data-spm-anchor-id=\"a2700.details.0.i118.60201a70jOXdOd\">Povle\u010den\u00ed\/ Palety\/ Pl\u00e1t\u011bn\u00e9 ta\u0161ky<\/li>\n<li>\u010cist\u00edrna<\/li>\n<li>Pou\u017eit\u00ed v hotelov\u00e9m prost\u011bradle\/ P\u0159ipevn\u011bno k textilu\/ Pracovn\u00ed od\u011bv.<\/li>\n<li>Od\u011bvn\u00ed tov\u00e1rna, Fabric factory.<\/li>\n<\/ul>\n<p>&nbsp;<\/p>","protected":false},"excerpt":{"rendered":"<p>Silikonov\u00e1 pry\u017e UHF RFID Laundry Tag je ohebn\u00e1 a robustn\u00ed, navr\u017een\u00e1 tak, aby vydr\u017eela n\u00e1ro\u010dn\u00e9 podm\u00ednky pran\u00ed, jako je nep\u0159etr\u017eit\u00e9 vysou\u0161en\u00ed pod vysok\u00fdm tlakem a kr\u00e1tkodob\u00e9 \u017eehlen\u00ed. Tyto silikonov\u00e9 \u0161t\u00edtky na pr\u00e1dlo vyu\u017e\u00edvaj\u00edc\u00ed technologii UHF v\u00fdrazn\u011b zlep\u0161uj\u00ed komunika\u010dn\u00ed schopnosti. Jejich schopnost soub\u011b\u017en\u011b \u010d\u00edst stovky \u0161t\u00edtk\u016f nejen sni\u017euje mzdov\u00e9 n\u00e1klady spojen\u00e9 se spr\u00e1vou \u010d\u00e1rov\u00fdch k\u00f3d\u016f nebo vysokofrekven\u010dn\u00edch (vysokofrekven\u010dn\u00edch) RFID \u0161t\u00edtk\u016f, ale nab\u00edz\u00ed tak\u00e9 n\u00e1kladov\u011b efektivn\u00ed \u0159e\u0161en\u00ed sledov\u00e1n\u00ed.<\/p>","protected":false},"featured_media":128,"template":"","meta":{"_kad_post_transparent":"default","_kad_post_title":"","_kad_post_layout":"default","_kad_post_sidebar_id":"","_kad_post_content_style":"default","_kad_post_vertical_padding":"default","_kad_post_feature":"","_kad_post_feature_position":"","_kad_post_header":false,"_kad_post_footer":false,"_kad_post_classname":""},"product_brand":[],"product_cat":[20,16],"product_tag":[63,62,64,61],"class_list":{"0":"post-127","1":"product","2":"type-product","3":"status-publish","4":"has-post-thumbnail","6":"product_cat-silicone-rfid-laundry-tag","7":"product_cat-uhf-rfid-laundry-tags","8":"product_tag-rfid-washing-tag","9":"product_tag-silicone-rfid-laundry-tag","10":"product_tag-silicone-rubber-uhf-rfid-laundry-tag","11":"product_tag-silicone-washable-rfid-laundry-tag","13":"first","14":"instock","15":"shipping-taxable","16":"product-type-simple","17":"entry","18":"content-bg","19":"loop-entry"},"_links":{"self":[{"href":"https:\/\/rfid-laundry-tag.com\/cs\/wp-json\/wp\/v2\/product\/127","targetHints":{"allow":["GET"]}}],"collection":[{"href":"https:\/\/rfid-laundry-tag.com\/cs\/wp-json\/wp\/v2\/product"}],"about":[{"href":"https:\/\/rfid-laundry-tag.com\/cs\/wp-json\/wp\/v2\/types\/product"}],"version-history":[{"count":0,"href":"https:\/\/rfid-laundry-tag.com\/cs\/wp-json\/wp\/v2\/product\/127\/revisions"}],"wp:featuredmedia":[{"embeddable":true,"href":"https:\/\/rfid-laundry-tag.com\/cs\/wp-json\/wp\/v2\/media\/128"}],"wp:attachment":[{"href":"https:\/\/rfid-laundry-tag.com\/cs\/wp-json\/wp\/v2\/media?parent=127"}],"wp:term":[{"taxonomy":"product_brand","embeddable":true,"href":"https:\/\/rfid-laundry-tag.com\/cs\/wp-json\/wp\/v2\/product_brand?post=127"},{"taxonomy":"product_cat","embeddable":true,"href":"https:\/\/rfid-laundry-tag.com\/cs\/wp-json\/wp\/v2\/product_cat?post=127"},{"taxonomy":"product_tag","embeddable":true,"href":"https:\/\/rfid-laundry-tag.com\/cs\/wp-json\/wp\/v2\/product_tag?post=127"}],"curies":[{"name":"wp","href":"https:\/\/api.w.org\/{rel}","templated":true}]}}