{"id":124,"date":"2024-06-12T06:05:28","date_gmt":"2024-06-12T06:05:28","guid":{"rendered":"https:\/\/rfid-laundry-tag.com\/?post_type=product&#038;p=124"},"modified":"2024-06-12T06:13:37","modified_gmt":"2024-06-12T06:13:37","slug":"rfid-silicone-washing-tag","status":"publish","type":"product","link":"https:\/\/rfid-laundry-tag.com\/cs\/rfid-silicone-washing-tag\/","title":{"rendered":"RFID silikonov\u00fd myc\u00ed \u0161t\u00edtek"},"content":{"rendered":"<table style=\"border-collapse: collapse; width: 711px; height: 751px;\" border=\"0\" width=\"537\" cellspacing=\"0\" cellpadding=\"0\">\n<tbody>\n<tr style=\"height: 14.40pt;\">\n<td class=\"et2\" style=\"height: 14.40pt; width: 136.80pt;\" width=\"228\" height=\"24\">Materi\u00e1l<\/td>\n<td class=\"et2\" style=\"width: 185.40pt;\" width=\"309\">Silikon<\/td>\n<\/tr>\n<tr style=\"height: 14.40pt;\">\n<td class=\"et3\" style=\"height: 14.40pt; width: 136.80pt;\" width=\"228\" height=\"24\">Velikost<\/td>\n<td class=\"et3\" style=\"width: 185.40pt;\" width=\"309\">55x12mm, 56x20mm, 85x27mm<\/td>\n<\/tr>\n<tr style=\"height: 14.40pt;\">\n<td class=\"et3\" style=\"height: 14.40pt; width: 136.80pt;\" width=\"228\" height=\"24\">Frekvence<\/td>\n<td class=\"et3\" style=\"width: 185.40pt;\" width=\"309\">860-960 MHz<\/td>\n<\/tr>\n<tr style=\"height: 27.60pt;\">\n<td class=\"et3\" style=\"height: 27.60pt; width: 136.80pt;\" width=\"228\" height=\"46\">Typ IC (\u010dip)<\/td>\n<td class=\"et3\" style=\"width: 185.40pt;\" width=\"309\">U7\/U8 (k dispozici jsou Alien H3 a Impinj Monza R6)<\/td>\n<\/tr>\n<tr style=\"height: 27.60pt;\">\n<td class=\"et3\" style=\"height: 27.60pt; width: 136.80pt;\" width=\"228\" height=\"46\">Protokol<\/td>\n<td class=\"et3\" style=\"width: 185.40pt;\" width=\"309\">EPC Global Class 1 Gen2 &amp; ISO18000-6C<\/td>\n<\/tr>\n<tr style=\"height: 14.40pt;\">\n<td class=\"et3\" style=\"height: 14.40pt; width: 136.80pt;\" width=\"228\" height=\"24\">Pam\u011b\u0165<\/td>\n<td class=\"et3\" style=\"width: 185.40pt;\" width=\"309\">128 bit\u016f<\/td>\n<\/tr>\n<tr style=\"height: 14.40pt;\">\n<td class=\"et3\" style=\"height: 14.40pt; width: 136.80pt;\" width=\"228\" height=\"24\">Tag Form Factor<\/td>\n<td class=\"et3\" style=\"width: 185.40pt;\" width=\"309\">Flexibiln\u00ed<\/td>\n<\/tr>\n<tr style=\"height: 14.40pt;\">\n<td class=\"et3\" style=\"height: 14.40pt; width: 136.80pt;\" width=\"228\" height=\"24\">Antikolizn\u00ed<\/td>\n<td class=\"et3\" style=\"width: 185.40pt;\" width=\"309\">Ano<\/td>\n<\/tr>\n<tr style=\"height: 14.40pt;\">\n<td class=\"et3\" style=\"height: 14.40pt; width: 136.80pt;\" width=\"228\" height=\"24\">Provozn\u00ed teplota<\/td>\n<td class=\"et3\" style=\"width: 185.40pt;\" width=\"309\">-25 \u00b0C \/ +200 \u00b0C<\/td>\n<\/tr>\n<tr style=\"height: 14.40pt;\">\n<td class=\"et3\" style=\"height: 14.40pt; width: 136.80pt;\" width=\"228\" height=\"24\">P\u0159e\u010dt\u011bte si Vzd\u00e1lenost<\/td>\n<td class=\"et3\" style=\"width: 185.40pt;\" width=\"309\">1-7m<\/td>\n<\/tr>\n<tr style=\"height: 14.40pt;\">\n<td class=\"et3\" style=\"height: 14.40pt; width: 136.80pt;\" width=\"228\" height=\"24\">P\u0159ipojuje k<\/td>\n<td class=\"et3\" style=\"width: 185.40pt;\" width=\"309\">Pr\u00e1dlo a od\u011bvy<\/td>\n<\/tr>\n<tr style=\"height: 14.40pt;\">\n<td class=\"et3\" style=\"height: 14.40pt; width: 136.80pt;\" width=\"228\" height=\"24\">Hodnocen\u00ed IP<\/td>\n<td class=\"et3\" style=\"width: 185.40pt;\" width=\"309\">IP68<\/td>\n<\/tr>\n<tr style=\"height: 14.40pt;\">\n<td class=\"et3\" style=\"height: 14.40pt; width: 136.80pt;\" width=\"228\" height=\"24\">Barva<\/td>\n<td class=\"et3\" style=\"width: 185.40pt;\" width=\"309\">B\u00edl\u00e1\/modr\u00e1 nebo p\u0159izp\u016fsoben\u00e1<\/td>\n<\/tr>\n<tr style=\"height: 17.40pt;\">\n<td class=\"et4\" style=\"height: 17.40pt; width: 322.20pt;\" colspan=\"2\" width=\"537\" height=\"29\">Myt\u00ed<\/td>\n<\/tr>\n<tr style=\"height: 27.60pt;\">\n<td class=\"et3\" style=\"height: 27.60pt; width: 136.80pt;\" width=\"228\" height=\"46\">Odol\u00e1v\u00e1 expozici<\/td>\n<td class=\"et3\" style=\"width: 185.40pt;\" width=\"309\">voda a v\u0161echny chemik\u00e1lie b\u011b\u017en\u00e9 pro komer\u010dn\u00ed pr\u00e1delny a chemick\u00e9 \u010di\u0161t\u011bn\u00ed<\/td>\n<\/tr>\n<tr style=\"height: 14.40pt;\">\n<td class=\"et3\" style=\"height: 14.40pt; width: 136.80pt;\" width=\"228\" height=\"24\">Myc\u00ed cykly<\/td>\n<td class=\"et3\" style=\"width: 185.40pt;\" width=\"309\">A\u017e 200 komer\u010dn\u00edch myc\u00edch cykl\u016f<\/td>\n<\/tr>\n<tr style=\"height: 27.60pt;\">\n<td class=\"et3\" style=\"height: 27.60pt; width: 136.80pt;\" width=\"228\" height=\"46\">Myt\u00ed<\/td>\n<td class=\"et3\" style=\"width: 185.40pt;\" width=\"309\">150 \u00baC po dobu 15-20 minut \u2013 150 cykl\u016f<\/td>\n<\/tr>\n<tr style=\"height: 27.60pt;\">\n<td class=\"et3\" style=\"height: 27.60pt; width: 136.80pt;\" width=\"228\" height=\"46\">Su\u0161en\u00ed<\/td>\n<td class=\"et3\" style=\"width: 185.40pt;\" width=\"309\">95 \u00b0C (a\u017e 60 minut), 130 \u00b0C (a\u017e 30 minut)<\/td>\n<\/tr>\n<tr style=\"height: 14.40pt;\">\n<td class=\"et3\" style=\"height: 14.40pt; width: 136.80pt;\" width=\"228\" height=\"24\">Fini\u0161er tunelu<\/td>\n<td class=\"et3\" style=\"width: 185.40pt;\" width=\"309\">200 \u00b0C po dobu 30 minut<\/td>\n<\/tr>\n<tr style=\"height: 14.40pt;\">\n<td class=\"et3\" style=\"height: 14.40pt; width: 136.80pt;\" width=\"228\" height=\"24\">\u017dehlen\u00ed<\/td>\n<td class=\"et3\" style=\"width: 185.40pt;\" width=\"309\">250 \u00b0C (a\u017e 60 sekund)<\/td>\n<\/tr>\n<\/tbody>\n<\/table>\n<p data-spm-anchor-id=\"a2700.details.0.i116.60201a70jOXdOd\">\n<p data-spm-anchor-id=\"a2700.details.0.i116.60201a70jOXdOd\"><b><span class=\"magic-11\" data-spm-anchor-id=\"a2700.details.0.i118.ef22fb08lSmXvD\">Dostupn\u00e1 p\u0159izp\u016fsoben\u00ed jsou n\u00e1sleduj\u00edc\u00ed:<\/span><\/b> * Tisk: S\u00edtotisk nebo 4-barevn\u00fd ofset, po\u010d\u00ednaje grafick\u00fdm n\u00e1vrhem ve vektorov\u00e9m form\u00e1tu dle p\u0159\u00e1n\u00ed z\u00e1kazn\u00edka. Tisk EPC k\u00f3du, progresivn\u00edho s\u00e9riov\u00e9ho k\u00f3du z datab\u00e1ze nebo ne, nebo souboru .xls; tisk \u010d\u00e1rov\u00fdch k\u00f3d\u016f, QRCode. Dal\u0161\u00ed mo\u017enosti p\u0159izp\u016fsoben\u00ed jsou k dispozici na vy\u017e\u00e1d\u00e1n\u00ed. * K\u00f3dov\u00e1n\u00ed pam\u011bti \u010dipu: K\u00f3dov\u00e1n\u00ed EPC k\u00f3du RFID UHF transpond\u00e9r\u016f, z\u00e1pis do pam\u011bti UHF tag\u016f, tak\u00e9 z datab\u00e1ze poskytnut\u00e9 klientem. Obsah lze do\u010dasn\u011b nebo trvale uzamknout pomoc\u00ed hesla. Sdru\u017een\u00ed EPC k\u00f3du a TID k\u00f3du v datab\u00e1zi. TID k\u00f3d a asociace progresivn\u00edho\/\u010d\u00e1rov\u00e9ho k\u00f3du.<\/p>\n<p data-spm-anchor-id=\"a2700.details.0.i116.60201a70jOXdOd\"><strong>Aplikace :<\/strong><\/p>\n<ul>\n<li>Hotelov\u00e9 lo\u017en\u00ed pr\u00e1dlo Spr\u00e1va sledov\u00e1n\u00ed<\/li>\n<li>Tov\u00e1rna\/sklad\/hotel\/nemocnice\/z\u00e1bavn\u00ed park<\/li>\n<li data-spm-anchor-id=\"a2700.details.0.i115.60201a70jOXdOd\"><span data-spm-anchor-id=\"a2700.details.0.i120.60201a70jOXdOd\">Nemocni\u010dn\u00ed uniformy<\/span><\/li>\n<li data-spm-anchor-id=\"a2700.details.0.i118.60201a70jOXdOd\">Povle\u010den\u00ed\/ Palety\/ Pl\u00e1t\u011bn\u00e9 ta\u0161ky<\/li>\n<li>\u010cist\u00edrna<\/li>\n<li>Pou\u017eit\u00ed v hotelov\u00e9m prost\u011bradle\/ P\u0159ipevn\u011bno k textilu\/ Pracovn\u00ed od\u011bv.<\/li>\n<li>Od\u011bvn\u00ed tov\u00e1rna, Fabric factory.<\/li>\n<\/ul>\n<p>&nbsp;<\/p>","protected":false},"excerpt":{"rendered":"<p>Silikonov\u00fd myc\u00ed \u0161t\u00edtek RFID je m\u011bkk\u00fd a odoln\u00fd, lze jej v kr\u00e1tk\u00e9 dob\u011b pou\u017e\u00edt v prost\u0159ed\u00ed pran\u00ed, jako je kontinu\u00e1ln\u00ed vysokotlak\u00e1 dehydratace a \u017eehlen\u00ed. Silikonov\u00e9 etikety na pr\u00e1dlo vyu\u017e\u00edvaj\u00ed technologii UHF k efektivn\u00edmu zlep\u0161en\u00ed komunika\u010dn\u00edho v\u00fdkonu. \u010cten\u00ed stovek \u0161t\u00edtk\u016f najednou m\u016f\u017ee sn\u00ed\u017eit mzdov\u00e9 n\u00e1klady zp\u016fsoben\u00e9 \u010d\u00e1rov\u00fdmi k\u00f3dy nebo vysokofrekven\u010dn\u00edmi (HF) \u0161t\u00edtky RFID a poskytnout n\u00e1kladov\u011b efektivn\u00ed spr\u00e1vu.<\/p>","protected":false},"featured_media":125,"template":"","meta":{"_kad_post_transparent":"default","_kad_post_title":"","_kad_post_layout":"default","_kad_post_sidebar_id":"","_kad_post_content_style":"default","_kad_post_vertical_padding":"default","_kad_post_feature":"","_kad_post_feature_position":"","_kad_post_header":false,"_kad_post_footer":false,"_kad_post_classname":""},"product_brand":[],"product_cat":[20],"product_tag":[63,62,61],"class_list":{"0":"post-124","1":"product","2":"type-product","3":"status-publish","4":"has-post-thumbnail","6":"product_cat-silicone-rfid-laundry-tag","7":"product_tag-rfid-washing-tag","8":"product_tag-silicone-rfid-laundry-tag","9":"product_tag-silicone-washable-rfid-laundry-tag","11":"first","12":"instock","13":"shipping-taxable","14":"product-type-simple","15":"entry","16":"content-bg","17":"loop-entry"},"_links":{"self":[{"href":"https:\/\/rfid-laundry-tag.com\/cs\/wp-json\/wp\/v2\/product\/124","targetHints":{"allow":["GET"]}}],"collection":[{"href":"https:\/\/rfid-laundry-tag.com\/cs\/wp-json\/wp\/v2\/product"}],"about":[{"href":"https:\/\/rfid-laundry-tag.com\/cs\/wp-json\/wp\/v2\/types\/product"}],"version-history":[{"count":1,"href":"https:\/\/rfid-laundry-tag.com\/cs\/wp-json\/wp\/v2\/product\/124\/revisions"}],"predecessor-version":[{"id":126,"href":"https:\/\/rfid-laundry-tag.com\/cs\/wp-json\/wp\/v2\/product\/124\/revisions\/126"}],"wp:featuredmedia":[{"embeddable":true,"href":"https:\/\/rfid-laundry-tag.com\/cs\/wp-json\/wp\/v2\/media\/125"}],"wp:attachment":[{"href":"https:\/\/rfid-laundry-tag.com\/cs\/wp-json\/wp\/v2\/media?parent=124"}],"wp:term":[{"taxonomy":"product_brand","embeddable":true,"href":"https:\/\/rfid-laundry-tag.com\/cs\/wp-json\/wp\/v2\/product_brand?post=124"},{"taxonomy":"product_cat","embeddable":true,"href":"https:\/\/rfid-laundry-tag.com\/cs\/wp-json\/wp\/v2\/product_cat?post=124"},{"taxonomy":"product_tag","embeddable":true,"href":"https:\/\/rfid-laundry-tag.com\/cs\/wp-json\/wp\/v2\/product_tag?post=124"}],"curies":[{"name":"wp","href":"https:\/\/api.w.org\/{rel}","templated":true}]}}