{"id":122,"date":"2024-06-12T06:05:12","date_gmt":"2024-06-12T06:05:12","guid":{"rendered":"https:\/\/rfid-laundry-tag.com\/?post_type=product&#038;p=122"},"modified":"2024-06-12T06:05:12","modified_gmt":"2024-06-12T06:05:12","slug":"silicone-washable-rfid-laundry-tag","status":"publish","type":"product","link":"https:\/\/rfid-laundry-tag.com\/cs\/silicone-washable-rfid-laundry-tag\/","title":{"rendered":"Silikonov\u00e1 omyvateln\u00e1 RFID etiketa na pr\u00e1dlo"},"content":{"rendered":"<table style=\"font-family: var(--global-body-font-family);\" width=\"537\">\n<tbody>\n<tr>\n<td width=\"228\">n\u00e1zev<\/td>\n<td width=\"309\">Silikonov\u00e1 omyvateln\u00e1 RFID etiketa na pr\u00e1dlo<\/td>\n<\/tr>\n<tr>\n<td width=\"228\">Re\u017eim<\/td>\n<td width=\"309\">SL-01<\/td>\n<\/tr>\n<tr>\n<td width=\"228\">Materi\u00e1l<\/td>\n<td width=\"309\">Silikon<\/td>\n<\/tr>\n<tr>\n<td width=\"228\">Barva<\/td>\n<td width=\"309\">B\u00edl\u00e1 (nebo p\u0159izp\u016fsoben\u00e1)<\/td>\n<\/tr>\n<tr>\n<td width=\"228\">Velikost<\/td>\n<td width=\"309\">55mm*12mm, tlou\u0161\u0165ka 2,5mm<\/td>\n<\/tr>\n<tr>\n<td width=\"228\">\u010cip<\/td>\n<td width=\"309\">915Mhz NXP U k\u00f3d 9,Alien H3,H9 atd<\/td>\n<\/tr>\n<tr>\n<td width=\"228\">Pracovn\u00ed teplota<\/td>\n<td width=\"309\">\u2013 25\u00baC a\u017e +75\u00baC<\/td>\n<\/tr>\n<tr>\n<td width=\"228\">Myc\u00ed cyklus<\/td>\n<td width=\"309\">200kr\u00e1t<\/td>\n<\/tr>\n<tr>\n<td width=\"228\">Vod\u011bodoln\u00fd<\/td>\n<td width=\"309\">Ano<\/td>\n<\/tr>\n<tr>\n<td width=\"228\">Chemick\u00e1 odolnost<\/td>\n<td width=\"309\">Ano<\/td>\n<\/tr>\n<\/tbody>\n<\/table>\n<p data-spm-anchor-id=\"a2700.details.0.i116.60201a70jOXdOd\">\n<p data-spm-anchor-id=\"a2700.details.0.i116.60201a70jOXdOd\"><strong>Aplikace :<\/strong><\/p>\n<ul>\n<li>Hotelov\u00e9 lo\u017en\u00ed pr\u00e1dlo Spr\u00e1va sledov\u00e1n\u00ed<\/li>\n<li>Tov\u00e1rna\/sklad\/hotel\/nemocnice\/z\u00e1bavn\u00ed park<\/li>\n<li data-spm-anchor-id=\"a2700.details.0.i115.60201a70jOXdOd\"><span data-spm-anchor-id=\"a2700.details.0.i120.60201a70jOXdOd\">Nemocni\u010dn\u00ed uniformy<\/span><\/li>\n<li data-spm-anchor-id=\"a2700.details.0.i118.60201a70jOXdOd\">Povle\u010den\u00ed\/ Palety\/ Pl\u00e1t\u011bn\u00e9 ta\u0161ky<\/li>\n<li>\u010cist\u00edrna<\/li>\n<li>Pou\u017eit\u00ed v hotelov\u00e9m prost\u011bradle\/ P\u0159ipevn\u011bno k textilu\/ Pracovn\u00ed od\u011bv.<\/li>\n<li>Od\u011bvn\u00ed tov\u00e1rna, Fabric factory.<\/li>\n<\/ul>\n<p>&nbsp;<\/p>","protected":false},"excerpt":{"rendered":"<p>RFID silikonov\u00fd \u0161t\u00edtek na pr\u00e1dlo p\u0159edstavuje \u0161pi\u010dkovou technologii pro automatick\u00e9 monitorov\u00e1n\u00ed a \u0159\u00edzen\u00ed z\u00e1sob v pr\u00e1deln\u00e1ch. Tyto \u0161t\u00edtky RFID, tenk\u00e9, flexibiln\u00ed a m\u011bkk\u00e9, jsou navr\u017eeny tak, aby byly odoln\u00e9 v\u016f\u010di chemik\u00e1li\u00edm, teplu a fyzik\u00e1ln\u00edm tlak\u016fm. Jsou vybaveny robustn\u00edmi RFID transpond\u00e9ry a jsou navr\u017eeny tak, aby vydr\u017eely v\u00edce ne\u017e 200 pran\u00ed v bubnu a vyh\u0159\u00edvan\u00fdch cykl\u016f su\u0161en\u00ed, nemluv\u011b o \u010di\u0161t\u011bn\u00ed a \u017eehlen\u00ed. Na\u0161e silikonov\u00e9 \u0161t\u00edtky na pr\u00e1dlo RFID, kter\u00e9 se obvykle pou\u017e\u00edvaj\u00ed p\u0159i sledov\u00e1n\u00ed pr\u00e1dla ve velk\u00e9m m\u011b\u0159\u00edtku, lze bez n\u00e1mahy za\u010dlenit na \u0161irokou \u0161k\u00e1lu textiln\u00edch materi\u00e1l\u016f, jako je pr\u00e1dlo, halenky, ru\u010dn\u00edky a l\u00e9ka\u0159sk\u00e9 od\u011bvy.<\/p>","protected":false},"featured_media":123,"template":"","meta":{"_kad_post_transparent":"default","_kad_post_title":"","_kad_post_layout":"default","_kad_post_sidebar_id":"","_kad_post_content_style":"default","_kad_post_vertical_padding":"default","_kad_post_feature":"","_kad_post_feature_position":"","_kad_post_header":false,"_kad_post_footer":false,"_kad_post_classname":""},"product_brand":[],"product_cat":[20],"product_tag":[62,61],"class_list":{"0":"post-122","1":"product","2":"type-product","3":"status-publish","4":"has-post-thumbnail","6":"product_cat-silicone-rfid-laundry-tag","7":"product_tag-silicone-rfid-laundry-tag","8":"product_tag-silicone-washable-rfid-laundry-tag","10":"first","11":"instock","12":"shipping-taxable","13":"product-type-simple","14":"entry","15":"content-bg","16":"loop-entry"},"_links":{"self":[{"href":"https:\/\/rfid-laundry-tag.com\/cs\/wp-json\/wp\/v2\/product\/122","targetHints":{"allow":["GET"]}}],"collection":[{"href":"https:\/\/rfid-laundry-tag.com\/cs\/wp-json\/wp\/v2\/product"}],"about":[{"href":"https:\/\/rfid-laundry-tag.com\/cs\/wp-json\/wp\/v2\/types\/product"}],"version-history":[{"count":0,"href":"https:\/\/rfid-laundry-tag.com\/cs\/wp-json\/wp\/v2\/product\/122\/revisions"}],"wp:featuredmedia":[{"embeddable":true,"href":"https:\/\/rfid-laundry-tag.com\/cs\/wp-json\/wp\/v2\/media\/123"}],"wp:attachment":[{"href":"https:\/\/rfid-laundry-tag.com\/cs\/wp-json\/wp\/v2\/media?parent=122"}],"wp:term":[{"taxonomy":"product_brand","embeddable":true,"href":"https:\/\/rfid-laundry-tag.com\/cs\/wp-json\/wp\/v2\/product_brand?post=122"},{"taxonomy":"product_cat","embeddable":true,"href":"https:\/\/rfid-laundry-tag.com\/cs\/wp-json\/wp\/v2\/product_cat?post=122"},{"taxonomy":"product_tag","embeddable":true,"href":"https:\/\/rfid-laundry-tag.com\/cs\/wp-json\/wp\/v2\/product_tag?post=122"}],"curies":[{"name":"wp","href":"https:\/\/api.w.org\/{rel}","templated":true}]}}