{"id":115,"date":"2024-06-12T04:52:26","date_gmt":"2024-06-12T04:52:26","guid":{"rendered":"https:\/\/rfid-laundry-tag.com\/?post_type=product&#038;p=115"},"modified":"2024-08-14T16:51:27","modified_gmt":"2024-08-14T16:51:27","slug":"rfid-laundry-tag-pps-t5577","status":"publish","type":"product","link":"https:\/\/rfid-laundry-tag.com\/cs\/rfid-laundry-tag-pps-t5577\/","title":{"rendered":"RFID Laundry Tag-PPS -T5577"},"content":{"rendered":"<div class=\"J_module\">\n<div class=\"ife-detail-decorate-table\">\n<table style=\"border-collapse: collapse; width: 451.23pt;\" border=\"0\" width=\"752\" cellspacing=\"0\" cellpadding=\"0\">\n<tbody>\n<tr style=\"height: 28.00pt;\">\n<td class=\"et2\" style=\"height: 28.00pt; width: 138.60pt;\" width=\"231\" height=\"46\">N\u00e1zev polo\u017eky<\/td>\n<td class=\"et3\" style=\"width: 312.60pt;\" width=\"521\">RFID Laundry Tag-PPS -T5577<\/td>\n<\/tr>\n<tr style=\"height: 14.40pt;\">\n<td class=\"et3\" style=\"height: 14.40pt; width: 138.60pt;\" width=\"231\" height=\"24\">Materi\u00e1l<\/td>\n<td class=\"et3\" style=\"width: 312.60pt;\" width=\"521\">PPS<\/td>\n<\/tr>\n<tr style=\"height: 14.40pt;\">\n<td class=\"et3\" style=\"height: 14.40pt; width: 138.60pt;\" width=\"231\" height=\"24\">Barva<\/td>\n<td class=\"et3\" style=\"width: 312.60pt;\" width=\"521\">\u010cern\u00e1<\/td>\n<\/tr>\n<tr style=\"height: 14.40pt;\">\n<td class=\"et3\" style=\"height: 14.40pt; width: 138.60pt;\" width=\"231\" height=\"24\">MOQ<\/td>\n<td class=\"et3\" style=\"width: 312.60pt;\" width=\"521\">500 ks<\/td>\n<\/tr>\n<tr style=\"height: 42.00pt;\">\n<td class=\"et3\" style=\"height: 42.00pt; width: 138.60pt;\" width=\"231\" height=\"70\">V\u00fdrobce\/\u010dip<\/td>\n<td class=\"et3\" style=\"width: 312.60pt;\" width=\"521\">EM4200, TK4100, EM4305, T5577 atd<\/td>\n<\/tr>\n<tr style=\"height: 14.40pt;\">\n<td class=\"et3\" style=\"height: 14.40pt; width: 138.60pt;\" width=\"231\" height=\"24\">Frekvence<\/td>\n<td class=\"et3\" style=\"width: 312.60pt;\" width=\"521\">125 khz<\/td>\n<\/tr>\n<tr style=\"height: 70.00pt;\">\n<td class=\"et3\" style=\"height: 70.00pt; width: 138.60pt;\" width=\"231\" height=\"116\">Velikost<\/td>\n<td class=\"et3\" style=\"width: 312.60pt;\" width=\"521\">Pr\u016fm\u011br 14 mm, Pr\u016fm\u011br 15 mm, Pr\u016fm\u011br 18 mm, Pr\u016fm\u011br 20 mm,<\/p>\n<p>Pr\u016fm\u011br 22 mm, pr\u016fm\u011br 24 mm, pr\u016fm\u011br 30 mm atd<\/td>\n<\/tr>\n<tr style=\"height: 14.40pt;\">\n<td class=\"et3\" style=\"height: 14.40pt; width: 138.60pt;\" width=\"231\" height=\"24\">P\u0159e\u010dt\u011bte si Vzd\u00e1lenost<\/td>\n<td class=\"et3\" style=\"width: 312.60pt;\" width=\"521\">1~5 cm<\/td>\n<\/tr>\n<tr style=\"height: 14.40pt;\">\n<td class=\"et3\" style=\"height: 14.40pt; width: 138.60pt;\" width=\"231\" height=\"24\">Pracovn\u00ed re\u017eim<\/td>\n<td class=\"et3\" style=\"width: 312.60pt;\" width=\"521\">pasivn\u00ed<\/td>\n<\/tr>\n<tr style=\"height: 14.40pt;\">\n<td class=\"et3\" style=\"height: 14.40pt; width: 138.60pt;\" width=\"231\" height=\"24\">Pracovn\u00ed teplota<\/td>\n<td class=\"et3\" style=\"width: 312.60pt;\" width=\"521\">-25<span class=\"font0\">\u2103<\/span><span class=\"font2\">~+110<\/span><span class=\"font0\">\u2103<\/span><\/td>\n<\/tr>\n<tr style=\"height: 14.40pt;\">\n<td class=\"et3\" style=\"height: 14.40pt; width: 138.60pt;\" width=\"231\" height=\"24\">Skladovac\u00ed teplota<\/td>\n<td class=\"et3\" style=\"width: 312.60pt;\" width=\"521\">-40<span class=\"font0\">\u2103<\/span><span class=\"font2\">~+85<\/span><span class=\"font0\">\u2103<\/span><\/td>\n<\/tr>\n<tr style=\"height: 73.00pt;\">\n<td class=\"et4\" style=\"height: 73.00pt;\" height=\"121\">Provozn\u00ed specifikace<\/td>\n<td class=\"et3\" style=\"width: 312.60pt;\" width=\"521\">Vod\u011bodoln\u00fd; odoln\u00fd proti pono\u0159en\u00ed do slan\u00e9 vody, alkoholu, oleje, 10%HCL; Amoniak; ot\u0159esy a vibrace<\/td>\n<\/tr>\n<tr style=\"height: 14.40pt;\">\n<td class=\"et3\" style=\"height: 14.40pt; width: 138.60pt;\" width=\"231\" height=\"24\">Funkce<\/td>\n<td class=\"et3\" style=\"width: 312.60pt;\" width=\"521\">vod\u011bodoln\u00fd, omyvateln\u00fd, odoln\u00fd v\u016f\u010di vysok\u00fdm teplot\u00e1m<\/td>\n<\/tr>\n<tr style=\"height: 14.40pt;\">\n<td class=\"et3\" style=\"height: 14.40pt; width: 138.60pt;\" width=\"231\" height=\"24\">Aplikace<\/td>\n<td class=\"et3\" style=\"width: 312.60pt;\" width=\"521\">spr\u00e1va a sledov\u00e1n\u00ed pr\u00e1dla<\/td>\n<\/tr>\n<\/tbody>\n<\/table>\n<\/div>\n<p>&nbsp;<\/p>\n<p><strong>IC ATA5577<\/strong> je bezkontaktn\u00ed integrovan\u00fd identifika\u010dn\u00ed \u010dip pro \u010dten\u00ed\/z\u00e1pis (IDIC\u00ae<br \/>\n) pro aplikace v p\u00e1smu 125 kHz nebo 134<br \/>\nkHz frekven\u010dn\u00ed p\u00e1smo. Jedin\u00e1 c\u00edvka p\u0159ipojen\u00e1 k \u010dipu slou\u017e\u00ed jako nap\u00e1jen\u00ed IC a obousm\u011brn\u00e1<br \/>\nkomunika\u010dn\u00ed rozhran\u00ed. Ant\u00e9na a \u010dip spole\u010dn\u011b tvo\u0159\u00ed transpond\u00e9r nebo tag. 363bitov\u00e1 EEPROM na \u010dipu<br \/>\n(11 blok\u016f po 33 bitech) se \u010dte a zapisuje po bloc\u00edch ze z\u00e1kladnov\u00e9 stanice (\u010dte\u010dky). Data jsou p\u0159en\u00e1\u0161ena z<br \/>\nIDIC (uplink) pomoc\u00ed modulace z\u00e1t\u011b\u017ee. Toho je dosa\u017eeno tlumen\u00edm RF pole s odporovou z\u00e1t\u011b\u017e\u00ed mezi t\u011bmito dv\u011bma<br \/>\nsvorky, \u201eCoil 1 and Coil 2\u201c. IC p\u0159ij\u00edm\u00e1 a dek\u00f3duje p\u0159\u00edkazy s\u00e9riov\u00e9 z\u00e1kladnov\u00e9 stanice (downlink), kter\u00e9 jsou<br \/>\nk\u00f3dov\u00e1no jako 100% amplitudov\u011b modulovan\u00e9 bitov\u00e9 toky On-Off Keying (OOK) Pulse Interval Encoded (PIE).<\/p>\n<p><strong>Vlastnosti IC ATA5577<\/strong><br \/>\nToto jsou n\u00e1sleduj\u00edc\u00ed vlastnosti \u010dten\u00ed\/z\u00e1pisu LF RFID IDIC 100 kHz a\u017e 150 kHz:<br \/>\n\u2022 Bezkontaktn\u00ed nap\u00e1jen\u00ed<br \/>\n\u2022 Bezkontaktn\u00ed p\u0159enos dat pro \u010dten\u00ed\/z\u00e1pis<br \/>\n\u2022 R\u00e1diov\u00e1 frekvence fRF od 100 kHz do 150 kHz<br \/>\n\u2022 Z\u00e1kladn\u00ed re\u017eim nebo Roz\u0161\u00ed\u0159en\u00fd re\u017eim<br \/>\n\u2022 Kompatibiln\u00ed s T5557, ATA5567<br \/>\n\u2022 N\u00e1hrada za e5551\/T5551 v nejb\u011b\u017en\u011bj\u0161\u00edch provozn\u00edch re\u017eimech<br \/>\n\u2022 Konfigurovateln\u00e9 pro kompatibilitu ISO\/IEC 11784\/785<br \/>\n\u2022 Celkov\u00e1 pam\u011b\u0165 EEPROM 363 bit\u016f: 11 blok\u016f (32 bit\u016f + 1 zamykac\u00ed bit):<br \/>\n\u2013 7 \u00d7 32 bit\u016f u\u017eivatelsk\u00e9 pam\u011bti EEPROM, v\u010detn\u011b 32 bitov\u00e9 pam\u011bti pro hesla<br \/>\n\u2013 2 \u00d7 32 bit\u016f pro jedine\u010dn\u00e9 ID<br \/>\n\u2013 1 \u00d7 32bitov\u00fd registr mo\u017enost\u00ed v EEPROM pro nastaven\u00ed analogov\u00e9ho frontendu:<br \/>\n\u2022 \u00darove\u0148 detekce hodin a mezer<br \/>\n\u2022 Vylep\u0161en\u00e9 \u010dasov\u00e1n\u00ed pro stahov\u00e1n\u00ed<br \/>\n\u2022 Svorkov\u00e9 a modula\u010dn\u00ed nap\u011bt\u00ed<br \/>\n\u2022 P\u0159ep\u00edn\u00e1n\u00ed m\u011bkk\u00e9 modulace<br \/>\n\u2022 Tlumen\u00ed z\u00e1pisu jako T5557\/ATA5567 nebo s odporem<br \/>\n\u2022 Downlink protokol<br \/>\n\u2013 1 \u00d7 32bitov\u00fd konfigura\u010dn\u00ed registr v EEPROM pro nastaven\u00ed:<br \/>\n\u2022 Rychlost p\u0159enosu dat<br \/>\n\u2013 RF\/2 a\u017e RF\/128, bin\u00e1rn\u011b voliteln\u00e9 pop\u0159<br \/>\n\u2013 Pevn\u00e9 sazby z\u00e1kladn\u00edho re\u017eimu<br \/>\n\u2022 Modulace\/k\u00f3dov\u00e1n\u00ed<br \/>\n\u2013 Dvouf\u00e1zov\u00e9, Manchester, kl\u00ed\u010dov\u00e1n\u00ed s frekven\u010dn\u00edm posunem (FSK), kl\u00ed\u010dov\u00e1n\u00ed s f\u00e1zov\u00fdm posunem (PSK), bez n\u00e1vratu na nulu (NRZ)<br \/>\n\u2022 Jin\u00e9 mo\u017enosti:<br \/>\n\u2013 Re\u017eim hesla<br \/>\n\u2013 Funkce maxim\u00e1ln\u00edho blokov\u00e1n\u00ed<br \/>\n\u2013 Re\u017eim p\u0159\u00edm\u00e9ho p\u0159\u00edstupu<br \/>\n\u2013 sekven\u010dn\u00ed termin\u00e1tor(y)<\/p>\n<\/div>\n<div class=\"J_module\">\n<div class=\"detail-decorate-json-renderer-container\">\n<div class=\"magic-1\">\n<div>\n<div><\/div>\n<\/div>\n<div class=\"magic-2\">\n<div>\n<div class=\"auto-hide-last-sibling-br paragraph_1252f paragraph-element\">\n<div class=\"auto-hide-last-sibling-br paragraph_1252f paragraph-element\"><strong>125kHz PPS RFID Laundry Tags<\/strong> p\u0159in\u00e1\u0161ej\u00ed \u010detn\u00e9 v\u00fdhody p\u0159i integraci do \u0159e\u0161en\u00ed \u0161t\u00edtk\u016f na pr\u00e1dlo RFID.<\/div>\n<div class=\"auto-hide-last-sibling-br paragraph_1252f paragraph-element\">Mezi tyto v\u00fdhody pat\u0159\u00ed:<\/div>\n<ol class=\"auto-hide-last-sibling-br\">\n<li>P\u0159\u00edm\u00e9 v\u00fdrobn\u00ed ceny zaji\u0161\u0165uj\u00ed n\u00e1kladov\u011b efektivn\u00ed \u0159e\u0161en\u00ed.<\/li>\n<li>Zaru\u010den\u00e1 kvalita s testov\u00e1n\u00edm 100% proveden\u00fdm p\u0159ed odesl\u00e1n\u00edm.<\/li>\n<li>Dlouhotrvaj\u00edc\u00ed spolehlivost, certifikovan\u00e1 pro v\u00edce ne\u017e 200 myc\u00edch cykl\u016f nebo se m\u016f\u017ee pochlubit 2letou z\u00e1rukou \u017eivotnosti po odesl\u00e1n\u00ed.<\/li>\n<li>V\u00fdjime\u010dn\u00e1 \u017eivotnost s odolnost\u00ed v\u016f\u010di vod\u011b, teplu, tlaku a chemick\u00e9mu p\u016fsoben\u00ed.<\/li>\n<li>Poskytujeme tak\u00e9 bezplatn\u00fd vzorek pro zaji\u0161t\u011bn\u00ed kvality a testov\u00e1n\u00ed.<\/li>\n<\/ol>\n<div class=\"auto-hide-last-sibling-br paragraph_1252f paragraph-element\"><strong>RFID Laundry Tag-PPS -T5577 Aplikace:<\/strong><\/div>\n<ol class=\"auto-hide-last-sibling-br\">\n<li>\n<div class=\"auto-hide-last-sibling-br paragraph_1252f paragraph-element\">Pr\u016fmyslov\u00e9 pr\u00e1delny: V pr\u016fmyslov\u00e9 ar\u00e9n\u011b je d\u00edky pou\u017eit\u00ed tla\u010d\u00edtek RFID Laundry Tag snadn\u00e9 sledov\u00e1n\u00ed velk\u00e9ho mno\u017estv\u00ed pr\u00e1dla.<\/div>\n<\/li>\n<li>\n<div class=\"auto-hide-last-sibling-br paragraph_1252f paragraph-element\">Nemocnice a hotely: Tyto instituce se \u010dasto zab\u00fdvaj\u00ed pran\u00edm velk\u00fdch objem\u016f, kde se tyto \u0161t\u00edtky uk\u00e1zaly jako z\u00e1sadn\u00ed pro zv\u00fd\u0161en\u00ed efektivity a zefektivn\u011bn\u00ed \u0159\u00edzen\u00ed z\u00e1sob.<\/div>\n<\/li>\n<li>\n<div class=\"auto-hide-last-sibling-br paragraph_1252f paragraph-element\">P\u016fj\u010dovny pr\u00e1dla: Firmy, kter\u00e9 nab\u00edzej\u00ed slu\u017eby pron\u00e1jmu pr\u00e1dla, pou\u017e\u00edvaj\u00ed tyto \u0161t\u00edtky, aby pomohly zjednodu\u0161it spr\u00e1vu z\u00e1sob a zajistit kontrolu kvality.<\/div>\n<\/li>\n<\/ol>\n<\/div>\n<\/div>\n<\/div>\n<\/div>\n<\/div>\n<\/div>","protected":false},"excerpt":{"rendered":"<div class=\"auto-hide-last-sibling-br paragraph_1252f paragraph-element\">T5577 PPS RFID \u0161t\u00edtky na pr\u00e1dlo, vyroben\u00e9 z odoln\u00e9ho materi\u00e1lu PPS, jsou navr\u017eeny tak, aby vydr\u017eely pono\u0159en\u00ed do vody, vystaven\u00ed teplu, tlaku a chemik\u00e1li\u00edm, d\u00edky \u010demu\u017e jsou ide\u00e1ln\u00ed pro n\u00e1ro\u010dn\u00e1 prost\u0159ed\u00ed.<\/div>","protected":false},"featured_media":116,"template":"","meta":{"_kad_post_transparent":"default","_kad_post_title":"","_kad_post_layout":"default","_kad_post_sidebar_id":"","_kad_post_content_style":"default","_kad_post_vertical_padding":"default","_kad_post_feature":"","_kad_post_feature_position":"","_kad_post_header":false,"_kad_post_footer":false,"_kad_post_classname":""},"product_brand":[],"product_cat":[21,18],"product_tag":[52,49,58],"class_list":{"0":"post-115","1":"product","2":"type-product","3":"status-publish","4":"has-post-thumbnail","6":"product_cat-pps-rfid-laundry-tag","7":"product_cat-125khz-rfid-laundry-tag","8":"product_tag-125khz-pps-rfid-laundry-tag","9":"product_tag-button-rfid-tag","10":"product_tag-rfid-laundry-tag-pps-t5577","12":"first","13":"instock","14":"shipping-taxable","15":"product-type-simple","16":"entry","17":"content-bg","18":"loop-entry"},"_links":{"self":[{"href":"https:\/\/rfid-laundry-tag.com\/cs\/wp-json\/wp\/v2\/product\/115","targetHints":{"allow":["GET"]}}],"collection":[{"href":"https:\/\/rfid-laundry-tag.com\/cs\/wp-json\/wp\/v2\/product"}],"about":[{"href":"https:\/\/rfid-laundry-tag.com\/cs\/wp-json\/wp\/v2\/types\/product"}],"version-history":[{"count":1,"href":"https:\/\/rfid-laundry-tag.com\/cs\/wp-json\/wp\/v2\/product\/115\/revisions"}],"predecessor-version":[{"id":1340,"href":"https:\/\/rfid-laundry-tag.com\/cs\/wp-json\/wp\/v2\/product\/115\/revisions\/1340"}],"wp:featuredmedia":[{"embeddable":true,"href":"https:\/\/rfid-laundry-tag.com\/cs\/wp-json\/wp\/v2\/media\/116"}],"wp:attachment":[{"href":"https:\/\/rfid-laundry-tag.com\/cs\/wp-json\/wp\/v2\/media?parent=115"}],"wp:term":[{"taxonomy":"product_brand","embeddable":true,"href":"https:\/\/rfid-laundry-tag.com\/cs\/wp-json\/wp\/v2\/product_brand?post=115"},{"taxonomy":"product_cat","embeddable":true,"href":"https:\/\/rfid-laundry-tag.com\/cs\/wp-json\/wp\/v2\/product_cat?post=115"},{"taxonomy":"product_tag","embeddable":true,"href":"https:\/\/rfid-laundry-tag.com\/cs\/wp-json\/wp\/v2\/product_tag?post=115"}],"curies":[{"name":"wp","href":"https:\/\/api.w.org\/{rel}","templated":true}]}}