{"id":109,"date":"2024-06-12T04:24:09","date_gmt":"2024-06-12T04:24:09","guid":{"rendered":"https:\/\/rfid-laundry-tag.com\/?post_type=product&#038;p=109"},"modified":"2024-06-12T04:31:34","modified_gmt":"2024-06-12T04:31:34","slug":"nfc-laundry-tag-pps-icode-slix","status":"publish","type":"product","link":"https:\/\/rfid-laundry-tag.com\/cs\/nfc-laundry-tag-pps-icode-slix\/","title":{"rendered":"NFC Laundry tag \u2013 PPS- ICODE SLIX"},"content":{"rendered":"<div class=\"J_module\">\n<div class=\"ife-detail-decorate-table\">\n<table class=\"has-title all magic-6\">\n<tbody>\n<tr>\n<td colspan=\"1\" rowspan=\"1\">\n<div class=\"magic-7\" data-spm-anchor-id=\"a2700.details.0.i45.77607d98vZbcDU\"><span class=\"magic-8\" style=\"color: #363535;\">N\u00e1zev polo\u017eky<\/span><\/div>\n<\/td>\n<td colspan=\"1\" rowspan=\"1\">\n<div class=\"magic-9\">NFC Laundry tag \u2013 PPS- ICODE SLIX<\/div>\n<\/td>\n<\/tr>\n<tr>\n<td colspan=\"1\" rowspan=\"1\">\n<div class=\"magic-7\"><span class=\"magic-10\" data-spm-anchor-id=\"a2700.pc-decorate.0.i10.28d333330XLbTD\"><span class=\"magic-8\">Materi\u00e1l<\/span><\/span><\/div>\n<\/td>\n<td colspan=\"1\" rowspan=\"1\">\n<div class=\"magic-9\"><span class=\"magic-8\">PPS<\/span><\/div>\n<\/td>\n<\/tr>\n<tr>\n<td colspan=\"1\" rowspan=\"1\">\n<div class=\"magic-7\"><span class=\"magic-8\">Barva<\/span><\/div>\n<\/td>\n<td colspan=\"1\" rowspan=\"1\">\n<div class=\"magic-9\"><span class=\"magic-8\">\u010cern\u00e1 atd<\/span><\/div>\n<\/td>\n<\/tr>\n<tr>\n<td colspan=\"1\" rowspan=\"1\">MOQ<\/td>\n<td colspan=\"1\" rowspan=\"1\">500 ks<\/td>\n<\/tr>\n<tr>\n<td colspan=\"1\" rowspan=\"1\">\n<div class=\"magic-7\"><span class=\"magic-8\">V\u00fdrobce\/\u010dip<\/span><\/div>\n<\/td>\n<td colspan=\"1\" rowspan=\"1\">\n<div class=\"magic-9\"><span class=\"magic-8\">NXP I Code Slix ; dal\u0161\u00ed mo\u017enosti: Ntag213,Ntag215,Ntag216,Mifare Ultralight ev1 atd.<\/span><\/div>\n<\/td>\n<\/tr>\n<tr>\n<td colspan=\"1\" rowspan=\"1\">\n<div class=\"magic-7\"><span class=\"magic-8\">Frekvence<\/span><\/div>\n<\/td>\n<td colspan=\"1\" rowspan=\"1\">\n<div class=\"magic-9\"><span class=\"magic-8\">13,56 MHz<\/span><\/div>\n<\/td>\n<\/tr>\n<tr>\n<td colspan=\"1\" rowspan=\"1\">\n<div class=\"magic-7\"><span class=\"magic-8\">Pam\u011b\u0165<\/span><\/div>\n<\/td>\n<td colspan=\"1\" rowspan=\"1\">\n<div class=\"magic-9\"><span class=\"magic-8\">1k Byte; Pam\u011b\u0165 jin\u00e9ho \u010dipu: 144 bajt\u016f, 504 bajt\u016f, 888 bajt\u016f, 64 bajt\u016f atd.<\/span><\/div>\n<\/td>\n<\/tr>\n<tr>\n<td colspan=\"1\" rowspan=\"1\">\n<div class=\"magic-7\"><span class=\"magic-8\">P\u0159e\u010dt\u011bte si Vzd\u00e1lenost<\/span><\/div>\n<\/td>\n<td colspan=\"1\" rowspan=\"1\">\n<div class=\"magic-9\"><span class=\"magic-8\">1~5 cm<\/span><\/div>\n<\/td>\n<\/tr>\n<tr>\n<td colspan=\"1\" rowspan=\"1\">\n<div class=\"magic-7\"><span class=\"magic-8\">Pracovn\u00ed re\u017eim<\/span><\/div>\n<\/td>\n<td colspan=\"1\" rowspan=\"1\">\n<div class=\"magic-9\"><span class=\"magic-8\">pasivn\u00ed<\/span><\/div>\n<\/td>\n<\/tr>\n<tr>\n<td colspan=\"1\" rowspan=\"1\">\n<div class=\"magic-7\"><span class=\"magic-8\">Pracovn\u00ed teplota<\/span><\/div>\n<\/td>\n<td colspan=\"1\" rowspan=\"1\">\n<div class=\"magic-9\"><span class=\"magic-8\">-25\u2103~+110\u2103<\/span><\/div>\n<\/td>\n<\/tr>\n<tr>\n<td colspan=\"1\" rowspan=\"1\">\n<div class=\"magic-7\"><span class=\"magic-8\">Skladovac\u00ed teplota<\/span><\/div>\n<\/td>\n<td colspan=\"1\" rowspan=\"1\">\n<div class=\"magic-9\"><span class=\"magic-8\">-40 \u2103 ~ + 85 \u2103<\/span><\/div>\n<\/td>\n<\/tr>\n<tr>\n<td colspan=\"1\" rowspan=\"1\">\n<div class=\"magic-7\">\n<div><span class=\"magic-8\">\u00a0<\/span><\/div>\n<p><span class=\"magic-8\">Kr\u00e1tkodob\u00e1 teplotn\u00ed odolnost<\/span><\/p>\n<\/div>\n<\/td>\n<td colspan=\"1\" rowspan=\"1\">\n<div class=\"magic-9\"><span class=\"magic-8\">pran\u00ed: 90\u2103, 15 minut; p\u0159edsu\u0161en\u00ed konvertoru: 180\u2103, 30 minut, 200kr\u00e1t; \u017eehlen\u00ed: 180\u2103, 10 sekund, 200kr\u00e1t; vysok\u00fd<br \/>\nteplotn\u00ed sterilizace: 135\u2103, 20 minut<\/span><\/div>\n<\/td>\n<\/tr>\n<tr>\n<td colspan=\"1\" rowspan=\"1\">\n<div class=\"magic-7\"><span class=\"magic-8\">Funkce<\/span><\/div>\n<\/td>\n<td colspan=\"1\" rowspan=\"1\">\n<div class=\"magic-9\"><span class=\"magic-8\">vod\u011bodoln\u00fd, omyvateln\u00fd, odoln\u00fd v\u016f\u010di vysok\u00fdm teplot\u00e1m<\/span><\/div>\n<\/td>\n<\/tr>\n<tr>\n<td colspan=\"1\" rowspan=\"1\">\n<div class=\"magic-7\"><span class=\"magic-8\">\u017divot<\/span><\/div>\n<\/td>\n<td colspan=\"1\" rowspan=\"1\">\n<div class=\"magic-9\"><span class=\"magic-8\">pran\u00ed 200kr\u00e1t nebo 3 roky<\/span><\/div>\n<\/td>\n<\/tr>\n<tr>\n<td colspan=\"1\" rowspan=\"1\">\n<div class=\"magic-7\"><span class=\"magic-8\">Aplikace<\/span><\/div>\n<\/td>\n<td colspan=\"1\" rowspan=\"1\">\n<div class=\"magic-9\"><span class=\"magic-8\">spr\u00e1va a sledov\u00e1n\u00ed pr\u00e1dla<\/span><\/div>\n<\/td>\n<\/tr>\n<\/tbody>\n<\/table>\n<\/div>\n<\/div>\n<div class=\"J_module\">\n<div class=\"detail-decorate-json-renderer-container\">\n<div class=\"magic-1\">\n<div>\n<div><\/div>\n<\/div>\n<div class=\"magic-2\">\n<div class=\"auto-hide-last-sibling-br paragraph_1252f paragraph-element\">\n<div class=\"auto-hide-last-sibling-br paragraph_1252f paragraph-element\"><b>\u0160t\u00edtek NFC Laundry \u2013 instalace PPS-I Code Slix:<\/b><br \/>\nJakmile se spole\u010dnost rozhodne, \u017ee an <b>Pr\u00e1delna NFC<\/b> sledovac\u00ed syst\u00e9m jim m\u016f\u017ee prosp\u011bt, dal\u0161\u00edm krokem je rozhodnout se pro <b>Zna\u010dka NFC Laundry<\/b>.<br \/>\nThe <b>Zna\u010dka NFC Laundry<\/b> lze tak\u00e9 p\u0159i\u0161\u00edt k va\u0161emu od\u011bvu, v takov\u00e9m p\u0159\u00edpad\u011b jsou funkce NFC nebo UHF dostupn\u00e9, a\u0165 jste kdekoli.<\/div>\n<div class=\"auto-hide-last-sibling-br paragraph_1252f paragraph-element\">\n<p>&nbsp;<\/p>\n<p><b>Aplikace pro NFC Laundry tag \u2013 PPS-I Code Slix:<\/b><br \/>\n- Pr\u016fmyslov\u00e9 myt\u00ed.<br \/>\n\u2013 Spr\u00e1va uniforem.<br \/>\n\u2013 Spr\u00e1va zdravotnick\u00e9ho oble\u010den\u00ed.<br \/>\n\u2013 Spr\u00e1va od\u011bv\u016f OOPP.<br \/>\n\u2013 \u0158\u00edzen\u00ed person\u00e1ln\u00edch hl\u00eddek.<br \/>\n\u2013 Spr\u00e1va hasi\u010dsk\u00e9 techniky.<br \/>\n\u2013 Spr\u00e1va ly\u017ea\u0159sk\u00e9ho vybaven\u00ed.<\/p>\n<\/div>\n<div><\/div>\n<\/div>\n<\/div>\n<div>\n<p>The <strong>ICODE SLIX IC<\/strong> je vyhrazen\u00fd \u010dip pro inteligentn\u00ed aplikace \u0161t\u00edtk\u016f, jako jsou knihovny, autentizace produkt\u016f v r\u016fzn\u00fdch pr\u016fmyslov\u00fdch odv\u011btv\u00edch, jako je farmaceutick\u00fd pr\u016fmysl, l\u00e9ka\u0159sk\u00e1 za\u0159\u00edzen\u00ed a alkohol, stejn\u011b jako \u0159\u00edzen\u00ed v\u00fdroby v r\u016fzn\u00fdch oblastech pr\u016fmyslu. Tento integrovan\u00fd obvod je t\u0159et\u00ed generac\u00ed produktov\u00e9 \u0159ady inteligentn\u00edch \u0161t\u00edtkov\u00fdch integrovan\u00fdch obvod\u016f zalo\u017een\u00fdch na norm\u00e1ch ISO ISO\/IEC 15693 a ISO\/IEC 18000-3, co\u017e prodlu\u017euje \u00fasp\u011b\u0161n\u00fd p\u0159\u00edb\u011bh NXP.<sup>\u00ae<\/sup>\u00a0v oblasti syst\u00e9m\u016f identifikace bl\u00edzkosti.<\/p>\n<h3>Bezkontaktn\u00ed p\u0159enos energie a dat<\/h3>\n<p>Kdykoli je ICODE SLIX IC p\u0159ipojen k velmi jednoduch\u00e9mu a snadno vyrobiteln\u00e9mu typu ant\u00e9ny (v d\u016fsledku nosn\u00e9 frekvence 13,56 MHz) vyroben\u00e9 z n\u011bkolika vinut\u00ed poti\u0161t\u011bn\u00fdch, navinut\u00fdch, leptan\u00fdch nebo d\u011brovan\u00fdch c\u00edvek, lze zorn\u00e9 pole do vzd\u00e1lenosti 1,5 m (\u0161\u00ed\u0159ka br\u00e1ny). Nen\u00ed pot\u0159eba \u017e\u00e1dn\u00e1 baterie. Kdy\u017e je inteligentn\u00ed \u0161t\u00edtek um\u00edst\u011bn v poli dotazovac\u00ed ant\u00e9ny, vysokorychlostn\u00ed RF komunika\u010dn\u00ed rozhran\u00ed umo\u017e\u0148uje p\u0159enos dat rychlost\u00ed a\u017e 53 kbit\/s.<\/p>\n<h3>Antikolizn\u00ed<\/h3>\n<p>Inteligentn\u00ed antikolizn\u00ed funkce umo\u017e\u0148uje, aby v ter\u00e9nu fungovalo n\u011bkolik tag\u016f sou\u010dasn\u011b. Antikolizn\u00ed algoritmus vybere ka\u017ed\u00fd tag jednotliv\u011b a zajist\u00ed, \u017ee proveden\u00ed transakce s vybran\u00fdm tagem prob\u011bhne spr\u00e1vn\u011b bez po\u0161kozen\u00ed dat v d\u016fsledku jin\u00fdch tag\u016f v poli.<\/p>\n<h3>Funkce<\/h3>\n<div id=\"featuresXsp\" class=\"features-list\">\n<div class=\"features-xsp\">\n<div class=\"collapse-mobile ste-list\">\n<h3>RF rozhran\u00ed ICODE SLIX (ISO\/IEC 15693)<\/h3>\n<ul class=\"boxes\">\n<li>Bezkontaktn\u00ed p\u0159enos dat a nap\u00e1jen\u00ed (nen\u00ed pot\u0159eba baterie)<\/li>\n<li>Provozn\u00ed vzd\u00e1lenost: a\u017e 1,5 m (v z\u00e1vislosti na geometrii ant\u00e9ny)<\/li>\n<li>Provozn\u00ed frekvence: 13,56 MHz (ISM, celosv\u011btov\u00e1 licence voln\u011b dostupn\u00e1)<\/li>\n<li>Rychl\u00fd p\u0159enos dat: a\u017e 53 kbit\/s<\/li>\n<li>Vysok\u00e1 integrita dat: 16bitov\u00fd CRC, r\u00e1mov\u00e1n\u00ed<\/li>\n<li>Opravdov\u00e1 antisr\u00e1\u017eka<\/li>\n<li>Elektronick\u00fd dohled nad \u010dl\u00e1nky (EAS) chr\u00e1n\u011bn\u00fd heslem<\/li>\n<li>Heslem chr\u00e1n\u011bn\u00fd identifik\u00e1tor aplika\u010dn\u00ed rodiny (AFI)<\/li>\n<li>Identifik\u00e1tor form\u00e1tu datov\u00e9ho \u00falo\u017ei\u0161t\u011b (DSFID)<\/li>\n<li>Dodate\u010dn\u00e9 rychl\u00e9 antikolizn\u00ed \u010dten\u00ed<\/li>\n<li>Vzd\u00e1lenost z\u00e1pisu se rovn\u00e1 vzd\u00e1lenosti \u010dten\u00ed<\/li>\n<\/ul>\n<\/div>\n<div class=\"collapse-mobile ste-list\">\n<h3>EEPROM<\/h3>\n<ul class=\"boxes\">\n<li>1024 bit\u016f, organizovan\u00fdch ve 32 bloc\u00edch po 4 bytech<\/li>\n<li>50 let uchov\u00e1v\u00e1n\u00ed dat<\/li>\n<li>Zapi\u0161te v\u00fddr\u017e 100 000 cykl\u016f<\/li>\n<\/ul>\n<\/div>\n<div class=\"collapse-mobile ste-list\">\n<h3>Bezpe\u010dnostn\u00ed<\/h3>\n<ul class=\"boxes\">\n<li>Jedine\u010dn\u00fd identifik\u00e1tor pro ka\u017ed\u00e9 za\u0159\u00edzen\u00ed<\/li>\n<li>Mechanismus z\u00e1mku pro ka\u017ed\u00fd blok u\u017eivatelsk\u00e9 pam\u011bti (ochrana proti z\u00e1pisu)<\/li>\n<li>Zamykac\u00ed mechanismus pro DSFID, AFI, EAS<\/li>\n<li>Funkce EAS a AFI chr\u00e1n\u011bn\u00e9 heslem (32 bit\u016f).<\/li>\n<\/ul>\n<\/div>\n<\/div>\n<\/div>\n<\/div>\n<div class=\"magic-2\">\n<div class=\"auto-hide-last-sibling-br paragraph_1252f paragraph-element\">\n<p>&nbsp;<\/p>\n<div class=\"auto-hide-last-sibling-br paragraph_1252f paragraph-element\"><\/div>\n<div class=\"auto-hide-last-sibling-br paragraph_1252f paragraph-element\"><\/div>\n<\/div>\n<\/div>\n<\/div>\n<\/div>\n<\/div>","protected":false},"excerpt":{"rendered":"<p>ICODE SLIX NFC Laundry Tags, navr\u017een\u00e9 s antikolizn\u00edmi a EAS funkcemi, se v\u00fdborn\u011b hod\u00ed pro pr\u00e1delny. Tyto NFC Laundry Tags jsou navr\u017eeny tak, aby odol\u00e1valy teplu, tlaku a chemick\u00e9mu p\u016fsoben\u00ed, se kter\u00fdm se b\u011b\u017en\u011b setk\u00e1v\u00e1me v pr\u00e1deln\u00e1ch a p\u016fj\u010dovn\u00e1ch textilu. Vzhledem k t\u011bmto vlastnostem slou\u017e\u00ed jako kone\u010dn\u00e9 \u0159e\u0161en\u00ed pro bezprobl\u00e9mov\u00e9, bezkontaktn\u00ed sledov\u00e1n\u00ed od\u011bv\u016f v t\u011bchto odv\u011btv\u00edch.<\/p>","protected":false},"featured_media":110,"template":"","meta":{"_kad_post_transparent":"default","_kad_post_title":"","_kad_post_layout":"default","_kad_post_sidebar_id":"","_kad_post_content_style":"default","_kad_post_vertical_padding":"default","_kad_post_feature":"","_kad_post_feature_position":"","_kad_post_header":false,"_kad_post_footer":false,"_kad_post_classname":""},"product_brand":[],"product_cat":[21,17],"product_tag":[37,39,56,45],"class_list":{"0":"post-109","1":"product","2":"type-product","3":"status-publish","4":"has-post-thumbnail","6":"product_cat-pps-rfid-laundry-tag","7":"product_cat-nfc-rfid-laundry-tag","8":"product_tag-nfc-button","9":"product_tag-nfc-laundry-tag","10":"product_tag-nfc-laundry-tag-pps-icode-slix","11":"product_tag-pps-washable-nfc-tags","13":"first","14":"instock","15":"shipping-taxable","16":"product-type-simple","17":"entry","18":"content-bg","19":"loop-entry"},"_links":{"self":[{"href":"https:\/\/rfid-laundry-tag.com\/cs\/wp-json\/wp\/v2\/product\/109","targetHints":{"allow":["GET"]}}],"collection":[{"href":"https:\/\/rfid-laundry-tag.com\/cs\/wp-json\/wp\/v2\/product"}],"about":[{"href":"https:\/\/rfid-laundry-tag.com\/cs\/wp-json\/wp\/v2\/types\/product"}],"version-history":[{"count":0,"href":"https:\/\/rfid-laundry-tag.com\/cs\/wp-json\/wp\/v2\/product\/109\/revisions"}],"wp:featuredmedia":[{"embeddable":true,"href":"https:\/\/rfid-laundry-tag.com\/cs\/wp-json\/wp\/v2\/media\/110"}],"wp:attachment":[{"href":"https:\/\/rfid-laundry-tag.com\/cs\/wp-json\/wp\/v2\/media?parent=109"}],"wp:term":[{"taxonomy":"product_brand","embeddable":true,"href":"https:\/\/rfid-laundry-tag.com\/cs\/wp-json\/wp\/v2\/product_brand?post=109"},{"taxonomy":"product_cat","embeddable":true,"href":"https:\/\/rfid-laundry-tag.com\/cs\/wp-json\/wp\/v2\/product_cat?post=109"},{"taxonomy":"product_tag","embeddable":true,"href":"https:\/\/rfid-laundry-tag.com\/cs\/wp-json\/wp\/v2\/product_tag?post=109"}],"curies":[{"name":"wp","href":"https:\/\/api.w.org\/{rel}","templated":true}]}}