{"id":83,"date":"2024-06-11T17:35:21","date_gmt":"2024-06-11T17:35:21","guid":{"rendered":"https:\/\/rfid-laundry-tag.com\/?post_type=product&#038;p=83"},"modified":"2024-06-14T16:23:02","modified_gmt":"2024-06-14T16:23:02","slug":"rfid-laundry-button-nfc-tag","status":"publish","type":"product","link":"https:\/\/rfid-laundry-tag.com\/bs\/rfid-laundry-button-nfc-tag\/","title":{"rendered":"RFID Dugme za pranje rublja NFC oznaka"},"content":{"rendered":"<div class=\"J_module\">\n<div class=\"ife-detail-decorate-table\">\n<table class=\"has-title all magic-6\">\n<tbody>\n<tr>\n<td colspan=\"1\" rowspan=\"1\">\n<div class=\"magic-7\" data-spm-anchor-id=\"a2700.details.0.i45.77607d98vZbcDU\"><span class=\"magic-8\" style=\"color: #363535;\">Naziv stavke<\/span><\/div>\n<\/td>\n<td colspan=\"1\" rowspan=\"1\">\n<div class=\"magic-9\"><span class=\"magic-8\">RFID Dugme za pranje rublja NFC oznaka<\/span><\/div>\n<\/td>\n<\/tr>\n<tr>\n<td colspan=\"1\" rowspan=\"1\">\n<div class=\"magic-7\"><span class=\"magic-10\" data-spm-anchor-id=\"a2700.pc-decorate.0.i10.28d333330XLbTD\"><span class=\"magic-8\">Materijal<\/span><\/span><\/div>\n<\/td>\n<td colspan=\"1\" rowspan=\"1\">\n<div class=\"magic-9\"><span class=\"magic-8\">PPS<\/span><\/div>\n<\/td>\n<\/tr>\n<tr>\n<td colspan=\"1\" rowspan=\"1\">\n<div class=\"magic-7\"><span class=\"magic-8\">Boja<\/span><\/div>\n<\/td>\n<td colspan=\"1\" rowspan=\"1\">\n<div class=\"magic-9\"><span class=\"magic-8\">Crno<\/span><\/div>\n<\/td>\n<\/tr>\n<tr>\n<td colspan=\"1\" rowspan=\"1\">MOQ<\/td>\n<td colspan=\"1\" rowspan=\"1\">500kom<\/td>\n<\/tr>\n<tr>\n<td colspan=\"1\" rowspan=\"1\">\n<div class=\"magic-7\"><span class=\"magic-8\">Proizvo\u0111a\u010d\/\u010dip<\/span><\/div>\n<\/td>\n<td colspan=\"1\" rowspan=\"1\">\n<div class=\"magic-9\"><span class=\"magic-8\">NXP Ntag215,Ntag216,NTAG213,Mifare 1k,Mifare Ultralight ev1 itd<\/span><\/div>\n<\/td>\n<\/tr>\n<tr>\n<td colspan=\"1\" rowspan=\"1\">\n<div class=\"magic-7\"><span class=\"magic-8\">Frekvencija<\/span><\/div>\n<\/td>\n<td colspan=\"1\" rowspan=\"1\">\n<div class=\"magic-9\"><span class=\"magic-8\">13.56MHz<\/span><\/div>\n<\/td>\n<\/tr>\n<tr>\n<td colspan=\"1\" rowspan=\"1\">\n<div class=\"magic-7\"><span class=\"magic-8\">Memorija<\/span><\/div>\n<\/td>\n<td colspan=\"1\" rowspan=\"1\">\n<div class=\"magic-9\"><span class=\"magic-8\">504Byte\/888Byte\/144 Byte\/1K Byte\/64 Byte<\/span><\/div>\n<\/td>\n<\/tr>\n<tr>\n<td colspan=\"1\" rowspan=\"1\">\n<div class=\"magic-7\"><span class=\"magic-8\">Pro\u010ditajte udaljenost<\/span><\/div>\n<\/td>\n<td colspan=\"1\" rowspan=\"1\">\n<div class=\"magic-9\"><span class=\"magic-8\">1~5cm<\/span><\/div>\n<\/td>\n<\/tr>\n<tr>\n<td colspan=\"1\" rowspan=\"1\">\n<div class=\"magic-7\"><span class=\"magic-8\">Radni na\u010din<\/span><\/div>\n<\/td>\n<td colspan=\"1\" rowspan=\"1\">\n<div class=\"magic-9\"><span class=\"magic-8\">pasivno<\/span><\/div>\n<\/td>\n<\/tr>\n<tr>\n<td colspan=\"1\" rowspan=\"1\">\n<div class=\"magic-7\"><span class=\"magic-8\">Radna temperatura<\/span><\/div>\n<\/td>\n<td colspan=\"1\" rowspan=\"1\">\n<div class=\"magic-9\"><span class=\"magic-8\">-25\u2103~+110\u2103<\/span><\/div>\n<\/td>\n<\/tr>\n<tr>\n<td colspan=\"1\" rowspan=\"1\">\n<div class=\"magic-7\"><span class=\"magic-8\">Temperatura skladi\u0161tenja<\/span><\/div>\n<\/td>\n<td colspan=\"1\" rowspan=\"1\">\n<div class=\"magic-9\"><span class=\"magic-8\">-40\u2103~+85\u2103<\/span><\/div>\n<\/td>\n<\/tr>\n<tr>\n<td colspan=\"1\" rowspan=\"1\">\n<div class=\"magic-7\">\n<div><span class=\"magic-8\">\u00a0<\/span><\/div>\n<p><span class=\"magic-8\">Kratkotrajna temperaturna otpornost<\/span><\/p>\n<\/div>\n<\/td>\n<td colspan=\"1\" rowspan=\"1\">\n<div class=\"magic-9\"><span class=\"magic-8\">pranje: 90\u2103, 15 minuta; konvertersko prethodno su\u0161enje: 180\u2103, 30 minuta, 200 puta; peglanje: 180\u2103, 10 sekundi, 200 puta; visoko<br \/>\ntemperatura sterilizacije: 135\u2103, 20 minuta<\/span><\/div>\n<\/td>\n<\/tr>\n<tr>\n<td colspan=\"1\" rowspan=\"1\">\n<div class=\"magic-7\"><span class=\"magic-8\">Karakteristike<\/span><\/div>\n<\/td>\n<td colspan=\"1\" rowspan=\"1\">\n<div class=\"magic-9\"><span class=\"magic-8\">vodootporan, periv, otporan na visoke temperature<\/span><\/div>\n<\/td>\n<\/tr>\n<tr>\n<td colspan=\"1\" rowspan=\"1\">\n<div class=\"magic-7\"><span class=\"magic-8\">\u017divot<\/span><\/div>\n<\/td>\n<td colspan=\"1\" rowspan=\"1\">\n<div class=\"magic-9\"><span class=\"magic-8\">pranje 200 puta ili 3 godine<\/span><\/div>\n<\/td>\n<\/tr>\n<tr>\n<td colspan=\"1\" rowspan=\"1\">\n<div class=\"magic-7\"><span class=\"magic-8\">Prijave<\/span><\/div>\n<\/td>\n<td colspan=\"1\" rowspan=\"1\">\n<div class=\"magic-9\"><span class=\"magic-8\">upravljanje i pra\u0107enje pranja rublja<\/span><\/div>\n<\/td>\n<\/tr>\n<\/tbody>\n<\/table>\n<\/div>\n<\/div>\n<div class=\"J_module\">\n<div class=\"detail-decorate-json-renderer-container\">\n<div class=\"magic-1\">\n<div class=\"magic-2\">\n<div class=\"magic-3\">\n<div><\/div>\n<\/div>\n<\/div>\n<p><strong>Opcije \u010dipa:<\/strong><\/p>\n<ul>\n<li><strong>NXP UCODE 8\/9:<\/strong>\u00a0Isplativi \u010dipovi idealni za osnovno pra\u0107enje i identifikaciju, nude\u0107i raspon \u010ditanja do 10 metara.<\/li>\n<li><strong>NTAG213:<\/strong>\u00a0NFC \u010dip koji omogu\u0107ava komunikaciju sa pametnim telefonima i drugim NFC ure\u0111ajima, savr\u0161en za aplikacije poput beskontaktnog pla\u0107anja ili pristupa informacijama o proizvodu.<\/li>\n<li><strong>Mifare 1k:<\/strong>\u00a0Siguran \u010dip sa sna\u017enim funkcijama \u0161ifriranja i autentifikacije, pogodan za kontrolu pristupa i sigurno skladi\u0161tenje podataka.<\/li>\n<li><strong>EM4305:<\/strong>\u00a0Jeftini \u010dip za osnovne aplikacije za kontrolu pristupa sa dometom \u010ditanja do 1 metar.<\/li>\n<li><strong>T5577:<\/strong>\u00a0Jo\u0161 jedan jeftin \u010dip za sisteme kontrole pristupa i izdavanja karata, koji nudi opseg \u010ditanja do 1 metar.<\/li>\n<\/ul>\n<h3>Karakteristike<\/h3>\n<div id=\"featuresXsp\" class=\"features-list toggle-opacity in\">\n<div class=\"features-xsp\">\n<div class=\"collapse-mobile ste-list-ul\">\n<ul class=\"boxes\">\n<li>Beskontaktni prijenos podataka i opskrba energijom<\/li>\n<li>Radna frekvencija 13,56 MHz<\/li>\n<li>Prijenos podataka od 106 kbit\/s<\/li>\n<li>Integritet podataka 16-bitnog CRC-a, paritet, bitsko kodiranje, brojanje bitova<\/li>\n<li>Radna udaljenost do 100 mm (u zavisnosti od razli\u010ditih parametara kao \u0161to su npr. ja\u010dina polja i geometrija antene)<\/li>\n<li>7-bajtni serijski broj (kaskadni nivo 2 prema ISO\/IEC 14443-3)<\/li>\n<li>UID ASCII ogledalo za automatsku serijalizaciju NDEF poruka<\/li>\n<li>Automatski NFC broja\u010d koji se pokre\u0107e na naredbu za \u010ditanje<\/li>\n<li>NFC broja\u010d ASCII ogledalo za automatsko dodavanje vrijednosti NFC broja\u010da u NDEF poruku<\/li>\n<li>Potpis originalnosti zasnovan na ECC-u<\/li>\n<li>Komanda za brzo \u010ditanje<\/li>\n<li>Prava za\u0161tita od sudara<\/li>\n<li>50 pF ulazni kapacitet<\/li>\n<\/ul>\n<\/div>\n<div class=\"collapse-mobile ste-list-ul\">\n<ul class=\"boxes\">\n<li>180, 540 ili 924 bajta organizovano u 45, 135 ili 231 stranicu sa 4 bajta po stranici<\/li>\n<li>144, 504 ili 888 bajtova slobodno dostupno korisnikovo podru\u010dje za \u010ditanje\/pisanje (36, 126 ili 222 stranice)<\/li>\n<li>4 bajta inicijalizirani kontejner mogu\u0107nosti s jednokratnim programiranim pristupnim bitovima<\/li>\n<li>Funkcija zaklju\u010davanja koja se mo\u017ee programirati na terenu po stranici za prvih 16 stranica<\/li>\n<li>Funkcija zaklju\u010davanja koja se mo\u017ee programirati na terenu iznad prvih 16 stranica po dvostrukoj stranici za NTAG 213 ili na 16 stranica za NTAG 215 i NTAG 216<\/li>\n<li>Konfigurabilna za\u0161tita lozinkom sa opcionim ograni\u010denjem neuspje\u0161nih poku\u0161aja<\/li>\n<li>Podr\u0161ka protiv kidanja za kapacitet kontejnera (CC) i bitove za zaklju\u010davanje<\/li>\n<li>ECC podr\u017eana provjera originalnosti<\/li>\n<li>Vrijeme \u010duvanja podataka 10 godina<\/li>\n<li>Izdr\u017eljivost pisanja 100.000 ciklusa<\/li>\n<\/ul>\n<\/div>\n<\/div>\n<\/div>\n<div class=\"magic-2\">\n<div class=\"auto-hide-last-sibling-br paragraph_1252f paragraph-element\">\n<div class=\"auto-hide-last-sibling-br paragraph_1252f paragraph-element\"><strong>Aplikacije RFID oznaka za pranje rublja:<\/strong><\/div>\n<p>&nbsp;<\/p>\n<ol class=\"auto-hide-last-sibling-br\">\n<li>\n<div class=\"auto-hide-last-sibling-br paragraph_1252f paragraph-element\">Industrijske praonice: U industrijskom okru\u017eenju, pra\u0107enje velikih koli\u010dina rublja postaje lako s na\u0161im RFID dugmadima za ozna\u010davanje rublja.<\/div>\n<\/li>\n<li>\n<div class=\"auto-hide-last-sibling-br paragraph_1252f paragraph-element\">Zdravstvene ustanove i hoteli: institucije poput ovih \u010desto se bave velikim obimom pranja rublja gdje na\u0161e oznake dosljedno pove\u0107avaju efikasnost i pojednostavljuju upravljanje zalihama.<\/div>\n<\/li>\n<li>\n<div class=\"auto-hide-last-sibling-br paragraph_1252f paragraph-element\">Iznajmljivanje posteljine: Preduze\u0107a u sektoru usluga iznajmljivanja posteljine koriste ove oznake za pojednostavljenje upravljanja zalihama i odr\u017eavanje kontrole kvaliteta.<\/div>\n<\/li>\n<\/ol>\n<div class=\"auto-hide-last-sibling-br paragraph_1252f paragraph-element\">Nudimo razne RFID oznake za ve\u0161 na 125 kHz LF, 13,56 MHz HF i Gen 2 UHF frekvencijama, a svaka je dizajnirana da zadovolji razli\u010dite jedinstvene potrebe. Na\u0161e oznake, poznate po svojoj izdr\u017eljivosti i raznolikosti veli\u010dina, mogu neprimjetno izdr\u017eati visoke temperature, institucionalne cikluse pranja rublja. Ove RFID oznake za ve\u0161 su napravljene da izdr\u017ee rigorozne procese pranja u hotelima i institucijama, obe\u0107avaju\u0107i izdr\u017eljivost koja izdr\u017ei pranje, su\u0161enje, hemijsko \u010di\u0161\u0107enje i peglanje.<\/div>\n<p>&nbsp;<\/p>\n<div class=\"auto-hide-last-sibling-br paragraph_1252f paragraph-element\">Upotreba PPS materijala u izradi na\u0161ih oznaka osigurava da mogu izdr\u017eati uranjanje u vodu, izlaganje toplini, fizi\u010dkom pritisku i hemikalijama. Ove oznake su savr\u0161ene za procese inventara i verifikaciju u razli\u010ditim sektorima kao \u0161to su zdravstvo, ugostiteljstvo, radna odje\u0107a, obrazovanje i jo\u0161 mnogo toga. Lako se mogu za\u0161iti na razne tekstilne predmete kao \u0161to su posteljina, salvete, ru\u010dnici i brojnu odje\u0107u ili staviti u ograde.<\/div>\n<\/div>\n<div class=\"auto-hide-last-sibling-br paragraph_1252f paragraph-element\"><\/div>\n<\/div>\n<\/div>\n<\/div>\n<\/div>","protected":false},"excerpt":{"rendered":"<p>RFID Dugme za pranje rublja NFC Tag je dizajniran u svrhu identifikacije i nadzora u upravljanju praonicama. Ove oznake se mogu prakti\u010dno pri\u010dvrstiti na svaki komad odje\u0107e ili vre\u0107u za ve\u0161. Svako NFC dugme je opremljeno prepoznatljivom identifikacionom oznakom koja se mo\u017ee povezati sa odre\u0111enim komadima ve\u0161a. Ovo \u010dini proces pra\u0107enja ve\u0161a jednostavnijim i efikasnijim.<\/p>","protected":false},"featured_media":156,"template":"","meta":{"_kad_post_transparent":"default","_kad_post_title":"","_kad_post_layout":"default","_kad_post_sidebar_id":"","_kad_post_content_style":"default","_kad_post_vertical_padding":"default","_kad_post_feature":"","_kad_post_feature_position":"","_kad_post_header":false,"_kad_post_footer":false,"_kad_post_classname":""},"product_brand":[],"product_cat":[21,17],"product_tag":[43,35,72,44],"class_list":{"0":"post-83","1":"product","2":"type-product","3":"status-publish","4":"has-post-thumbnail","6":"product_cat-pps-rfid-laundry-tag","7":"product_cat-nfc-rfid-laundry-tag","8":"product_tag-pps-rfid-washable-laundry-tags","9":"product_tag-rfid-button","10":"product_tag-rfid-laundry-button-nfc-tag","11":"product_tag-rfid-washable-laundry-tags","13":"first","14":"instock","15":"shipping-taxable","16":"product-type-simple","17":"entry","18":"content-bg","19":"loop-entry"},"_links":{"self":[{"href":"https:\/\/rfid-laundry-tag.com\/bs\/wp-json\/wp\/v2\/product\/83","targetHints":{"allow":["GET"]}}],"collection":[{"href":"https:\/\/rfid-laundry-tag.com\/bs\/wp-json\/wp\/v2\/product"}],"about":[{"href":"https:\/\/rfid-laundry-tag.com\/bs\/wp-json\/wp\/v2\/types\/product"}],"version-history":[{"count":1,"href":"https:\/\/rfid-laundry-tag.com\/bs\/wp-json\/wp\/v2\/product\/83\/revisions"}],"predecessor-version":[{"id":155,"href":"https:\/\/rfid-laundry-tag.com\/bs\/wp-json\/wp\/v2\/product\/83\/revisions\/155"}],"wp:featuredmedia":[{"embeddable":true,"href":"https:\/\/rfid-laundry-tag.com\/bs\/wp-json\/wp\/v2\/media\/156"}],"wp:attachment":[{"href":"https:\/\/rfid-laundry-tag.com\/bs\/wp-json\/wp\/v2\/media?parent=83"}],"wp:term":[{"taxonomy":"product_brand","embeddable":true,"href":"https:\/\/rfid-laundry-tag.com\/bs\/wp-json\/wp\/v2\/product_brand?post=83"},{"taxonomy":"product_cat","embeddable":true,"href":"https:\/\/rfid-laundry-tag.com\/bs\/wp-json\/wp\/v2\/product_cat?post=83"},{"taxonomy":"product_tag","embeddable":true,"href":"https:\/\/rfid-laundry-tag.com\/bs\/wp-json\/wp\/v2\/product_tag?post=83"}],"curies":[{"name":"radni list","href":"https:\/\/api.w.org\/{rel}","templated":true}]}}