{"id":74,"date":"2024-06-11T15:58:40","date_gmt":"2024-06-11T15:58:40","guid":{"rendered":"https:\/\/rfid-laundry-tag.com\/?post_type=product&#038;p=74"},"modified":"2024-06-11T16:34:14","modified_gmt":"2024-06-11T16:34:14","slug":"pps-rfid-washable-laundry-tags","status":"publish","type":"product","link":"https:\/\/rfid-laundry-tag.com\/bs\/pps-rfid-washable-laundry-tags\/","title":{"rendered":"PPS RFID oznake za rublje koje se mogu prati"},"content":{"rendered":"<div class=\"J_module\">\n<div class=\"ife-detail-decorate-table\">\n<table class=\"has-title all magic-6\">\n<tbody>\n<tr>\n<td colspan=\"1\" rowspan=\"1\">\n<div class=\"magic-7\" data-spm-anchor-id=\"a2700.details.0.i45.77607d98vZbcDU\"><span class=\"magic-8\" style=\"color: #363535;\">Naziv stavke<\/span><\/div>\n<\/td>\n<td colspan=\"1\" rowspan=\"1\">\n<div class=\"magic-9\"><span class=\"magic-8\">PPS RFID oznake za rublje koje se mogu prati<\/span><\/div>\n<\/td>\n<\/tr>\n<tr>\n<td colspan=\"1\" rowspan=\"1\">\n<div class=\"magic-7\"><span class=\"magic-10\" data-spm-anchor-id=\"a2700.pc-decorate.0.i10.28d333330XLbTD\"><span class=\"magic-8\">Materijal<\/span><\/span><\/div>\n<\/td>\n<td colspan=\"1\" rowspan=\"1\">\n<div class=\"magic-9\"><span class=\"magic-8\">PPS<\/span><\/div>\n<\/td>\n<\/tr>\n<tr>\n<td colspan=\"1\" rowspan=\"1\">\n<div class=\"magic-7\"><span class=\"magic-8\">Boja<\/span><\/div>\n<\/td>\n<td colspan=\"1\" rowspan=\"1\">\n<div class=\"magic-9\"><span class=\"magic-8\">Crno<\/span><\/div>\n<\/td>\n<\/tr>\n<tr>\n<td colspan=\"1\" rowspan=\"1\">MOQ<\/td>\n<td colspan=\"1\" rowspan=\"1\">500kom<\/td>\n<\/tr>\n<tr>\n<td colspan=\"1\" rowspan=\"1\">\n<div class=\"magic-7\"><span class=\"magic-8\">Proizvo\u0111a\u010d\/\u010dip<\/span><\/div>\n<\/td>\n<td colspan=\"1\" rowspan=\"1\">\n<div class=\"magic-9\"><span class=\"magic-8\">NXP UCODE 8,UCODE 9\/NTAG213,Mifare 1k\/EM4305,T5577 itd<\/span><\/div>\n<\/td>\n<\/tr>\n<tr>\n<td colspan=\"1\" rowspan=\"1\">\n<div class=\"magic-7\"><span class=\"magic-8\">Frekvencija<\/span><\/div>\n<\/td>\n<td colspan=\"1\" rowspan=\"1\">\n<div class=\"magic-9\"><span class=\"magic-8\">860-960MHz\/13,56MHz\/125Khz<\/span><\/div>\n<\/td>\n<\/tr>\n<tr>\n<td colspan=\"1\" rowspan=\"1\">\n<div class=\"magic-7\"><span class=\"magic-8\">Memorija<\/span><\/div>\n<\/td>\n<td colspan=\"1\" rowspan=\"1\">\n<div class=\"magic-9\"><span class=\"magic-8\">96 bita\/128 bita\/144 bajta<\/span><\/div>\n<\/td>\n<\/tr>\n<tr>\n<td colspan=\"1\" rowspan=\"1\">\n<div class=\"magic-7\"><span class=\"magic-8\">Pro\u010ditajte udaljenost<\/span><\/div>\n<\/td>\n<td colspan=\"1\" rowspan=\"1\">\n<div class=\"magic-9\"><span class=\"magic-8\">1-6m\/1~5cm\/1~2cm<\/span><\/div>\n<\/td>\n<\/tr>\n<tr>\n<td colspan=\"1\" rowspan=\"1\">\n<div class=\"magic-7\"><span class=\"magic-8\">Radni na\u010din<\/span><\/div>\n<\/td>\n<td colspan=\"1\" rowspan=\"1\">\n<div class=\"magic-9\"><span class=\"magic-8\">pasivno<\/span><\/div>\n<\/td>\n<\/tr>\n<tr>\n<td colspan=\"1\" rowspan=\"1\">\n<div class=\"magic-7\"><span class=\"magic-8\">Radna temperatura<\/span><\/div>\n<\/td>\n<td colspan=\"1\" rowspan=\"1\">\n<div class=\"magic-9\"><span class=\"magic-8\">-25\u2103~+110\u2103<\/span><\/div>\n<\/td>\n<\/tr>\n<tr>\n<td colspan=\"1\" rowspan=\"1\">\n<div class=\"magic-7\"><span class=\"magic-8\">Temperatura skladi\u0161tenja<\/span><\/div>\n<\/td>\n<td colspan=\"1\" rowspan=\"1\">\n<div class=\"magic-9\"><span class=\"magic-8\">-40\u2103~+85\u2103<\/span><\/div>\n<\/td>\n<\/tr>\n<tr>\n<td colspan=\"1\" rowspan=\"1\">\n<div class=\"magic-7\">\n<div><span class=\"magic-8\">\u00a0<\/span><\/div>\n<p><span class=\"magic-8\">Kratkotrajna temperaturna otpornost<\/span><\/p>\n<\/div>\n<\/td>\n<td colspan=\"1\" rowspan=\"1\">\n<div class=\"magic-9\"><span class=\"magic-8\">pranje: 90\u2103, 15 minuta; konvertersko prethodno su\u0161enje: 180\u2103, 30 minuta, 200 puta; peglanje: 180\u2103, 10 sekundi, 200 puta; visoko<br \/>\ntemperatura sterilizacije: 135\u2103, 20 minuta<\/span><\/div>\n<\/td>\n<\/tr>\n<tr>\n<td colspan=\"1\" rowspan=\"1\">\n<div class=\"magic-7\"><span class=\"magic-8\">Karakteristike<\/span><\/div>\n<\/td>\n<td colspan=\"1\" rowspan=\"1\">\n<div class=\"magic-9\"><span class=\"magic-8\">vodootporan, periv, otporan na visoke temperature<\/span><\/div>\n<\/td>\n<\/tr>\n<tr>\n<td colspan=\"1\" rowspan=\"1\">\n<div class=\"magic-7\"><span class=\"magic-8\">\u017divot<\/span><\/div>\n<\/td>\n<td colspan=\"1\" rowspan=\"1\">\n<div class=\"magic-9\"><span class=\"magic-8\">pranje 200 puta ili 3 godine<\/span><\/div>\n<\/td>\n<\/tr>\n<tr>\n<td colspan=\"1\" rowspan=\"1\">\n<div class=\"magic-7\"><span class=\"magic-8\">Prijave<\/span><\/div>\n<\/td>\n<td colspan=\"1\" rowspan=\"1\">\n<div class=\"magic-9\"><span class=\"magic-8\">upravljanje i pra\u0107enje pranja rublja<\/span><\/div>\n<\/td>\n<\/tr>\n<\/tbody>\n<\/table>\n<\/div>\n<\/div>\n<div class=\"J_module\">\n<div class=\"detail-decorate-json-renderer-container\">\n<div class=\"magic-1\">\n<div class=\"magic-2\">\n<div class=\"magic-3\">\n<div><\/div>\n<\/div>\n<div>\n<div><\/div>\n<\/div>\n<\/div>\n<p><strong>Opcije \u010dipa:<\/strong><\/p>\n<ul>\n<li><strong>NXP UCODE 8\/9:<\/strong>\u00a0Isplativi \u010dipovi idealni za osnovno pra\u0107enje i identifikaciju, nude\u0107i raspon \u010ditanja do 10 metara.<\/li>\n<li><strong>NTAG213:<\/strong>\u00a0NFC \u010dip koji omogu\u0107ava komunikaciju sa pametnim telefonima i drugim NFC ure\u0111ajima, savr\u0161en za aplikacije poput beskontaktnog pla\u0107anja ili pristupa informacijama o proizvodu.<\/li>\n<li><strong>Mifare 1k:<\/strong>\u00a0Siguran \u010dip sa sna\u017enim funkcijama \u0161ifriranja i autentifikacije, pogodan za kontrolu pristupa i sigurno skladi\u0161tenje podataka.<\/li>\n<li><strong>EM4305:<\/strong>\u00a0Jeftini \u010dip za osnovne aplikacije za kontrolu pristupa sa dometom \u010ditanja do 1 metar.<\/li>\n<li><strong>T5577:<\/strong>\u00a0Jo\u0161 jedan jeftin \u010dip za sisteme kontrole pristupa i izdavanja karata, koji nudi opseg \u010ditanja do 1 metar.<\/li>\n<\/ul>\n<div class=\"magic-2\">\n<div>\n<div class=\"auto-hide-last-sibling-br paragraph_1252f paragraph-element\"><strong>Prijave\u00a0<\/strong><\/div>\n<ol class=\"auto-hide-last-sibling-br\">\n<li>\n<div class=\"auto-hide-last-sibling-br paragraph_1252f paragraph-element\">Industrijske praonice: U industrijskom sektoru, pra\u0107enje ogromnih koli\u010dina rublja postaje zadatak bez napora uz kori\u0161tenje RFID dugmadi za oznaku rublja.<\/div>\n<\/li>\n<li>\n<div class=\"auto-hide-last-sibling-br paragraph_1252f paragraph-element\">Bolnice i hoteli: Ove ustanove se \u010desto bave velikim obimom pranja rublja gdje su se ove oznake pokazale kao instrumentalne u pobolj\u0161anju efikasnosti i upravljanja zalihama.<\/div>\n<\/li>\n<li>\n<div class=\"auto-hide-last-sibling-br paragraph_1252f paragraph-element\">Iznajmljivanje posteljine: Preduze\u0107a koja pru\u017eaju usluge iznajmljivanja posteljine koriste ove oznake za pojednostavljenje upravljanja zalihama i odr\u017eavanje kontrole kvaliteta.<\/div>\n<\/li>\n<\/ol>\n<div class=\"auto-hide-last-sibling-br paragraph_1252f paragraph-element\">Nudimo asortiman RFID oznaka za ve\u0161 na 125 kHz LF, 13,56 MHz HF i Gen 2 UHF frekvencijama, zadovoljavaju\u0107i svaku od va\u0161ih jedinstvenih potreba. Na\u0161e oznake, dizajnirane s elasti\u010dno\u0161\u0107u i promjenjivosti veli\u010dine, mogu bez napora izdr\u017eati vru\u0107e, institucionalne procese pranja rublja. RFID tagovi za ve\u0161 su sposobni da izdr\u017ee zahtevne postupke pranja ve\u0161a u hotelima i institucijama, nude\u0107i izdr\u017eljivost na vremensko pranje, su\u0161enje, hemijsko \u010di\u0161\u0107enje i peglanje.<\/div>\n<p>&nbsp;<\/p>\n<div class=\"auto-hide-last-sibling-br paragraph_1252f paragraph-element\">Kori\u0161teni PPS materijal \u010dini ove oznake sposobnima da izdr\u017ee vodu, toplinu, pritisak i izlaganje kemikalijama. Oni su idealni za provjeru i izvo\u0111enje procesa inventara u zdravstvenim ustanovama, segmentima radne odje\u0107e, bolnicama, \u0161kolama i hotelima. Ove oznake se mogu glatko za\u0161iti na razli\u010dite tekstilne predmete poput posteljine, salvete, ru\u010dnika i druge odje\u0107e ili staviti u ograde.<\/div>\n<p>&nbsp;<\/p>\n<div class=\"auto-hide-last-sibling-br paragraph_1252f paragraph-element\">Iskoristite na\u0161a rje\u0161enja RFID oznaka za pranje rublja i u\u017eivajte u pogodnostima kao \u0161to su direktne tvorni\u010dke cijene, temeljito testiranje prije isporuke, garancija od preko 200 ciklusa pranja ili 2 godine \u017eivotnog vijeka nakon isporuke i otpornost na vodu, toplinu, pritisak i kemikalije.<\/div>\n<div class=\"auto-hide-last-sibling-br paragraph_1252f paragraph-element\"><\/div>\n<\/div>\n<\/div>\n<\/div>\n<\/div>\n<\/div>","protected":false},"excerpt":{"rendered":"<p>RFID oznaka za dugme, tako\u0111e poznata kao PPS RFID oznake za pranje ve\u0161a, robustan je ure\u0111aj posebno dizajniran za aplikacije koje zahtevaju oznake koje mogu da izdr\u017ee te\u0161ka okru\u017eenja. Uprkos popularnosti UHF transpondera za pranje ve\u0161a na tr\u017ei\u0161tu, postoje slu\u010dajevi u kojima su RFID tasteri kompatibilni sa mobilnim aplikacijama neophodni. RFID transponderi za pranje ve\u0161a u obliku dugmeta efikasno zadovoljavaju takve potrebe. Njihova svestranost i superiorna funkcionalnost pru\u017eaju zna\u010dajne prednosti u pra\u0107enju i identifikaciji tekstila i industrijskog rublja u razli\u010ditim sektorima.<\/p>","protected":false},"featured_media":75,"template":"","meta":{"_kad_post_transparent":"default","_kad_post_title":"","_kad_post_layout":"default","_kad_post_sidebar_id":"","_kad_post_content_style":"default","_kad_post_vertical_padding":"default","_kad_post_feature":"","_kad_post_feature_position":"","_kad_post_header":false,"_kad_post_footer":false,"_kad_post_classname":""},"product_brand":[],"product_cat":[21],"product_tag":[43,35,44],"class_list":{"0":"post-74","1":"product","2":"type-product","3":"status-publish","4":"has-post-thumbnail","6":"product_cat-pps-rfid-laundry-tag","7":"product_tag-pps-rfid-washable-laundry-tags","8":"product_tag-rfid-button","9":"product_tag-rfid-washable-laundry-tags","11":"first","12":"instock","13":"shipping-taxable","14":"product-type-simple","15":"entry","16":"content-bg","17":"loop-entry"},"_links":{"self":[{"href":"https:\/\/rfid-laundry-tag.com\/bs\/wp-json\/wp\/v2\/product\/74","targetHints":{"allow":["GET"]}}],"collection":[{"href":"https:\/\/rfid-laundry-tag.com\/bs\/wp-json\/wp\/v2\/product"}],"about":[{"href":"https:\/\/rfid-laundry-tag.com\/bs\/wp-json\/wp\/v2\/types\/product"}],"version-history":[{"count":0,"href":"https:\/\/rfid-laundry-tag.com\/bs\/wp-json\/wp\/v2\/product\/74\/revisions"}],"wp:featuredmedia":[{"embeddable":true,"href":"https:\/\/rfid-laundry-tag.com\/bs\/wp-json\/wp\/v2\/media\/75"}],"wp:attachment":[{"href":"https:\/\/rfid-laundry-tag.com\/bs\/wp-json\/wp\/v2\/media?parent=74"}],"wp:term":[{"taxonomy":"product_brand","embeddable":true,"href":"https:\/\/rfid-laundry-tag.com\/bs\/wp-json\/wp\/v2\/product_brand?post=74"},{"taxonomy":"product_cat","embeddable":true,"href":"https:\/\/rfid-laundry-tag.com\/bs\/wp-json\/wp\/v2\/product_cat?post=74"},{"taxonomy":"product_tag","embeddable":true,"href":"https:\/\/rfid-laundry-tag.com\/bs\/wp-json\/wp\/v2\/product_tag?post=74"}],"curies":[{"name":"radni list","href":"https:\/\/api.w.org\/{rel}","templated":true}]}}