{"id":734,"date":"2024-07-16T17:22:48","date_gmt":"2024-07-16T17:22:48","guid":{"rendered":"https:\/\/rfid-laundry-tag.com\/?post_type=product&#038;p=734"},"modified":"2024-08-14T16:36:57","modified_gmt":"2024-08-14T16:36:57","slug":"10x20mm-nfc-ntag213-wet-inlay","status":"publish","type":"product","link":"https:\/\/rfid-laundry-tag.com\/bs\/10x20mm-nfc-ntag213-wet-inlay\/","title":{"rendered":"10x20mm NFC NTAG213 Wet Inlay"},"content":{"rendered":"<h2>10x20mm NFC NTAG213 Wet Inlay<\/h2>\n<p><strong>Kompaktan i svestran, ovaj 10x20 mm NFC mokri ulo\u017eak idealan je za \u0161irok spektar primjena.<\/strong><\/p>\n<p><strong>Karakteristike:<\/strong><\/p>\n<ul>\n<li><strong>\u010dip:<\/strong>\u00a0NTAG213<\/li>\n<li><strong>protokol:<\/strong>\u00a0ISO\/IEC 14443A<\/li>\n<li><strong>Izdr\u017eljivost \u010ditanja\/pisanja:<\/strong>\u00a0100.000 ciklusa<\/li>\n<li><strong>Radna temperatura:<\/strong>\u00a0-25\u00b0C do +70\u00b0C<\/li>\n<li><strong>Opcije materijala:<\/strong>\u00a0Papir, PVC ili PET<\/li>\n<li><strong>Prilagodba:<\/strong>\u00a0Mogu\u0107nost \u0161tampanja logotipa po meri<\/li>\n<\/ul>\n<p><strong>Prednosti:<\/strong><\/p>\n<ul>\n<li><strong>Jednostavna primjena:<\/strong>\u00a0Mokri umetnuti dizajn sa ljepljivom podlogom za prakti\u010dno pri\u010dvr\u0161\u0107ivanje.<\/li>\n<li><strong>Pouzdane performanse:<\/strong>\u00a0Visokokvalitetni \u010dip i konstrukcija osiguravaju dosljedan rad.<\/li>\n<li><strong>Sigurna pohrana podataka:<\/strong>\u00a0NTAG213 \u010dip obezbe\u0111uje bezbedno skladi\u0161tenje podataka za osetljive informacije.<\/li>\n<li><strong>Svestrane upotrebe:<\/strong>\u00a0Savr\u0161eno za identifikaciju proizvoda, pra\u0107enje imovine, promotivne kampanje i jo\u0161 mnogo toga.<\/li>\n<\/ul>","protected":false},"excerpt":{"rendered":"<p>NFC NTAG213 Wet Inlay, 13.5MHz NFC Wet Inlay sa NTAG213 \u010dipom, sa veli\u010dinom 10x20mm i ljepljivom podlogom za jednostavnu primjenu<\/p>","protected":false},"featured_media":735,"template":"","meta":{"_kad_post_transparent":"default","_kad_post_title":"","_kad_post_layout":"default","_kad_post_sidebar_id":"","_kad_post_content_style":"default","_kad_post_vertical_padding":"default","_kad_post_feature":"","_kad_post_feature_position":"","_kad_post_header":false,"_kad_post_footer":false,"_kad_post_classname":""},"product_brand":[],"product_cat":[189,54],"product_tag":[193,194],"class_list":{"0":"post-734","1":"product","2":"type-product","3":"status-publish","4":"has-post-thumbnail","6":"product_cat-rfid-inlay","7":"product_cat-hot-selling-rfid-tags","8":"product_tag-nfc-ntag213-wet-inlay","9":"product_tag-nfc-rfid-inlay","11":"first","12":"instock","13":"shipping-taxable","14":"product-type-simple","15":"entry","16":"content-bg","17":"loop-entry"},"_links":{"self":[{"href":"https:\/\/rfid-laundry-tag.com\/bs\/wp-json\/wp\/v2\/product\/734","targetHints":{"allow":["GET"]}}],"collection":[{"href":"https:\/\/rfid-laundry-tag.com\/bs\/wp-json\/wp\/v2\/product"}],"about":[{"href":"https:\/\/rfid-laundry-tag.com\/bs\/wp-json\/wp\/v2\/types\/product"}],"version-history":[{"count":3,"href":"https:\/\/rfid-laundry-tag.com\/bs\/wp-json\/wp\/v2\/product\/734\/revisions"}],"predecessor-version":[{"id":1327,"href":"https:\/\/rfid-laundry-tag.com\/bs\/wp-json\/wp\/v2\/product\/734\/revisions\/1327"}],"wp:featuredmedia":[{"embeddable":true,"href":"https:\/\/rfid-laundry-tag.com\/bs\/wp-json\/wp\/v2\/media\/735"}],"wp:attachment":[{"href":"https:\/\/rfid-laundry-tag.com\/bs\/wp-json\/wp\/v2\/media?parent=734"}],"wp:term":[{"taxonomy":"product_brand","embeddable":true,"href":"https:\/\/rfid-laundry-tag.com\/bs\/wp-json\/wp\/v2\/product_brand?post=734"},{"taxonomy":"product_cat","embeddable":true,"href":"https:\/\/rfid-laundry-tag.com\/bs\/wp-json\/wp\/v2\/product_cat?post=734"},{"taxonomy":"product_tag","embeddable":true,"href":"https:\/\/rfid-laundry-tag.com\/bs\/wp-json\/wp\/v2\/product_tag?post=734"}],"curies":[{"name":"radni list","href":"https:\/\/api.w.org\/{rel}","templated":true}]}}