{"id":731,"date":"2024-07-16T17:14:51","date_gmt":"2024-07-16T17:14:51","guid":{"rendered":"https:\/\/rfid-laundry-tag.com\/?post_type=product&#038;p=731"},"modified":"2024-08-14T16:37:34","modified_gmt":"2024-08-14T16:37:34","slug":"uhf-rfid-dry-inlays-with-nxp-ucode-9","status":"publish","type":"product","link":"https:\/\/rfid-laundry-tag.com\/bs\/uhf-rfid-dry-inlays-with-nxp-ucode-9\/","title":{"rendered":"UHF RFID suhi umetci sa NXP Ucode 9"},"content":{"rendered":"<h2>UHF RFID suvi umetci sa NXP-Ucode 9<\/h2>\n<ul>\n<li><strong>U\u010destalost:<\/strong>\u00a0860-960 MHz<\/li>\n<li><strong>protokol:<\/strong>\u00a0ISO18000-6C<\/li>\n<li><strong>Opseg \u010ditanja:<\/strong>\u00a0Veliki domet o\u010ditavanja (do 10 metara)<\/li>\n<li><strong>Opcije \u010dipa:<\/strong>\n<ul>\n<li><strong>NXP-Ucode9:<\/strong>\u00a0\u010cip visokih performansi sa pobolj\u0161anim sigurnosnim karakteristikama.<\/li>\n<li><strong>Ostale opcije:<\/strong>\u00a0Alien H3, Monza R6, NXP-Ucode8, NXP-Ucode7<\/li>\n<\/ul>\n<\/li>\n<\/ul>\n<p><strong>Opcije prilago\u0111avanja:<\/strong><\/p>\n<p>Nudimo niz opcija prilago\u0111avanja za RFID inleje, uklju\u010duju\u0107i:<\/p>\n<ul>\n<li><strong>Materijali:<\/strong>\u00a0Premazani papir, PVC, PET, lomljivi papir itd.<\/li>\n<li><strong>Veli\u010dina:<\/strong>\u00a0Prilago\u0111ena veli\u010dina koja odgovara specifi\u010dnim dimenzijama proizvoda.<\/li>\n<li><strong>\u0160tampanje:<\/strong>\u00a0\u0160tampanje logotipa, \u0161tampanje brojeva, \u0161tampanje bar kodova.<\/li>\n<li><strong>Kodiranje i \u0161ifriranje:<\/strong>\u00a0Sigurno skladi\u0161tenje podataka i komunikacija.<\/li>\n<\/ul>\n<p><strong>RFID inleji<\/strong>\u00a0su srce RFID sistema, koji sadr\u017ee mikro\u010dip (IC) i antenu koji omogu\u0107avaju komunikaciju sa \u010dita\u010dem. Oni su kategorisani u dve glavne vrste na osnovu njihove konstrukcije:<\/p>\n<p><strong>1. RFID suhi umetci:<\/strong><\/p>\n<ul>\n<li><strong>Opis:<\/strong>\u00a0Suhi inleji su dizajnirani za direktnu integraciju u materijale ili podloge. Nedostaje im ljepljiva podloga, \u0161to ih \u010dini idealnim za aplikacije koje zahtijevaju trajno pri\u010dvr\u0161\u0107ivanje. \u010cesto dolaze s laminiranom povr\u0161inom.<\/li>\n<li><strong>Klju\u010dne karakteristike:<\/strong>\n<ul>\n<li><strong>Bez ljepila:<\/strong>\u00a0Elimini\u0161e potrebu za dodatnim lepljivim koracima.<\/li>\n<li><strong>Direktna integracija:<\/strong>\u00a0Lako se ugra\u0111uje u proizvode, ambala\u017eu ili druge materijale.<\/li>\n<li><strong>Izdr\u017eljiva konstrukcija:<\/strong>\u00a0Otporne na habanje, \u0161to ih \u010dini pogodnim za zahtjevna okru\u017eenja.<\/li>\n<\/ul>\n<\/li>\n<\/ul>\n<p><strong>2. RFID mokri umetci:<\/strong><\/p>\n<ul>\n<li><strong>Opis:<\/strong>\u00a0Mokri umetci dolaze sa ljepljivom podlogom, \u0161to im omogu\u0107ava da se direktno nanose na proizvod ili pretvore u pametne naljepnice. To ih \u010dini isplativim rje\u0161enjem za ozna\u010davanje velikog obima.<\/li>\n<li><strong>Klju\u010dne karakteristike:<\/strong>\n<ul>\n<li><strong>Ljepljiva podloga:<\/strong>\u00a0Omogu\u0107ava jednostavnu nano\u0161enje na razli\u010dite povr\u0161ine.<\/li>\n<li><strong>Isplativo:<\/strong>\u00a0Idealno za velike projekte ozna\u010davanja.<\/li>\n<li><strong>Svestrane primjene:<\/strong>\u00a0Pogodno za proizvode koji zahtijevaju privremeno ili trajno ozna\u010davanje.<\/li>\n<\/ul>\n<\/li>\n<\/ul>","protected":false},"excerpt":{"rendered":"<p>UHF RFID suvi ulo\u0161ci sa NXP Ucode 9 za pobolj\u0161anu sigurnost i skladi\u0161tenje podataka. Direktno se integrirati u materijale.<\/p>","protected":false},"featured_media":732,"template":"","meta":{"_kad_post_transparent":"default","_kad_post_title":"","_kad_post_layout":"default","_kad_post_sidebar_id":"","_kad_post_content_style":"default","_kad_post_vertical_padding":"default","_kad_post_feature":"","_kad_post_feature_position":"","_kad_post_header":false,"_kad_post_footer":false,"_kad_post_classname":""},"product_brand":[],"product_cat":[189,54],"product_tag":[192,191],"class_list":{"0":"post-731","1":"product","2":"type-product","3":"status-publish","4":"has-post-thumbnail","6":"product_cat-rfid-inlay","7":"product_cat-hot-selling-rfid-tags","8":"product_tag-uhf-rfid-dry-inlays","9":"product_tag-uhf-rfid-dry-inlays-with-nxp-ucode-9","11":"first","12":"instock","13":"shipping-taxable","14":"product-type-simple","15":"entry","16":"content-bg","17":"loop-entry"},"_links":{"self":[{"href":"https:\/\/rfid-laundry-tag.com\/bs\/wp-json\/wp\/v2\/product\/731","targetHints":{"allow":["GET"]}}],"collection":[{"href":"https:\/\/rfid-laundry-tag.com\/bs\/wp-json\/wp\/v2\/product"}],"about":[{"href":"https:\/\/rfid-laundry-tag.com\/bs\/wp-json\/wp\/v2\/types\/product"}],"version-history":[{"count":4,"href":"https:\/\/rfid-laundry-tag.com\/bs\/wp-json\/wp\/v2\/product\/731\/revisions"}],"predecessor-version":[{"id":1329,"href":"https:\/\/rfid-laundry-tag.com\/bs\/wp-json\/wp\/v2\/product\/731\/revisions\/1329"}],"wp:featuredmedia":[{"embeddable":true,"href":"https:\/\/rfid-laundry-tag.com\/bs\/wp-json\/wp\/v2\/media\/732"}],"wp:attachment":[{"href":"https:\/\/rfid-laundry-tag.com\/bs\/wp-json\/wp\/v2\/media?parent=731"}],"wp:term":[{"taxonomy":"product_brand","embeddable":true,"href":"https:\/\/rfid-laundry-tag.com\/bs\/wp-json\/wp\/v2\/product_brand?post=731"},{"taxonomy":"product_cat","embeddable":true,"href":"https:\/\/rfid-laundry-tag.com\/bs\/wp-json\/wp\/v2\/product_cat?post=731"},{"taxonomy":"product_tag","embeddable":true,"href":"https:\/\/rfid-laundry-tag.com\/bs\/wp-json\/wp\/v2\/product_tag?post=731"}],"curies":[{"name":"radni list","href":"https:\/\/api.w.org\/{rel}","templated":true}]}}