{"id":723,"date":"2024-07-16T16:29:22","date_gmt":"2024-07-16T16:29:22","guid":{"rendered":"https:\/\/rfid-laundry-tag.com\/?post_type=product&#038;p=723"},"modified":"2024-08-14T16:40:29","modified_gmt":"2024-08-14T16:40:29","slug":"uhf-rfid-inlay-monza-m4-chips","status":"publish","type":"product","link":"https:\/\/rfid-laundry-tag.com\/bs\/uhf-rfid-inlay-monza-m4-chips\/","title":{"rendered":"UHF RFID Inlay Monza M4 \u010dipovi"},"content":{"rendered":"<div>\n<ul>\n<li><strong>Naziv proizvoda:<\/strong>\u00a0UHF RFID Inlay Monza M4\/M5 \u010dipovi<\/li>\n<li><strong>Materijal:<\/strong>\u00a0Premazani papir, PET itd<\/li>\n<li><strong>\u010dip:<\/strong>\u00a0Monza M4\/M5<\/li>\n<li><strong>Boja:<\/strong>\u00a0Bijelo<\/li>\n<li><strong>protokol:<\/strong>\u00a0Globalni EPC Class1 Gen2 ISO\/IEC 18000-6C<\/li>\n<li><strong>U\u010destalost:<\/strong>\u00a0860-960 MHz<\/li>\n<li><strong>Raspon \u010dita\u010da:<\/strong>\u00a06M~12M (ovisno o okru\u017eenju i udaljenosti \u010ditanja i pisanja)<\/li>\n<li><strong>Metod rada:<\/strong>\u00a0Pasivno<\/li>\n<li><strong>Radna recikla\u017ea:<\/strong>\u00a0&gt;100000 puta<\/li>\n<li><strong>primjena:<\/strong>\u00a0Sljedivost protiv krivotvorina, prijenos podataka.<\/li>\n<\/ul>\n<p><strong>Opis UHF RFID Inlay Monza M4 \u010dipova:<\/strong><\/p>\n<p>Ovi UHF RFID umetci, koji sadr\u017ee Monza M4\/M5 \u010dipove, dizajnirani su za razne aplikacije koje zahtijevaju pouzdan prijenos podataka i mjere protiv krivotvorenja.<\/p>\n<p><strong>Klju\u010dne karakteristike:<\/strong><\/p>\n<ul>\n<li><strong>Izdr\u017eljiv:<\/strong>\u00a0Izra\u0111en od visokokvalitetnih materijala za produ\u017eeni vijek trajanja.<\/li>\n<li><strong>Pouzdan:<\/strong>\u00a0Nudi robusne performanse za precizno prikupljanje podataka.<\/li>\n<li><strong>Svestran:<\/strong>\u00a0Pogodno za razli\u010dite aplikacije, uklju\u010duju\u0107i pra\u0107enje zaliha, upravljanje imovinom i pra\u0107enje lanca snabdevanja.<\/li>\n<li><strong>Sigurno:<\/strong>\u00a0Doprinosi naporima protiv krivotvorenja i osigurava autenti\u010dnost proizvoda.<\/li>\n<\/ul>\n<h2>UHF RFID Inlay Monza M4\/M5 \u010dipovi: \u010cesto postavljana pitanja<\/h2>\n<p><strong>1. Koja je razlika izme\u0111u Monza M4 i Monza M5 \u010dipova?<\/strong><\/p>\n<p>\u010cipovi Monza M4 i M5 su UHF RFID \u010dipovi visokih performansi. Osnovna razlika le\u017ei u njihovom kapacitetu memorije:<\/p>\n<ul>\n<li><strong>Monza M4:<\/strong>\u00a0Nudi 128 bita korisni\u010dke memorije.<\/li>\n<li><strong>Monza M5:<\/strong>\u00a0Nudi 512 bita korisni\u010dke memorije.<\/li>\n<\/ul>\n<p>To zna\u010di da Monza M5 mo\u017ee pohraniti znatno vi\u0161e podataka, \u0161to ga \u010dini idealnim za aplikacije koje zahtijevaju opse\u017enu pohranu podataka.<\/p>\n<p><strong>2. Koje su prednosti kori\u0161tenja UHF RFID Inlay Monza M4 \u010dipova?<\/strong><\/p>\n<p>Monza M4\/M5 \u010dipovi pru\u017eaju brojne prednosti:<\/p>\n<ul>\n<li><strong>Visoki opseg \u010ditanja:<\/strong>\u00a0Nude odli\u010dan domet \u010ditanja, koji se prote\u017ee do 12 metara u optimalnim uslovima.<\/li>\n<li><strong>Velike brzine \u010ditanja\/pisanja:<\/strong>\u00a0Ovi \u010dipovi omogu\u0107avaju brz pristup podacima, pojednostavljuju\u0107i operacije.<\/li>\n<li><strong>Pobolj\u0161ane performanse:<\/strong>\u00a0Pru\u017eaju pouzdane i dosljedne performanse u izazovnim okru\u017eenjima.<\/li>\n<li><strong>Sigurnost podataka:<\/strong>\u00a0\u010cipovi sadr\u017ee sigurnosne karakteristike za za\u0161titu osjetljivih podataka.<\/li>\n<\/ul>\n<p><strong>3. Koje vrste aplikacija su pogodne za Monza M4\/M5 RFID umetke?<\/strong><\/p>\n<p>Ovi umetci su pogodni za \u0161irok spektar primjena, uklju\u010duju\u0107i:<\/p>\n<ul>\n<li><strong>Upravljanje zalihama:<\/strong>\u00a0Pra\u0107enje nivoa zaliha i kretanja proizvoda unutar skladi\u0161ta i maloprodajnih objekata.<\/li>\n<li><strong>Pra\u0107enje imovine:<\/strong>\u00a0Nadgledanje imovine, opreme i alata u razli\u010ditim okru\u017eenjima.<\/li>\n<li><strong>Upravljanje lancem nabavke:<\/strong>\u00a0Pobolj\u0161anje vidljivosti i transparentnosti lanca nabavke.<\/li>\n<li><strong>Anti-falsifikat:<\/strong>\u00a0Spre\u010davanje krivotvorenja proizvoda i osiguravanje autenti\u010dnosti.<\/li>\n<li><strong>Kontrola pristupa:<\/strong>\u00a0Upravljanje pristupom sigurnim podru\u010djima ili ograni\u010denim prostorima.<\/li>\n<\/ul>\n<p><strong>4. Kako mogu odabrati pravi RFID inlay za moju specifi\u010dnu primjenu?<\/strong><\/p>\n<p>Optimalan izbor RFID inlaya zavisi od specifi\u010dnih zahteva va\u0161e aplikacije:<\/p>\n<ul>\n<li><strong>Potrebe za pohranu podataka:<\/strong>\u00a0Ako trebate pohraniti opse\u017ene podatke, razmislite o Monza M5 s ve\u0107im kapacitetom memorije.<\/li>\n<li><strong>Opseg \u010ditanja:<\/strong>\u00a0Odredite potreban opseg \u010ditanja kako biste osigurali ispravnu identifikaciju oznake.<\/li>\n<li><strong>Uslovi okoline:<\/strong>\u00a0Uzmite u obzir radno okru\u017eenje (temperatura, vla\u017enost, itd.) da biste odabrali robustan ulo\u017eak.<\/li>\n<li><strong>Vrsta aplikacije:<\/strong>\u00a0Specifi\u010dna primena (npr. pra\u0107enje zaliha, upravljanje imovinom) \u0107e uticati na izbor inlaya.<\/li>\n<\/ul>\n<p><strong>5. Koji su tipi\u010dni tro\u0161kovi povezani sa RFID umetcima koji koriste Monza M4\/M5 \u010dipove?<\/strong><\/p>\n<p>Cijena RFID inleja varira u zavisnosti od faktora kao \u0161to su tip \u010dipa, dizajn inleja, naru\u010dena koli\u010dina i dodatne karakteristike. Kontaktirajte RFID proizvo\u0111a\u010de ili dobavlja\u010de za ta\u010dne informacije o cijenama.<\/p>\n<p><strong>6. Da li su ulo\u0161ci Monza M4\/M5 kompatibilni sa standardnim RFID \u010dita\u010dima?<\/strong><\/p>\n<p>Da, ovi umetci su dizajnirani za rad sa industrijskim standardnim RFID \u010dita\u010dima koji rade na UHF frekvencijskom opsegu.<\/p>\n<p><strong>7. Gdje mogu kupiti Monza M4\/M5 RFID inleje?<\/strong><\/p>\n<p>RFID umetci sa Monza M4\/M5 \u010dipovima su \u0161iroko dostupni od raznih proizvo\u0111a\u010da i dobavlja\u010da specijalizovanih za RFID tehnologiju.<\/p>\n<p><strong>8. Postoje li dostupni resursi koji \u0107e mi pomo\u0107i da saznam vi\u0161e o RFID tehnologiji?<\/strong><\/p>\n<p>Da, mo\u017eete prona\u0107i brojne resurse na mre\u017ei i putem udru\u017eenja RFID industrije:<\/p>\n<ul>\n<li><strong>RFID dnevnik:<\/strong>\u00a0Vode\u0107i izvor RFID vijesti i informacija.<\/li>\n<li><strong>Udru\u017eenje RFID industrije (RFIDIA):<\/strong>\u00a0Globalna organizacija koja promovi\u0161e upotrebu RFID tehnologije.<\/li>\n<li><strong>Web stranice proizvo\u0111a\u010da:<\/strong>\u00a0Provjerite web stranice najve\u0107ih proizvo\u0111a\u010da RFID \u010dipova za tehni\u010dku dokumentaciju i podr\u0161ku.<\/li>\n<\/ul>\n<\/div>\n<div class=\"auto-hide-last-sibling-br paragraph_9dc5f paragraph-element\"><\/div>\n<div class=\"auto-hide-last-sibling-br paragraph_9dc5f paragraph-element\"><\/div>","protected":false},"excerpt":{"rendered":"<p>UHF RFID Inlay Monza M4 \u010dipovi za inventar, pra\u0107enje imovine i borbu protiv krivotvorenja. Veliki rasponi o\u010ditavanja, brz pristup podacima i robusne performanse.<\/p>","protected":false},"featured_media":724,"template":"","meta":{"_kad_post_transparent":"default","_kad_post_title":"","_kad_post_layout":"default","_kad_post_sidebar_id":"","_kad_post_content_style":"default","_kad_post_vertical_padding":"default","_kad_post_feature":"","_kad_post_feature_position":"","_kad_post_header":false,"_kad_post_footer":false,"_kad_post_classname":""},"product_brand":[],"product_cat":[54,189],"product_tag":[108,190],"class_list":{"0":"post-723","1":"product","2":"type-product","3":"status-publish","4":"has-post-thumbnail","6":"product_cat-hot-selling-rfid-tags","7":"product_cat-rfid-inlay","8":"product_tag-rfid-inlay","9":"product_tag-uhf-rfid-inlay-monza-m4-m5-chips","11":"first","12":"instock","13":"shipping-taxable","14":"product-type-simple","15":"entry","16":"content-bg","17":"loop-entry"},"_links":{"self":[{"href":"https:\/\/rfid-laundry-tag.com\/bs\/wp-json\/wp\/v2\/product\/723","targetHints":{"allow":["GET"]}}],"collection":[{"href":"https:\/\/rfid-laundry-tag.com\/bs\/wp-json\/wp\/v2\/product"}],"about":[{"href":"https:\/\/rfid-laundry-tag.com\/bs\/wp-json\/wp\/v2\/types\/product"}],"version-history":[{"count":4,"href":"https:\/\/rfid-laundry-tag.com\/bs\/wp-json\/wp\/v2\/product\/723\/revisions"}],"predecessor-version":[{"id":1331,"href":"https:\/\/rfid-laundry-tag.com\/bs\/wp-json\/wp\/v2\/product\/723\/revisions\/1331"}],"wp:featuredmedia":[{"embeddable":true,"href":"https:\/\/rfid-laundry-tag.com\/bs\/wp-json\/wp\/v2\/media\/724"}],"wp:attachment":[{"href":"https:\/\/rfid-laundry-tag.com\/bs\/wp-json\/wp\/v2\/media?parent=723"}],"wp:term":[{"taxonomy":"product_brand","embeddable":true,"href":"https:\/\/rfid-laundry-tag.com\/bs\/wp-json\/wp\/v2\/product_brand?post=723"},{"taxonomy":"product_cat","embeddable":true,"href":"https:\/\/rfid-laundry-tag.com\/bs\/wp-json\/wp\/v2\/product_cat?post=723"},{"taxonomy":"product_tag","embeddable":true,"href":"https:\/\/rfid-laundry-tag.com\/bs\/wp-json\/wp\/v2\/product_tag?post=723"}],"curies":[{"name":"radni list","href":"https:\/\/api.w.org\/{rel}","templated":true}]}}