{"id":72,"date":"2024-06-11T15:41:08","date_gmt":"2024-06-11T15:41:08","guid":{"rendered":"https:\/\/rfid-laundry-tag.com\/?post_type=product&#038;p=72"},"modified":"2024-06-11T16:35:12","modified_gmt":"2024-06-11T16:35:12","slug":"pps-nfc-laundry-tag-ntag213","status":"publish","type":"product","link":"https:\/\/rfid-laundry-tag.com\/bs\/pps-nfc-laundry-tag-ntag213\/","title":{"rendered":"PPS NFC oznaka za pranje rublja-Ntag213"},"content":{"rendered":"<div class=\"J_module\">\n<div class=\"ife-detail-decorate-table\">\n<table class=\"has-title all magic-6\">\n<tbody>\n<tr>\n<td colspan=\"1\" rowspan=\"1\">\n<div class=\"magic-7\" data-spm-anchor-id=\"a2700.details.0.i45.77607d98vZbcDU\"><span class=\"magic-8\" style=\"color: #363535;\">Naziv stavke<\/span><\/div>\n<\/td>\n<td colspan=\"1\" rowspan=\"1\">\n<div class=\"magic-9\">PPS NFC oznaka za pranje rublja-Ntag213<\/div>\n<\/td>\n<\/tr>\n<tr>\n<td colspan=\"1\" rowspan=\"1\">\n<div class=\"magic-7\"><span class=\"magic-10\" data-spm-anchor-id=\"a2700.pc-decorate.0.i10.28d333330XLbTD\"><span class=\"magic-8\">Materijal<\/span><\/span><\/div>\n<\/td>\n<td colspan=\"1\" rowspan=\"1\">\n<div class=\"magic-9\"><span class=\"magic-8\">PPS<\/span><\/div>\n<\/td>\n<\/tr>\n<tr>\n<td colspan=\"1\" rowspan=\"1\">\n<div class=\"magic-7\"><span class=\"magic-8\">Boja<\/span><\/div>\n<\/td>\n<td colspan=\"1\" rowspan=\"1\">\n<div class=\"magic-9\"><span class=\"magic-8\">Crna, \u017euta itd<\/span><\/div>\n<\/td>\n<\/tr>\n<tr>\n<td colspan=\"1\" rowspan=\"1\">MOQ<\/td>\n<td colspan=\"1\" rowspan=\"1\">500kom<\/td>\n<\/tr>\n<tr>\n<td colspan=\"1\" rowspan=\"1\">\n<div class=\"magic-7\"><span class=\"magic-8\">Proizvo\u0111a\u010d\/\u010dip<\/span><\/div>\n<\/td>\n<td colspan=\"1\" rowspan=\"1\">\n<div class=\"magic-9\"><span class=\"magic-8\">NXP Ntag213 <\/span><\/div>\n<\/td>\n<\/tr>\n<tr>\n<td colspan=\"1\" rowspan=\"1\">\n<div class=\"magic-7\"><span class=\"magic-8\">Frekvencija<\/span><\/div>\n<\/td>\n<td colspan=\"1\" rowspan=\"1\">\n<div class=\"magic-9\"><span class=\"magic-8\">13.56MHz<\/span><\/div>\n<\/td>\n<\/tr>\n<tr>\n<td colspan=\"1\" rowspan=\"1\">\n<div class=\"magic-7\"><span class=\"magic-8\">Memorija<\/span><\/div>\n<\/td>\n<td colspan=\"1\" rowspan=\"1\">\n<div class=\"magic-9\"><span class=\"magic-8\">144 bajtova<\/span><\/div>\n<\/td>\n<\/tr>\n<tr>\n<td colspan=\"1\" rowspan=\"1\">\n<div class=\"magic-7\"><span class=\"magic-8\">Pro\u010ditajte udaljenost<\/span><\/div>\n<\/td>\n<td colspan=\"1\" rowspan=\"1\">\n<div class=\"magic-9\"><span class=\"magic-8\">1~5cm<\/span><\/div>\n<\/td>\n<\/tr>\n<tr>\n<td colspan=\"1\" rowspan=\"1\">\n<div class=\"magic-7\"><span class=\"magic-8\">Radni na\u010din<\/span><\/div>\n<\/td>\n<td colspan=\"1\" rowspan=\"1\">\n<div class=\"magic-9\"><span class=\"magic-8\">pasivno<\/span><\/div>\n<\/td>\n<\/tr>\n<tr>\n<td colspan=\"1\" rowspan=\"1\">\n<div class=\"magic-7\"><span class=\"magic-8\">Radna temperatura<\/span><\/div>\n<\/td>\n<td colspan=\"1\" rowspan=\"1\">\n<div class=\"magic-9\"><span class=\"magic-8\">-25\u2103~+110\u2103<\/span><\/div>\n<\/td>\n<\/tr>\n<tr>\n<td colspan=\"1\" rowspan=\"1\">\n<div class=\"magic-7\"><span class=\"magic-8\">Temperatura skladi\u0161tenja<\/span><\/div>\n<\/td>\n<td colspan=\"1\" rowspan=\"1\">\n<div class=\"magic-9\"><span class=\"magic-8\">-40\u2103~+85\u2103<\/span><\/div>\n<\/td>\n<\/tr>\n<tr>\n<td colspan=\"1\" rowspan=\"1\">\n<div class=\"magic-7\">\n<div><span class=\"magic-8\">\u00a0<\/span><\/div>\n<p><span class=\"magic-8\">Kratkotrajna temperaturna otpornost<\/span><\/p>\n<\/div>\n<\/td>\n<td colspan=\"1\" rowspan=\"1\">\n<div class=\"magic-9\"><span class=\"magic-8\">pranje: 90\u2103, 15 minuta; konvertersko prethodno su\u0161enje: 180\u2103, 30 minuta, 200 puta; peglanje: 180\u2103, 10 sekundi, 200 puta; visoko<br \/>\ntemperatura sterilizacije: 135\u2103, 20 minuta<\/span><\/div>\n<\/td>\n<\/tr>\n<tr>\n<td colspan=\"1\" rowspan=\"1\">\n<div class=\"magic-7\"><span class=\"magic-8\">Karakteristike<\/span><\/div>\n<\/td>\n<td colspan=\"1\" rowspan=\"1\">\n<div class=\"magic-9\"><span class=\"magic-8\">vodootporan, periv, otporan na visoke temperature<\/span><\/div>\n<\/td>\n<\/tr>\n<tr>\n<td colspan=\"1\" rowspan=\"1\">\n<div class=\"magic-7\"><span class=\"magic-8\">\u017divot<\/span><\/div>\n<\/td>\n<td colspan=\"1\" rowspan=\"1\">\n<div class=\"magic-9\"><span class=\"magic-8\">pranje 200 puta ili 3 godine<\/span><\/div>\n<\/td>\n<\/tr>\n<tr>\n<td colspan=\"1\" rowspan=\"1\">\n<div class=\"magic-7\"><span class=\"magic-8\">Prijave<\/span><\/div>\n<\/td>\n<td colspan=\"1\" rowspan=\"1\">\n<div class=\"magic-9\"><span class=\"magic-8\">upravljanje i pra\u0107enje pranja rublja<\/span><\/div>\n<\/td>\n<\/tr>\n<\/tbody>\n<\/table>\n<\/div>\n<\/div>\n<div class=\"J_module\">\n<div class=\"detail-decorate-json-renderer-container\">\n<div class=\"magic-1\">\n<div>\n<div><\/div>\n<div class=\"auto-hide-last-sibling-br paragraph_1252f paragraph-element\"><strong>NTAG213 \u010dip NFC oznake za ve\u0161<\/strong><\/div>\n<ul class=\"auto-hide-last-sibling-br\">\n<li>Proizvo\u0111a\u010d: NXP Semiconductors<\/li>\n<li>Tip \u010dipa: NTAG213 (ISO\/IEC 14443 A)<\/li>\n<li>Memorija: 144 bajta ukupne memorije, podijeljene na 42 stranice (svaka po 4 bajta)<\/li>\n<li>Dozvoli \u010ditanje i pisanje<\/li>\n<li>UID ASCII funkcija ogledala<\/li>\n<li>Integrirani potpis originalnosti<\/li>\n<li>NFC Forum Type 2 Tag uskla\u0111en<\/li>\n<\/ul>\n<\/div>\n<div class=\"magic-2\">\n<div class=\"auto-hide-last-sibling-br paragraph_1252f paragraph-element\">\n<div class=\"auto-hide-last-sibling-br paragraph_1252f paragraph-element\">PPS NFC oznake za ve\u0161 sa NTAG213 \u010dipovima su odli\u010dan izbor za okru\u017eenja koja zahtevaju visoku izdr\u017eljivost i pouzdano pra\u0107enje, kao \u0161to su komercijalne i industrijske praonice ve\u0161a, skladi\u0161ta i logisti\u010dke kompanije. Sa svojim robusnim PPS plasti\u010dnim ku\u0107i\u0161tem, oni mogu efikasno da se odupru izazovima \u017eivotne sredine kao \u0161to su vlaga, ulja, hemikalije, visoki pritisci i visoke temperature.<\/div>\n<p>&nbsp;<\/p>\n<div class=\"auto-hide-last-sibling-br paragraph_1252f paragraph-element\">Klju\u010dne prednosti NFC oznake za pranje rublja s NTAG213 \u010dipovima uklju\u010duju:<\/div>\n<p>&nbsp;<\/p>\n<div class=\"auto-hide-last-sibling-br paragraph_1252f paragraph-element\"><strong>Memorija za\u0161ti\u0107ena lozinkom:<\/strong>\u00a0Sa NTAG213 funkcijom za\u0161tite lozinkom, mo\u017eete osigurati podatke pohranjene u oznaci, dodaju\u0107i dodatni sloj sigurnosti kako biste sprije\u010dili neovla\u0161teni pristup ili promjene.<\/div>\n<p>&nbsp;<\/p>\n<div class=\"auto-hide-last-sibling-br paragraph_1252f paragraph-element\"><strong>Odli\u010dna udaljenost skeniranja:<\/strong>\u00a0Iako je NFC dizajniran za komunikaciju kratkog dometa, NTAG213 \u010dip je razvijen da obezbijedi odli\u010dnu udaljenost skeniranja, podr\u017eavaju\u0107i br\u017ee i preciznije pra\u0107enje stavki.<\/div>\n<p>&nbsp;<\/p>\n<div class=\"auto-hide-last-sibling-br paragraph_1252f paragraph-element\"><strong>Prava karakteristika protiv sudara:<\/strong>\u00a0Ova funkcija omogu\u0107ava ure\u0111aju za \u010ditanje da skenira i komunicira sa vi\u0161e oznaka istovremeno. Ovo je zgodno u situacijama kada je potrebno pratiti veliki broj artikala odjednom, kao \u0161to su serije ve\u0161a ili palete u skladi\u0161tima.<\/div>\n<p>&nbsp;<\/p>\n<div class=\"auto-hide-last-sibling-br paragraph_1252f paragraph-element\"><strong>Fleksibilna primjena:<\/strong>\u00a0NFC PPS oznake za ve\u0161 mogu se za\u0161iti na tkaninu ili pri\u010dvrstiti na razli\u010dite povr\u0161ine, \u0161to ih \u010dini raznovrsnim za pra\u0107enje ne samo posteljine, ve\u0107 i alata, opreme ili bilo kojeg drugog predmeta koji treba da izdr\u017ei te\u0161ke uslove.<\/div>\n<div class=\"auto-hide-last-sibling-br paragraph_1252f paragraph-element\"><\/div>\n<\/div>\n<\/div>\n<\/div>\n<\/div>\n<\/div>","protected":false},"excerpt":{"rendered":"<div class=\"auto-hide-last-sibling-br paragraph_1252f paragraph-element\">PPS RFID oznaka za ve\u0161, \u0161ire poznata kao NFC oznaka za ve\u0161, dizajnirana je izri\u010dito za aplikacije kojima je potrebna robusna oznaka koja mo\u017ee da izdr\u017ei rigorozne uslove rada. Trenutno, mainstream tr\u017ei\u0161te gravitira prema UHF transponderima za pranje rublja. Ipak, neke okolnosti zahtijevaju NFC oznake za pranje rublja kompatibilne s mobilnim aplikacijama. Ovi transponderi za pranje ve\u0161a u obliku RFID dugmeta ve\u0161to ispunjavaju ove zahteve.<\/div>","protected":false},"featured_media":73,"template":"","meta":{"_kad_post_transparent":"default","_kad_post_title":"","_kad_post_layout":"default","_kad_post_sidebar_id":"","_kad_post_content_style":"default","_kad_post_vertical_padding":"default","_kad_post_feature":"","_kad_post_feature_position":"","_kad_post_header":false,"_kad_post_footer":false,"_kad_post_classname":""},"product_brand":[],"product_cat":[21,17],"product_tag":[37,42,35],"class_list":{"0":"post-72","1":"product","2":"type-product","3":"status-publish","4":"has-post-thumbnail","6":"product_cat-pps-rfid-laundry-tag","7":"product_cat-nfc-rfid-laundry-tag","8":"product_tag-nfc-button","9":"product_tag-pps-nfc-laundry-tag","10":"product_tag-rfid-button","12":"first","13":"instock","14":"shipping-taxable","15":"product-type-simple","16":"entry","17":"content-bg","18":"loop-entry"},"_links":{"self":[{"href":"https:\/\/rfid-laundry-tag.com\/bs\/wp-json\/wp\/v2\/product\/72","targetHints":{"allow":["GET"]}}],"collection":[{"href":"https:\/\/rfid-laundry-tag.com\/bs\/wp-json\/wp\/v2\/product"}],"about":[{"href":"https:\/\/rfid-laundry-tag.com\/bs\/wp-json\/wp\/v2\/types\/product"}],"version-history":[{"count":0,"href":"https:\/\/rfid-laundry-tag.com\/bs\/wp-json\/wp\/v2\/product\/72\/revisions"}],"wp:featuredmedia":[{"embeddable":true,"href":"https:\/\/rfid-laundry-tag.com\/bs\/wp-json\/wp\/v2\/media\/73"}],"wp:attachment":[{"href":"https:\/\/rfid-laundry-tag.com\/bs\/wp-json\/wp\/v2\/media?parent=72"}],"wp:term":[{"taxonomy":"product_brand","embeddable":true,"href":"https:\/\/rfid-laundry-tag.com\/bs\/wp-json\/wp\/v2\/product_brand?post=72"},{"taxonomy":"product_cat","embeddable":true,"href":"https:\/\/rfid-laundry-tag.com\/bs\/wp-json\/wp\/v2\/product_cat?post=72"},{"taxonomy":"product_tag","embeddable":true,"href":"https:\/\/rfid-laundry-tag.com\/bs\/wp-json\/wp\/v2\/product_tag?post=72"}],"curies":[{"name":"radni list","href":"https:\/\/api.w.org\/{rel}","templated":true}]}}