{"id":70,"date":"2024-06-11T14:43:51","date_gmt":"2024-06-11T14:43:51","guid":{"rendered":"https:\/\/rfid-laundry-tag.com\/?post_type=product&#038;p=70"},"modified":"2024-06-14T13:38:47","modified_gmt":"2024-06-14T13:38:47","slug":"uhf-rfid-laundry-tag-pps-material","status":"publish","type":"product","link":"https:\/\/rfid-laundry-tag.com\/bs\/uhf-rfid-laundry-tag-pps-material\/","title":{"rendered":"UHF RFID oznaka za rublje | PPS materijal"},"content":{"rendered":"<div class=\"J_module\">\n<div class=\"ife-detail-decorate-table\">\n<table class=\"has-title all magic-6\">\n<tbody>\n<tr>\n<td colspan=\"1\" rowspan=\"1\">\n<div class=\"magic-7\" data-spm-anchor-id=\"a2700.details.0.i45.77607d98vZbcDU\"><span class=\"magic-8\" style=\"color: #363535;\">Naziv stavke<\/span><\/div>\n<\/td>\n<td colspan=\"1\" rowspan=\"1\">\n<div class=\"magic-9\"><span class=\"magic-8\">UHF RFID oznaka za rublje PPS<\/span><\/div>\n<\/td>\n<\/tr>\n<tr>\n<td colspan=\"1\" rowspan=\"1\">\n<div class=\"magic-7\"><span class=\"magic-10\" data-spm-anchor-id=\"a2700.pc-decorate.0.i10.28d333330XLbTD\"><span class=\"magic-8\">Materijal<\/span><\/span><\/div>\n<\/td>\n<td colspan=\"1\" rowspan=\"1\">\n<div class=\"magic-9\"><span class=\"magic-8\">PPS<\/span><\/div>\n<\/td>\n<\/tr>\n<tr>\n<td colspan=\"1\" rowspan=\"1\">\n<div class=\"magic-7\"><span class=\"magic-8\">Boja<\/span><\/div>\n<\/td>\n<td colspan=\"1\" rowspan=\"1\">\n<div class=\"magic-9\"><span class=\"magic-8\">Crno<\/span><\/div>\n<\/td>\n<\/tr>\n<tr>\n<td colspan=\"1\" rowspan=\"1\">MOQ<\/td>\n<td colspan=\"1\" rowspan=\"1\">500kom<\/td>\n<\/tr>\n<tr>\n<td colspan=\"1\" rowspan=\"1\">\n<div class=\"magic-7\"><span class=\"magic-8\">Proizvo\u0111a\u010d\/\u010dip<\/span><\/div>\n<\/td>\n<td colspan=\"1\" rowspan=\"1\">\n<div class=\"magic-9\"><span class=\"magic-8\">NXP UCODE 8,UCODE 9<\/span><\/div>\n<\/td>\n<\/tr>\n<tr>\n<td colspan=\"1\" rowspan=\"1\">\n<div class=\"magic-7\"><span class=\"magic-8\">Frekvencija<\/span><\/div>\n<\/td>\n<td colspan=\"1\" rowspan=\"1\">\n<div class=\"magic-9\"><span class=\"magic-8\">860-960MHz\/<\/span><\/div>\n<\/td>\n<\/tr>\n<tr>\n<td colspan=\"1\" rowspan=\"1\">\n<div class=\"magic-7\"><span class=\"magic-8\">Memorija<\/span><\/div>\n<\/td>\n<td colspan=\"1\" rowspan=\"1\">\n<div class=\"magic-9\"><span class=\"magic-8\">96 bita\/128 bita<\/span><\/div>\n<\/td>\n<\/tr>\n<tr>\n<td colspan=\"1\" rowspan=\"1\">\n<div class=\"magic-7\"><span class=\"magic-8\">Pro\u010ditajte udaljenost<\/span><\/div>\n<\/td>\n<td colspan=\"1\" rowspan=\"1\">\n<div class=\"magic-9\"><span class=\"magic-8\">1-6m<\/span><\/div>\n<\/td>\n<\/tr>\n<tr>\n<td colspan=\"1\" rowspan=\"1\">\n<div class=\"magic-7\"><span class=\"magic-8\">Radni na\u010din<\/span><\/div>\n<\/td>\n<td colspan=\"1\" rowspan=\"1\">\n<div class=\"magic-9\"><span class=\"magic-8\">pasivno<\/span><\/div>\n<\/td>\n<\/tr>\n<tr>\n<td colspan=\"1\" rowspan=\"1\">\n<div class=\"magic-7\"><span class=\"magic-8\">Radna temperatura<\/span><\/div>\n<\/td>\n<td colspan=\"1\" rowspan=\"1\">\n<div class=\"magic-9\"><span class=\"magic-8\">-25\u2103~+110\u2103<\/span><\/div>\n<\/td>\n<\/tr>\n<tr>\n<td colspan=\"1\" rowspan=\"1\">\n<div class=\"magic-7\"><span class=\"magic-8\">Temperatura skladi\u0161tenja<\/span><\/div>\n<\/td>\n<td colspan=\"1\" rowspan=\"1\">\n<div class=\"magic-9\"><span class=\"magic-8\">-40\u2103~+85\u2103<\/span><\/div>\n<\/td>\n<\/tr>\n<tr>\n<td colspan=\"1\" rowspan=\"1\">\n<div class=\"magic-7\">\n<div><span class=\"magic-8\">\u00a0<\/span><\/div>\n<p><span class=\"magic-8\">Kratkotrajna temperaturna otpornost<\/span><\/p>\n<\/div>\n<\/td>\n<td colspan=\"1\" rowspan=\"1\">\n<div class=\"magic-9\"><span class=\"magic-8\">pranje: 90\u2103, 15 minuta; konvertersko prethodno su\u0161enje: 180\u2103, 30 minuta, 200 puta; peglanje: 180\u2103, 10 sekundi, 200 puta; visoko<br \/>\ntemperatura sterilizacije: 135\u2103, 20 minuta<\/span><\/div>\n<\/td>\n<\/tr>\n<tr>\n<td colspan=\"1\" rowspan=\"1\">\n<div class=\"magic-7\"><span class=\"magic-8\">Karakteristike<\/span><\/div>\n<\/td>\n<td colspan=\"1\" rowspan=\"1\">\n<div class=\"magic-9\"><span class=\"magic-8\">vodootporan, periv, otporan na visoke temperature<\/span><\/div>\n<\/td>\n<\/tr>\n<tr>\n<td colspan=\"1\" rowspan=\"1\">\n<div class=\"magic-7\"><span class=\"magic-8\">\u017divot<\/span><\/div>\n<\/td>\n<td colspan=\"1\" rowspan=\"1\">\n<div class=\"magic-9\"><span class=\"magic-8\">pranje 200 puta ili 3 godine<\/span><\/div>\n<\/td>\n<\/tr>\n<tr>\n<td colspan=\"1\" rowspan=\"1\">\n<div class=\"magic-7\"><span class=\"magic-8\">Prijave<\/span><\/div>\n<\/td>\n<td colspan=\"1\" rowspan=\"1\">\n<div class=\"magic-9\"><span class=\"magic-8\">upravljanje i pra\u0107enje pranja rublja<\/span><\/div>\n<\/td>\n<\/tr>\n<\/tbody>\n<\/table>\n<\/div>\n<\/div>\n<div class=\"J_module\">\n<div class=\"detail-decorate-json-renderer-container\">\n<div class=\"magic-1\">\n<div class=\"magic-2\">\n<div class=\"magic-3\">\n<div><\/div>\n<div class=\"magic-4\">\n<div><strong>RFID oznaka dugmeta<\/strong><\/div>\n<div><\/div>\n<\/div>\n<\/div>\n<div>\n<div class=\"auto-hide-last-sibling-br paragraph_1252f paragraph-element\">PPS oznake za pranje rublja otporne na visoke temperature slu\u017ee kao odli\u010dno rje\u0161enje za pra\u0107enje za komercijalna okru\u017eenja kao \u0161to su menze i restorani u kojima se stalno rukuje velikim koli\u010dinama posu\u0111a.<\/div>\n<\/div>\n<div>\n<div><\/div>\n<\/div>\n<\/div>\n<p><strong>Opcije \u010dipa:<\/strong><\/p>\n<p><strong>NXP-ov UCODE 8<\/strong> i UCODE 8m IC su proizvodi UCODE porodice. UCODE 8\/8m nudi visoke performanse i karakteristike za upotrebu u najzahtjevnijim aplikacijama RFID ozna\u010davanja.<\/p>\n<p>Posebno pogodan za aplikacije za upravljanje zalihama, kao \u0161to su npr. maloprodaja i moda, sa svojim dokazanim RF performansama za bilo koji faktor oblika, UCODE 8\/8m omogu\u0107ava veliku udaljenost \u010ditanja i brz inventar guste populacije RFID oznaka. Sa svojim \u0161irokopojasnim dizajnom, nudi mogu\u0107nost proizvodnje istinske globalne RFID etikete sa visokim performansama u odnosu na svjetske propise.<\/p>\n<p>Ure\u0111aj tako\u0111e ima funkciju samopode\u0161avanja, oznaku statusa proizvoda za aplikaciju za elektronski nadzor artikala (EAS), unapred serijalizovani 96-bitni EPC, identifikator brenda i komandu EPC Gen2v2 za \u017ealbu Untraceable.<\/p>\n<div id=\"featuresXsp\" class=\"features-list toggle-opacity in\">\n<div class=\"features-xsp\">\n<div class=\"collapse-mobile ste-list\">\n<h3>Klju\u010dne karakteristike<\/h3>\n<ul class=\"boxes\">\n<li>Osetljivost \u010ditanja -23dBm<\/li>\n<li>Osetljivost pisanja -18dBm<\/li>\n<li>Inovativna funkcionalnost\n<ul>\n<li>Self-Adjust<\/li>\n<li>Memory Safeguard<\/li>\n<li>Ne mo\u017ee se u\u0107i u trag<\/li>\n<li>Pre-serijalizacija za 96-bitni EPC<\/li>\n<li>Integrirana oznaka statusa proizvoda (PSF)<\/li>\n<\/ul>\n<\/li>\n<li>Kompatibilan sa antenom sa jednim prorezom<\/li>\n<li>Do 128-bitni EPC<\/li>\n<li>96-bitni jedinstveni identifikator oznake (TID) tvorni\u010dki zaklju\u010dan, uklju\u010duju\u0107i 48-bitni jedinstveni serijski broj<\/li>\n<li>EPC Gen2v2<\/li>\n<\/ul>\n<\/div>\n<div class=\"collapse-mobile ste-list\">\n<h3>Memorija<\/h3>\n<ul class=\"boxes\">\n<li>128-bit\/96-bit (UCODE 8\/UCODE 8m) EPC memorije<\/li>\n<li>Podr\u017eava pre-serializaciju za 96-bitni EPC<\/li>\n<li>96-bitni identifikator oznake (TID) tvorni\u010dki zaklju\u010dan<\/li>\n<li>48-bitni jedinstveni serijski broj tvorni\u010dki kodiran u TID<\/li>\n<li>0-bit\/32-bit (UCODE 8\/UCODE 8m) korisni\u010dka memorija<\/li>\n<li>32-bitna kill lozinka za trajno deaktiviranje oznake<\/li>\n<li>32-bitna pristupna lozinka<\/li>\n<li>\u0160irok raspon radne temperature: -40\u00a0<sup>\u00b0<\/sup>C do +85\u00a0<sup>\u00b0<\/sup>C<\/li>\n<li>EPC Gen2v2<\/li>\n<\/ul>\n<p><strong>NXP-ov UCODE 9<\/strong><\/p>\n<p>Uz UCODE 9, zahtjevne aplikacije za ozna\u010davanje RAIN RFID dobijaju poticaj, tako da trgovci na malo i pametne logisti\u010dke kompanije mogu ubrzati usvajanje IoT-a.<\/p>\n<p>Sa svojim pove\u0107anim performansama, UCODE 9 omogu\u0107ava efikasnije prebrojavanje zaliha. Dodatno, UCODE 9 omogu\u0107ava ponovnu upotrebu postoje\u0107ih UCODE 8 inlay antenskih dizajna, \u0161to nudi jednostavan put migracije sa UCODE 8 na UCODE 9.<\/p>\n<p>Njegove ve\u0107e performanse \u010dipa omogu\u0107avaju manje dizajne ulo\u017eaka koji poma\u017eu u smanjenju upotrebe plastike i aluminijuma i na taj na\u010din promoviraju ekolo\u0161ku odr\u017eivost.<\/p>\n<div class=\"collapse-mobile ste-list\">\n<h3>Klju\u010dne karakteristike<\/h3>\n<ul class=\"boxes\">\n<li>Osetljivost \u010ditanja: -24 dBm<\/li>\n<li>Osetljivost pisanja: -22 dBm<\/li>\n<li>Brzina kodiranja: 32 bita u 0,96 ms<\/li>\n<li>Zamjena ulazne antene za UCODE 8<\/li>\n<li>Samopode\u0161avanje<\/li>\n<li>Za\u0161tita memorije<\/li>\n<li>Pre-serijalizacija 96-bitnog EPC-a<\/li>\n<\/ul>\n<\/div>\n<div class=\"collapse-mobile ste-list\">\n<h3>Memorija<\/h3>\n<ul class=\"boxes\">\n<li>96-bitna EPC memorija<\/li>\n<li>Podr\u017eava pre-serializaciju 96-bitnog EPC-a<\/li>\n<li>96-bitni identifikator oznake (TID) tvorni\u010dki zaklju\u010dan<\/li>\n<li>48-bitni jedinstveni serijski broj tvorni\u010dki kodiran u TID<\/li>\n<li>32-bitna kill lozinka za trajno deaktiviranje oznake<\/li>\n<li>\u0160irok raspon radne temperature: -40 \u00b0C do +85 \u00b0C<\/li>\n<li>Izdr\u017eljivost ciklusa pisanja od 100k<\/li>\n<li>20 godina \u010duvanja podataka<\/li>\n<\/ul>\n<\/div>\n<div class=\"collapse-mobile ste-list\">\n<h3>Podr\u017eane karakteristike<\/h3>\n<ul class=\"boxes\">\n<li>Implementirane su sve obavezne naredbe EPC globalne Gen2 v2.1 specifikacije uklju\u010duju\u0107i:\n<ul>\n<li>Ubij komanda<\/li>\n<\/ul>\n<\/li>\n<li>Sljede\u0107e opcione komande implementirane su u skladu sa EPC specifikacijom\n<ul>\n<li>Block Write (2 rije\u010di, 32-bit)<\/li>\n<\/ul>\n<\/li>\n<li>Samopode\u0161avanje za automatsku optimizaciju performansi oznaka<\/li>\n<li>Permalock<\/li>\n<\/ul>\n<\/div>\n<\/div>\n<div class=\"collapse-mobile ste-list\"><\/div>\n<\/div>\n<\/div>\n<div class=\"magic-2\">\n<div>\n<div class=\"auto-hide-last-sibling-br paragraph_1252f paragraph-element\"><\/div>\n<div class=\"auto-hide-last-sibling-br paragraph_1252f paragraph-element\"><strong>Primjena RFID oznaka dugmeta<\/strong><\/div>\n<ol class=\"auto-hide-last-sibling-br\">\n<li>\n<div class=\"auto-hide-last-sibling-br paragraph_1252f paragraph-element\">Industrijske praonice: U industrijskom sektoru, pra\u0107enje ogromnih koli\u010dina rublja postaje zadatak bez napora uz kori\u0161tenje RFID dugmadi za oznaku rublja.<\/div>\n<\/li>\n<li>\n<div class=\"auto-hide-last-sibling-br paragraph_1252f paragraph-element\">Bolnice i hoteli: Ove ustanove se \u010desto bave velikim obimom pranja rublja gdje su se ove oznake pokazale kao instrumentalne u pobolj\u0161anju efikasnosti i upravljanja zalihama.<\/div>\n<\/li>\n<li>\n<div class=\"auto-hide-last-sibling-br paragraph_1252f paragraph-element\">Iznajmljivanje posteljine: Preduze\u0107a koja pru\u017eaju usluge iznajmljivanja posteljine koriste ove oznake za pojednostavljenje upravljanja zalihama i odr\u017eavanje kontrole kvaliteta.<\/div>\n<\/li>\n<\/ol>\n<div class=\"auto-hide-last-sibling-br paragraph_1252f paragraph-element\"><\/div>\n<\/div>\n<\/div>\n<\/div>\n<\/div>\n<\/div>","protected":false},"excerpt":{"rendered":"<div class=\"auto-hide-last-sibling-br paragraph_1252f paragraph-element\">Uobi\u010dajeno prepoznata kao oznaka RFID dugmeta, UHF RFID oznaka za pranje ve\u0161a je izdr\u017eljiv ure\u0111aj namenjen za funkcije koje zahtevaju otporne oznake u te\u0161kim uslovima. UHF transponderi za pranje ve\u0161a trenutno vode tr\u017ei\u0161te, iako postoje slu\u010dajevi u kojima su potrebne RFID oznake dugmadi koje se sinhronizuju sa mobilnim aplikacijama. Ovi RFID transponderi za pranje ve\u0161a u obliku dugmeta optimalno odgovaraju ovom ra\u010dunu. Sa svojom prilagodljivo\u0161\u0107u i izuzetnim performansama, oni nude ogromne prednosti u pra\u0107enju i identifikaciji industrijskog tekstila i ve\u0161a u razli\u010ditim sektorima.<\/div>","protected":false},"featured_media":71,"template":"","meta":{"_kad_post_transparent":"default","_kad_post_title":"","_kad_post_layout":"default","_kad_post_sidebar_id":"","_kad_post_content_style":"default","_kad_post_vertical_padding":"default","_kad_post_feature":"","_kad_post_feature_position":"","_kad_post_header":false,"_kad_post_footer":false,"_kad_post_classname":""},"product_brand":[],"product_cat":[21,16],"product_tag":[41,35,33,30],"class_list":{"0":"post-70","1":"product","2":"type-product","3":"status-publish","4":"has-post-thumbnail","6":"product_cat-pps-rfid-laundry-tag","7":"product_cat-uhf-rfid-laundry-tags","8":"product_tag-pps-uhf-rfid-laundry-tag","9":"product_tag-rfid-button","10":"product_tag-rfid-laundry-tag-button","11":"product_tag-uhf-rfid-laundry-tag","13":"first","14":"instock","15":"shipping-taxable","16":"product-type-simple","17":"entry","18":"content-bg","19":"loop-entry"},"_links":{"self":[{"href":"https:\/\/rfid-laundry-tag.com\/bs\/wp-json\/wp\/v2\/product\/70","targetHints":{"allow":["GET"]}}],"collection":[{"href":"https:\/\/rfid-laundry-tag.com\/bs\/wp-json\/wp\/v2\/product"}],"about":[{"href":"https:\/\/rfid-laundry-tag.com\/bs\/wp-json\/wp\/v2\/types\/product"}],"version-history":[{"count":1,"href":"https:\/\/rfid-laundry-tag.com\/bs\/wp-json\/wp\/v2\/product\/70\/revisions"}],"predecessor-version":[{"id":150,"href":"https:\/\/rfid-laundry-tag.com\/bs\/wp-json\/wp\/v2\/product\/70\/revisions\/150"}],"wp:featuredmedia":[{"embeddable":true,"href":"https:\/\/rfid-laundry-tag.com\/bs\/wp-json\/wp\/v2\/media\/71"}],"wp:attachment":[{"href":"https:\/\/rfid-laundry-tag.com\/bs\/wp-json\/wp\/v2\/media?parent=70"}],"wp:term":[{"taxonomy":"product_brand","embeddable":true,"href":"https:\/\/rfid-laundry-tag.com\/bs\/wp-json\/wp\/v2\/product_brand?post=70"},{"taxonomy":"product_cat","embeddable":true,"href":"https:\/\/rfid-laundry-tag.com\/bs\/wp-json\/wp\/v2\/product_cat?post=70"},{"taxonomy":"product_tag","embeddable":true,"href":"https:\/\/rfid-laundry-tag.com\/bs\/wp-json\/wp\/v2\/product_tag?post=70"}],"curies":[{"name":"radni list","href":"https:\/\/api.w.org\/{rel}","templated":true}]}}