{"id":62,"date":"2024-06-10T16:32:32","date_gmt":"2024-06-10T16:32:32","guid":{"rendered":"https:\/\/rfid-laundry-tag.com\/?post_type=product&#038;p=62"},"modified":"2024-06-10T16:32:32","modified_gmt":"2024-06-10T16:32:32","slug":"rfid-laundry-tag-button","status":"publish","type":"product","link":"https:\/\/rfid-laundry-tag.com\/bs\/rfid-laundry-tag-button\/","title":{"rendered":"Dugme RFID oznake za ve\u0161"},"content":{"rendered":"<div class=\"J_module\">\n<div class=\"ife-detail-decorate-table\">\n<table class=\"has-title all magic-6\">\n<tbody>\n<tr>\n<td colspan=\"1\" rowspan=\"1\">\n<div class=\"magic-7\" data-spm-anchor-id=\"a2700.details.0.i45.77607d98vZbcDU\"><span class=\"magic-8\" style=\"color: #363535;\">Naziv stavke<\/span><\/div>\n<\/td>\n<td colspan=\"1\" rowspan=\"1\">\n<div class=\"magic-9\"><span class=\"magic-8\">Dugme RFID oznake za ve\u0161<\/span><\/div>\n<\/td>\n<\/tr>\n<tr>\n<td colspan=\"1\" rowspan=\"1\">\n<div class=\"magic-7\"><span class=\"magic-10\" data-spm-anchor-id=\"a2700.pc-decorate.0.i10.28d333330XLbTD\"><span class=\"magic-8\">Materijal<\/span><\/span><\/div>\n<\/td>\n<td colspan=\"1\" rowspan=\"1\">\n<div class=\"magic-9\"><span class=\"magic-8\">PPS<\/span><\/div>\n<\/td>\n<\/tr>\n<tr>\n<td colspan=\"1\" rowspan=\"1\">\n<div class=\"magic-7\"><span class=\"magic-8\">Boja<\/span><\/div>\n<\/td>\n<td colspan=\"1\" rowspan=\"1\">\n<div class=\"magic-9\"><span class=\"magic-8\">Crna, \u017euta itd<\/span><\/div>\n<\/td>\n<\/tr>\n<tr>\n<td colspan=\"1\" rowspan=\"1\">MOQ<\/td>\n<td colspan=\"1\" rowspan=\"1\">500kom<\/td>\n<\/tr>\n<tr>\n<td colspan=\"1\" rowspan=\"1\">\n<div class=\"magic-7\"><span class=\"magic-8\">Proizvo\u0111a\u010d\/\u010dip<\/span><\/div>\n<\/td>\n<td colspan=\"1\" rowspan=\"1\">\n<div class=\"magic-9\"><span class=\"magic-8\">NXP UCODE 8,UCODE 9\/NTAG213\/EM4305,T5577 itd<\/span><\/div>\n<\/td>\n<\/tr>\n<tr>\n<td colspan=\"1\" rowspan=\"1\">\n<div class=\"magic-7\"><span class=\"magic-8\">Frekvencija<\/span><\/div>\n<\/td>\n<td colspan=\"1\" rowspan=\"1\">\n<div class=\"magic-9\"><span class=\"magic-8\">860-960MHz\/13,56MHz\/125Khz<\/span><\/div>\n<\/td>\n<\/tr>\n<tr>\n<td colspan=\"1\" rowspan=\"1\">\n<div class=\"magic-7\"><span class=\"magic-8\">Memorija<\/span><\/div>\n<\/td>\n<td colspan=\"1\" rowspan=\"1\">\n<div class=\"magic-9\"><span class=\"magic-8\">96 bita\/128 bita\/144 bajta<\/span><\/div>\n<\/td>\n<\/tr>\n<tr>\n<td colspan=\"1\" rowspan=\"1\">\n<div class=\"magic-7\"><span class=\"magic-8\">Pro\u010ditajte udaljenost<\/span><\/div>\n<\/td>\n<td colspan=\"1\" rowspan=\"1\">\n<div class=\"magic-9\"><span class=\"magic-8\">1-6m\/1~5cm\/1~2cm<\/span><\/div>\n<\/td>\n<\/tr>\n<tr>\n<td colspan=\"1\" rowspan=\"1\">\n<div class=\"magic-7\"><span class=\"magic-8\">Radni na\u010din<\/span><\/div>\n<\/td>\n<td colspan=\"1\" rowspan=\"1\">\n<div class=\"magic-9\"><span class=\"magic-8\">pasivno<\/span><\/div>\n<\/td>\n<\/tr>\n<tr>\n<td colspan=\"1\" rowspan=\"1\">\n<div class=\"magic-7\"><span class=\"magic-8\">Radna temperatura<\/span><\/div>\n<\/td>\n<td colspan=\"1\" rowspan=\"1\">\n<div class=\"magic-9\"><span class=\"magic-8\">-25\u2103~+110\u2103<\/span><\/div>\n<\/td>\n<\/tr>\n<tr>\n<td colspan=\"1\" rowspan=\"1\">\n<div class=\"magic-7\"><span class=\"magic-8\">Temperatura skladi\u0161tenja<\/span><\/div>\n<\/td>\n<td colspan=\"1\" rowspan=\"1\">\n<div class=\"magic-9\"><span class=\"magic-8\">-40\u2103~+85\u2103<\/span><\/div>\n<\/td>\n<\/tr>\n<tr>\n<td colspan=\"1\" rowspan=\"1\">\n<div class=\"magic-7\">\n<div><span class=\"magic-8\">\u00a0<\/span><\/div>\n<p><span class=\"magic-8\">Kratkotrajna temperaturna otpornost<\/span><\/div>\n<\/td>\n<td colspan=\"1\" rowspan=\"1\">\n<div class=\"magic-9\"><span class=\"magic-8\">pranje: 90\u2103, 15 minuta; konvertersko prethodno su\u0161enje: 180\u2103, 30 minuta, 200 puta; peglanje: 180\u2103, 10 sekundi, 200 puta; visoko<br \/>\ntemperatura sterilizacije: 135\u2103, 20 minuta<\/span><\/div>\n<\/td>\n<\/tr>\n<tr>\n<td colspan=\"1\" rowspan=\"1\">\n<div class=\"magic-7\"><span class=\"magic-8\">Karakteristike<\/span><\/div>\n<\/td>\n<td colspan=\"1\" rowspan=\"1\">\n<div class=\"magic-9\"><span class=\"magic-8\">vodootporan, periv, otporan na visoke temperature<\/span><\/div>\n<\/td>\n<\/tr>\n<tr>\n<td colspan=\"1\" rowspan=\"1\">\n<div class=\"magic-7\"><span class=\"magic-8\">\u017divot<\/span><\/div>\n<\/td>\n<td colspan=\"1\" rowspan=\"1\">\n<div class=\"magic-9\"><span class=\"magic-8\">pranje 200 puta ili 3 godine<\/span><\/div>\n<\/td>\n<\/tr>\n<tr>\n<td colspan=\"1\" rowspan=\"1\">\n<div class=\"magic-7\"><span class=\"magic-8\">Prijave<\/span><\/div>\n<\/td>\n<td colspan=\"1\" rowspan=\"1\">\n<div class=\"magic-9\"><span class=\"magic-8\">upravljanje i pra\u0107enje pranja rublja<\/span><\/div>\n<\/td>\n<\/tr>\n<\/tbody>\n<\/table>\n<\/div>\n<\/div>\n<div class=\"J_module\">\n<div class=\"detail-decorate-json-renderer-container\">\n<div class=\"magic-1\">\n<div class=\"magic-2\">\n<div class=\"magic-3\">\n<div><\/div>\n<div class=\"magic-4\"><span class=\"magic-5\" style=\"color: #2196ed;\"><b class=\"magic-10\">Dugme RFID oznake za ve\u0161<\/b><\/span><\/p>\n<div><\/div>\n<\/div>\n<\/div>\n<div>\n<div class=\"auto-hide-last-sibling-br paragraph_1252f paragraph-element\">PPS oznake za pranje rublja otporne na visoke temperature slu\u017ee kao odli\u010dno rje\u0161enje za pra\u0107enje za komercijalna okru\u017eenja kao \u0161to su menze i restorani u kojima se stalno rukuje velikim koli\u010dinama posu\u0111a:<\/div>\n<p><br class=\"container_e695a wrapper_ad07b undefined\" \/><\/p>\n<ol class=\"auto-hide-last-sibling-br\">\n<li>\n<div class=\"auto-hide-last-sibling-br paragraph_1252f paragraph-element\">Besprijekorno pra\u0107enje: Stavljanje na svaki komad posu\u0111a RFID oznakom koja sadr\u017ei jedinstvene identifikacijske informacije (kao \u0161to su tip artikla, proizvo\u0111a\u010d i datum kupovine) omogu\u0107ava pra\u0107enje napretka svakog artikla kroz proces pranja preko RFID \u010dita\u010da.<\/div>\n<\/li>\n<li>\n<div class=\"auto-hide-last-sibling-br paragraph_1252f paragraph-element\">Visoka izdr\u017eljivost: Izlaganje visokim temperaturama i jakim hemikalijama nije izazov za PPS RFID oznake otporne na visoke temperature. Pomno su dizajnirani da izdr\u017ee takve uvjete, \u0161to ih \u010dini idealnim izborom za pra\u0107enje posu\u0111a u komercijalnim perionicama posu\u0111a.<\/div>\n<\/li>\n<li>\n<div class=\"auto-hide-last-sibling-br paragraph_1252f paragraph-element\">Efikasno upravljanje zalihama: Jednom o\u010di\u0161\u0107ene, dezinficirane i pohranjene za ponovnu upotrebu, RFID oznake mogu lako pratiti dostupnost i lokaciju svake stavke. To osigurava dovoljno stalnu opskrbu \u010distim posu\u0111em, eliminiraju\u0107i mogu\u0107nost nesta\u0161ice ili pogre\u0161nog rukovanja.<\/div>\n<\/li>\n<li>\n<div class=\"auto-hide-last-sibling-br paragraph_1252f paragraph-element\">Pobolj\u0161ana logistika: Implementacija PPS Laundry RFID oznaka pojednostavljuje upravljanje inventarom i logisti\u010dkim procedurama na visokim temperaturama, kao \u0161to su komercijalni objekti za pranje posu\u0111a.<\/div>\n<\/li>\n<\/ol>\n<div class=\"auto-hide-last-sibling-br paragraph_1252f paragraph-element\"><strong>Prednosti RFID dugmeta za pranje ve\u0161a<\/strong><\/div>\n<ol class=\"auto-hide-last-sibling-br\">\n<li>\n<div class=\"auto-hide-last-sibling-br paragraph_1252f paragraph-element\">Efikasno pra\u0107enje: RFID dugmad za oznaku ve\u0161a pojednostavljuju pra\u0107enje odevnih predmeta tokom procesa pranja ve\u0161a, pobolj\u0161avaju\u0107i operativnu efikasnost i produktivnost.<\/div>\n<\/li>\n<li>\n<div class=\"auto-hide-last-sibling-br paragraph_1252f paragraph-element\">Podsti\u010de automatizaciju: Ova dugmad poma\u017eu da se smanji potreba za ru\u010dnim radom i potencijalne gre\u0161ke povezane s njim, promovi\u0161u\u0107i efikasan, automatizovan sistem.<\/div>\n<\/li>\n<li>\n<div class=\"auto-hide-last-sibling-br paragraph_1252f paragraph-element\">Izdr\u017eljiv: Posebno dizajnirani da izdr\u017ee te\u0161ke uslove pranja, ova dugmad su otporna na visoke temperature, pritisak i hemikalije, obezbe\u0111uju\u0107i dugove\u010dnost.<\/div>\n<\/li>\n<\/ol>\n<div class=\"auto-hide-last-sibling-br paragraph_1252f paragraph-element\"><strong>Karakteristike RFID oznake za pranje rublja<\/strong><\/div>\n<ol class=\"auto-hide-last-sibling-br\">\n<li>\n<div class=\"auto-hide-last-sibling-br paragraph_1252f paragraph-element\">Jedinstvena identifikacija: Svaka oznaka sadr\u017ei jedinstvene identifikacijske informacije, olak\u0161avaju\u0107i neometano pra\u0107enje pojedina\u010dnih komada.<\/div>\n<\/li>\n<li>\n<div class=\"auto-hide-last-sibling-br paragraph_1252f paragraph-element\">Otpornost na visoke temperature: RFID dugmad za oznaku rublja dizajnirana su da izdr\u017ee visoke temperature, \u0161to ih \u010dini idealnim za kori\u0161tenje u pranju rublja.<\/div>\n<\/li>\n<li>\n<div class=\"auto-hide-last-sibling-br paragraph_1252f paragraph-element\">NFC mogu\u0107nosti: Neke oznake dolaze opremljene NFC funkcijom koja im omogu\u0107ava skeniranje pomo\u0107u mobilnih aplikacija, omogu\u0107avaju\u0107i daljinsko pra\u0107enje i upravljanje.<\/div>\n<\/li>\n<\/ol>\n<div class=\"auto-hide-last-sibling-br paragraph_1252f paragraph-element\"><strong>Primjena RFID dugmeta za pranje rublja<\/strong><\/div>\n<ol class=\"auto-hide-last-sibling-br\">\n<li>\n<div class=\"auto-hide-last-sibling-br paragraph_1252f paragraph-element\">Industrijske praonice: U industrijskom sektoru, pra\u0107enje ogromnih koli\u010dina rublja postaje zadatak bez napora uz kori\u0161tenje RFID dugmadi za oznaku rublja.<\/div>\n<\/li>\n<li>\n<div class=\"auto-hide-last-sibling-br paragraph_1252f paragraph-element\">Bolnice i hoteli: Ove ustanove se \u010desto bave velikim obimom pranja rublja gdje su se ove oznake pokazale kao instrumentalne u pobolj\u0161anju efikasnosti i upravljanja zalihama.<\/div>\n<\/li>\n<li>\n<div class=\"auto-hide-last-sibling-br paragraph_1252f paragraph-element\">Iznajmljivanje posteljine: Preduze\u0107a koja pru\u017eaju usluge iznajmljivanja posteljine koriste ove oznake za pojednostavljenje upravljanja zalihama i odr\u017eavanje kontrole kvaliteta.<\/div>\n<\/li>\n<\/ol>\n<div class=\"auto-hide-last-sibling-br paragraph_1252f paragraph-element\"><strong>Proizvodnja RFID dugmeta za etikete za pranje ve\u0161a<\/strong><\/div>\n<div class=\"auto-hide-last-sibling-br paragraph_1252f paragraph-element\">Proces proizvodnje RFID dugmadi za etikete za pranje rublja uklju\u010duje ugradnju RFID \u010dipa u plasti\u010dno ili smolno ku\u0107i\u0161te kako bi se osiguralo da je vodootporan i da mo\u017ee izdr\u017eati o\u0161tre uvjete okru\u017eenja za pranje rublja. Napredne tehnologije se koriste tokom proizvodnje kako bi se osiguralo da oznake mogu izdr\u017eati visoke temperature, pritisak i izlaganje hemikalijama. Svaka oznaka je programirana sa jedinstvenim identifikacionim brojem za potrebe pra\u0107enja tokom svog \u017eivotnog veka.<\/div>\n<\/div>\n<\/div>\n<\/div>\n<\/div>\n<\/div>","protected":false},"excerpt":{"rendered":"<div class=\"auto-hide-last-sibling-br paragraph_1252f paragraph-element\">RFID dugme za pranje ve\u0161a, ili poznatije kao PPS RFID oznaka za pranje ve\u0161a, posebno je dizajnirano da zadovolji aplikacije koje zahtevaju izdr\u017eljivu oznaku sposobnu da izdr\u017ei te\u0161ke uslove rada.<\/div>\n<div class=\"auto-hide-last-sibling-br paragraph_1252f paragraph-element\">Trenutno se ve\u0107ina tr\u017ei\u0161ta naginje upotrebi UHF transpondera za pranje rublja. Me\u0111utim, odre\u0111eni scenariji tako\u0111er zahtijevaju kori\u0161tenje NFC oznaka za pranje rublja koje podr\u017eavaju mobilne aplikacije. RFID transponderi za pranje ve\u0161a sa dugmetom efikasno zadovoljavaju ove potrebe.<\/div>\n<div class=\"auto-hide-last-sibling-br paragraph_1252f paragraph-element\">Njihova svestranost i robusne performanse \u010dine ih zna\u010dajno korisnim u identifikaciji i pra\u0107enju industrijskog rublja i tekstila u razli\u010ditim sektorima. Posebno preovla\u0111uju\u0107e u hotelima, bolnicama i preduze\u0107ima koja pru\u017eaju usluge iznajmljivanja posteljine, ove veoma izdr\u017eljive oznake su instrumentalne u pove\u0107anju operativne efikasnosti i ukupne produktivnosti.<\/div>","protected":false},"featured_media":63,"template":"","meta":{"_kad_post_transparent":"default","_kad_post_title":"","_kad_post_layout":"default","_kad_post_sidebar_id":"","_kad_post_content_style":"default","_kad_post_vertical_padding":"default","_kad_post_feature":"","_kad_post_feature_position":"","_kad_post_header":false,"_kad_post_footer":false,"_kad_post_classname":""},"product_brand":[],"product_cat":[21],"product_tag":[35,34,33],"class_list":{"0":"post-62","1":"product","2":"type-product","3":"status-publish","4":"has-post-thumbnail","6":"product_cat-pps-rfid-laundry-tag","7":"product_tag-rfid-button","8":"product_tag-rfid-laundry-button","9":"product_tag-rfid-laundry-tag-button","11":"first","12":"instock","13":"shipping-taxable","14":"product-type-simple","15":"entry","16":"content-bg","17":"loop-entry"},"_links":{"self":[{"href":"https:\/\/rfid-laundry-tag.com\/bs\/wp-json\/wp\/v2\/product\/62","targetHints":{"allow":["GET"]}}],"collection":[{"href":"https:\/\/rfid-laundry-tag.com\/bs\/wp-json\/wp\/v2\/product"}],"about":[{"href":"https:\/\/rfid-laundry-tag.com\/bs\/wp-json\/wp\/v2\/types\/product"}],"version-history":[{"count":0,"href":"https:\/\/rfid-laundry-tag.com\/bs\/wp-json\/wp\/v2\/product\/62\/revisions"}],"wp:featuredmedia":[{"embeddable":true,"href":"https:\/\/rfid-laundry-tag.com\/bs\/wp-json\/wp\/v2\/media\/63"}],"wp:attachment":[{"href":"https:\/\/rfid-laundry-tag.com\/bs\/wp-json\/wp\/v2\/media?parent=62"}],"wp:term":[{"taxonomy":"product_brand","embeddable":true,"href":"https:\/\/rfid-laundry-tag.com\/bs\/wp-json\/wp\/v2\/product_brand?post=62"},{"taxonomy":"product_cat","embeddable":true,"href":"https:\/\/rfid-laundry-tag.com\/bs\/wp-json\/wp\/v2\/product_cat?post=62"},{"taxonomy":"product_tag","embeddable":true,"href":"https:\/\/rfid-laundry-tag.com\/bs\/wp-json\/wp\/v2\/product_tag?post=62"}],"curies":[{"name":"radni list","href":"https:\/\/api.w.org\/{rel}","templated":true}]}}