{"id":54,"date":"2024-06-10T14:55:28","date_gmt":"2024-06-10T14:55:28","guid":{"rendered":"https:\/\/rfid-laundry-tag.com\/?post_type=product&#038;p=54"},"modified":"2024-09-26T04:26:47","modified_gmt":"2024-09-26T04:26:47","slug":"rfid-tag-for-linen-laundry","status":"publish","type":"product","link":"https:\/\/rfid-laundry-tag.com\/bs\/rfid-tag-for-linen-laundry\/","title":{"rendered":"RFID oznaka za pranje rublja"},"content":{"rendered":"<div>\n<div class=\"auto-hide-last-sibling-br paragraph_1252f paragraph-element\">\n<h1><strong>RFID oznaka za pranje rublja<\/strong><\/h1>\n<p><strong>fizi\u010dki:<\/strong><\/p>\n<p>Materijal: 100% poliester<\/p>\n<p>Veli\u010dina: 70 mm\u00d715 mm x1,5 mm<\/p>\n<p>\u010cip: NXP U KOD U8,U9 itd<\/p>\n<p>Na\u010din postavljanja etikete: Vrsta \u0161ivanja, peglanje<\/p>\n<p>Protokol: ISO18ooo-6C<\/p>\n<p>Peglanje: 15 sekundi, na 210 \u2103<\/p>\n<p>Izlo\u017eenost: 2,5 bara<\/p>\n<p>Su\u0161enje: 15 minuta na 180\u00b0C<\/p>\n<p>Pranje: 15 minuta na 90\u2103<\/p>\n<p>Ciklusi pranja: 200+ ciklusa ili 3 godine<\/p>\n<p>Stanje skladi\u0161tenja: -20-80\u2103,5-95%RH<\/p>\n<p>&nbsp;<\/p>\n<\/div>\n<div class=\"auto-hide-last-sibling-br paragraph_1252f paragraph-element\">Ono \u0161to posebno izdvaja na\u0161e UHF RFID oznake za ve\u0161 od niza drugih lanenih etiketa na tr\u017ei\u0161tu je njihov gladak, lucidan izgled. Impresivno su tanki, imaju neprimjetnu debljinu od 0,55 mm, \u0161to ih \u010dini najtanjim dostupnim oznakama na tr\u017ei\u0161tu. Ukratko, na\u0161e oznake nude progresivno UHF RFID rje\u0161enje za odje\u0107u, predstavljaju\u0107i idealnu kombinaciju pristupa\u010dnosti, robusnosti i suptilnosti.<\/div>\n<\/div>\n<div><\/div>\n<div class=\"auto-hide-last-sibling-br paragraph_1252f paragraph-element\">\n<div data-spm-anchor-id=\"a2700.details.0.i57.23b419c7xXORP0\"><span data-spm-anchor-id=\"a2700.details.0.i75.23b419c7xXORP0\"><b>Zna\u010dajka:<\/b><br \/>\n1) UHF tehnologija za \u010ditanje stotina oznaka istovremeno.<br \/>\n2) Vi\u0161e od 8 stopa za \u010ditanje udaljenosti.<br \/>\n3) Novi mehani\u010dki dizajn za pobolj\u0161ane performanse za ravnu posteljinu.<br \/>\n4) Pogodno za ekstraktore visokog pritiska do 60 bara.<br \/>\n5) Pogodno za sterilizaciju u autoklavu.<br \/>\n6) Mali, mekani, fleksibilni materijali idealni za tekstil, posteljinu, odje\u0107u i dodatke.<\/span><\/div>\n<\/div>\n<div data-spm-anchor-id=\"a2700.details.0.i57.23b419c7xXORP0\"><\/div>\n<div data-spm-anchor-id=\"a2700.details.0.i57.23b419c7xXORP0\">\n<p><img fetchpriority=\"high\" decoding=\"async\" class=\"wp-image-55\" src=\"https:\/\/rfid-laundry-tag.com\/wp-content\/uploads\/2024\/06\/4-300x275.png\" alt=\"RFID Tag for linen laundry\" width=\"605\" height=\"555\" srcset=\"https:\/\/rfid-laundry-tag.com\/wp-content\/uploads\/2024\/06\/4-300x275.png 300w, https:\/\/rfid-laundry-tag.com\/wp-content\/uploads\/2024\/06\/4-600x550.png 600w, https:\/\/rfid-laundry-tag.com\/wp-content\/uploads\/2024\/06\/4-13x12.png 13w, https:\/\/rfid-laundry-tag.com\/wp-content\/uploads\/2024\/06\/4.png 750w\" sizes=\"(max-width: 605px) 100vw, 605px\" \/><\/p>\n<\/div>\n<h3 class=\"wp-block-heading\">Instalacija<\/h3>\n<p><strong>Stitch Tagging<\/strong>: Za u\u0161ivanje u rub tekstila. Za\u0161ijte etiketu za rublje dalje od preklopnih linija.<br \/>\n<strong>Heat Sealing<\/strong>: Za toplotno zavarivanje direktno na tekstil na +200\u00b0C (392\u00b0F), 12~14s.<br \/>\n<strong>U torbici<\/strong>: Za \u0161ivanje kao standardna etiketa za njegu. Za\u0161ijte etiketu za rublje dalje od preklopnih linija.<\/p>\n<h3>Prednosti kori\u0161tenja RFID oznaka u upravljanju praonicama<\/h3>\n<p>Uklju\u010divanje RFID oznaka u va\u0161e operacije pranja rublja dovodi do ve\u0107e efikasnosti. Automatsko pra\u0107enje omogu\u0107ava upravljanje zalihama u realnom vremenu, minimiziranje gubitaka i osloba\u0111anje vremena zaposlenika. Ove\u00a0<strong>tekstilne RFID oznake<\/strong>\u00a0nude preduze\u0107ima i doma\u0107instvima mogu\u0107nost upravljanja i pra\u0107enja posteljine, odje\u0107e i drugih predmeta za pranje rublja sa nevi\u0111enom precizno\u0161\u0107u, pobolj\u0161avaju\u0107i i kvalitet usluge i zadovoljstvo kupaca.<\/p>\n<div class=\"auto-hide-last-sibling-br paragraph_1252f paragraph-element\">\n<div class=\"auto-hide-last-sibling-br paragraph_1252f paragraph-element\">RFID oznake za rublje su nezamjenjive u bezbroj industrija, \u0161to je klju\u010dno za efikasno pra\u0107enje imovine, upravljanje zalihama i pove\u0107anje ukupne operativne efikasnosti. Evo kratkog uvida u njihovu primjenu u razli\u010ditim sektorima:<\/div>\n<ul class=\"auto-hide-last-sibling-br\">\n<li>\n<div class=\"auto-hide-last-sibling-br paragraph_1252f paragraph-element\">Zdravstvo: Bolnice i druge medicinske ustanove koriste RFID platnene oznake za upravljanje ogromnim zalihama posteljine, pe\u0161kira, pilinga, uniformi i hirur\u0161ke posteljine. Ovo poma\u017ee u smanjenju gubitaka, upravljanju ciklusima pranja rublja i osiguravanju stalnog dostupnog \u010distog i svje\u017eeg rublja prema zahtjevima.<\/div>\n<\/li>\n<li>\n<div class=\"auto-hide-last-sibling-br paragraph_1252f paragraph-element\">Hoteli: U hotelijerstvu, upravljanje posteljinom je kolosalan zadatak, sa hiljadama artikala kao \u0161to su posteljina, pe\u0161kiri, zavese i ogrta\u010di u opticaju. RFID platnene oznake poma\u017eu u pojednostavljenju ovog zadatka, osiguravaju\u0107i pravovremeno \u010di\u0161\u0107enje i zamjenu, te poma\u017eu u otkrivanju i prevenciji kra\u0111e.<\/div>\n<\/li>\n<li>\n<div class=\"auto-hide-last-sibling-br paragraph_1252f paragraph-element\">Restorani: Unutar industrije prehrambenih usluga, RFID oznake poma\u017eu u pra\u0107enju kori\u0161tenja i \u010disto\u0107e uniformi, stolnjaka, salveta i kuharskih kecelja. Ovo mo\u017ee pove\u0107ati standarde \u010disto\u0107e i pomo\u0107i u odr\u017eavanju urednog, profesionalnog izgleda.<\/div>\n<\/li>\n<li>\n<div class=\"auto-hide-last-sibling-br paragraph_1252f paragraph-element\">Industrije modne ode\u0107e: U modnoj vrevi, RFID oznake igraju zna\u010dajnu ulogu u pra\u0107enju artikala u lancu snabdevanja od proizvodnje do maloprodajnog izlaganja. Oni mogu ponuditi vrijedne informacije kao \u0161to su porijeklo, povijest putovanja, pa \u010dak i zamr\u0161eni detalji o tkanini i uputama za njegu.<\/div>\n<\/li>\n<li>\n<div class=\"auto-hide-last-sibling-br paragraph_1252f paragraph-element\">Radna odje\u0107a\/odje\u0107a otporna na vatru: RFID oznake koriste kompanije za pra\u0107enje i upravljanje specijalnim odjevnim predmetima. Ovo uklju\u010duje osiguranje da se vatrootporna ili druga za\u0161titna odje\u0107a redovno provjerava, da se na odgovaraju\u0107i na\u010din \u010disti i mijenja kada je to potrebno.<\/div>\n<\/li>\n<li>\n<div class=\"auto-hide-last-sibling-br paragraph_1252f paragraph-element\">Obu\u0107a i maske: Od velike va\u017enosti u industrijama kao \u0161to su zdravstvo i gra\u0111evinarstvo gdje se sigurnost ne mo\u017ee ugroziti, pra\u0107enje upotrebe, \u010disto\u0107e i odr\u017eavanja predmeta kao \u0161to su maske i sigurnosne cipele pojednostavljeno je kori\u0161tenjem RFID oznaka.<\/div>\n<\/li>\n<li>\n<div class=\"auto-hide-last-sibling-br paragraph_1252f paragraph-element\">Otira\u010di i krpe: Preduze\u0107a koja pru\u017eaju usluge \u010di\u0161\u0107enja ili upravljaju velikim objektima mogu imati koristi od RFID oznaka na prostirkama i krpama. Mo\u0107i \u0107e pratiti kori\u0161tenje i odr\u017eavanje, osiguravaju\u0107i \u010dist i efikasan alat u svakom trenutku.<\/div>\n<\/li>\n<\/ul>\n<h3>Ekolo\u0161ki prihvatljiva kupovina<\/h3>\n<p>Na\u0161e RFID oznake su dizajnirane s obzirom na ekolo\u0161ku prihvatljivost. Minimiziranjem ru\u010dnog rukovanja i smanjenjem izgubljenih predmeta, mo\u017eete pomo\u0107i u smanjenju uglji\u010dnog otiska povezanog s operacijama pranja rublja. The\u00a0<strong>RFID oznake za ve\u0161<\/strong>\u00a0mogu se reciklirati na kraju svog \u017eivotnog ciklusa, doprinose\u0107i odr\u017eivoj praksi.<\/p>\n<h3>\u0160ta je UHF RFID tehnologija?<\/h3>\n<p>RFID (Radio Frequency Identification) je tehnologija koja koristi elektromagnetna polja za automatsku identifikaciju i pra\u0107enje oznaka pri\u010dvr\u0161\u0107enih na objekte. UHF RFID radi u opsegu ultra visoke frekvencije, omogu\u0107avaju\u0107i ve\u0107e udaljenosti \u010ditanja i br\u017eu identifikaciju, \u0161to ga \u010dini idealnim za primjene u pranju rublja. UHF RFID oznake se mogu za\u0161iti ili pri\u010dvrstiti na ode\u0107u i posteljinu, omogu\u0107avaju\u0107i efikasno pra\u0107enje tokom celog procesa pranja.<\/p>\n<h3>\u010cesto postavljana pitanja (FAQ)<\/h3>\n<p><strong>P1: Da li su RFID oznake za ve\u0161 kompatibilne sa svim sistemima za pranje ve\u0161a?<\/strong><br \/>\n<strong>A1:<\/strong>\u00a0Da, na\u0161e RFID oznake su dizajnirane da rade bez problema sa standardnim RFID \u010dita\u010dima koji se koriste u praonicama.<\/p>\n<p><strong>P2: Kako mogu reciklirati kori\u0161tene RFID oznake?<\/strong><br \/>\n<strong>A2:<\/strong>\u00a0Nakon njihovog \u017eivotnog ciklusa, mo\u017eete nam vratiti oznake na recikliranje ili provjeriti lokalne ustanove koje rukuju elektroni\u010dkim otpadom.<\/p>\n<p><strong>P3: Mogu li ozna\u010diti rublje za li\u010dnu upotrebu?<\/strong><br \/>\n<strong>A3:<\/strong>\u00a0Apsolutno! Ove oznake se tako\u0111e mogu koristiti u doma\u0107instvima za efikasno pra\u0107enje porodi\u010dnog ve\u0161a.<\/p>\n<h3>Za\u0161to odabrati nas za svoja RFID rje\u0161enja?<\/h3>\n<p>Uz dugogodi\u0161nju stru\u010dnost u RFID tehnologiji, nudimo visokokvalitetna, izdr\u017eljiva i inovativna rje\u0161enja prilago\u0111ena industriji pranja rublja. Na\u0161i proizvodi su dizajnirani da zadovolje razli\u010dite operativne potrebe uz zadr\u017eavanje pristupa\u010dnosti i ekolo\u0161ke odgovornosti.<\/p>\n<p>Pozivamo vas da danas transformi\u0161ete svoje operacije pranja ve\u0161a ulaganjem u na\u0161e UHF RFID oznake za ve\u0161. Sa dokazanim rezultatima u pobolj\u0161anju efikasnosti, upravljanju tekstilom i osiguravanju odgovornosti, ove oznake nisu samo ulaganje u tehnologiju, ve\u0107 ulaganje u mir.<\/p>\n<h3>Zaklju\u010dak<\/h3>\n<p>Prihva\u0107anjem budu\u0107nosti upravljanja praonicama, integracija UHF RFID tehnologije u va\u0161e poslovanje zna\u010dajno \u0107e pobolj\u0161ati va\u0161u efikasnost i pouzdanost. Ne propustite priliku da pobolj\u0161ate svoje mogu\u0107nosti obrade rublja.<\/p>\n<\/div>","protected":false},"excerpt":{"rendered":"<div class=\"auto-hide-last-sibling-br paragraph_1252f paragraph-element\">Pove\u0107ajte efikasnost pranja rublja pomo\u0107u na\u0161ih izdr\u017eljivih UHF RFID oznaka, dizajniranih za posteljinu i odje\u0107u. Mo\u017ee se prati, otporan na temperaturu i idealan za pra\u0107enje!<\/div>\n<div><\/div>\n<div class=\"auto-hide-last-sibling-br paragraph_1252f paragraph-element\"><\/div>","protected":false},"featured_media":58,"template":"","meta":{"_kad_post_transparent":"default","_kad_post_title":"","_kad_post_layout":"default","_kad_post_sidebar_id":"","_kad_post_content_style":"default","_kad_post_vertical_padding":"default","_kad_post_feature":"","_kad_post_feature_position":"","_kad_post_header":false,"_kad_post_footer":false,"_kad_post_classname":""},"product_brand":[],"product_cat":[19],"product_tag":[25,285,30,28],"class_list":{"0":"post-54","1":"product","2":"type-product","3":"status-publish","4":"has-post-thumbnail","6":"product_cat-textile-rfid-laundry-tag","7":"product_tag-rfid-laundrytags","8":"product_tag-rfid-tag","9":"product_tag-uhf-rfid-laundry-tag","10":"product_tag-washable-rfid-tags","12":"first","13":"instock","14":"shipping-taxable","15":"product-type-simple","16":"entry","17":"content-bg","18":"loop-entry"},"_links":{"self":[{"href":"https:\/\/rfid-laundry-tag.com\/bs\/wp-json\/wp\/v2\/product\/54","targetHints":{"allow":["GET"]}}],"collection":[{"href":"https:\/\/rfid-laundry-tag.com\/bs\/wp-json\/wp\/v2\/product"}],"about":[{"href":"https:\/\/rfid-laundry-tag.com\/bs\/wp-json\/wp\/v2\/types\/product"}],"version-history":[{"count":3,"href":"https:\/\/rfid-laundry-tag.com\/bs\/wp-json\/wp\/v2\/product\/54\/revisions"}],"predecessor-version":[{"id":2684,"href":"https:\/\/rfid-laundry-tag.com\/bs\/wp-json\/wp\/v2\/product\/54\/revisions\/2684"}],"wp:featuredmedia":[{"embeddable":true,"href":"https:\/\/rfid-laundry-tag.com\/bs\/wp-json\/wp\/v2\/media\/58"}],"wp:attachment":[{"href":"https:\/\/rfid-laundry-tag.com\/bs\/wp-json\/wp\/v2\/media?parent=54"}],"wp:term":[{"taxonomy":"product_brand","embeddable":true,"href":"https:\/\/rfid-laundry-tag.com\/bs\/wp-json\/wp\/v2\/product_brand?post=54"},{"taxonomy":"product_cat","embeddable":true,"href":"https:\/\/rfid-laundry-tag.com\/bs\/wp-json\/wp\/v2\/product_cat?post=54"},{"taxonomy":"product_tag","embeddable":true,"href":"https:\/\/rfid-laundry-tag.com\/bs\/wp-json\/wp\/v2\/product_tag?post=54"}],"curies":[{"name":"radni list","href":"https:\/\/api.w.org\/{rel}","templated":true}]}}