{"id":47,"date":"2024-06-09T14:50:05","date_gmt":"2024-06-09T14:50:05","guid":{"rendered":"https:\/\/rfid-laundry-tag.com\/?post_type=product&#038;p=47"},"modified":"2024-09-08T05:41:36","modified_gmt":"2024-09-08T05:41:36","slug":"washable-rfid-tags","status":"publish","type":"product","link":"https:\/\/rfid-laundry-tag.com\/bs\/washable-rfid-tags\/","title":{"rendered":"RFID oznake koje se mogu prati"},"content":{"rendered":"<p><strong>RFID oznake koje se mogu prati<\/strong><\/p>\n<div class=\"auto-hide-last-sibling-br paragraph_1252f paragraph-element\">\n<div class=\"auto-hide-last-sibling-br paragraph_1252f paragraph-element\">RFID oznaka koja se mo\u017ee prati za odje\u0107u je svestrana alternativa tradicionalnim RFID oznakama za pranje rublja, posebno dizajnirana da izdr\u017ei preko 50 ciklusa pranja u doma\u0107instvu uz samo minimalno smanjenje (10% do 15%) RFID performansi. Slu\u017ee\u0107i kao idealno isplativo rje\u0161enje, ova vodootporna RFID oznaka savr\u0161ena je za iznajmljivanje i maloprodaju odjevnih predmeta, obu\u0107e i posteljine.<\/div>\n<div><\/div>\n<div class=\"auto-hide-last-sibling-br paragraph_1252f paragraph-element\">Uz jedinstvenu strukturu i za\u0161titni mehanizam za RFID \u010dip, ova oznaka mo\u017ee izdr\u017eati vi\u0161e od 50 ciklusa pranja u doma\u0107instvu. Mo\u017ee se neupadljivo ugurati u \u0161av ili staviti na etiketu za njegu, \u010dine\u0107i ga prakti\u010dki neprimje\u0107enim.<\/div>\n<p>&nbsp;<\/p>\n<div class=\"auto-hide-last-sibling-br paragraph_1252f paragraph-element\">Ono \u0161to razlikuje ovu UHF RFID oznaku od ostalih perivih platnenih oznaka je njen tanak prozirni dizajn od 0,55 mm, \u0161to je \u010dini najtanjom na tr\u017ei\u0161tu. Sve u svemu, ovo predstavlja inovativno UHF RFID rje\u0161enje za odje\u0107u koje nudi isplativost, izdr\u017eljivost i diskreciju.<\/div>\n<div><\/div>\n<div data-spm-anchor-id=\"a2700.details.0.i57.23b419c7xXORP0\"><span data-spm-anchor-id=\"a2700.details.0.i75.23b419c7xXORP0\"><b>Zna\u010dajka:<\/b><br \/>\n1) UHF tehnologija za \u010ditanje stotina oznaka istovremeno.<br \/>\n2) Vi\u0161e od 8 stopa za \u010ditanje udaljenosti.<br \/>\n3) Novi mehani\u010dki dizajn za pobolj\u0161ane performanse za ravnu posteljinu.<br \/>\n4) Pogodno za ekstraktore visokog pritiska do 60 bara.<br \/>\n5) Pogodno za sterilizaciju u autoklavu.<br \/>\n6) Mali, mekani, fleksibilni materijali idealni za tekstil, posteljinu, odje\u0107u i dodatke.<\/span><\/div>\n<\/div>\n<div data-spm-anchor-id=\"a2700.details.0.i57.23b419c7xXORP0\"><\/div>\n<div data-spm-anchor-id=\"a2700.details.0.i57.23b419c7xXORP0\">\n<div class=\"text-title\"><span data-spm-anchor-id=\"a2700.details.0.i77.23b419c7xXORP0\">fizi\u010dki:<\/span><\/div>\n<div class=\"text-content\" data-spm-anchor-id=\"a2700.details.0.i54.23b419c7xXORP0\">\n<p>Materijal: 100% poliester<\/p>\n<div>Veli\u010dina: 70 mm\u00d715 mm x1,5 mm<\/div>\n<div>\u010cip: UHF<\/div>\n<div>Na\u010din postavljanja etikete: \u0161ivanje, peglanje<\/div>\n<div>Protokol: ISO18ooo-6C EPC C1G2<\/div>\n<div>Peglanje: 15 sekundi, na 210 \u2103<\/div>\n<div>Izlo\u017eenost: 2,5 bara<\/div>\n<div>Su\u0161enje: 15 minuta na 180\u00b0C<\/div>\n<div><span data-spm-anchor-id=\"a2700.details.0.i78.23b419c7xXORP0\">Pranje: 15 minuta na 90\u2103<\/span><\/div>\n<div>Ciklusi pranja: 200+ ciklusa ili 3 godine<br \/>\nStanje skladi\u0161tenja: -20-80\u2103,5-95%RH<\/div>\n<\/div>\n<\/div>\n<h3 class=\"wp-block-heading\">Instalacija<\/h3>\n<p><strong>Stitch Tagging<\/strong>: Za u\u0161ivanje u rub tekstila. Za\u0161ijte etiketu za rublje dalje od preklopnih linija.<br \/>\n<strong>Heat Sealing<\/strong>: Za toplotno zavarivanje direktno na tekstil na +200\u00b0C (392\u00b0F), 12~14s.<br \/>\n<strong>U torbici<\/strong>: Za \u0161ivanje kao standardna etiketa za njegu. Za\u0161ijte etiketu za rublje dalje od preklopnih linija.<\/p>\n<div class=\"auto-hide-last-sibling-br paragraph_1252f paragraph-element\">RFID oznake koje se mogu prati su sastavni dio brojnih industrija, omogu\u0107avaju\u0107i efikasno pra\u0107enje imovine, upravljanje zalihama i pove\u0107anje ukupne operativne produktivnosti. Evo nekih od njegovih primjena u razli\u010ditim sektorima:<\/div>\n<ol class=\"auto-hide-last-sibling-br\">\n<li>\n<div class=\"auto-hide-last-sibling-br paragraph_1252f paragraph-element\"><strong>Zdravstvo<\/strong>: Bolnice i druge medicinske ustanove koriste RFID platnene oznake za upravljanje ogromnim zalihama posteljine, pe\u0161kira, pilinga, uniformi i hirur\u0161ke posteljine. Ovo poma\u017ee u smanjenju gubitaka, upravljanju ciklusima pranja rublja i osigurava da je \u010dista, svje\u017ea posteljina uvijek dostupna po potrebi.<\/div>\n<\/li>\n<li>\n<div class=\"auto-hide-last-sibling-br paragraph_1252f paragraph-element\"><strong>Hoteli<\/strong>: Upravljanje posteljinom je ogroman zadatak u hotelijerstvu, gdje su u opticaju hiljade artikala, od posteljine preko pe\u0161kira do zavjesa i ogrta\u010da. RFID platnene oznake pojednostavljuju pra\u0107enje, osiguravaju pravovremeno \u010di\u0161\u0107enje i zamjenu i poma\u017eu u otkrivanju i sprje\u010davanju kra\u0111e.<\/div>\n<\/li>\n<li>\n<div class=\"auto-hide-last-sibling-br paragraph_1252f paragraph-element\"><strong>Restorani<\/strong>: U prehrambenoj industriji, RFID oznake mogu pratiti upotrebu i \u010di\u0161\u0107enje uniformi, stolnjaka, salveta i kuharskih kecelja. Ovo mo\u017ee pobolj\u0161ati standarde \u010disto\u0107e i pomo\u0107i u odr\u017eavanju ugla\u0111enog, profesionalnog izgleda.<\/div>\n<\/li>\n<li>\n<div class=\"auto-hide-last-sibling-br paragraph_1252f paragraph-element\"><strong>Industrija modne odje\u0107e<\/strong>: RFID oznake igraju ogromnu ulogu u pra\u0107enju artikala u cijelom lancu opskrbe, od proizvodnje do maloprodaje. Oni mogu pru\u017eiti vrijedne informacije poput porijekla, povijesti putovanja, pa \u010dak i detalja o tkanini i uputama za njegu.<\/div>\n<\/li>\n<li>\n<div class=\"auto-hide-last-sibling-br paragraph_1252f paragraph-element\"><strong>Radna odje\u0107a\/odje\u0107a otporna na vatru<\/strong>: Kompanije mogu koristiti RFID oznake za pra\u0107enje i upravljanje specijalnim odjevnim predmetima. To mo\u017ee uklju\u010divati osiguravanje da se vatrootporna ili druga za\u0161titna odje\u0107a redovito pregledava, pravilno \u010disti i po potrebi zamjenjuje.<\/div>\n<\/li>\n<li>\n<div class=\"auto-hide-last-sibling-br paragraph_1252f paragraph-element\"><strong>Obu\u0107a i maske<\/strong>: Posebno va\u017eno u industrijama kao \u0161to su zdravstvo i gra\u0111evinarstvo gdje je sigurnost kriti\u010dna, pra\u0107enje upotrebe, \u010di\u0161\u0107enja i odr\u017eavanja predmeta kao \u0161to su maske i sigurnosne cipele mo\u017ee se pojednostaviti upotrebom RFID oznaka.<\/div>\n<\/li>\n<li>\n<div class=\"auto-hide-last-sibling-br paragraph_1252f paragraph-element\"><strong>Otira\u010di i krpe<\/strong>: Za preduze\u0107a koja pru\u017eaju usluge \u010di\u0161\u0107enja ili upravljaju velikim objektima, RFID oznake na prostirkama i krpama mogu pomo\u0107i u pra\u0107enju upotrebe i odr\u017eavanja, osiguravaju\u0107i \u010diste i efikasne alate u svakom trenutku.<\/div>\n<\/li>\n<\/ol>","protected":false},"excerpt":{"rendered":"<p>RFID oznake koje se mogu prati, koje se \u010desto nazivaju RFID platnene oznake, izra\u0111ene su od nje\u017ene, ali \u010dvrste gumene vanjske strane. Ovo su oznake za odje\u0107u dizajnirane da budu fleksibilne i robusne, da izdr\u017ee do 200 ciklusa pranja i pritiske do 60 bara. Na\u0161e UHF RFID oznake za pranje rublja izvrsne su u masovnom o\u010ditavanju, efikasno detektirane s nekoliko metara udaljenosti. Dolaze u razli\u010ditim mjerama u rasponu od 1,5 do 3 in\u010da u du\u017einu i pola in\u010da do 1 in\u010da u \u0161irinu. Ove RFID oznake koje se mogu prati nalaze preovla\u0111uju\u0107u upotrebu u medicinskom polju, \u010desto se pri\u010dvr\u0161\u0107uju na pilinge koje nose doktori i medicinske sestre, kao i na druge profesionalne uniforme, kostime i predmete koji se mogu iznajmiti kao \u0161to su prostirke.<\/p>","protected":false},"featured_media":48,"template":"","meta":{"_kad_post_transparent":"default","_kad_post_title":"","_kad_post_layout":"default","_kad_post_sidebar_id":"","_kad_post_content_style":"default","_kad_post_vertical_padding":"default","_kad_post_feature":"","_kad_post_feature_position":"","_kad_post_header":false,"_kad_post_footer":false,"_kad_post_classname":""},"product_brand":[],"product_cat":[19,16],"product_tag":[25,27,28],"class_list":{"0":"post-47","1":"product","2":"type-product","3":"status-publish","4":"has-post-thumbnail","6":"product_cat-textile-rfid-laundry-tag","7":"product_cat-uhf-rfid-laundry-tags","8":"product_tag-rfid-laundrytags","9":"product_tag-uhf-rfid-textile-laundry-tag","10":"product_tag-washable-rfid-tags","12":"first","13":"instock","14":"shipping-taxable","15":"product-type-simple","16":"entry","17":"content-bg","18":"loop-entry"},"_links":{"self":[{"href":"https:\/\/rfid-laundry-tag.com\/bs\/wp-json\/wp\/v2\/product\/47","targetHints":{"allow":["GET"]}}],"collection":[{"href":"https:\/\/rfid-laundry-tag.com\/bs\/wp-json\/wp\/v2\/product"}],"about":[{"href":"https:\/\/rfid-laundry-tag.com\/bs\/wp-json\/wp\/v2\/types\/product"}],"version-history":[{"count":1,"href":"https:\/\/rfid-laundry-tag.com\/bs\/wp-json\/wp\/v2\/product\/47\/revisions"}],"predecessor-version":[{"id":1969,"href":"https:\/\/rfid-laundry-tag.com\/bs\/wp-json\/wp\/v2\/product\/47\/revisions\/1969"}],"wp:featuredmedia":[{"embeddable":true,"href":"https:\/\/rfid-laundry-tag.com\/bs\/wp-json\/wp\/v2\/media\/48"}],"wp:attachment":[{"href":"https:\/\/rfid-laundry-tag.com\/bs\/wp-json\/wp\/v2\/media?parent=47"}],"wp:term":[{"taxonomy":"product_brand","embeddable":true,"href":"https:\/\/rfid-laundry-tag.com\/bs\/wp-json\/wp\/v2\/product_brand?post=47"},{"taxonomy":"product_cat","embeddable":true,"href":"https:\/\/rfid-laundry-tag.com\/bs\/wp-json\/wp\/v2\/product_cat?post=47"},{"taxonomy":"product_tag","embeddable":true,"href":"https:\/\/rfid-laundry-tag.com\/bs\/wp-json\/wp\/v2\/product_tag?post=47"}],"curies":[{"name":"radni list","href":"https:\/\/api.w.org\/{rel}","templated":true}]}}