{"id":43,"date":"2024-06-03T16:12:18","date_gmt":"2024-06-03T16:12:18","guid":{"rendered":"https:\/\/rfid-laundry-tag.com\/?post_type=product&#038;p=43"},"modified":"2024-09-08T05:39:52","modified_gmt":"2024-09-08T05:39:52","slug":"uhf-rfid-textile-laundry-tag","status":"publish","type":"product","link":"https:\/\/rfid-laundry-tag.com\/bs\/uhf-rfid-textile-laundry-tag\/","title":{"rendered":"UHF RFID oznaka za pranje rublja"},"content":{"rendered":"<h2>UHF RFID oznaka za pranje rublja<\/h2>\n<div class=\"auto-hide-last-sibling-br paragraph_1252f paragraph-element\">\n<p><b><span class=\"magic-14\" data-spm-anchor-id=\"a2700.details.0.i55.23b419c7xXORP0\">RFID oznake za pranje rublja .<\/span><\/b><\/p>\n<p>RFID platnene oznake za pranje rublja se obi\u010dno koriste u industrijskim praonicama rublja, hotelskoj posteljini i medicinskim uniformama. Ove oznake su vrlo otporne i mogu izdr\u017eati visoke temperature, \u0161to ih \u010dini sposobnim da pre\u017eive preko 200 ciklusa pranja.<\/p>\n<div data-spm-anchor-id=\"a2700.details.0.i57.23b419c7xXORP0\"><span data-spm-anchor-id=\"a2700.details.0.i75.23b419c7xXORP0\"><b>Zna\u010dajka:<\/b><br \/>\n1) UHF tehnologija za \u010ditanje stotina oznaka istovremeno.<br \/>\n2) Vi\u0161e od 8 stopa za \u010ditanje udaljenosti.<br \/>\n3) Novi mehani\u010dki dizajn za pobolj\u0161ane performanse za ravnu posteljinu.<br \/>\n4) Pogodno za ekstraktore visokog pritiska do 60 bara.<br \/>\n5) Pogodno za sterilizaciju u autoklavu.<br \/>\n6) Mali, mekani, fleksibilni materijali idealni za tekstil, posteljinu, odje\u0107u i dodatke.<\/span><\/div>\n<\/div>\n<div data-spm-anchor-id=\"a2700.details.0.i57.23b419c7xXORP0\"><\/div>\n<div data-spm-anchor-id=\"a2700.details.0.i57.23b419c7xXORP0\">\n<div class=\"text-title\"><span data-spm-anchor-id=\"a2700.details.0.i77.23b419c7xXORP0\">fizi\u010dki:<\/span><\/div>\n<div class=\"text-content\" data-spm-anchor-id=\"a2700.details.0.i54.23b419c7xXORP0\">\n<div>Veli\u010dina: 70 mm\u00d715 mm x1,5 mm<\/div>\n<div>\u010cip: UHF<\/div>\n<div>Na\u010din postavljanja etikete: \u0161ivanje, peglanje<\/div>\n<div>Protokol: ISO18ooo-6C EPC C1G2<\/div>\n<div>Peglanje: 15 sekundi, na 210 \u2103<\/div>\n<div>Izlo\u017eenost: 2,5 bara<\/div>\n<div>Su\u0161enje: 15 minuta na 180\u00b0C<\/div>\n<div><span data-spm-anchor-id=\"a2700.details.0.i78.23b419c7xXORP0\">Pranje: 15 minuta na 90\u2103<\/span><\/div>\n<div>Ciklusi pranja: 200+ ciklusa ili 3 godine<br \/>\nStanje skladi\u0161tenja: -20-80\u2103,5-95%RH<\/div>\n<\/div>\n<\/div>\n<h3 class=\"wp-block-heading\">Instalacija<\/h3>\n<p><strong>Stitch Tagging<\/strong>: Za u\u0161ivanje u rub tekstila. Za\u0161ijte etiketu za rublje dalje od preklopnih linija.<br \/>\n<strong>Heat Sealing<\/strong>: Za toplotno zavarivanje direktno na tekstil na +200\u00b0C (392\u00b0F), 12~14s.<br \/>\n<strong>U torbici<\/strong>: Za \u0161ivanje kao standardna etiketa za njegu. Za\u0161ijte etiketu za rublje dalje od preklopnih linija.<\/p>\n<div class=\"auto-hide-last-sibling-br paragraph_1252f paragraph-element\">\u00a0UHF RFID oznaka za pranje ve\u0161a je sastavni deo brojnih industrija, obezbe\u0111uju\u0107i efikasno pra\u0107enje imovine, upravljanje zalihama i pove\u0107anje ukupne operativne produktivnosti. Evo nekih od njegovih primjena u razli\u010ditim sektorima:<\/div>\n<ol class=\"auto-hide-last-sibling-br\">\n<li>\n<div class=\"auto-hide-last-sibling-br paragraph_1252f paragraph-element\"><strong>Zdravstvo<\/strong>: Bolnice i druge medicinske ustanove koriste RFID platnene oznake za upravljanje ogromnim zalihama posteljine, pe\u0161kira, pilinga, uniformi i hirur\u0161ke posteljine. Ovo poma\u017ee u smanjenju gubitaka, upravljanju ciklusima pranja rublja i osigurava da je \u010dista, svje\u017ea posteljina uvijek dostupna po potrebi.<\/div>\n<\/li>\n<li>\n<div class=\"auto-hide-last-sibling-br paragraph_1252f paragraph-element\"><strong>Hoteli<\/strong>: Upravljanje posteljinom je ogroman zadatak u hotelijerstvu, gdje su u opticaju hiljade artikala, od posteljine preko pe\u0161kira do zavjesa i ogrta\u010da. RFID platnene oznake pojednostavljuju pra\u0107enje, osiguravaju pravovremeno \u010di\u0161\u0107enje i zamjenu i poma\u017eu u otkrivanju i sprje\u010davanju kra\u0111e.<\/div>\n<\/li>\n<li>\n<div class=\"auto-hide-last-sibling-br paragraph_1252f paragraph-element\"><strong>Restorani<\/strong>: U prehrambenoj industriji, RFID oznake mogu pratiti upotrebu i \u010di\u0161\u0107enje uniformi, stolnjaka, salveta i kuharskih kecelja. Ovo mo\u017ee pobolj\u0161ati standarde \u010disto\u0107e i pomo\u0107i u odr\u017eavanju ugla\u0111enog, profesionalnog izgleda.<\/div>\n<\/li>\n<li>\n<div class=\"auto-hide-last-sibling-br paragraph_1252f paragraph-element\"><strong>Industrija modne odje\u0107e<\/strong>: RFID oznake igraju ogromnu ulogu u pra\u0107enju artikala u cijelom lancu opskrbe, od proizvodnje do maloprodaje. Oni mogu pru\u017eiti vrijedne informacije poput porijekla, povijesti putovanja, pa \u010dak i detalja o tkanini i uputama za njegu.<\/div>\n<\/li>\n<li>\n<div class=\"auto-hide-last-sibling-br paragraph_1252f paragraph-element\"><strong>Radna odje\u0107a\/odje\u0107a otporna na vatru<\/strong>: Kompanije mogu koristiti RFID oznake za pra\u0107enje i upravljanje specijalnim odjevnim predmetima. To mo\u017ee uklju\u010divati osiguravanje da se vatrootporna ili druga za\u0161titna odje\u0107a redovito pregledava, pravilno \u010disti i po potrebi zamjenjuje.<\/div>\n<\/li>\n<li>\n<div class=\"auto-hide-last-sibling-br paragraph_1252f paragraph-element\"><strong>Obu\u0107a i maske<\/strong>: Posebno va\u017eno u industrijama kao \u0161to su zdravstvo i gra\u0111evinarstvo gdje je sigurnost kriti\u010dna, pra\u0107enje upotrebe, \u010di\u0161\u0107enja i odr\u017eavanja predmeta kao \u0161to su maske i sigurnosne cipele mo\u017ee se pojednostaviti upotrebom RFID oznaka.<\/div>\n<\/li>\n<li>\n<div class=\"auto-hide-last-sibling-br paragraph_1252f paragraph-element\"><strong>Otira\u010di i krpe<\/strong>: Za preduze\u0107a koja pru\u017eaju usluge \u010di\u0161\u0107enja ili upravljaju velikim objektima, RFID oznake na prostirkama i krpama mogu pomo\u0107i u pra\u0107enju upotrebe i odr\u017eavanja, osiguravaju\u0107i \u010diste i efikasne alate u svakom trenutku.<\/div>\n<\/li>\n<\/ol>","protected":false},"excerpt":{"rendered":"<p><b>RFID oznake za ve\u0161 <\/b>su posebno dizajnirani za upotrebu u hotelima, bolnicama, hemijskim \u010distionicama i upravljanju pokriva\u010dima u avio kompanijama. Ove oznake su dostupne u tri glavna materijala: PPS, silikon i tkanina.<\/p>","protected":false},"featured_media":44,"template":"","meta":{"_kad_post_transparent":"default","_kad_post_title":"","_kad_post_layout":"default","_kad_post_sidebar_id":"","_kad_post_content_style":"default","_kad_post_vertical_padding":"default","_kad_post_feature":"","_kad_post_feature_position":"","_kad_post_header":false,"_kad_post_footer":false,"_kad_post_classname":""},"product_brand":[],"product_cat":[19,16],"product_tag":[25,23,27,26],"class_list":{"0":"post-43","1":"product","2":"type-product","3":"status-publish","4":"has-post-thumbnail","6":"product_cat-textile-rfid-laundry-tag","7":"product_cat-uhf-rfid-laundry-tags","8":"product_tag-rfid-laundrytags","9":"product_tag-rfid-linen-tags","10":"product_tag-uhf-rfid-textile-laundry-tag","11":"product_tag-washable-uhf-rfid-laundry-tag","13":"first","14":"instock","15":"shipping-taxable","16":"product-type-simple","17":"entry","18":"content-bg","19":"loop-entry"},"_links":{"self":[{"href":"https:\/\/rfid-laundry-tag.com\/bs\/wp-json\/wp\/v2\/product\/43","targetHints":{"allow":["GET"]}}],"collection":[{"href":"https:\/\/rfid-laundry-tag.com\/bs\/wp-json\/wp\/v2\/product"}],"about":[{"href":"https:\/\/rfid-laundry-tag.com\/bs\/wp-json\/wp\/v2\/types\/product"}],"version-history":[{"count":2,"href":"https:\/\/rfid-laundry-tag.com\/bs\/wp-json\/wp\/v2\/product\/43\/revisions"}],"predecessor-version":[{"id":1305,"href":"https:\/\/rfid-laundry-tag.com\/bs\/wp-json\/wp\/v2\/product\/43\/revisions\/1305"}],"wp:featuredmedia":[{"embeddable":true,"href":"https:\/\/rfid-laundry-tag.com\/bs\/wp-json\/wp\/v2\/media\/44"}],"wp:attachment":[{"href":"https:\/\/rfid-laundry-tag.com\/bs\/wp-json\/wp\/v2\/media?parent=43"}],"wp:term":[{"taxonomy":"product_brand","embeddable":true,"href":"https:\/\/rfid-laundry-tag.com\/bs\/wp-json\/wp\/v2\/product_brand?post=43"},{"taxonomy":"product_cat","embeddable":true,"href":"https:\/\/rfid-laundry-tag.com\/bs\/wp-json\/wp\/v2\/product_cat?post=43"},{"taxonomy":"product_tag","embeddable":true,"href":"https:\/\/rfid-laundry-tag.com\/bs\/wp-json\/wp\/v2\/product_tag?post=43"}],"curies":[{"name":"radni list","href":"https:\/\/api.w.org\/{rel}","templated":true}]}}