{"id":40,"date":"2024-06-03T15:49:08","date_gmt":"2024-06-03T15:49:08","guid":{"rendered":"https:\/\/rfid-laundry-tag.com\/?post_type=product&#038;p=40"},"modified":"2024-09-08T05:31:52","modified_gmt":"2024-09-08T05:31:52","slug":"washable-uhf-rfid-laundry-tag","status":"publish","type":"product","link":"https:\/\/rfid-laundry-tag.com\/bs\/washable-uhf-rfid-laundry-tag\/","title":{"rendered":"Periva UHF RFID oznaka za rublje"},"content":{"rendered":"<h2>Mo\u017ee se prati <strong>UHF<\/strong> RFID oznaka za ve\u0161<\/h2>\n<p>RFID oznaka za ve\u0161 napravljena od tekstilnog materijala dimenzija 70*15 mm i opremljena NXP U CODE 9 \u010dipom je aerodinami\u010dan alat dizajniran za efikasno pra\u0107enje i upravljanje tekstilom kao \u0161to su posteljina, uniforme, pe\u0161kiri i jo\u0161 mnogo toga.<\/p>\n<div class=\"auto-hide-last-sibling-br paragraph_1252f paragraph-element\">Klju\u010dne karakteristike:<\/div>\n<ol class=\"auto-hide-last-sibling-br\">\n<li>\n<div class=\"auto-hide-last-sibling-br paragraph_1252f paragraph-element\"><strong>Materijal &amp; Veli\u010dina<\/strong>: Ova RFID oznaka je napravljena od materijala pogodnog za tekstil i ima dimenzije 70 mm x 15 mm, veli\u010dina koja je idealna za diskretno ozna\u010davanje razli\u010ditih vrsta tkanina bez utjecaja na njihove estetske ili taktilne kvalitete.<\/div>\n<\/li>\n<li>\n<div class=\"auto-hide-last-sibling-br paragraph_1252f paragraph-element\"><strong>RFID \u010dip<\/strong>: Ugra\u0111eni NXP U CODE 9 \u010dip osigurava visoke performanse i pouzdanu funkcionalnost. Ovaj mikro\u010dip olak\u0161ava prijenos podataka na velike udaljenosti i posjeduje veliki memorijski kapacitet za pohranjivanje informacija o predmetima.<\/div>\n<\/li>\n<li>\n<div class=\"auto-hide-last-sibling-br paragraph_1252f paragraph-element\"><strong>Trajnost<\/strong>: Uprkos mekanoj i fleksibilnoj tekstilnoj konstrukciji, ova RFID oznaka za ve\u0161 je dizajnirana da izdr\u017ei intenzivno pranje, peglanje i presovanje. Mo\u017ee izdr\u017eati vodu, toplinu i pritisak, odr\u017eavaju\u0107i svoj integritet i funkciju uprkos ponavljaju\u0107im industrijskim ciklusima pranja rublja.<\/div>\n<\/li>\n<li>\n<div class=\"auto-hide-last-sibling-br paragraph_1252f paragraph-element\"><strong>Efikasnost<\/strong>: Tehnologija \u010dipa NXP U CODE 9 omogu\u0107ava brzo i precizno skeniranje oznake \u010dak iu scenarijima masovnog \u010ditanja. Ovo rezultira brzom obradom, smanjenjem vremena rada i pobolj\u0161anjem produktivnosti u upravljanju tekstilom.<\/div>\n<\/li>\n<li>\n<div class=\"auto-hide-last-sibling-br paragraph_1252f paragraph-element\"><strong>Aplikacija<\/strong>: Prvenstveno, ove RFID oznake se u\u0161ivaju ili toplinski zavaruju u tekstil prije nego \u0161to se puste u upotrebu. Jednom priklju\u010deno, automatizovano upravljanje zalihama, kontrola procesa i prevencija gubitaka mogu se olak\u0161ati sa lako\u0107om zahvaljuju\u0107i mogu\u0107nosti be\u017ei\u010dnog pra\u0107enja koju ove oznake pru\u017eaju.<\/div>\n<\/li>\n<\/ol>\n<h3 class=\"wp-block-heading\">Instalacija<\/h3>\n<p><strong>Stitch Tagging<\/strong>: Za u\u0161ivanje u rub tekstila. Za\u0161ijte etiketu za rublje dalje od preklopnih linija.<br \/>\n<strong>Heat Sealing<\/strong>: Za toplotno zavarivanje direktno na tekstil na +200\u00b0C (392\u00b0F), 12~14s.<br \/>\n<strong>U torbici<\/strong>: Za \u0161ivanje kao standardna etiketa za njegu. Za\u0161ijte etiketu za rublje dalje od preklopnih linija.<\/p>\n<figure id=\"attachment_42\" aria-describedby=\"caption-attachment-42\" style=\"width: 718px\" class=\"wp-caption alignnone\"><img fetchpriority=\"high\" decoding=\"async\" class=\"wp-image-42\" src=\"https:\/\/rfid-laundry-tag.com\/wp-content\/uploads\/2024\/06\/srchttp___cbu01.alicdn.com_img_ibank_2019_649_165_12443561946_2073715636.jpgreferhttp___cbu01.alicdn-300x160.webp\" alt=\"Washable UHF RFID Laundry Tag\" width=\"718\" height=\"383\" srcset=\"https:\/\/rfid-laundry-tag.com\/wp-content\/uploads\/2024\/06\/srchttp___cbu01.alicdn.com_img_ibank_2019_649_165_12443561946_2073715636.jpgreferhttp___cbu01.alicdn-300x160.webp 300w, https:\/\/rfid-laundry-tag.com\/wp-content\/uploads\/2024\/06\/srchttp___cbu01.alicdn.com_img_ibank_2019_649_165_12443561946_2073715636.jpgreferhttp___cbu01.alicdn-600x320.webp 600w, https:\/\/rfid-laundry-tag.com\/wp-content\/uploads\/2024\/06\/srchttp___cbu01.alicdn.com_img_ibank_2019_649_165_12443561946_2073715636.jpgreferhttp___cbu01.alicdn-18x10.webp 18w, https:\/\/rfid-laundry-tag.com\/wp-content\/uploads\/2024\/06\/srchttp___cbu01.alicdn.com_img_ibank_2019_649_165_12443561946_2073715636.jpgreferhttp___cbu01.alicdn.webp 750w\" sizes=\"(max-width: 718px) 100vw, 718px\" \/><figcaption id=\"caption-attachment-42\" class=\"wp-caption-text\">Periva UHF RFID oznaka za rublje<\/figcaption><\/figure>\n<div class=\"auto-hide-last-sibling-br paragraph_1252f paragraph-element\"><strong>RFID platnene oznake<\/strong> sastavni su deo brojnih industrija, obezbe\u0111uju\u0107i efikasno pra\u0107enje imovine, upravljanje zalihama i pove\u0107anje ukupne operativne produktivnosti. Evo nekih od njegovih primjena u razli\u010ditim sektorima:<\/div>\n<ol class=\"auto-hide-last-sibling-br\">\n<li>\n<div class=\"auto-hide-last-sibling-br paragraph_1252f paragraph-element\"><strong>Zdravstvo<\/strong>: Bolnice i druge medicinske ustanove koriste RFID platnene oznake za upravljanje ogromnim zalihama posteljine, pe\u0161kira, pilinga, uniformi i hirur\u0161ke posteljine. Ovo poma\u017ee u smanjenju gubitaka, upravljanju ciklusima pranja rublja i osigurava da je \u010dista, svje\u017ea posteljina uvijek dostupna po potrebi.<\/div>\n<\/li>\n<li>\n<div class=\"auto-hide-last-sibling-br paragraph_1252f paragraph-element\"><strong>Hoteli<\/strong>: Upravljanje posteljinom je ogroman zadatak u hotelijerstvu, gdje su u opticaju hiljade artikala, od posteljine preko pe\u0161kira do zavjesa i ogrta\u010da. RFID platnene oznake pojednostavljuju pra\u0107enje, osiguravaju pravovremeno \u010di\u0161\u0107enje i zamjenu i poma\u017eu u otkrivanju i sprje\u010davanju kra\u0111e.<\/div>\n<\/li>\n<li>\n<div class=\"auto-hide-last-sibling-br paragraph_1252f paragraph-element\"><strong>Restorani<\/strong>: U prehrambenoj industriji, RFID oznake mogu pratiti upotrebu i \u010di\u0161\u0107enje uniformi, stolnjaka, salveta i kuharskih kecelja. Ovo mo\u017ee pobolj\u0161ati standarde \u010disto\u0107e i pomo\u0107i u odr\u017eavanju ugla\u0111enog, profesionalnog izgleda.<\/div>\n<\/li>\n<li>\n<div class=\"auto-hide-last-sibling-br paragraph_1252f paragraph-element\"><strong>Industrija modne odje\u0107e<\/strong>: RFID oznake igraju ogromnu ulogu u pra\u0107enju artikala u cijelom lancu opskrbe, od proizvodnje do maloprodaje. Oni mogu pru\u017eiti vrijedne informacije poput porijekla, povijesti putovanja, pa \u010dak i detalja o tkanini i uputama za njegu.<\/div>\n<\/li>\n<li>\n<div class=\"auto-hide-last-sibling-br paragraph_1252f paragraph-element\"><strong>Radna odje\u0107a\/odje\u0107a otporna na vatru<\/strong>: Kompanije mogu koristiti RFID oznake za pra\u0107enje i upravljanje specijalnim odjevnim predmetima. To mo\u017ee uklju\u010divati osiguravanje da se vatrootporna ili druga za\u0161titna odje\u0107a redovito pregledava, pravilno \u010disti i po potrebi zamjenjuje.<\/div>\n<\/li>\n<li>\n<div class=\"auto-hide-last-sibling-br paragraph_1252f paragraph-element\"><strong>Obu\u0107a i maske<\/strong>: Posebno va\u017eno u industrijama kao \u0161to su zdravstvo i gra\u0111evinarstvo gdje je sigurnost kriti\u010dna, pra\u0107enje upotrebe, \u010di\u0161\u0107enja i odr\u017eavanja predmeta kao \u0161to su maske i sigurnosne cipele mo\u017ee se pojednostaviti upotrebom RFID oznaka.<\/div>\n<\/li>\n<li>\n<div class=\"auto-hide-last-sibling-br paragraph_1252f paragraph-element\"><strong>Otira\u010di i krpe<\/strong>: Za preduze\u0107a koja pru\u017eaju usluge \u010di\u0161\u0107enja ili upravljaju velikim objektima, RFID oznake na prostirkama i krpama mogu pomo\u0107i u pra\u0107enju upotrebe i odr\u017eavanja, osiguravaju\u0107i \u010diste i efikasne alate u svakom trenutku.<\/div>\n<\/li>\n<\/ol>","protected":false},"excerpt":{"rendered":"<h3 class=\"wp-block-heading\">Periva UHF RFID oznaka za rublje<\/h3>\n<p>1, fleksibilan, tanak, gladak i robustan.<br \/>\n2, Veliki domet \u010ditanja i performanse masovnog \u010ditanja.<br \/>\n3, zagarantovano za 200 ciklusa pranja kroz sterilizaciju, odvodnjavanje, grijanje gla\u010dala pod pritiskom 60 bara, grijanje na 200\u00b0C.<br \/>\n4, Pogodan za \u0161ivanje, toplinsko zavarivanje, vre\u0107icu ili vje\u0161anje.<br \/>\n5, usluga na zahtjev: laserski logo sa EPC kodiranjem u RFID \u010dipu.<\/p>","protected":false},"featured_media":41,"template":"","meta":{"_kad_post_transparent":"default","_kad_post_title":"","_kad_post_layout":"default","_kad_post_sidebar_id":"","_kad_post_content_style":"default","_kad_post_vertical_padding":"default","_kad_post_feature":"","_kad_post_feature_position":"","_kad_post_header":false,"_kad_post_footer":false,"_kad_post_classname":""},"product_brand":[],"product_cat":[19,16],"product_tag":[25,23,26],"class_list":{"0":"post-40","1":"product","2":"type-product","3":"status-publish","4":"has-post-thumbnail","6":"product_cat-textile-rfid-laundry-tag","7":"product_cat-uhf-rfid-laundry-tags","8":"product_tag-rfid-laundrytags","9":"product_tag-rfid-linen-tags","10":"product_tag-washable-uhf-rfid-laundry-tag","12":"first","13":"instock","14":"shipping-taxable","15":"product-type-simple","16":"entry","17":"content-bg","18":"loop-entry"},"_links":{"self":[{"href":"https:\/\/rfid-laundry-tag.com\/bs\/wp-json\/wp\/v2\/product\/40","targetHints":{"allow":["GET"]}}],"collection":[{"href":"https:\/\/rfid-laundry-tag.com\/bs\/wp-json\/wp\/v2\/product"}],"about":[{"href":"https:\/\/rfid-laundry-tag.com\/bs\/wp-json\/wp\/v2\/types\/product"}],"version-history":[{"count":1,"href":"https:\/\/rfid-laundry-tag.com\/bs\/wp-json\/wp\/v2\/product\/40\/revisions"}],"predecessor-version":[{"id":1957,"href":"https:\/\/rfid-laundry-tag.com\/bs\/wp-json\/wp\/v2\/product\/40\/revisions\/1957"}],"wp:featuredmedia":[{"embeddable":true,"href":"https:\/\/rfid-laundry-tag.com\/bs\/wp-json\/wp\/v2\/media\/41"}],"wp:attachment":[{"href":"https:\/\/rfid-laundry-tag.com\/bs\/wp-json\/wp\/v2\/media?parent=40"}],"wp:term":[{"taxonomy":"product_brand","embeddable":true,"href":"https:\/\/rfid-laundry-tag.com\/bs\/wp-json\/wp\/v2\/product_brand?post=40"},{"taxonomy":"product_cat","embeddable":true,"href":"https:\/\/rfid-laundry-tag.com\/bs\/wp-json\/wp\/v2\/product_cat?post=40"},{"taxonomy":"product_tag","embeddable":true,"href":"https:\/\/rfid-laundry-tag.com\/bs\/wp-json\/wp\/v2\/product_tag?post=40"}],"curies":[{"name":"radni list","href":"https:\/\/api.w.org\/{rel}","templated":true}]}}