{"id":37,"date":"2024-06-03T15:44:26","date_gmt":"2024-06-03T15:44:26","guid":{"rendered":"https:\/\/rfid-laundry-tag.com\/?post_type=product&#038;p=37"},"modified":"2024-09-27T17:21:11","modified_gmt":"2024-09-27T17:21:11","slug":"laundry-rfid-linen-tags","status":"publish","type":"product","link":"https:\/\/rfid-laundry-tag.com\/bs\/laundry-rfid-linen-tags\/","title":{"rendered":"RFID lanene oznake za pranje rublja"},"content":{"rendered":"<h2>RFID lanene oznake za pranje rublja<\/h2>\n<p>RFID oznaka za ve\u0161 napravljena od tekstilnog materijala dimenzija 70*15 mm i opremljena NXP U CODE 9 \u010dipom je aerodinami\u010dan alat dizajniran za efikasno pra\u0107enje i upravljanje tekstilom kao \u0161to su posteljina, uniforme, pe\u0161kiri i jo\u0161 mnogo toga.<\/p>\n<div class=\"auto-hide-last-sibling-br paragraph_1252f paragraph-element\">Klju\u010dne karakteristike:<\/div>\n<ol class=\"auto-hide-last-sibling-br\">\n<li>\n<div class=\"auto-hide-last-sibling-br paragraph_1252f paragraph-element\"><strong>Materijal &amp; Veli\u010dina<\/strong>: Ova RFID oznaka je napravljena od materijala pogodnog za tekstil i ima dimenzije 70 mm x 15 mm, veli\u010dina koja je idealna za diskretno ozna\u010davanje razli\u010ditih vrsta tkanina bez utjecaja na njihove estetske ili taktilne kvalitete.<\/div>\n<\/li>\n<li>\n<div class=\"auto-hide-last-sibling-br paragraph_1252f paragraph-element\"><strong>RFID \u010dip<\/strong>: Ugra\u0111eni NXP U CODE 9 \u010dip osigurava visoke performanse i pouzdanu funkcionalnost. Ovaj mikro\u010dip olak\u0161ava prijenos podataka na velike udaljenosti i posjeduje veliki memorijski kapacitet za pohranjivanje informacija o predmetima.<\/div>\n<\/li>\n<li>\n<div class=\"auto-hide-last-sibling-br paragraph_1252f paragraph-element\"><strong>Trajnost<\/strong>: Uprkos mekanoj i fleksibilnoj tekstilnoj konstrukciji, ova RFID oznaka za ve\u0161 je dizajnirana da izdr\u017ei intenzivno pranje, peglanje i presovanje. Mo\u017ee izdr\u017eati vodu, toplinu i pritisak, odr\u017eavaju\u0107i svoj integritet i funkciju uprkos ponavljaju\u0107im industrijskim ciklusima pranja rublja.<\/div>\n<\/li>\n<li>\n<div class=\"auto-hide-last-sibling-br paragraph_1252f paragraph-element\"><strong>Efikasnost<\/strong>: Tehnologija \u010dipa NXP U CODE 9 omogu\u0107ava brzo i precizno skeniranje oznake \u010dak iu scenarijima masovnog \u010ditanja. Ovo rezultira brzom obradom, smanjenjem vremena rada i pobolj\u0161anjem produktivnosti u upravljanju tekstilom.<\/div>\n<\/li>\n<li>\n<div class=\"auto-hide-last-sibling-br paragraph_1252f paragraph-element\"><strong>Aplikacija<\/strong>: Prvenstveno, ove RFID oznake se u\u0161ivaju ili toplinski zavaruju u tekstil prije nego \u0161to se puste u upotrebu. Jednom priklju\u010deno, automatizovano upravljanje zalihama, kontrola procesa i prevencija gubitaka mogu se olak\u0161ati sa lako\u0107om zahvaljuju\u0107i mogu\u0107nosti be\u017ei\u010dnog pra\u0107enja koju ove oznake pru\u017eaju.<\/div>\n<\/li>\n<\/ol>\n<div class=\"auto-hide-last-sibling-br paragraph_1252f paragraph-element\">Za\u0161to sljedivost igra klju\u010dnu ulogu u tekstilnoj industriji. Evo rezimea klju\u010dnih ta\u010daka koje treba naglasiti:<\/div>\n<div><\/div>\n<ol class=\"auto-hide-last-sibling-br\">\n<li>\n<div class=\"auto-hide-last-sibling-br paragraph_1252f paragraph-element\">Kontrola kvaliteta: omogu\u0107avaju\u0107i proizvo\u0111a\u010dima da nadgledaju kvalitet svog tekstila na svakom nivou proizvodnje, sljedivost omogu\u0107ava ranu identifikaciju i otklanjanje problema s kvalitetom.<\/div>\n<\/li>\n<li>\n<div class=\"auto-hide-last-sibling-br paragraph_1252f paragraph-element\">Sigurnost proizvoda: Sljedivost osigurava sigurnost tekstila omogu\u0107avaju\u0107i proizvo\u0111a\u010dima da brzo odrede i povuku proizvode s polica u slu\u010daju \u0161tetnih kemikalija ili nedostataka.<\/div>\n<\/li>\n<li>\n<div class=\"auto-hide-last-sibling-br paragraph_1252f paragraph-element\">Uskla\u0111enost sa propisima: pridr\u017eavanje strogih propisa koji se ti\u010du tekstila mo\u017ee se osigurati sljedivosti, \u0161to poma\u017ee proizvo\u0111a\u010dima da izbjegnu pravne sukobe i naru\u0161avanje njihove reputacije.<\/div>\n<\/li>\n<li>\n<div class=\"auto-hide-last-sibling-br paragraph_1252f paragraph-element\">Transparentnost lanca snabdevanja: Potro\u0161a\u010di danas zahtevaju transparentnost o poreklu svojih proizvoda, proizvodnom procesu i da li su po\u0161tovane eti\u010dke i odr\u017eive prakse. Sljedivost odgovara upravo ovom zahtjevu.<\/div>\n<\/li>\n<li>\n<div class=\"auto-hide-last-sibling-br paragraph_1252f paragraph-element\">Odr\u017eivost i ekolo\u0161ka prihvatljivost: Tekstilna industrija se suo\u010dava sa zna\u010dajnim pritiskom da postane odr\u017eivija i ograni\u010di \u0161tetu po okoli\u0161. Sljedivost poma\u017ee proizvo\u0111a\u010dima da prate porijeklo materijala i procijene utjecaj njihovih proizvodnih procesa na okoli\u0161. Ovo mo\u017ee pomo\u0107i u minimiziranju otpada i uklju\u010divanju ekolo\u0161kijih praksi.<\/div>\n<\/li>\n<li>\n<div class=\"auto-hide-last-sibling-br paragraph_1252f paragraph-element\">Spre\u010davanje krivotvorina: Sljedivost je klju\u010dna u potvr\u0111ivanju autenti\u010dnosti proizvoda, \u010dime se sprje\u010dava krivotvorenje i \u010duva reputacija brenda.<\/div>\n<\/li>\n<li>\n<div class=\"auto-hide-last-sibling-br paragraph_1252f paragraph-element\">Efikasno upravljanje opozivom: sljedivost omogu\u0107ava proizvo\u0111a\u010dima da brzo identifikuju pogo\u0111ene proizvode i potro\u0161a\u010de u slu\u010daju povla\u010denja proizvoda zbog zabrinutosti za sigurnost ili kvalitet. Ovo ograni\u010dava opseg i uticaj opoziva proizvoda.<\/div>\n<\/li>\n<li>\n<div class=\"auto-hide-last-sibling-br paragraph_1252f paragraph-element\">Smanjenje tro\u0161kova: Sistemi sljedivosti poma\u017eu u identifikaciji neefikasnosti u proizvodnom procesu \u0161to dovodi do smanjenja tro\u0161kova. Omogu\u0107ava proizvo\u0111a\u010dima da prate materijale i procese, optimiziraju\u0107i operacije i smanjuju\u0107i otpad.<\/div>\n<\/li>\n<li>\n<div class=\"auto-hide-last-sibling-br paragraph_1252f paragraph-element\">Reputacija brenda: Sljedivost i transparentnost podsti\u010du povjerenje potro\u0161a\u010da \u0161to mo\u017ee zna\u010dajno pobolj\u0161ati imid\u017e brenda.<\/div>\n<\/li>\n<li>\n<div class=\"auto-hide-last-sibling-br paragraph_1252f paragraph-element\">Upravljanje rizikom: Sljedivost olak\u0161ava anticipativno upravljanje rizicima koji se odnose na prekide lanca nabavke, probleme sa kvalitetom ili povla\u010denje proizvoda, smanjuju\u0107i potencijalnu finansijsku i reputacijsku \u0161tetu u slu\u010daju krize.<\/div>\n<\/li>\n<\/ol>\n<div class=\"auto-hide-last-sibling-br paragraph_1252f paragraph-element\">O\u010digledno je da sljedivost u tekstilnoj industriji ima ogromne prednosti. Ne samo da pobolj\u0161ava operativnu efikasnost, ve\u0107 i ispunjava o\u010dekivanja potro\u0161a\u010da u pogledu sigurnosti, kvaliteta i eti\u010dkih izvora.<\/div>","protected":false},"excerpt":{"rendered":"<p>Izdr\u017eljive RFID platnene oznake: fleksibilne, robusne, sa velikim dometom \u010ditanja. Garantovano za 200 pranja, pogodno za \u0161ivanje, toplotno zavarivanje ili ka\u010denje. Idealno za pranje ve\u0161a.<\/p>","protected":false},"featured_media":39,"template":"","meta":{"_kad_post_transparent":"default","_kad_post_title":"","_kad_post_layout":"default","_kad_post_sidebar_id":"","_kad_post_content_style":"default","_kad_post_vertical_padding":"default","_kad_post_feature":"","_kad_post_feature_position":"","_kad_post_header":false,"_kad_post_footer":false,"_kad_post_classname":""},"product_brand":[],"product_cat":[19,16],"product_tag":[22,24,25,23],"class_list":{"0":"post-37","1":"product","2":"type-product","3":"status-publish","4":"has-post-thumbnail","6":"product_cat-textile-rfid-laundry-tag","7":"product_cat-uhf-rfid-laundry-tags","8":"product_tag-laundry-rfid-linen-tags","9":"product_tag-laundry-rfid-tags","10":"product_tag-rfid-laundrytags","11":"product_tag-rfid-linen-tags","13":"first","14":"instock","15":"shipping-taxable","16":"product-type-simple","17":"entry","18":"content-bg","19":"loop-entry"},"_links":{"self":[{"href":"https:\/\/rfid-laundry-tag.com\/bs\/wp-json\/wp\/v2\/product\/37","targetHints":{"allow":["GET"]}}],"collection":[{"href":"https:\/\/rfid-laundry-tag.com\/bs\/wp-json\/wp\/v2\/product"}],"about":[{"href":"https:\/\/rfid-laundry-tag.com\/bs\/wp-json\/wp\/v2\/types\/product"}],"version-history":[{"count":3,"href":"https:\/\/rfid-laundry-tag.com\/bs\/wp-json\/wp\/v2\/product\/37\/revisions"}],"predecessor-version":[{"id":2713,"href":"https:\/\/rfid-laundry-tag.com\/bs\/wp-json\/wp\/v2\/product\/37\/revisions\/2713"}],"wp:featuredmedia":[{"embeddable":true,"href":"https:\/\/rfid-laundry-tag.com\/bs\/wp-json\/wp\/v2\/media\/39"}],"wp:attachment":[{"href":"https:\/\/rfid-laundry-tag.com\/bs\/wp-json\/wp\/v2\/media?parent=37"}],"wp:term":[{"taxonomy":"product_brand","embeddable":true,"href":"https:\/\/rfid-laundry-tag.com\/bs\/wp-json\/wp\/v2\/product_brand?post=37"},{"taxonomy":"product_cat","embeddable":true,"href":"https:\/\/rfid-laundry-tag.com\/bs\/wp-json\/wp\/v2\/product_cat?post=37"},{"taxonomy":"product_tag","embeddable":true,"href":"https:\/\/rfid-laundry-tag.com\/bs\/wp-json\/wp\/v2\/product_tag?post=37"}],"curies":[{"name":"radni list","href":"https:\/\/api.w.org\/{rel}","templated":true}]}}