{"id":356,"date":"2024-06-28T11:08:54","date_gmt":"2024-06-28T11:08:54","guid":{"rendered":"https:\/\/rfid-laundry-tag.com\/?post_type=product&#038;p=356"},"modified":"2024-08-14T15:55:26","modified_gmt":"2024-08-14T15:55:26","slug":"rfid-windshield-sticker-for-vehicle-tracking","status":"publish","type":"product","link":"https:\/\/rfid-laundry-tag.com\/bs\/rfid-windshield-sticker-for-vehicle-tracking\/","title":{"rendered":"RFID naljepnica za vjetrobran za pra\u0107enje vozila"},"content":{"rendered":"<h2>RFID naljepnica za vjetrobran za pra\u0107enje vozila<\/h2>\n<div class=\"J_module\">\n<div class=\"ife-detail-decorate-table\">\n<table class=\"all magic-10\">\n<tbody>\n<tr>\n<td colspan=\"1\" rowspan=\"1\">\n<div class=\"magic-11\">\u010cip<\/div>\n<\/td>\n<td colspan=\"1\" rowspan=\"1\">\n<div class=\"magic-12\">Alien H9,H10,U9 itd<\/div>\n<\/td>\n<\/tr>\n<tr>\n<td colspan=\"1\" rowspan=\"1\">\n<div class=\"magic-11\">Frekvencija<\/div>\n<\/td>\n<td colspan=\"1\" rowspan=\"1\">\n<div class=\"magic-12\">860\uff5e960MHz<\/div>\n<\/td>\n<\/tr>\n<tr>\n<td colspan=\"1\" rowspan=\"1\">\n<div class=\"magic-11\">Materijal<\/div>\n<\/td>\n<td colspan=\"1\" rowspan=\"1\">\n<div class=\"magic-12\">Premazani papir\/PET\/sinteti\u010dki papir\/termo papir\/prilago\u0111avanje<\/div>\n<\/td>\n<\/tr>\n<tr>\n<td colspan=\"1\" rowspan=\"1\">\n<div class=\"magic-11\">Working Mode<\/div>\n<\/td>\n<td colspan=\"1\" rowspan=\"1\">\n<div class=\"magic-12\">Pasivno<\/div>\n<\/td>\n<\/tr>\n<tr>\n<td colspan=\"1\" rowspan=\"1\">\n<div class=\"magic-11\">IC Life<\/div>\n<\/td>\n<td colspan=\"1\" rowspan=\"1\">\n<div class=\"magic-12\">100.000 ciklusa programiranja, 10 godina zadr\u017eavanja podataka<\/div>\n<\/td>\n<\/tr>\n<tr>\n<td colspan=\"1\" rowspan=\"1\">\n<div class=\"magic-11\">Radna temperatura\/vla\u017enost<\/div>\n<\/td>\n<td colspan=\"1\" rowspan=\"1\">\n<div class=\"magic-12\">-25~50\u2103\/20%~80% RH<\/div>\n<\/td>\n<\/tr>\n<tr>\n<td colspan=\"1\" rowspan=\"1\">\n<div class=\"magic-11\">Temperatura\/vla\u017enost skladi\u0161tenja<\/div>\n<\/td>\n<td colspan=\"1\" rowspan=\"1\">\n<div class=\"magic-12\">+23\u00b0C\u00b15\u00b0C\/ 50%\u00b110% RH (bez kondenzacije).<\/div>\n<\/td>\n<\/tr>\n<tr>\n<td colspan=\"1\" rowspan=\"1\">\n<div class=\"magic-11\">Antena<\/div>\n<\/td>\n<td colspan=\"1\" rowspan=\"1\">\n<div class=\"magic-12\">Aluminijumsko bakropis, 94,8*8,1 mm<\/div>\n<\/td>\n<\/tr>\n<tr>\n<td colspan=\"1\" rowspan=\"1\">\n<div class=\"magic-11\">Mokri inlay\/Veli\u010dina etikete<\/div>\n<\/td>\n<td colspan=\"1\" rowspan=\"1\">\n<div class=\"magic-12\">98*15mm ili prilago\u0111avanje<\/div>\n<\/td>\n<\/tr>\n<tr>\n<td colspan=\"1\" rowspan=\"1\">\n<div class=\"magic-11\">\u0160tampanje<\/div>\n<\/td>\n<td colspan=\"1\" rowspan=\"1\">\n<div class=\"magic-12\">\u0160tampanje u punoj boji, logotip, bar kod, QR kod, itd<\/div>\n<\/td>\n<\/tr>\n<tr>\n<td colspan=\"1\" rowspan=\"1\">\n<div class=\"magic-11\">Uzorak<\/div>\n<\/td>\n<td colspan=\"1\" rowspan=\"1\">\n<div class=\"magic-12\">Uzorak je besplatan za va\u0161 test kvaliteta<\/div>\n<\/td>\n<\/tr>\n<tr>\n<td colspan=\"1\" rowspan=\"1\">\n<div class=\"magic-11\">Protokol<\/div>\n<\/td>\n<td colspan=\"1\" rowspan=\"1\">\n<div class=\"magic-12\">ISO\/IEC 18000-6C EPC Class1 Gen2<\/div>\n<\/td>\n<\/tr>\n<tr>\n<td colspan=\"1\" rowspan=\"1\">\n<div class=\"magic-11\">Pakovanje<\/div>\n<\/td>\n<td colspan=\"1\" rowspan=\"1\">\n<div class=\"magic-12\">1000-5000 kom\/rolna, 4 rolne\/karton<\/div>\n<\/td>\n<\/tr>\n<tr>\n<td colspan=\"1\" rowspan=\"1\">\n<div class=\"magic-11\">Mjesto porijekla<\/div>\n<\/td>\n<td colspan=\"1\" rowspan=\"1\">\n<div class=\"magic-12\">Chengdu, Kina<\/div>\n<\/td>\n<\/tr>\n<tr>\n<td colspan=\"1\" rowspan=\"4\">\n<div class=\"magic-11\">Aplikacija\/Rje\u0161enje<\/div>\n<\/td>\n<td colspan=\"1\" rowspan=\"1\">\n<div class=\"magic-12\">Sigurna kontrola ulaska\/bezgotovinsko pla\u0107anje \u010clanstvo i programi lojalnosti<\/div>\n<\/td>\n<\/tr>\n<tr>\n<td colspan=\"1\" rowspan=\"1\">\n<div class=\"magic-12\" data-spm-anchor-id=\"a2700.details.0.i80.59c943e8HVzkHD\">Pristup doga\u0111ajima i brendiranje\/Dru\u0161tveni mediji\/Maloprodaja<\/div>\n<\/td>\n<\/tr>\n<tr>\n<td colspan=\"1\" rowspan=\"1\">\n<div class=\"magic-12\">Okolina\/Lokacija igara i igra\u010daka\/Elektronika\/Trgovinski sajmovi<\/div>\n<\/td>\n<\/tr>\n<tr>\n<td colspan=\"1\" rowspan=\"1\">\n<div class=\"magic-12\">Doga\u0111aji\/Zahtjev za poziv\/vizit karte<\/div>\n<\/td>\n<\/tr>\n<\/tbody>\n<\/table>\n<p>&nbsp;<\/p>\n<\/div>\n<\/div>\n<div class=\"J_module\">\n<div class=\"auto-hide-last-sibling-br paragraph_9dc5f paragraph-element\">\n<p><strong>Primjena RFID naljepnica za vjetrobransko staklo uklju\u010duje:<\/strong><\/p>\n<ol>\n<li><strong>Kontrola pristupa vozilima<\/strong>: RFID naljepnice za vjetrobransko staklo mogu se koristiti za automatizirani ulazak i izlazak na parkirali\u0161tima, zatvorenim zajednicama, naplatnim ku\u0107icama i drugim podru\u010djima pod kontrolom pristupa.<\/li>\n<li><strong>Pra\u0107enje vozila<\/strong>: RFID naljepnice za vjetrobran mogu se koristiti za pra\u0107enje i upravljanje vozilima unutar objekta, kao \u0161to su agencije za iznajmljivanje automobila ili parking gara\u017ea.<\/li>\n<li><strong>Elektronska naplata putarine<\/strong>: RFID naljepnice za vjetrobran mogu se koristiti za elektronske sisteme naplate putarine, omogu\u0107avaju\u0107i vozilima da brzo i efikasno pro\u0111u kroz naplatne ku\u0107ice bez potrebe za zaustavljanjem i pla\u0107anjem gotovinom.<\/li>\n<li><strong>Fleet Management<\/strong>: RFID naljepnice za vjetrobran mogu se koristiti za pra\u0107enje i upravljanje voznim parkom vozila, omogu\u0107avaju\u0107i kompanijama da nadgledaju i optimiziraju svoje poslovanje.<\/li>\n<li><strong>Parking Management<\/strong>: RFID naljepnice za vjetrobran mogu se koristiti za pra\u0107enje i upravljanje parkirnim mjestima na parkirali\u0161tima ili objektima, pru\u017eaju\u0107i informacije u realnom vremenu o dostupnim parkirnim mjestima.<\/li>\n<li><strong>Identifikacija vozila<\/strong>: RFID naljepnice za vjetrobran mogu se koristiti za identifikaciju vozila na doga\u0111ajima, utrkama ili drugim situacijama gdje je potrebna brza i precizna identifikacija.<\/li>\n<\/ol>\n<p>Sve u svemu, RFID naljepnice za vjetrobransko staklo nude zgodan i efikasan na\u010din pra\u0107enja i upravljanja vozilima u razli\u010ditim aplikacijama, pru\u017eaju\u0107i pobolj\u0161anu sigurnost, udobnost i automatizaciju u procesima vezanim za vozila.<\/p>\n<\/div>\n<div><\/div>\n<div class=\"auto-hide-last-sibling-br paragraph_9dc5f paragraph-element\"><\/div>\n<div><\/div>\n<\/div>\n<div><\/div>\n<div><strong>Za\u0161to odabrati SAD?<\/strong><\/div>\n<div><\/div>\n<div>Mi smo vode\u0107i dobavlja\u010d RFID tehnologije sa preko 11 godina iskustva, donosi naprednu efikasnost, pouzdanost i ta\u010dnost u globalne lance snabdevanja kupaca sa vode\u0107im proizvodima, re\u0161enjima i tehnologijama. Kao proizvo\u0111a\u010d na globalnom nivou, kupcima nudimo platformu osnovnih tehnologija, uklju\u010duju\u0107i kontrolu pristupa, ozna\u010davanje \u017eivotinja, komunikaciju bliskog polja (NFC), razli\u010dite RFID \u010dita\u010de i rje\u0161enja. Na\u0161a rje\u0161enja sadr\u017ee visoko konfigurabilne aplikacione okvire i elegantna korisni\u010dka su\u010delja s naprednom analitikom, omogu\u0107avaju\u0107i end-to-end poslovnu inteligenciju i vidljivost podataka u vi\u0161e industrija.<\/div>","protected":false},"excerpt":{"rendered":"<p>RFID naljepnice za vjetrobransko staklo su RFID oznake koje su dizajnirane da se prika\u010de na vjetrobran vozila u razli\u010dite svrhe pra\u0107enja i identifikacije.<\/p>","protected":false},"featured_media":357,"template":"","meta":{"_kad_post_transparent":"default","_kad_post_title":"","_kad_post_layout":"default","_kad_post_sidebar_id":"","_kad_post_content_style":"default","_kad_post_vertical_padding":"default","_kad_post_feature":"","_kad_post_feature_position":"","_kad_post_header":false,"_kad_post_footer":false,"_kad_post_classname":""},"product_brand":[],"product_cat":[54],"product_tag":[157,98],"class_list":{"0":"post-356","1":"product","2":"type-product","3":"status-publish","4":"has-post-thumbnail","6":"product_cat-hot-selling-rfid-tags","7":"product_tag-rfid-windshield-sticker-for-vehicle-tracking","8":"product_tag-uhf-rfid-label","10":"first","11":"instock","12":"shipping-taxable","13":"product-type-simple","14":"entry","15":"content-bg","16":"loop-entry"},"_links":{"self":[{"href":"https:\/\/rfid-laundry-tag.com\/bs\/wp-json\/wp\/v2\/product\/356","targetHints":{"allow":["GET"]}}],"collection":[{"href":"https:\/\/rfid-laundry-tag.com\/bs\/wp-json\/wp\/v2\/product"}],"about":[{"href":"https:\/\/rfid-laundry-tag.com\/bs\/wp-json\/wp\/v2\/types\/product"}],"version-history":[{"count":1,"href":"https:\/\/rfid-laundry-tag.com\/bs\/wp-json\/wp\/v2\/product\/356\/revisions"}],"predecessor-version":[{"id":1306,"href":"https:\/\/rfid-laundry-tag.com\/bs\/wp-json\/wp\/v2\/product\/356\/revisions\/1306"}],"wp:featuredmedia":[{"embeddable":true,"href":"https:\/\/rfid-laundry-tag.com\/bs\/wp-json\/wp\/v2\/media\/357"}],"wp:attachment":[{"href":"https:\/\/rfid-laundry-tag.com\/bs\/wp-json\/wp\/v2\/media?parent=356"}],"wp:term":[{"taxonomy":"product_brand","embeddable":true,"href":"https:\/\/rfid-laundry-tag.com\/bs\/wp-json\/wp\/v2\/product_brand?post=356"},{"taxonomy":"product_cat","embeddable":true,"href":"https:\/\/rfid-laundry-tag.com\/bs\/wp-json\/wp\/v2\/product_cat?post=356"},{"taxonomy":"product_tag","embeddable":true,"href":"https:\/\/rfid-laundry-tag.com\/bs\/wp-json\/wp\/v2\/product_tag?post=356"}],"curies":[{"name":"radni list","href":"https:\/\/api.w.org\/{rel}","templated":true}]}}