{"id":350,"date":"2024-06-28T10:12:21","date_gmt":"2024-06-28T10:12:21","guid":{"rendered":"https:\/\/rfid-laundry-tag.com\/?post_type=product&#038;p=350"},"modified":"2024-06-28T10:24:29","modified_gmt":"2024-06-28T10:24:29","slug":"anti-metal-nfc-label-nxp-mifare-1k","status":"publish","type":"product","link":"https:\/\/rfid-laundry-tag.com\/bs\/anti-metal-nfc-label-nxp-mifare-1k\/","title":{"rendered":"Anti Metal NFC oznaka NXP Mifare 1k"},"content":{"rendered":"<h2>Anti Metal NFC oznaka NXP Mifare 1k<\/h2>\n<table class=\"hight-light-first-column all magic-11\">\n<tbody>\n<tr>\n<td colspan=\"1\" rowspan=\"1\">\n<div class=\"magic-12\" data-spm-anchor-id=\"a2700.details.0.i57.12287cd6Tl6d8d\">Veli\u010dina<\/div>\n<\/td>\n<td colspan=\"4\" rowspan=\"1\">\n<div class=\"magic-13\">Pre\u010dnik 25 mm, pre\u010dnik 30 mm itd<\/div>\n<\/td>\n<\/tr>\n<tr>\n<td colspan=\"1\" rowspan=\"1\">\n<div class=\"magic-12\">Boja<\/div>\n<\/td>\n<td colspan=\"4\" rowspan=\"1\">\n<div class=\"magic-16\">Crna, bijela, \u017euta, crvena ili prilago\u0111ena<\/div>\n<\/td>\n<\/tr>\n<tr>\n<td colspan=\"1\" rowspan=\"1\">\n<div class=\"magic-12\">\u010cip<\/div>\n<\/td>\n<td colspan=\"4\" rowspan=\"1\">\n<div class=\"magic-13\">NTAG213,NTAG215,NTAG216<\/div>\n<\/td>\n<\/tr>\n<tr>\n<td colspan=\"1\" rowspan=\"1\">\n<div class=\"magic-12\">Frekvencija<\/div>\n<\/td>\n<td colspan=\"4\" rowspan=\"1\">\n<div class=\"magic-13\">13.56mhz<\/div>\n<\/td>\n<\/tr>\n<tr>\n<td colspan=\"1\" rowspan=\"1\">\n<div class=\"magic-12\">Protokol<\/div>\n<\/td>\n<td colspan=\"4\" rowspan=\"1\">\n<div class=\"magic-13\">ISO14443A, NFC Forum Tip 2<\/div>\n<\/td>\n<\/tr>\n<tr>\n<td colspan=\"1\" rowspan=\"1\">\n<div class=\"magic-12\">Materijal<\/div>\n<\/td>\n<td colspan=\"4\" rowspan=\"1\">\n<div class=\"magic-13\">ABS<\/div>\n<\/td>\n<\/tr>\n<tr>\n<td colspan=\"1\" rowspan=\"1\">\n<div class=\"magic-12\">Radna temperatura<\/div>\n<\/td>\n<td colspan=\"4\" rowspan=\"1\">\n<div class=\"magic-13\">-20 do 85 stepeni C<\/div>\n<\/td>\n<\/tr>\n<tr>\n<td colspan=\"1\" rowspan=\"1\">\n<div class=\"magic-12\">Aplikacija<\/div>\n<\/td>\n<td colspan=\"4\" rowspan=\"1\">\n<div class=\"magic-16\">Lanac za pranje ve\u0161a, jaka hemikalija, ure\u0111aj za pla\u0107anje, upotreba na otvorenom, hemikalija, industrija, logistika, patrolni \u010duvar, \u010dlanstvo, kontejner za otpremu, palete itd.<\/div>\n<\/td>\n<\/tr>\n<tr>\n<td colspan=\"1\" rowspan=\"1\">\n<div class=\"magic-12\">Waterproof Rating<\/div>\n<\/td>\n<td colspan=\"4\" rowspan=\"1\">\n<div class=\"magic-16\">IP67<\/div>\n<\/td>\n<\/tr>\n<tr>\n<td colspan=\"1\" rowspan=\"1\">\n<div class=\"magic-12\">Opseg \u010ditanja<\/div>\n<\/td>\n<td colspan=\"4\" rowspan=\"1\">\n<div class=\"magic-16\">5-10cm, zavisi od \u010ditaoca<\/div>\n<\/td>\n<\/tr>\n<tr>\n<td colspan=\"1\" rowspan=\"1\">\n<div class=\"magic-12\">Craft<\/div>\n<\/td>\n<td colspan=\"4\" rowspan=\"1\">\n<div class=\"magic-16\">Laserski gravirani serijski broj, bar kod i tako dalje<\/div>\n<\/td>\n<\/tr>\n<tr>\n<td colspan=\"1\" rowspan=\"1\">\n<div class=\"magic-12\">Monta\u017ea<\/div>\n<\/td>\n<td colspan=\"4\" rowspan=\"1\">\n<div class=\"magic-16\">Ljepilom ili vijkom, ili zakovicama<\/div>\n<\/td>\n<\/tr>\n<\/tbody>\n<\/table>\n<p>&nbsp;<\/p>\n<div class=\"auto-hide-last-sibling-br paragraph_9dc5f paragraph-element\">Anti Metal NFC oznaka NXP Mifare 1k ima \u0161irok spektar primjena u razli\u010ditim poljima zbog svoje fleksibilnosti i mogu\u0107nosti rada na metalnim povr\u0161inama. Evo kako se koriste u razli\u010ditim sektorima:<\/div>\n<div><\/div>\n<ul class=\"auto-hide-last-sibling-br\">\n<li>\n<div class=\"auto-hide-last-sibling-br paragraph_9dc5f paragraph-element\"><strong>Upravljanje logistikom<\/strong>: Ove naljepnice se mogu koristiti za efikasno pra\u0107enje i lociranje robe u realnom vremenu tokom transporta. Oni pobolj\u0161avaju efikasnost lanca snabdevanja i pojednostavljuju upravljanje logistikom nude\u0107i stalnu vidljivost po\u0161iljki.<\/div>\n<\/li>\n<li>\n<div class=\"auto-hide-last-sibling-br paragraph_9dc5f paragraph-element\"><strong>Asset Management<\/strong>: Oni igraju klju\u010dnu ulogu u pra\u0107enju i upravljanju imovinom kompanije, kao \u0161to su ma\u0161ine, alati i kancelarijska oprema. Omogu\u0107avaju brzu i preciznu identifikaciju i verifikaciju imovine, smanjuju\u0107i rizik od gubitka, kra\u0111e ili pogre\u0161nog smje\u0161taja.<\/div>\n<\/li>\n<li>\n<div class=\"auto-hide-last-sibling-br paragraph_9dc5f paragraph-element\"><strong>Upravljanje lancem nabavke<\/strong>: NFC naljepnice se koriste za pra\u0107enje proizvoda u svakoj fazi lanca snabdijevanja, osiguravaju\u0107i transparentnost i efikasno sprje\u010davaju\u0107i ulazak krivotvorene robe na tr\u017ei\u0161te.<\/div>\n<\/li>\n<li>\n<div class=\"auto-hide-last-sibling-br paragraph_9dc5f paragraph-element\"><strong>Upravljanje vozilom<\/strong>: Koriste se u upravljanju voznim parkom, naljepnice nude jednostavan na\u010din za pra\u0107enje i pra\u0107enje kretanja vozila, osiguravaju\u0107i efikasnu optimizaciju rute.<\/div>\n<\/li>\n<li>\n<div class=\"auto-hide-last-sibling-br paragraph_9dc5f paragraph-element\"><strong>Upravljanje skladi\u0161tem<\/strong>: Oni pojednostavljuju operacije omogu\u0107avaju\u0107i pra\u0107enje zaliha u realnom vremenu, \u010dine\u0107i proces upravljanja skladi\u0161tem veoma efikasnim.<\/div>\n<\/li>\n<li>\n<div class=\"auto-hide-last-sibling-br paragraph_9dc5f paragraph-element\"><strong>Verifikacija proizvoda<\/strong>: NFC naljepnice se mogu koristiti za provjeru autenti\u010dnosti proizvoda, pru\u017eaju\u0107i jednostavan na\u010din da se utvrdi da li je proizvod originalan ili falsifikovan.<\/div>\n<\/li>\n<li>\n<div class=\"auto-hide-last-sibling-br paragraph_9dc5f paragraph-element\"><strong>Asset Tracking<\/strong>: Pojednostavljuju proces pra\u0107enja imovine u realnom vremenu, \u0161to je posebno korisno za stavke visoke vrijednosti ili va\u017enu opremu koja se \u010desto pomi\u010de.<\/div>\n<\/li>\n<li>\n<div class=\"auto-hide-last-sibling-br paragraph_9dc5f paragraph-element\"><strong>Upravljanje zalihama<\/strong>: Naljepnice poma\u017eu u upravljanju zalihama u skladi\u0161tima ili maloprodajnim objektima smanjuju\u0107i ru\u010dne provjere i osiguravaju\u0107i precizno brojanje.<\/div>\n<\/li>\n<li>\n<div class=\"auto-hide-last-sibling-br paragraph_9dc5f paragraph-element\"><strong>Pla\u0107anje<\/strong>: NFC naljepnice se koriste u bezgotovinskim transakcijama, omogu\u0107avaju\u0107i brzo i sigurno pla\u0107anje samo jednim dodirom, kao na primjer u sistemima pla\u0107anja narukvicom.<\/div>\n<\/li>\n<li>\n<div class=\"auto-hide-last-sibling-br paragraph_9dc5f paragraph-element\"><strong>Dru\u0161tveni mediji<\/strong>: NFC naljepnice se mogu programirati za pokretanje naloga na dru\u0161tvenim mre\u017eama ili hashtagova, pru\u017eaju\u0107i besprijekorno iskustvo dru\u0161tvenih medija jednim dodirom.<\/div>\n<\/li>\n<li>\n<div class=\"auto-hide-last-sibling-br paragraph_9dc5f paragraph-element\"><strong>Narukvice<\/strong>: Koristi se na doga\u0111ajima gdje su potrebni lak pristup i sigurna pla\u0107anja, kao \u0161to su muzi\u010dki festivali, sajmovi i sportski doga\u0111aji.<\/div>\n<\/li>\n<\/ul>\n<div class=\"auto-hide-last-sibling-br paragraph_9dc5f paragraph-element\">Gore pomenuto je samo snimak svestranosti Anti Metal NFC etikete NXP Mifare 1k. Mogu\u0107nosti su beskrajne, a svaka aplikacija je dizajnirana da donese dodatnu efikasnost, sigurnost i udobnost.<\/div>\n<div><\/div>\n<div>\n<p>Na metalnim RFID oznakama su tako\u0111e dostupne i dizajnirane su za upotrebu na metalnim predmetima. Ove oznake su obi\u010dno izra\u0111ene sa posebnom ljepljivom podlogom ili metodom monta\u017ee kako bi se osiguralo pravilno pri\u010dvr\u0161\u0107ivanje na metalnu povr\u0161inu bez smetnji.<\/p>\n<p>Kona\u010dno, izbor izme\u0111u upotrebe antimetalne RFID oznake ili metalne RFID oznake ovisi o specifi\u010dnoj primjeni i vrsti metalne povr\u0161ine na koju \u0107e oznaka biti postavljena. Va\u017eno je pa\u017eljivo razmotriti okru\u017eenje i zahtjeve va\u0161eg RFID sistema kako biste osigurali optimalne performanse.<\/p>\n<\/div>","protected":false},"excerpt":{"rendered":"<p>Antimetalna NFC oznaka NXP Mifare 1k. Antimetalna RFID oznaka je posebno dizajnirana za postavljanje na metalne povr\u0161ine. Ove oznake su napravljene od posebnog za\u0161titnog materijala koji spre\u010dava metal da ometa funkcionalnost oznake. Ovo omogu\u0107ava pouzdano i precizno o\u010ditavanje RFID oznake \u010dak i kada je postavljena na metalne povr\u0161ine.<\/p>","protected":false},"featured_media":351,"template":"","meta":{"_kad_post_transparent":"default","_kad_post_title":"","_kad_post_layout":"default","_kad_post_sidebar_id":"","_kad_post_content_style":"default","_kad_post_vertical_padding":"default","_kad_post_feature":"","_kad_post_feature_position":"","_kad_post_header":false,"_kad_post_footer":false,"_kad_post_classname":""},"product_brand":[],"product_cat":[54],"product_tag":[152,145,144],"class_list":{"0":"post-350","1":"product","2":"type-product","3":"status-publish","4":"has-post-thumbnail","6":"product_cat-hot-selling-rfid-tags","7":"product_tag-anti-metal-nfc-label-nxp-mifare-1k","8":"product_tag-anti-metal-nfc-tag","9":"product_tag-anti-metal-rfid-nfc-sticker","11":"first","12":"instock","13":"shipping-taxable","14":"product-type-simple","15":"entry","16":"content-bg","17":"loop-entry"},"_links":{"self":[{"href":"https:\/\/rfid-laundry-tag.com\/bs\/wp-json\/wp\/v2\/product\/350","targetHints":{"allow":["GET"]}}],"collection":[{"href":"https:\/\/rfid-laundry-tag.com\/bs\/wp-json\/wp\/v2\/product"}],"about":[{"href":"https:\/\/rfid-laundry-tag.com\/bs\/wp-json\/wp\/v2\/types\/product"}],"version-history":[{"count":0,"href":"https:\/\/rfid-laundry-tag.com\/bs\/wp-json\/wp\/v2\/product\/350\/revisions"}],"wp:featuredmedia":[{"embeddable":true,"href":"https:\/\/rfid-laundry-tag.com\/bs\/wp-json\/wp\/v2\/media\/351"}],"wp:attachment":[{"href":"https:\/\/rfid-laundry-tag.com\/bs\/wp-json\/wp\/v2\/media?parent=350"}],"wp:term":[{"taxonomy":"product_brand","embeddable":true,"href":"https:\/\/rfid-laundry-tag.com\/bs\/wp-json\/wp\/v2\/product_brand?post=350"},{"taxonomy":"product_cat","embeddable":true,"href":"https:\/\/rfid-laundry-tag.com\/bs\/wp-json\/wp\/v2\/product_cat?post=350"},{"taxonomy":"product_tag","embeddable":true,"href":"https:\/\/rfid-laundry-tag.com\/bs\/wp-json\/wp\/v2\/product_tag?post=350"}],"curies":[{"name":"radni list","href":"https:\/\/api.w.org\/{rel}","templated":true}]}}