{"id":344,"date":"2024-06-28T09:45:28","date_gmt":"2024-06-28T09:45:28","guid":{"rendered":"https:\/\/rfid-laundry-tag.com\/?post_type=product&#038;p=344"},"modified":"2024-06-28T09:50:44","modified_gmt":"2024-06-28T09:50:44","slug":"13-56mhz-rfid-1k-token-coin-tag","status":"publish","type":"product","link":"https:\/\/rfid-laundry-tag.com\/bs\/13-56mhz-rfid-1k-token-coin-tag\/","title":{"rendered":"13,56Mhz RFID 1K token kovanica"},"content":{"rendered":"<p><strong>13,56Mhz RFID 1K token kovanica<\/strong><\/p>\n<p style=\"text-align: left;\">Klju\u010dne informacije: Otporan na vafle i izdr\u017eljiv.<\/p>\n<p style=\"text-align: left;\">Veli\u010dina i prilago\u0111avanje logotipa su prihvatljivi.<\/p>\n<p style=\"text-align: left;\">\u0160tampa: bijela boja ili prilagodite logotip<\/p>\n<p style=\"text-align: left;\">Veli\u010dina: pre\u010dnik 25 mm, 30 mm<\/p>\n<p style=\"text-align: left;\">Mini koli\u010dina: 1000 kom<\/p>\n<p style=\"text-align: left;\">\u010cipovi: RFID 1K itd.<\/p>\n<p style=\"text-align: left;\">Dodatne karakteristike: logotip, \u0161tampani serijski broj, QR kod, bar kodovi, varijabilni podaci i serijalizacija itd.<\/p>\n<table border=\"1\" cellspacing=\"0\" cellpadding=\"0\">\n<tbody>\n<tr>\n<td colspan=\"2\">\n<p align=\"left\">Specifikacije<\/p>\n<\/td>\n<\/tr>\n<tr>\n<td>\n<p align=\"left\">Tip etikete\/\u010dipa<\/p>\n<\/td>\n<td>\n<p align=\"left\">RFID 1K<\/p>\n<\/td>\n<\/tr>\n<tr>\n<td>\n<p align=\"left\">Radna frekvencija<\/p>\n<\/td>\n<td>\n<p align=\"left\">13,56 MHz<\/p>\n<\/td>\n<\/tr>\n<tr>\n<td>\n<p align=\"left\">Testirani opseg \u010ditanja<\/p>\n<\/td>\n<td>\n<p align=\"left\">0 \u2013 100 mm u zavisnosti od snage koju daje \u010dita\u010d<\/p>\n<\/td>\n<\/tr>\n<tr>\n<td>\n<p align=\"left\">Multi-Detection<\/p>\n<\/td>\n<td>\n<p align=\"left\">Da<\/p>\n<\/td>\n<\/tr>\n<tr>\n<td>\n<p align=\"left\">Veli\u010dina<\/p>\n<\/td>\n<td>Pre\u010dnik 25 mm, pre\u010dnik 30 mm itd<\/td>\n<\/tr>\n<tr>\n<td>\n<p align=\"left\">Materijal<\/p>\n<\/td>\n<td>\n<p align=\"left\">PVC \/ PET \/ antena itd<\/p>\n<\/td>\n<\/tr>\n<tr>\n<td>\n<p align=\"left\">protokol:<\/p>\n<\/td>\n<td>\n<p align=\"left\">ISO14443A<\/p>\n<\/td>\n<\/tr>\n<tr>\n<td>\n<p align=\"left\">Specifikacija okoli\u0161a<\/p>\n<\/td>\n<td>\n<p align=\"left\">Rok trajanja 5 godina<\/p>\n<p align=\"left\">Preporu\u010deno: -25C do +50C<\/p>\n<p align=\"left\">Stanje skladi\u0161tenja: 20% do 90%RH<\/p>\n<p align=\"left\">Radna temperatura: -40C do +65C<\/p>\n<\/td>\n<\/tr>\n<tr>\n<td>\n<p align=\"left\">Vrijeme \u010ditanja\/pisanja:<\/p>\n<\/td>\n<td>\n<p align=\"left\">100000 puta<\/p>\n<\/td>\n<\/tr>\n<tr>\n<td>\n<p align=\"left\">primjena:<\/p>\n<\/td>\n<td>\n<p align=\"left\" data-spm-anchor-id=\"a2700.wholesale.0.i54.a0d8206fLph15n\">Javni prevoz, Upravljanje pristupom, E-karte, Upravljanje logistikom i nabavkom, Proizvodnja i monta\u017ea, Nalepnica na vetrobranu, Pra\u0107enje dokumenata, Upravljanje praonicama, Upravljanje Bibliotekom, Identitet \u017eivotinja i tako dalje<\/p>\n<\/td>\n<\/tr>\n<\/tbody>\n<\/table>\n<p>&nbsp;<\/p>\n<p>Ova RFID NFC kovanica sa ljepilom izgleda kao robustan i pouzdan proizvod, posebno sa karakteristikama koje ste spomenuli. Ugradnja antimetalnih materijala, 3M ljepila i ultrazvu\u010dno zavarivanje pobolj\u0161ava njegove performanse na metalnim povr\u0161inama i osigurava vodootpornost i sposobnost protiv bacanja. Upotreba zavojnice od \u010distog bakra za stabilnost frekvencije je odli\u010dan izbor jer omogu\u0107ava konzistentne udaljenosti \u010ditanja kartica \u010dak i u izazovnim okru\u017eenjima. Sve u svemu, ova tehnologija treba da obezbedi pouzdane i dosledne performanse, \u010dine\u0107i je pogodnom za te\u0161ke uslove.<\/p>\n<p>&nbsp;<\/p>","protected":false},"excerpt":{"rendered":"<p>13,56Mhz RFID 1K token nov\u010di\u0107 je dobar izbor za pra\u0107enje imovine zbog svoje male veli\u010dine, lako\u0107e instalacije i izdr\u017eljivosti. Sa PVC materijalom ili PET materijalom, memorija \u010dipa je 1K Byte.<\/p>","protected":false},"featured_media":345,"template":"","meta":{"_kad_post_transparent":"default","_kad_post_title":"","_kad_post_layout":"default","_kad_post_sidebar_id":"","_kad_post_content_style":"default","_kad_post_vertical_padding":"default","_kad_post_feature":"","_kad_post_feature_position":"","_kad_post_header":false,"_kad_post_footer":false,"_kad_post_classname":""},"product_brand":[],"product_cat":[54],"product_tag":[149,145],"class_list":{"0":"post-344","1":"product","2":"type-product","3":"status-publish","4":"has-post-thumbnail","6":"product_cat-hot-selling-rfid-tags","7":"product_tag-13-56mhz-rfid-1k-token-coin-tag","8":"product_tag-anti-metal-nfc-tag","10":"first","11":"instock","12":"shipping-taxable","13":"product-type-simple","14":"entry","15":"content-bg","16":"loop-entry"},"_links":{"self":[{"href":"https:\/\/rfid-laundry-tag.com\/bs\/wp-json\/wp\/v2\/product\/344","targetHints":{"allow":["GET"]}}],"collection":[{"href":"https:\/\/rfid-laundry-tag.com\/bs\/wp-json\/wp\/v2\/product"}],"about":[{"href":"https:\/\/rfid-laundry-tag.com\/bs\/wp-json\/wp\/v2\/types\/product"}],"version-history":[{"count":0,"href":"https:\/\/rfid-laundry-tag.com\/bs\/wp-json\/wp\/v2\/product\/344\/revisions"}],"wp:featuredmedia":[{"embeddable":true,"href":"https:\/\/rfid-laundry-tag.com\/bs\/wp-json\/wp\/v2\/media\/345"}],"wp:attachment":[{"href":"https:\/\/rfid-laundry-tag.com\/bs\/wp-json\/wp\/v2\/media?parent=344"}],"wp:term":[{"taxonomy":"product_brand","embeddable":true,"href":"https:\/\/rfid-laundry-tag.com\/bs\/wp-json\/wp\/v2\/product_brand?post=344"},{"taxonomy":"product_cat","embeddable":true,"href":"https:\/\/rfid-laundry-tag.com\/bs\/wp-json\/wp\/v2\/product_cat?post=344"},{"taxonomy":"product_tag","embeddable":true,"href":"https:\/\/rfid-laundry-tag.com\/bs\/wp-json\/wp\/v2\/product_tag?post=344"}],"curies":[{"name":"radni list","href":"https:\/\/api.w.org\/{rel}","templated":true}]}}