{"id":338,"date":"2024-06-28T08:41:45","date_gmt":"2024-06-28T08:41:45","guid":{"rendered":"https:\/\/rfid-laundry-tag.com\/?post_type=product&#038;p=338"},"modified":"2024-07-16T16:20:17","modified_gmt":"2024-07-16T16:20:17","slug":"nxp-mifare-1k-rfid-nfc-inlay-sticker","status":"publish","type":"product","link":"https:\/\/rfid-laundry-tag.com\/bs\/nxp-mifare-1k-rfid-nfc-inlay-sticker\/","title":{"rendered":"NXP Mifare 1k RFID NFC Inlay naljepnica"},"content":{"rendered":"<table class=\"has-title all magic-13\">\n<tbody>\n<tr>\n<td colspan=\"1\" rowspan=\"1\">\n<div class=\"magic-14\" data-spm-anchor-id=\"a2700.details.0.i37.2ec61361oDo4aX\">Naziv proizvoda<\/div>\n<\/td>\n<td colspan=\"1\" rowspan=\"1\">\n<div class=\"magic-15\">NXP Mifare 1k RFID NFC Inlay naljepnica<\/div>\n<\/td>\n<\/tr>\n<tr>\n<td colspan=\"1\" rowspan=\"1\">\n<div class=\"magic-14\">\u010cip<\/div>\n<\/td>\n<td colspan=\"1\" rowspan=\"1\">\n<div class=\"magic-15\">MIFARE Classic\u00ae 1K<\/div>\n<\/td>\n<\/tr>\n<tr>\n<td colspan=\"1\" rowspan=\"1\">\n<div class=\"magic-14\">Frekvencija<\/div>\n<\/td>\n<td colspan=\"1\" rowspan=\"1\">\n<div class=\"magic-15\">13,56 MHZ<\/div>\n<\/td>\n<\/tr>\n<tr>\n<td colspan=\"1\" rowspan=\"1\">\n<div class=\"magic-14\">Udaljenost \u010ditanja<\/div>\n<\/td>\n<td colspan=\"1\" rowspan=\"1\">\n<div class=\"magic-15\">1-5 CM<\/div>\n<\/td>\n<\/tr>\n<tr>\n<td colspan=\"1\" rowspan=\"1\">\n<div class=\"magic-14\">Materijal<\/div>\n<\/td>\n<td colspan=\"1\" rowspan=\"1\">\n<div class=\"magic-15\">Coated Paper<\/div>\n<\/td>\n<\/tr>\n<tr>\n<td colspan=\"1\" rowspan=\"1\">\n<div class=\"magic-14\">Supstrat<\/div>\n<\/td>\n<td colspan=\"1\" rowspan=\"1\">\n<div class=\"magic-15\">PET<\/div>\n<\/td>\n<\/tr>\n<tr>\n<td colspan=\"1\" rowspan=\"1\">\n<div class=\"magic-14\">Dia 50 mmSize<\/div>\n<\/td>\n<td colspan=\"1\" rowspan=\"1\">\n<div class=\"magic-15\">Pre\u010dnik 25 mm ili prilago\u0111avanje<\/div>\n<\/td>\n<\/tr>\n<tr>\n<td colspan=\"1\" rowspan=\"1\">\n<div class=\"magic-14\">Working Mode<\/div>\n<\/td>\n<td colspan=\"1\" rowspan=\"1\">\n<div class=\"magic-15\">Pasivno<\/div>\n<\/td>\n<\/tr>\n<tr>\n<td colspan=\"1\" rowspan=\"1\">\n<div class=\"magic-14\">Write Cycles<\/div>\n<\/td>\n<td colspan=\"1\" rowspan=\"1\">\n<div class=\"magic-15\">100000<\/div>\n<\/td>\n<\/tr>\n<tr>\n<td colspan=\"1\" rowspan=\"1\">\n<div class=\"magic-14\">Radna temperatura \/ vla\u017enost<\/div>\n<\/td>\n<td colspan=\"1\" rowspan=\"1\">\n<div class=\"magic-15\">-40~70\u2103\/20%~90% RH<\/div>\n<\/td>\n<\/tr>\n<tr>\n<td colspan=\"1\" rowspan=\"1\">\n<div class=\"magic-14\">Temperatura skladi\u0161tenja \/ vla\u017enost<\/div>\n<\/td>\n<td colspan=\"1\" rowspan=\"1\">\n<div class=\"magic-15\">-20~50\u2103 \/ 20%~90% RH (bez kondenzacije).<\/div>\n<\/td>\n<\/tr>\n<tr>\n<td colspan=\"1\" rowspan=\"1\">\n<div class=\"magic-14\">Dostupnost uzorka<\/div>\n<\/td>\n<td colspan=\"1\" rowspan=\"1\">\n<div class=\"magic-15\">Besplatni uzorci dostupni su na zahtjev<\/div>\n<\/td>\n<\/tr>\n<tr>\n<td colspan=\"1\" rowspan=\"1\">\n<div class=\"magic-14\">Pakovanje<\/div>\n<\/td>\n<td colspan=\"1\" rowspan=\"1\">\n<div class=\"magic-15\">1000-5000 kom\/rolna, 4 rolne\/karton<\/div>\n<\/td>\n<\/tr>\n<tr>\n<td colspan=\"1\" rowspan=\"1\">\n<div class=\"magic-14\">\n<p>Aplikacija<\/p>\n<div><\/div>\n<\/div>\n<\/td>\n<td colspan=\"1\" rowspan=\"1\">\n<div class=\"magic-15\" data-spm-anchor-id=\"a2700.details.0.i47.2ec61361oDo4aX\">Sigurna kontrola ulaska\/bezgotovinsko pla\u0107anje \u010clanstvo i programi lojalnosti Pristup doga\u0111ajima i brendiranje\/Dru\u0161tveni mediji\/Maloprodaja<br \/>\nOkru\u017eenje\/igre i igra\u010dke Lokacija\/Elektronika\/Sajmovi\/Doga\u0111aji\/Zahtjev za poziv\/vizit karte<\/div>\n<\/td>\n<\/tr>\n<\/tbody>\n<\/table>\n<p>&nbsp;<\/p>\n<p><strong>NXP<sup>\u00ae<\/sup>\u00a0je razvio MIFARE<sup>\u00ae<\/sup>\u00a0MF1ICS50 za kori\u0161tenje u beskontaktnoj pametnoj kartici prema ISO\/IEC 14443 tip-A.<\/strong><\/p>\n<p>MIFARE MF1ICS50 IC se koristi u aplikacijama kao \u0161to je izdavanje karata u javnom prevozu gde su veliki gradovi usvojili MIFARE kao svoje re\u0161enje za e-karte po izboru.<\/p>\n<p>Inteligentna funkcija protiv sudara omogu\u0107ava rad sa vi\u0161e od jedne kartice na terenu istovremeno. Algoritam protiv kolizije odabire svaku karticu pojedina\u010dno i osigurava da se izvr\u0161enje transakcije s odabranom karticom izvr\u0161i ispravno bez o\u0161te\u0107enja podataka koja bi bila posljedica drugih kartica na terenu.<\/p>\n<p>MF1ICS50 je dizajniran za jednostavnu integraciju i prakti\u010dnost korisnika. \u0160to bi moglo omogu\u0107iti da se kompletne transakcije tiketinga obra\u0111uju za manje od 100 ms. Dakle, korisnik kartice MF1ICS50 nije primoran da se zaustavlja kod \u010dita\u010da \u0161to dovodi do velike propusnosti na kapiji i smanjenog vremena ulaska u autobuse. MIFARE kartica zasnovana na proizvodu tako\u0111e mo\u017ee ostati u nov\u010daniku tokom transakcije, \u010dak i ako u njoj ima nov\u010di\u0107a.<\/p>\n<p>Neka \u010desta pitanja vezana za NXP Mifare 1k RFID NFC umetnute naljepnice:<\/p>\n<ol>\n<li>\u0160ta je NXP Mifare 1k RFID NFC umetnuta naljepnica?<\/li>\n<\/ol>\n<ul>\n<li>Inlay naljepnica se obi\u010dno sastoji od malog RFID\/NFC \u010dipa i antene ugra\u0111enih u tanak, ljepljivi sloj. NXP Mifare 1k se odnosi na specifi\u010dan tip \u010dipa koji se koristi u inlayu.<\/li>\n<\/ul>\n<ol start=\"2\">\n<li>Koje su karakteristike NXP Mifare 1k RFID NFC inlay naljepnica?<\/li>\n<\/ol>\n<ul>\n<li>NXP Mifare 1k \u010dip se obi\u010dno koristi u aplikacijama kao \u0161to su kontrola pristupa, transport i programi lojalnosti. Nudi 1 kilobajt memorije i podr\u017eava vi\u0161estruke metode provjere autenti\u010dnosti za sigurno skladi\u0161tenje podataka.<\/li>\n<\/ul>\n<ol start=\"3\">\n<li>Kako se NXP Mifare 1k RFID NFC inlay naljepnice mogu programirati?<\/li>\n<\/ol>\n<ul>\n<li>Ove umetnute naljepnice mogu se programirati pomo\u0107u NFC ure\u0111aja kao \u0161to su pametni telefoni ili namjenski RFID\/NFC \u010dita\u010di. Ovo omogu\u0107ava prilago\u0111avanje podataka pohranjenih na \u010dipu, kao \u0161to su jedinstveni identifikatori ili sigurnosni klju\u010devi.<\/li>\n<\/ul>\n<ol start=\"4\">\n<li>Koji su tipi\u010dni slu\u010dajevi upotrebe za NXP Mifare 1k RFID NFC umetnute naljepnice?<\/li>\n<\/ol>\n<ul>\n<li>Ove umetnute naljepnice se obi\u010dno koriste za beskontaktne sisteme pla\u0107anja, kartice za kontrolu pristupa, rje\u0161enja za prodaju karata i pra\u0107enje zaliha. Svestrani su i mogu se integrirati u razli\u010dite aplikacije koje zahtijevaju RFID\/NFC tehnologiju.<\/li>\n<\/ul>\n<ol start=\"5\">\n<li>Jesu li NXP Mifare 1k RFID NFC inlay naljepnice sigurne?<\/li>\n<\/ol>\n<ul>\n<li>NXP Mifare 1k \u010dip nudi ugra\u0111ene sigurnosne zna\u010dajke kao \u0161to su protokoli za \u0161ifriranje i autentifikaciju kako bi se sprije\u010dio neovla\u0161teni pristup podacima pohranjenim na \u010dipu. Me\u0111utim, pravilna implementacija sigurnosnih mjera je va\u017ena kako bi se osigurala ukupna sigurnost sistema.<\/li>\n<\/ul>","protected":false},"excerpt":{"rendered":"<p>NFC inlay sa MIFARE Classic EV1 1K (MF1S503yX) NFC \u010dipom. Ovi umetci su dizajnirani da budu tanki i jeftini, sa \u010dipom i antenom postavljenim licem nadole na lepak. Umetak ima 4-bajtni NUID i antena se obi\u010dno mo\u017ee otkriti kada prstom pre\u0111ete po povr\u0161ini.<\/p>","protected":false},"featured_media":339,"template":"","meta":{"_kad_post_transparent":"default","_kad_post_title":"","_kad_post_layout":"default","_kad_post_sidebar_id":"","_kad_post_content_style":"default","_kad_post_vertical_padding":"default","_kad_post_feature":"","_kad_post_feature_position":"","_kad_post_header":false,"_kad_post_footer":false,"_kad_post_classname":""},"product_brand":[],"product_cat":[54,189],"product_tag":[112,147],"class_list":{"0":"post-338","1":"product","2":"type-product","3":"status-publish","4":"has-post-thumbnail","6":"product_cat-hot-selling-rfid-tags","7":"product_cat-rfid-inlay","8":"product_tag-13-56mhz-rfid-inlay","9":"product_tag-nxp-mifare-1k-rfid-nfc-inlay-sticker","11":"first","12":"instock","13":"shipping-taxable","14":"product-type-simple","15":"entry","16":"content-bg","17":"loop-entry"},"_links":{"self":[{"href":"https:\/\/rfid-laundry-tag.com\/bs\/wp-json\/wp\/v2\/product\/338","targetHints":{"allow":["GET"]}}],"collection":[{"href":"https:\/\/rfid-laundry-tag.com\/bs\/wp-json\/wp\/v2\/product"}],"about":[{"href":"https:\/\/rfid-laundry-tag.com\/bs\/wp-json\/wp\/v2\/types\/product"}],"version-history":[{"count":1,"href":"https:\/\/rfid-laundry-tag.com\/bs\/wp-json\/wp\/v2\/product\/338\/revisions"}],"predecessor-version":[{"id":717,"href":"https:\/\/rfid-laundry-tag.com\/bs\/wp-json\/wp\/v2\/product\/338\/revisions\/717"}],"wp:featuredmedia":[{"embeddable":true,"href":"https:\/\/rfid-laundry-tag.com\/bs\/wp-json\/wp\/v2\/media\/339"}],"wp:attachment":[{"href":"https:\/\/rfid-laundry-tag.com\/bs\/wp-json\/wp\/v2\/media?parent=338"}],"wp:term":[{"taxonomy":"product_brand","embeddable":true,"href":"https:\/\/rfid-laundry-tag.com\/bs\/wp-json\/wp\/v2\/product_brand?post=338"},{"taxonomy":"product_cat","embeddable":true,"href":"https:\/\/rfid-laundry-tag.com\/bs\/wp-json\/wp\/v2\/product_cat?post=338"},{"taxonomy":"product_tag","embeddable":true,"href":"https:\/\/rfid-laundry-tag.com\/bs\/wp-json\/wp\/v2\/product_tag?post=338"}],"curies":[{"name":"radni list","href":"https:\/\/api.w.org\/{rel}","templated":true}]}}