{"id":336,"date":"2024-06-28T08:18:30","date_gmt":"2024-06-28T08:18:30","guid":{"rendered":"https:\/\/rfid-laundry-tag.com\/?post_type=product&#038;p=336"},"modified":"2024-10-24T15:35:13","modified_gmt":"2024-10-24T15:35:13","slug":"mifare-ultralight-c-rfid-nfc-inlay","status":"publish","type":"product","link":"https:\/\/rfid-laundry-tag.com\/bs\/mifare-ultralight-c-rfid-nfc-inlay\/","title":{"rendered":"NXP Mifare\u00aeUltralight C RFID NFC Inlay"},"content":{"rendered":"<div>\n<h1 class=\"auto-hide-last-sibling-br paragraph_9dc5f paragraph-element\"><strong>NXP Mifare Ultralight C RFID NFC Inlay<\/strong><\/h1>\n<div><\/div>\n<\/div>\n<div class=\"text-title\"><strong><span class=\"magic-26\" style=\"font-family: Arial;\" data-spm-anchor-id=\"a2700.details.0.i47.6f4d7d7dnursE7\">Suhi inlay<\/span><\/strong><\/div>\n<div class=\"text-content\">\n<p><span class=\"magic-6\" style=\"font-family: Arial;\">Jednostavno govore\u0107i, RFID suhi inlay je kombinacija RFID \u010dipa i antene. Mo\u017ee se koristiti za izradu NFC naljepnica, RFID etiketa, RFID ulaznica i raznih RFID oznaka. <\/span><\/p>\n<div data-spm-anchor-id=\"a2700.details.0.i46.6f4d7d7dnursE7\">\n<p><span class=\"magic-6\" style=\"font-family: Arial;\"> Antena suvog umetka je aluminijska gravura, koja je tanja u odnosu na bakar. Oblik antene se mo\u017ee prilagoditi i redizajnirati na zahtjev.<\/span><\/p>\n<p>&nbsp;<\/p>\n<\/div>\n<\/div>\n<div>\n<div class=\"text-title\"><strong><span class=\"magic-26\" style=\"font-family: Arial;\">Wet inlay<\/span><\/strong><\/div>\n<div class=\"text-content\">\n<p><span class=\"magic-6\" style=\"font-family: Arial;\" data-spm-anchor-id=\"a2700.details.0.i49.6f4d7d7dnursE7\">RFID suhi ulo\u017eak koji se dodaje ljepilom naziva se mokri inlay. Mo\u017ee se koristiti kao RFID naljepnica ili NFC naljepnica direktno ako vam nije potreban nikakav ispis na povr\u0161ini. Zalijepljenost na objekte mo\u017ee u\u0161tedjeti tro\u0161kove i posti\u0107i istu svrhu. Tako\u0111er se \u0161iroko primjenjuje u izradi RFID oznaka. Antena mokrog ulo\u0161ka je aluminijska gravura, koja je tanja u odnosu na bakar. Oblik antene se mo\u017ee prilagoditi i redizajnirati na zahtjev.<\/span><\/p>\n<h2>NXP Mifare\u00aeUltralight C RFID NFC Inlay<\/h2>\n<div><\/div>\n<div data-spm-anchor-id=\"a2700.details.0.i48.6f4d7d7dnursE7\">\n<table class=\"hight-light-first-column all magic-14\">\n<tbody>\n<tr>\n<td colspan=\"1\" rowspan=\"1\">\n<div class=\"magic-15\"><b>Materijal<\/b><\/div>\n<\/td>\n<td colspan=\"1\" rowspan=\"1\">\n<div class=\"magic-16\" data-spm-anchor-id=\"a2700.details.0.i34.21f6414cWQ4Zrf\">Papir \/termo papir \/ tkanina \/ PVC \/ PET<\/div>\n<\/td>\n<\/tr>\n<tr>\n<td colspan=\"1\" rowspan=\"1\">\n<div class=\"magic-15\"><b>Veli\u010dina<\/b><\/div>\n<\/td>\n<td colspan=\"1\" rowspan=\"1\">\n<div class=\"magic-16\">18*56mm, 25*25mm, 30*30mm, 40*40mm, Dia18mm, Dia20mm, Dia22mm, Dia25mm, ili prilago\u0111ena veli\u010dina.<\/div>\n<\/td>\n<\/tr>\n<tr>\n<td colspan=\"1\" rowspan=\"1\">\n<div class=\"magic-15\"><b>\u0160tampanje<\/b><\/div>\n<\/td>\n<td colspan=\"1\" rowspan=\"1\">\n<div class=\"magic-16\">Nema potrebe za \u0161tampanjem<\/div>\n<\/td>\n<\/tr>\n<tr>\n<td colspan=\"1\" rowspan=\"1\">\n<div class=\"magic-15\"><b>Dostupan \u010dip<\/b><\/div>\n<\/td>\n<td colspan=\"1\" rowspan=\"1\">\n<div class=\"magic-16\">\n<p><strong>Mifare Ultralight C <\/strong><\/p>\n<\/div>\n<\/td>\n<\/tr>\n<tr>\n<td colspan=\"1\" rowspan=\"1\">\n<div class=\"magic-21\"><b>Protokol:<\/b><\/div>\n<\/td>\n<td colspan=\"4\" rowspan=\"1\">\n<div class=\"magic-22\">ISO\/IEC 14443 Tip A<\/div>\n<\/td>\n<\/tr>\n<tr>\n<td colspan=\"1\" rowspan=\"1\">\n<div class=\"magic-26\"><b>zanati:<\/b><\/div>\n<\/td>\n<td colspan=\"4\" rowspan=\"1\">\n<div class=\"magic-22\" data-spm-anchor-id=\"a2700.details.0.i33.21f6414cWQ4Zrf\">\u0160tampanje, bar kod, QR kod, itd.<\/div>\n<\/td>\n<\/tr>\n<\/tbody>\n<\/table>\n<p>&nbsp;<\/p>\n<\/div>\n<p>NXP<sup>\u00ae<\/sup>\u00a0Semiconductors je razvio MIFARE Ultralight C \u2013 beskontaktni tiket IC MF0ICU2 koji \u0107e se koristiti u beskontaktnoj pametnoj karti ili pametnoj kartici u kombinaciji sa ure\u0111ajima za blizinu (PCD). Komunikacijski sloj (MIFARE<sup>\u00ae<\/sup>\u00a0RF interfejs) je u skladu sa delovima 2 i 3 standarda ISO\/IEC 14443 Tip-A. MF0ICU2 je prvenstveno dizajniran za aplikacije ograni\u010dene upotrebe kao \u0161to su javni prijevoz, izdavanje karata za doga\u0111aje i aplikacije lojalnosti.<\/p>\n<h3>Beskontaktni prijenos energije i podataka<\/h3>\n<p>U MIFARE sistemu, MF0ICU2 je povezan na zavojnicu sa nekoliko zavoja. MF0ICU2 odgovara formatima ulaznica TFC.0 (Edmonson) i TFC.1 kako je definirano u EN 753-2.<\/p>\n<p>TFC.1 formate ulaznica podr\u017eava MF0xxU20 \u010dip koji sadr\u017ei rezonantni kondenzator na \u010dipu od 16 pF.<\/p>\n<p>Manje TFC.0 tikete su podr\u017eane MFxxU21 \u010dipom koji ima rezonantni kondenzator na \u010dipu od 50 pF.<\/p>\n<p>Kada je tiket pozicioniran u blizini antene ure\u0111aja za spajanje (PCD), RF komunikacijski interfejs velike brzine omogu\u0107ava prijenos podataka brzinom prijenosa od 106 kbit\/s.<\/p>\n<h3>Anti-sudar<\/h3>\n<p>Inteligentna funkcija protiv sudara omogu\u0107ava rad sa vi\u0161e od jedne kartice na terenu istovremeno. Algoritam protiv kolizije odabire svaku karticu pojedina\u010dno i osigurava da se izvr\u0161enje transakcije sa odabranom karticom izvr\u0161i ispravno bez smetnji druge kartice na terenu.<\/p>\n<p>Funkcija protiv sudara zasniva se na pojedina\u010dnom serijskom broju IC-a koji se zove Jedinstvena identifikacija. UID MF0ICU2 je duga\u010dak 7 bajtova i podr\u017eava kaskadni nivo 2 prema ISO\/IEC 14443-3.<\/p>\n<h3>Sigurnost<\/h3>\n<ul>\n<li>3DES autentifikacija<\/li>\n<li>Podr\u0161ka protiv kloniranja putem jedinstvenog 7-bajtnog serijskog broja za svaki ure\u0111aj<\/li>\n<li>32-bitno programirano OTP podru\u010dje<\/li>\n<li>Funkcija zaklju\u010davanja samo za \u010ditanje koja se mo\u017ee programirati na terenu za prvih 512-bita<\/li>\n<li>Zaklju\u010davanje samo za \u010ditanje po bloku za memoriju iznad 512 bita<\/li>\n<\/ul>\n<h3>Karakteristike<\/h3>\n<div id=\"featuresXsp\" class=\"features-list\">\n<div class=\"features-xsp\">\n<div class=\"collapse-mobile ste-list\">\n<h3>MIFARE RF interfejs (ISO\/IEC 14443 A)<\/h3>\n<ul class=\"boxes\">\n<li>Beskontaktni prijenos podataka i opskrba energijom<\/li>\n<li>Radna frekvencija 13,56 MHz<\/li>\n<li>Integritet podataka 16-bitnog CRC-a, paritet, bitsko kodiranje, brojanje bitova<\/li>\n<li>7-bajtni serijski broj (kaskadni nivo 2 prema ISO\/IEC 14443-3)<\/li>\n<li>Brza kontra transakcija: &lt; 10 ms<\/li>\n<li>Radna udaljenost do 100 mm u zavisnosti od geometrije antene i konfiguracije \u010dita\u010da<\/li>\n<li>Prijenos podataka od 106 kbit\/s<\/li>\n<li>Prava za\u0161tita od sudara<\/li>\n<li>Tipi\u010dna tiketing transakcija: &lt; 35 ms<\/li>\n<\/ul>\n<\/div>\n<div class=\"collapse-mobile ste-list\">\n<h3>EEPROM<\/h3>\n<ul class=\"boxes\">\n<li>1536-bitna ukupna memorija<\/li>\n<li>36 stranica, 1152-bitna korisni\u010dka r\/w oblast<\/li>\n<li>Funkcija zaklju\u010davanja samo za \u010ditanje koja se mo\u017ee programirati na terenu za prvih 512-bita<\/li>\n<li>32-bitno jednokratno programirano (OTP) podru\u010dje koje mo\u017ee definirati korisnik<\/li>\n<li>Zadr\u017eavanje podataka 10 godina<\/li>\n<li>512-bitni kompatibilan sa MF0ICU1<\/li>\n<li>Funkcija zaklju\u010davanja koja se mo\u017ee programirati na terenu po bloku<\/li>\n<li>16-bitni jednosmjerni broja\u010d<\/li>\n<li>Izdr\u017eljivost pisanja 100000 ciklusa<\/li>\n<\/ul>\n<\/div>\n<\/div>\n<\/div>\n<p><span class=\"AnswerParser_TextContainer__z_Iiv\" data-testid=\"youchat-text\">The <strong>NXP MIFARE\u00ae Ultralight C<\/strong>\u00a0RFID NFC inlay je vrhunsko rje\u0161enje dizajnirano za razne beskontaktne aplikacije, uklju\u010duju\u0107i pametno izdavanje karata, upravljanje doga\u0111ajima i autentifikaciju proizvoda. Sa svojim kompaktnim dizajnom i robusnim karakteristikama, ovaj umetak je savr\u0161en za kompanije koje \u017eele pobolj\u0161ati korisni\u010dko iskustvo uz istovremeno osiguranje sigurnosti i efikasnosti.<\/span><\/p>\n<h2 class=\"AnswerParser_AnswerParserH2__SIHnF\">Pregled NXP MIFARE\u00ae Ultralight C<\/h2>\n<p><span class=\"AnswerParser_TextContainer__z_Iiv\" data-testid=\"youchat-text\">MIFARE Ultralight C je veoma svestran NFC umetak koji radi na\u00a0<strong>ISO 14443 Tip A<\/strong>\u00a0standard. Opremljen je a\u00a0<strong>192-bajtna memorija<\/strong>\u00a0i podr\u017eava\u00a0<strong>3DES enkripcija<\/strong>, \u0161to ga \u010dini pogodnim za sigurne transakcije i skladi\u0161tenje podataka. Ovaj umetak je posebno popularan u industriji prodaje karata, gdje je brz i pouzdan pristup neophodan.<\/span><\/p>\n<h3 class=\"AnswerParser_AnswerParserH3__Mpe4s\">Klju\u010dne prednosti NXP MIFARE\u00ae Ultralight C<\/h3>\n<ul class=\"AnswerParser_AnswerParserUnorderedList__P_1FW\">\n<li class=\"AnswerParser_ListItem__XqLOV\" translate=\"yes\"><strong>Enhanced Security<\/strong>: Uz ugra\u0111enu 3DES enkripciju, MIFARE Ultralight C osigurava da su podaci za\u0161ti\u0107eni od neovla\u0161tenog pristupa, \u0161to ga \u010dini idealnim za aplikacije koje zahtijevaju visoku sigurnost.<\/li>\n<li class=\"AnswerParser_ListItem__XqLOV\" translate=\"yes\"><strong>Kompaktan i lagan<\/strong>: Mala veli\u010dina umetka omogu\u0107ava jednostavnu integraciju u razli\u010dite proizvode, uklju\u010duju\u0107i narukvice, kartice i naljepnice, bez ugro\u017eavanja performansi.<\/li>\n<li class=\"AnswerParser_ListItem__XqLOV\" translate=\"yes\"><strong>Isplativo rje\u0161enje<\/strong>: MIFARE Ultralight C nudi povoljnu opciju za kompanije koje \u017eele implementirati NFC tehnologiju bez \u017ertvovanja kvaliteta ili funkcionalnosti.<\/li>\n<\/ul>\n<h2 class=\"AnswerParser_AnswerParserH2__SIHnF\">Karakteristike NXP MIFARE\u00ae Ultralight C<\/h2>\n<h3 class=\"AnswerParser_AnswerParserH3__Mpe4s\">1. Memorija i skladi\u0161tenje podataka<\/h3>\n<p><span class=\"AnswerParser_TextContainer__z_Iiv\" data-testid=\"youchat-text\">MIFARE Ultralight C ima a\u00a0<strong>192-bajtna memorija<\/strong>, \u0161to je dovoljno za pohranjivanje bitnih podataka kao \u0161to su jedinstveni identifikatori, URL-ovi ili male koli\u010dine korisni\u010dkih informacija. Ovaj kapacitet memorije omogu\u0107ava raznovrsne aplikacije, od jednostavnih etiketa proizvoda do slo\u017eenih sistema za prodaju karata.<\/span><\/p>\n<h3 class=\"AnswerParser_AnswerParserH3__Mpe4s\">2. Sigurnosni protokoli<\/h3>\n<p><span class=\"AnswerParser_TextContainer__z_Iiv\" data-testid=\"youchat-text\">Jedna od istaknutih karakteristika MIFARE Ultralight C je njegova podr\u0161ka za\u00a0<strong>3DES enkripcija<\/strong>. Ovaj napredni sigurnosni protokol osigurava da osjetljivi podaci ostaju za\u0161ti\u0107eni tokom prijenosa, \u0161to ga \u010dini pogodnim za aplikacije u sigurnim okru\u017eenjima kao \u0161to su javni prijevoz i izdavanje karata za doga\u0111aje.<\/span><\/p>\n<h3 class=\"AnswerParser_AnswerParserH3__Mpe4s\">3. Kompatibilnost<\/h3>\n<p><span class=\"AnswerParser_TextContainer__z_Iiv\" data-testid=\"youchat-text\">MIFARE Ultralight C je kompatibilan sa \u0161irokim spektrom NFC ure\u0111aja, uklju\u010duju\u0107i pametne telefone i beskontaktne \u010dita\u010de. Ova kompatibilnost osigurava besprijekornu integraciju u postoje\u0107e sisteme, omogu\u0107avaju\u0107i preduze\u0107ima da nadograde svoju tehnologiju bez zna\u010dajnih promjena u njihovoj infrastrukturi.<\/span><\/p>\n<h2 class=\"AnswerParser_AnswerParserH2__SIHnF\">Primene NXP MIFARE\u00ae Ultralight C<\/h2>\n<h3 class=\"AnswerParser_AnswerParserH3__Mpe4s\">1. Smart Ticketing<\/h3>\n<p><span class=\"AnswerParser_TextContainer__z_Iiv\" data-testid=\"youchat-text\">MIFARE Ultralight C se \u0161iroko koristi u industriji pametnih karata, gdje omogu\u0107ava brz i efikasan pristup sistemima javnog prijevoza, doga\u0111ajima i atrakcijama. Njegovo brzo vrijeme \u010ditanja i pouzdane performanse \u010dine ga idealnim izborom za okru\u017eenja s velikim prometom.<\/span><\/p>\n<h3 class=\"AnswerParser_AnswerParserH3__Mpe4s\">2. Autentifikacija proizvoda<\/h3>\n<p><span class=\"AnswerParser_TextContainer__z_Iiv\" data-testid=\"youchat-text\">U eri u kojoj je krivotvorenje velika briga, MIFARE Ultralight C pru\u017ea pouzdano rje\u0161enje za autentifikaciju proizvoda. Ugra\u0111ivanjem ovih umetaka u proizvode, preduze\u0107a mogu osigurati da kupci dobiju originalne artikle, pove\u0107avaju\u0107i povjerenje i lojalnost brendu.<\/span><\/p>\n<h3 class=\"AnswerParser_AnswerParserH3__Mpe4s\">3. Programi lojalnosti<\/h3>\n<p><span class=\"AnswerParser_TextContainer__z_Iiv\" data-testid=\"youchat-text\">Preduze\u0107a mogu iskoristiti MIFARE Ultralight C u programima lojalnosti, omogu\u0107avaju\u0107i korisnicima da lako skupljaju bodove ili nagrade jednostavnim dodirom svojih NFC ure\u0111aja. Ova pogodnost podsti\u010de anga\u017eman kupaca i ponavljanje poslova.<\/span><\/p>\n<\/div>\n<\/div>","protected":false},"excerpt":{"rendered":"<p>NXP Mifare\u00aeUltralight C RFID NFC Inlay ili Transponder, vrsta nedovr\u0161ene komponente, mo\u017ee se transformisati u razli\u010dite predmete kao \u0161to su ulaznice, zna\u010dke, etikete ili kartice. Istovremeno, ovi HF NFC RFID umetci mogu se proizvoditi u nizu veli\u010dina, prilago\u0111enih va\u0161im specifi\u010dnim potrebama.<\/p>","protected":false},"featured_media":337,"template":"","meta":{"_kad_post_transparent":"default","_kad_post_title":"","_kad_post_layout":"default","_kad_post_sidebar_id":"","_kad_post_content_style":"default","_kad_post_vertical_padding":"default","_kad_post_feature":"","_kad_post_feature_position":"","_kad_post_header":false,"_kad_post_footer":false,"_kad_post_classname":""},"product_brand":[],"product_cat":[54,189],"product_tag":[112,215,146],"class_list":{"0":"post-336","1":"product","2":"type-product","3":"status-publish","4":"has-post-thumbnail","6":"product_cat-hot-selling-rfid-tags","7":"product_cat-rfid-inlay","8":"product_tag-13-56mhz-rfid-inlay","9":"product_tag-mifareultralight-c-rfid-nfc-inlay","10":"product_tag-nxp-mifareultralight-c-rfid-nfc-inlay","12":"first","13":"instock","14":"shipping-taxable","15":"product-type-simple","16":"entry","17":"content-bg","18":"loop-entry"},"_links":{"self":[{"href":"https:\/\/rfid-laundry-tag.com\/bs\/wp-json\/wp\/v2\/product\/336","targetHints":{"allow":["GET"]}}],"collection":[{"href":"https:\/\/rfid-laundry-tag.com\/bs\/wp-json\/wp\/v2\/product"}],"about":[{"href":"https:\/\/rfid-laundry-tag.com\/bs\/wp-json\/wp\/v2\/types\/product"}],"version-history":[{"count":4,"href":"https:\/\/rfid-laundry-tag.com\/bs\/wp-json\/wp\/v2\/product\/336\/revisions"}],"predecessor-version":[{"id":2772,"href":"https:\/\/rfid-laundry-tag.com\/bs\/wp-json\/wp\/v2\/product\/336\/revisions\/2772"}],"wp:featuredmedia":[{"embeddable":true,"href":"https:\/\/rfid-laundry-tag.com\/bs\/wp-json\/wp\/v2\/media\/337"}],"wp:attachment":[{"href":"https:\/\/rfid-laundry-tag.com\/bs\/wp-json\/wp\/v2\/media?parent=336"}],"wp:term":[{"taxonomy":"product_brand","embeddable":true,"href":"https:\/\/rfid-laundry-tag.com\/bs\/wp-json\/wp\/v2\/product_brand?post=336"},{"taxonomy":"product_cat","embeddable":true,"href":"https:\/\/rfid-laundry-tag.com\/bs\/wp-json\/wp\/v2\/product_cat?post=336"},{"taxonomy":"product_tag","embeddable":true,"href":"https:\/\/rfid-laundry-tag.com\/bs\/wp-json\/wp\/v2\/product_tag?post=336"}],"curies":[{"name":"radni list","href":"https:\/\/api.w.org\/{rel}","templated":true}]}}