{"id":334,"date":"2024-06-28T08:07:22","date_gmt":"2024-06-28T08:07:22","guid":{"rendered":"https:\/\/rfid-laundry-tag.com\/?post_type=product&#038;p=334"},"modified":"2024-06-28T08:17:53","modified_gmt":"2024-06-28T08:17:53","slug":"rfid-ntag213-nfc-coin-tag","status":"publish","type":"product","link":"https:\/\/rfid-laundry-tag.com\/bs\/rfid-ntag213-nfc-coin-tag\/","title":{"rendered":"RFID Ntag213 NFC kovanica"},"content":{"rendered":"<p><strong>RFID Ntag213 NFC kovanica<\/strong><\/p>\n<p style=\"text-align: left;\">Klju\u010dne informacije: Otporan na vafle i izdr\u017eljiv.<\/p>\n<p style=\"text-align: left;\">Veli\u010dina i prilago\u0111avanje logotipa su prihvatljivi.<\/p>\n<p style=\"text-align: left;\">\u0160tampa: bijela boja ili prilagodite logotip<\/p>\n<p style=\"text-align: left;\">Veli\u010dina: pre\u010dnik 25 mm, 30 mm<\/p>\n<p style=\"text-align: left;\">Min. koli\u010dina: 1000 kom<\/p>\n<p style=\"text-align: left;\">\u010cipovi: Ntag213, Ntag215, Ntag216 itd.<\/p>\n<p style=\"text-align: left;\">Dodatne karakteristike: logotip, \u0161tampani serijski broj, QR kod, bar kodovi, varijabilni podaci i serijalizacija itd.<\/p>\n<table border=\"1\" cellspacing=\"0\" cellpadding=\"0\">\n<tbody>\n<tr>\n<td colspan=\"2\">\n<p align=\"left\">Specifikacije<\/p>\n<\/td>\n<\/tr>\n<tr>\n<td>\n<p align=\"left\">Tip etikete\/\u010dipa<\/p>\n<\/td>\n<td>\n<p align=\"left\">NXP Ntag213<\/p>\n<\/td>\n<\/tr>\n<tr>\n<td>\n<p align=\"left\">Radna frekvencija<\/p>\n<\/td>\n<td>\n<p align=\"left\">13,56 MHz<\/p>\n<\/td>\n<\/tr>\n<tr>\n<td>\n<p align=\"left\">Testirani opseg \u010ditanja<\/p>\n<\/td>\n<td>\n<p align=\"left\">0 \u2013 100 mm u zavisnosti od snage koju daje \u010dita\u010d<\/p>\n<\/td>\n<\/tr>\n<tr>\n<td>\n<p align=\"left\">Multi-Detection<\/p>\n<\/td>\n<td>\n<p align=\"left\">Da<\/p>\n<\/td>\n<\/tr>\n<tr>\n<td>\n<p align=\"left\">Veli\u010dina<\/p>\n<\/td>\n<td>Dia 25mm<\/td>\n<\/tr>\n<tr>\n<td>\n<p align=\"left\">Materijal<\/p>\n<\/td>\n<td>\n<p align=\"left\">PVC \/ PET \/ antena itd<\/p>\n<\/td>\n<\/tr>\n<tr>\n<td>\n<p align=\"left\">protokol:<\/p>\n<\/td>\n<td>\n<p align=\"left\">ISO14443A<\/p>\n<\/td>\n<\/tr>\n<tr>\n<td>\n<p align=\"left\">Specifikacija okoli\u0161a<\/p>\n<\/td>\n<td>\n<p align=\"left\">Rok trajanja 5 godina<\/p>\n<p align=\"left\">Preporu\u010deno: -25C do +50C<\/p>\n<p align=\"left\">Stanje skladi\u0161tenja: 20% do 90%RH<\/p>\n<p align=\"left\">Radna temperatura: -40C do +65C<\/p>\n<\/td>\n<\/tr>\n<tr>\n<td>\n<p align=\"left\">Vrijeme \u010ditanja\/pisanja:<\/p>\n<\/td>\n<td>\n<p align=\"left\">100000 puta<\/p>\n<\/td>\n<\/tr>\n<tr>\n<td>\n<p align=\"left\">primjena:<\/p>\n<\/td>\n<td>\n<p align=\"left\" data-spm-anchor-id=\"a2700.wholesale.0.i54.a0d8206fLph15n\">Javni prevoz, Upravljanje pristupom, E-karte, Upravljanje logistikom i nabavkom, Proizvodnja i monta\u017ea, Nalepnica na vetrobranu, Pra\u0107enje dokumenata, Upravljanje praonicama, Upravljanje Bibliotekom, Identitet \u017eivotinja i tako dalje<\/p>\n<\/td>\n<\/tr>\n<\/tbody>\n<\/table>\n<p>&nbsp;<\/p>\n<p>Ova RFID NFC kovanica sa ljepilom izgleda kao robustan i pouzdan proizvod, posebno sa karakteristikama koje ste spomenuli. Ugradnja antimetalnih materijala, 3M ljepila i ultrazvu\u010dno zavarivanje pobolj\u0161ava njegove performanse na metalnim povr\u0161inama i osigurava vodootpornost i sposobnost protiv bacanja. Upotreba zavojnice od \u010distog bakra za stabilnost frekvencije je odli\u010dan izbor jer omogu\u0107ava konzistentne udaljenosti \u010ditanja kartica \u010dak i u izazovnim okru\u017eenjima. Sve u svemu, ova tehnologija treba da obezbedi pouzdane i dosledne performanse, \u010dine\u0107i je pogodnom za te\u0161ke uslove.<\/p>\n<p>RFID Ntag213 NFC kovanica je popularan izbor za razli\u010dite aplikacije, uklju\u010duju\u0107i pra\u0107enje imovine, kontrolu pristupa i beskontaktna pla\u0107anja. Kombinuje prednosti RFID tehnologije sa mogu\u0107nostima komunikacije bliskog polja (NFC), omogu\u0107avaju\u0107i besprekornu komunikaciju sa kompatibilnim ure\u0111ajima na bliskoj udaljenosti.<\/p>\n<p>Ntag213 \u010dip ugra\u0111en u oznaku nov\u010di\u0107a nudi funkcije kao \u0161to su funkcionalnost protiv sudara, brze brzine prijenosa podataka i kompatibilnost sa \u0161irokim spektrom ure\u0111aja koji podr\u017eavaju NFC. Mala veli\u010dina naljepnice za nov\u010di\u0107, obi\u010dno napravljena od PVC-a ili prozirnog PVC materijala, olak\u0161ava instalaciju na sredstva i pru\u017ea izdr\u017eljivost za unutra\u0161nju i vanjsku upotrebu. Osim toga, njegova vodootporna konstrukcija osigurava pouzdane performanse u razli\u010ditim uvjetima okoline.<\/p>\n<p>Sve u svemu, RFID Ntag213 NFC kovanica je svestrano i pouzdano rje\u0161enje za implementaciju RFID i NFC tehnologije u pra\u0107enje imovine i druge aplikacije koje zahtijevaju sigurnu i efikasnu razmjenu podataka.<\/p>","protected":false},"excerpt":{"rendered":"<p>Ntag213 NFC kovanica je solidan izbor za pra\u0107enje imovine zbog svoje male veli\u010dine, lako\u0107e instalacije i izdr\u017eljivosti. Sa PVC materijalom ili PET materijalom, memorija \u010dipa je 144 bajta.<\/p>","protected":false},"featured_media":335,"template":"","meta":{"_kad_post_transparent":"default","_kad_post_title":"","_kad_post_layout":"default","_kad_post_sidebar_id":"","_kad_post_content_style":"default","_kad_post_vertical_padding":"default","_kad_post_feature":"","_kad_post_feature_position":"","_kad_post_header":false,"_kad_post_footer":false,"_kad_post_classname":""},"product_brand":[],"product_cat":[54],"product_tag":[145,144],"class_list":{"0":"post-334","1":"product","2":"type-product","3":"status-publish","4":"has-post-thumbnail","6":"product_cat-hot-selling-rfid-tags","7":"product_tag-anti-metal-nfc-tag","8":"product_tag-anti-metal-rfid-nfc-sticker","10":"first","11":"instock","12":"shipping-taxable","13":"product-type-simple","14":"entry","15":"content-bg","16":"loop-entry"},"_links":{"self":[{"href":"https:\/\/rfid-laundry-tag.com\/bs\/wp-json\/wp\/v2\/product\/334","targetHints":{"allow":["GET"]}}],"collection":[{"href":"https:\/\/rfid-laundry-tag.com\/bs\/wp-json\/wp\/v2\/product"}],"about":[{"href":"https:\/\/rfid-laundry-tag.com\/bs\/wp-json\/wp\/v2\/types\/product"}],"version-history":[{"count":0,"href":"https:\/\/rfid-laundry-tag.com\/bs\/wp-json\/wp\/v2\/product\/334\/revisions"}],"wp:featuredmedia":[{"embeddable":true,"href":"https:\/\/rfid-laundry-tag.com\/bs\/wp-json\/wp\/v2\/media\/335"}],"wp:attachment":[{"href":"https:\/\/rfid-laundry-tag.com\/bs\/wp-json\/wp\/v2\/media?parent=334"}],"wp:term":[{"taxonomy":"product_brand","embeddable":true,"href":"https:\/\/rfid-laundry-tag.com\/bs\/wp-json\/wp\/v2\/product_brand?post=334"},{"taxonomy":"product_cat","embeddable":true,"href":"https:\/\/rfid-laundry-tag.com\/bs\/wp-json\/wp\/v2\/product_cat?post=334"},{"taxonomy":"product_tag","embeddable":true,"href":"https:\/\/rfid-laundry-tag.com\/bs\/wp-json\/wp\/v2\/product_tag?post=334"}],"curies":[{"name":"radni list","href":"https:\/\/api.w.org\/{rel}","templated":true}]}}