{"id":332,"date":"2024-06-28T07:49:21","date_gmt":"2024-06-28T07:49:21","guid":{"rendered":"https:\/\/rfid-laundry-tag.com\/?post_type=product&#038;p=332"},"modified":"2024-06-28T08:02:32","modified_gmt":"2024-06-28T08:02:32","slug":"waterproof-pvc-ntag215-coin-nfc-tag","status":"publish","type":"product","link":"https:\/\/rfid-laundry-tag.com\/bs\/waterproof-pvc-ntag215-coin-nfc-tag\/","title":{"rendered":"Vodootporna PVC Ntag215 kovanica NFC oznaka"},"content":{"rendered":"<p><strong>Vodootporna PVC Ntag215 kovanica NFC oznaka<\/strong><\/p>\n<p>The <strong>Ntag215 nov\u010di\u0107 NFC oznaka<\/strong>, napravljen od PVC-a (ili prozirnog PVC-a), odli\u010dna je opcija za pra\u0107enje imovine zbog:<\/p>\n<ul>\n<li><strong>mala veli\u010dina:<\/strong>\u00a0Lako se instalira na razli\u010dita sredstva bez dodavanja skupa.<\/li>\n<li><strong>Vodootporan dizajn:<\/strong>\u00a0Pogodno za unutra\u0161nju i vanjsku primjenu, \u010dak iu te\u0161kim okru\u017eenjima.<\/li>\n<li><strong>Ugra\u0111eni 13,56 MHz NFC \u010dip:<\/strong>\u00a0Omogu\u0107ava pouzdan prijenos podataka i komunikaciju sa RFID \u010dita\u010dima.<\/li>\n<\/ul>\n<p><strong>Klju\u010dne karakteristike:<\/strong><\/p>\n<ul>\n<li><strong>Materijal:<\/strong>\u00a0PVC (ili prozirni PVC)<\/li>\n<li><strong>\u010dip:<\/strong>\u00a0Ntag215<\/li>\n<li><strong>U\u010destalost:<\/strong>\u00a013,56 MHz<\/li>\n<li><strong>vodootporan:<\/strong>\u00a0Da<\/li>\n<li><strong>Prijave:<\/strong>\u00a0Pra\u0107enje imovine, upravljanje zalihama, kontrola pristupa i jo\u0161 mnogo toga.<\/li>\n<\/ul>\n<table border=\"1\" cellspacing=\"0\" cellpadding=\"0\">\n<tbody>\n<tr>\n<td colspan=\"2\">\n<p align=\"left\">Specifikacije<\/p>\n<\/td>\n<\/tr>\n<tr>\n<td>\n<p align=\"left\">Tip etikete\/\u010dipa<\/p>\n<\/td>\n<td>\n<p align=\"left\">NXP Ntag215<\/p>\n<\/td>\n<\/tr>\n<tr>\n<td>\n<p align=\"left\">Radna frekvencija<\/p>\n<\/td>\n<td>\n<p align=\"left\">13,56 MHz<\/p>\n<\/td>\n<\/tr>\n<tr>\n<td>\n<p align=\"left\">Testirani opseg \u010ditanja<\/p>\n<\/td>\n<td>\n<p align=\"left\">0 \u2013 100 mm u zavisnosti od snage koju daje \u010dita\u010d<\/p>\n<\/td>\n<\/tr>\n<tr>\n<td>\n<p align=\"left\">Multi-Detection<\/p>\n<\/td>\n<td>\n<p align=\"left\">Da<\/p>\n<\/td>\n<\/tr>\n<tr>\n<td>\n<p align=\"left\">Veli\u010dina<\/p>\n<\/td>\n<td>Dia 25mm<\/td>\n<\/tr>\n<tr>\n<td>\n<p align=\"left\">Materijal<\/p>\n<\/td>\n<td>\n<p align=\"left\">PVC \/ PET \/ antena itd<\/p>\n<\/td>\n<\/tr>\n<tr>\n<td>\n<p align=\"left\">protokol:<\/p>\n<\/td>\n<td>\n<p align=\"left\">ISO14443A<\/p>\n<\/td>\n<\/tr>\n<tr>\n<td>\n<p align=\"left\">Specifikacija okoli\u0161a<\/p>\n<\/td>\n<td>\n<p align=\"left\">Rok trajanja 5 godina<\/p>\n<p align=\"left\">Preporu\u010deno: -25C do +50C<\/p>\n<p align=\"left\">Stanje skladi\u0161tenja: 20% do 90%RH<\/p>\n<p align=\"left\">Radna temperatura: -40C do +65C<\/p>\n<\/td>\n<\/tr>\n<tr>\n<td>\n<p align=\"left\">Vrijeme \u010ditanja\/pisanja:<\/p>\n<\/td>\n<td>\n<p align=\"left\">100000 puta<\/p>\n<\/td>\n<\/tr>\n<tr>\n<td>\n<p align=\"left\">primjena:<\/p>\n<\/td>\n<td>\n<p align=\"left\" data-spm-anchor-id=\"a2700.wholesale.0.i54.a0d8206fLph15n\">Javni prevoz, Upravljanje pristupom, E-karte, Upravljanje logistikom i nabavkom, Proizvodnja i monta\u017ea, Nalepnica na vetrobranu, Pra\u0107enje dokumenata, Upravljanje praonicama, Upravljanje Bibliotekom, Identitet \u017eivotinja i tako dalje<\/p>\n<\/td>\n<\/tr>\n<\/tbody>\n<\/table>\n<p>&nbsp;<\/p>\n<p><strong>Prednosti:<\/strong><\/p>\n<ul>\n<li><strong>Pobolj\u0161ana sigurnost:<\/strong>\u00a0RFID tehnologija poma\u017ee u za\u0161titi od kra\u0111e i neovla\u0161tenog pristupa.<\/li>\n<li><strong>Pobolj\u0161ana efikasnost:<\/strong>\u00a0Pra\u0107enje u realnom vremenu omogu\u0107ava efikasno upravljanje imovinom i kontrolu zaliha.<\/li>\n<li><strong>Isplativost:<\/strong>\u00a0Izdr\u017eljiva konstrukcija i vodootporan dizajn minimiziraju tro\u0161kove zamjene.<\/li>\n<li><strong>Svestrane primjene:<\/strong>\u00a0Pogodno za \u0161irok spektar industrija i slu\u010dajeva upotrebe.<\/li>\n<\/ul>","protected":false},"excerpt":{"rendered":"<p>Vodootporna PVC Ntag215 kovanica NFC oznaka nudi pouzdano i svestrano rje\u0161enje za potrebe pra\u0107enja imovine. Njegova kompaktna veli\u010dina, vodootporan dizajn i ugra\u0111eni NFC \u010dip \u010dine ga vrijednim alatom za organizacije koje \u017eele optimizirati svoje procese upravljanja imovinom.<\/p>","protected":false},"featured_media":333,"template":"","meta":{"_kad_post_transparent":"default","_kad_post_title":"","_kad_post_layout":"default","_kad_post_sidebar_id":"","_kad_post_content_style":"default","_kad_post_vertical_padding":"default","_kad_post_feature":"","_kad_post_feature_position":"","_kad_post_header":false,"_kad_post_footer":false,"_kad_post_classname":""},"product_brand":[],"product_cat":[54],"product_tag":[145,144],"class_list":{"0":"post-332","1":"product","2":"type-product","3":"status-publish","4":"has-post-thumbnail","6":"product_cat-hot-selling-rfid-tags","7":"product_tag-anti-metal-nfc-tag","8":"product_tag-anti-metal-rfid-nfc-sticker","10":"first","11":"instock","12":"shipping-taxable","13":"product-type-simple","14":"entry","15":"content-bg","16":"loop-entry"},"_links":{"self":[{"href":"https:\/\/rfid-laundry-tag.com\/bs\/wp-json\/wp\/v2\/product\/332","targetHints":{"allow":["GET"]}}],"collection":[{"href":"https:\/\/rfid-laundry-tag.com\/bs\/wp-json\/wp\/v2\/product"}],"about":[{"href":"https:\/\/rfid-laundry-tag.com\/bs\/wp-json\/wp\/v2\/types\/product"}],"version-history":[{"count":0,"href":"https:\/\/rfid-laundry-tag.com\/bs\/wp-json\/wp\/v2\/product\/332\/revisions"}],"wp:featuredmedia":[{"embeddable":true,"href":"https:\/\/rfid-laundry-tag.com\/bs\/wp-json\/wp\/v2\/media\/333"}],"wp:attachment":[{"href":"https:\/\/rfid-laundry-tag.com\/bs\/wp-json\/wp\/v2\/media?parent=332"}],"wp:term":[{"taxonomy":"product_brand","embeddable":true,"href":"https:\/\/rfid-laundry-tag.com\/bs\/wp-json\/wp\/v2\/product_brand?post=332"},{"taxonomy":"product_cat","embeddable":true,"href":"https:\/\/rfid-laundry-tag.com\/bs\/wp-json\/wp\/v2\/product_cat?post=332"},{"taxonomy":"product_tag","embeddable":true,"href":"https:\/\/rfid-laundry-tag.com\/bs\/wp-json\/wp\/v2\/product_tag?post=332"}],"curies":[{"name":"radni list","href":"https:\/\/api.w.org\/{rel}","templated":true}]}}