{"id":330,"date":"2024-06-28T07:38:56","date_gmt":"2024-06-28T07:38:56","guid":{"rendered":"https:\/\/rfid-laundry-tag.com\/?post_type=product&#038;p=330"},"modified":"2024-09-05T08:39:15","modified_gmt":"2024-09-05T08:39:15","slug":"anti-metal-rfid-nfc-sticker","status":"publish","type":"product","link":"https:\/\/rfid-laundry-tag.com\/bs\/anti-metal-rfid-nfc-sticker\/","title":{"rendered":"Anti metalna RFID NFC naljepnica"},"content":{"rendered":"<p><strong>Anti metalna RFID NFC naljepnica<\/strong><\/p>\n<p>NTAG213, NTAG215 i NTAG216 su razvili NXP Semiconductors kao standardne NFC tag IC-e za upotrebu u aplikacijama masovnog tr\u017ei\u0161ta kao \u0161to su maloprodaja, igranje i potro\u0161a\u010dka elektronika, u kombinaciji sa NFC ure\u0111ajima ili NFC kompatibilnim ure\u0111ajima za blizinu. NTAG213, NTAG215 i NTAG216 (od sada se op\u0107enito nazivaju NTAG21x) dizajnirani su da u potpunosti budu u skladu sa NFC Forum tipom 2 oznakom i ISO\/IEC14443 tipom A specifikacijama.<\/p>\n<table class=\"hight-light-first-column all magic-11\">\n<tbody>\n<tr>\n<td colspan=\"1\" rowspan=\"1\">\n<div class=\"magic-12\" data-spm-anchor-id=\"a2700.details.0.i57.12287cd6Tl6d8d\">Veli\u010dina<\/div>\n<\/td>\n<td colspan=\"4\" rowspan=\"1\">\n<div class=\"magic-13\">Dia 25mm<\/div>\n<\/td>\n<\/tr>\n<tr>\n<td colspan=\"1\" rowspan=\"1\">\n<div class=\"magic-12\">Boja<\/div>\n<\/td>\n<td colspan=\"4\" rowspan=\"1\">\n<div class=\"magic-16\">Crna, bijela, \u017euta, crvena ili prilago\u0111ena<\/div>\n<\/td>\n<\/tr>\n<tr>\n<td colspan=\"1\" rowspan=\"1\">\n<div class=\"magic-12\">\u010cip<\/div>\n<\/td>\n<td colspan=\"4\" rowspan=\"1\">\n<div class=\"magic-13\">NTAG213,NTAG215,NTAG216<\/div>\n<\/td>\n<\/tr>\n<tr>\n<td colspan=\"1\" rowspan=\"1\">\n<div class=\"magic-12\">Frekvencija<\/div>\n<\/td>\n<td colspan=\"4\" rowspan=\"1\">\n<div class=\"magic-13\">13.56mhz<\/div>\n<\/td>\n<\/tr>\n<tr>\n<td colspan=\"1\" rowspan=\"1\">\n<div class=\"magic-12\">Protokol<\/div>\n<\/td>\n<td colspan=\"4\" rowspan=\"1\">\n<div class=\"magic-13\">ISO14443A, NFC Forum Tip 2<\/div>\n<\/td>\n<\/tr>\n<tr>\n<td colspan=\"1\" rowspan=\"1\">\n<div class=\"magic-12\">Materijal<\/div>\n<\/td>\n<td colspan=\"4\" rowspan=\"1\">\n<div class=\"magic-13\">ABS<\/div>\n<\/td>\n<\/tr>\n<tr>\n<td colspan=\"1\" rowspan=\"1\">\n<div class=\"magic-12\">Radna temperatura<\/div>\n<\/td>\n<td colspan=\"4\" rowspan=\"1\">\n<div class=\"magic-13\">-20 do 85 stepeni C<\/div>\n<\/td>\n<\/tr>\n<tr>\n<td colspan=\"1\" rowspan=\"1\">\n<div class=\"magic-12\">Aplikacija<\/div>\n<\/td>\n<td colspan=\"4\" rowspan=\"1\">\n<div class=\"magic-16\">Lanac za pranje ve\u0161a, jaka hemikalija, ure\u0111aj za pla\u0107anje, upotreba na otvorenom, hemikalija, industrija, logistika, patrolni \u010duvar, \u010dlanstvo, kontejner za otpremu, palete itd.<\/div>\n<\/td>\n<\/tr>\n<tr>\n<td colspan=\"1\" rowspan=\"1\">\n<div class=\"magic-12\">Waterproof Rating<\/div>\n<\/td>\n<td colspan=\"4\" rowspan=\"1\">\n<div class=\"magic-16\">IP67<\/div>\n<\/td>\n<\/tr>\n<tr>\n<td colspan=\"1\" rowspan=\"1\">\n<div class=\"magic-12\">Opseg \u010ditanja<\/div>\n<\/td>\n<td colspan=\"4\" rowspan=\"1\">\n<div class=\"magic-16\">5-10cm, zavisi od \u010ditaoca<\/div>\n<\/td>\n<\/tr>\n<tr>\n<td colspan=\"1\" rowspan=\"1\">\n<div class=\"magic-12\">Craft<\/div>\n<\/td>\n<td colspan=\"4\" rowspan=\"1\">\n<div class=\"magic-16\">Laserski gravirani serijski broj, bar kod i tako dalje<\/div>\n<\/td>\n<\/tr>\n<tr>\n<td colspan=\"1\" rowspan=\"1\">\n<div class=\"magic-12\">Monta\u017ea<\/div>\n<\/td>\n<td colspan=\"4\" rowspan=\"1\">\n<div class=\"magic-16\">Ljepilom ili vijkom, ili zakovicama<\/div>\n<\/td>\n<\/tr>\n<\/tbody>\n<\/table>\n<p>&nbsp;<\/p>\n<div class=\"auto-hide-last-sibling-br paragraph_9dc5f paragraph-element\">Anti-metalne RFID NFC naljepnice imaju \u0161irok spektar primjena u razli\u010ditim oblastima zbog svoje fleksibilnosti i sposobnosti rada na metalnim povr\u0161inama. Evo kako se koriste u razli\u010ditim sektorima:<\/div>\n<ul class=\"auto-hide-last-sibling-br\">\n<li>\n<div class=\"auto-hide-last-sibling-br paragraph_9dc5f paragraph-element\"><strong>Upravljanje logistikom<\/strong>: Ove naljepnice se mogu koristiti za efikasno pra\u0107enje i lociranje robe u realnom vremenu tokom transporta. Oni pobolj\u0161avaju efikasnost lanca snabdevanja i pojednostavljuju upravljanje logistikom nude\u0107i stalnu vidljivost po\u0161iljki.<\/div>\n<\/li>\n<li>\n<div class=\"auto-hide-last-sibling-br paragraph_9dc5f paragraph-element\"><strong>Asset Management<\/strong>: Oni igraju klju\u010dnu ulogu u pra\u0107enju i upravljanju imovinom kompanije, kao \u0161to su ma\u0161ine, alati i kancelarijska oprema. Omogu\u0107avaju brzu i preciznu identifikaciju i verifikaciju imovine, smanjuju\u0107i rizik od gubitka, kra\u0111e ili pogre\u0161nog smje\u0161taja.<\/div>\n<\/li>\n<li>\n<div class=\"auto-hide-last-sibling-br paragraph_9dc5f paragraph-element\"><strong>Upravljanje lancem nabavke<\/strong>: NFC naljepnice se koriste za pra\u0107enje proizvoda u svakoj fazi lanca snabdijevanja, osiguravaju\u0107i transparentnost i efikasno sprje\u010davaju\u0107i ulazak krivotvorene robe na tr\u017ei\u0161te.<\/div>\n<\/li>\n<li>\n<div class=\"auto-hide-last-sibling-br paragraph_9dc5f paragraph-element\"><strong>Upravljanje vozilom<\/strong>: Koriste se u upravljanju voznim parkom, naljepnice nude jednostavan na\u010din za pra\u0107enje i pra\u0107enje kretanja vozila, osiguravaju\u0107i efikasnu optimizaciju rute.<\/div>\n<\/li>\n<li>\n<div class=\"auto-hide-last-sibling-br paragraph_9dc5f paragraph-element\"><strong>Upravljanje skladi\u0161tem<\/strong>: Oni pojednostavljuju operacije omogu\u0107avaju\u0107i pra\u0107enje zaliha u realnom vremenu, \u010dine\u0107i proces upravljanja skladi\u0161tem veoma efikasnim.<\/div>\n<\/li>\n<li>\n<div class=\"auto-hide-last-sibling-br paragraph_9dc5f paragraph-element\"><strong>Verifikacija proizvoda<\/strong>: NFC naljepnice se mogu koristiti za provjeru autenti\u010dnosti proizvoda, pru\u017eaju\u0107i jednostavan na\u010din da se utvrdi da li je proizvod originalan ili falsifikovan.<\/div>\n<\/li>\n<li>\n<div class=\"auto-hide-last-sibling-br paragraph_9dc5f paragraph-element\"><strong>Asset Tracking<\/strong>: Pojednostavljuju proces pra\u0107enja imovine u realnom vremenu, \u0161to je posebno korisno za stavke visoke vrijednosti ili va\u017enu opremu koja se \u010desto pomi\u010de.<\/div>\n<\/li>\n<li>\n<div class=\"auto-hide-last-sibling-br paragraph_9dc5f paragraph-element\"><strong>Upravljanje zalihama<\/strong>: Naljepnice poma\u017eu u upravljanju zalihama u skladi\u0161tima ili maloprodajnim objektima smanjuju\u0107i ru\u010dne provjere i osiguravaju\u0107i precizno brojanje.<\/div>\n<\/li>\n<li>\n<div class=\"auto-hide-last-sibling-br paragraph_9dc5f paragraph-element\"><strong>Pla\u0107anje<\/strong>: NFC naljepnice se koriste u bezgotovinskim transakcijama, omogu\u0107avaju\u0107i brzo i sigurno pla\u0107anje samo jednim dodirom, kao na primjer u sistemima pla\u0107anja narukvicom.<\/div>\n<\/li>\n<li>\n<div class=\"auto-hide-last-sibling-br paragraph_9dc5f paragraph-element\"><strong>Dru\u0161tveni mediji<\/strong>: NFC naljepnice se mogu programirati za pokretanje naloga na dru\u0161tvenim mre\u017eama ili hashtagova, pru\u017eaju\u0107i besprijekorno iskustvo dru\u0161tvenih medija jednim dodirom.<\/div>\n<\/li>\n<li>\n<div class=\"auto-hide-last-sibling-br paragraph_9dc5f paragraph-element\"><strong>Narukvice<\/strong>: Koristi se na doga\u0111ajima gdje su potrebni lak pristup i sigurna pla\u0107anja, kao \u0161to su muzi\u010dki festivali, sajmovi i sportski doga\u0111aji.<\/div>\n<\/li>\n<\/ul>\n<div class=\"auto-hide-last-sibling-br paragraph_9dc5f paragraph-element\">Gore spomenuto je samo snimak svestranosti anti-metalnih RFID NFC naljepnica. Mogu\u0107nosti su beskrajne, a svaka aplikacija je dizajnirana da donese dodatnu efikasnost, sigurnost i udobnost.<\/div>","protected":false},"excerpt":{"rendered":"<p>Anti-metalne RFID NFC naljepnice, koje sadr\u017ee NTAG21x \u010dipove, izdr\u017eljive su, vodootporne i savr\u0161ene za logistiku, upravljanje imovinom, pla\u0107anja i jo\u0161 mnogo toga.<\/p>","protected":false},"featured_media":331,"template":"","meta":{"_kad_post_transparent":"default","_kad_post_title":"","_kad_post_layout":"default","_kad_post_sidebar_id":"","_kad_post_content_style":"default","_kad_post_vertical_padding":"default","_kad_post_feature":"","_kad_post_feature_position":"","_kad_post_header":false,"_kad_post_footer":false,"_kad_post_classname":""},"product_brand":[],"product_cat":[54],"product_tag":[145,144],"class_list":{"0":"post-330","1":"product","2":"type-product","3":"status-publish","4":"has-post-thumbnail","6":"product_cat-hot-selling-rfid-tags","7":"product_tag-anti-metal-nfc-tag","8":"product_tag-anti-metal-rfid-nfc-sticker","10":"first","11":"instock","12":"shipping-taxable","13":"product-type-simple","14":"entry","15":"content-bg","16":"loop-entry"},"_links":{"self":[{"href":"https:\/\/rfid-laundry-tag.com\/bs\/wp-json\/wp\/v2\/product\/330","targetHints":{"allow":["GET"]}}],"collection":[{"href":"https:\/\/rfid-laundry-tag.com\/bs\/wp-json\/wp\/v2\/product"}],"about":[{"href":"https:\/\/rfid-laundry-tag.com\/bs\/wp-json\/wp\/v2\/types\/product"}],"version-history":[{"count":1,"href":"https:\/\/rfid-laundry-tag.com\/bs\/wp-json\/wp\/v2\/product\/330\/revisions"}],"predecessor-version":[{"id":1854,"href":"https:\/\/rfid-laundry-tag.com\/bs\/wp-json\/wp\/v2\/product\/330\/revisions\/1854"}],"wp:featuredmedia":[{"embeddable":true,"href":"https:\/\/rfid-laundry-tag.com\/bs\/wp-json\/wp\/v2\/media\/331"}],"wp:attachment":[{"href":"https:\/\/rfid-laundry-tag.com\/bs\/wp-json\/wp\/v2\/media?parent=330"}],"wp:term":[{"taxonomy":"product_brand","embeddable":true,"href":"https:\/\/rfid-laundry-tag.com\/bs\/wp-json\/wp\/v2\/product_brand?post=330"},{"taxonomy":"product_cat","embeddable":true,"href":"https:\/\/rfid-laundry-tag.com\/bs\/wp-json\/wp\/v2\/product_cat?post=330"},{"taxonomy":"product_tag","embeddable":true,"href":"https:\/\/rfid-laundry-tag.com\/bs\/wp-json\/wp\/v2\/product_tag?post=330"}],"curies":[{"name":"radni list","href":"https:\/\/api.w.org\/{rel}","templated":true}]}}