{"id":329,"date":"2024-06-28T07:30:57","date_gmt":"2024-06-28T07:30:57","guid":{"rendered":"https:\/\/rfid-laundry-tag.com\/?post_type=product&#038;p=329"},"modified":"2024-06-28T07:37:14","modified_gmt":"2024-06-28T07:37:14","slug":"mifare-ultralight-ev1-inlay-sticker","status":"publish","type":"product","link":"https:\/\/rfid-laundry-tag.com\/bs\/mifare-ultralight-ev1-inlay-sticker\/","title":{"rendered":"Mifare Ultralight ev1 Inlay naljepnica"},"content":{"rendered":"<div>\n<div class=\"auto-hide-last-sibling-br paragraph_9dc5f paragraph-element\"><strong>MIFARE Ultralight EV1 Inlay naljepnice<\/strong> su prili\u010dno popularni i \u0161iroko kori\u0161teni, s obzirom na prakti\u010dnost koju donose i njihovu kompatibilnost sa \u0161irokim spektrom ure\u0111aja. Evo nekoliko dostupnih opcija:<\/div>\n<p><br class=\"container_21264 wrapper_661ac undefined\" \/><\/p>\n<ol class=\"auto-hide-last-sibling-br\">\n<li>\n<div class=\"auto-hide-last-sibling-br paragraph_9dc5f paragraph-element\"><strong>NFC papirne naljepnice MIFARE Ultralight\u00ae EV1 35x35mm<\/strong>: Kao ljepljive papirne NFC oznake, dolaze s ugra\u0111enim NXP MIFARE Ultralight\u00ae NFC \u010dipom, koji je kompatibilan sa Android i BlackBerry pametnim telefonima i tabletima. Njihov kapacitet je 41 bajt. Rade\u0107i prema standardima ISO\/IEC 14443 Type-A, ove naljepnice na\u017ealost trenutno nisu na zalihama.<\/div>\n<\/li>\n<li><strong>RFID Label 56x18mm NXP Mifare\u00aeUltralight EV1 50pf | ISO14443A<\/strong>: Ova visokokvalitetna RFID naljepnica sadr\u017ei NXP Mifare\u00ae Ultralight EV1 \u010dip, koji dolazi sa kapacitivno\u0161\u0107u od 50pF koji osigurava optimalan raspon \u010ditanja i performanse. Potpuno uskla\u0111en sa ISO14443A, savr\u0161en je za kori\u0161tenje u aplikacijama od javnog prijevoza i programa vjernosti do izdavanja karata za doga\u0111aje i rje\u0161enja za pametne gradove.<\/li>\n<\/ol>\n<\/div>\n<div class=\"text-title\"><strong><span class=\"magic-26\" style=\"font-family: Arial;\" data-spm-anchor-id=\"a2700.details.0.i47.6f4d7d7dnursE7\">Suhi inlay<\/span><\/strong><\/div>\n<div class=\"text-content\">\n<p><span class=\"magic-6\" style=\"font-family: Arial;\">Jednostavno govore\u0107i, RFID suhi inlay je kombinacija RFID \u010dipa i antene. Mo\u017ee se koristiti za izradu NFC naljepnica, RFID etiketa, RFID ulaznica i raznih RFID oznaka. <\/span><\/p>\n<div data-spm-anchor-id=\"a2700.details.0.i46.6f4d7d7dnursE7\">\n<p><span class=\"magic-6\" style=\"font-family: Arial;\"> Antena suvog umetka je aluminijska gravura, koja je tanja u odnosu na bakar. Oblik antene se mo\u017ee prilagoditi i redizajnirati na zahtjev.<\/span><\/p>\n<p>&nbsp;<\/p>\n<\/div>\n<\/div>\n<div>\n<div class=\"text-title\"><strong><span class=\"magic-26\" style=\"font-family: Arial;\">Wet inlay<\/span><\/strong><\/div>\n<div class=\"text-content\">\n<p><span class=\"magic-6\" style=\"font-family: Arial;\" data-spm-anchor-id=\"a2700.details.0.i49.6f4d7d7dnursE7\">RFID suhi ulo\u017eak koji se dodaje ljepilom naziva se mokri inlay. Mo\u017ee se koristiti kao RFID naljepnica ili NFC naljepnica direktno ako vam nije potreban nikakav ispis na povr\u0161ini. Zalijepljenost na objekte mo\u017ee u\u0161tedjeti tro\u0161kove i posti\u0107i istu svrhu. Tako\u0111er se \u0161iroko primjenjuje u izradi RFID oznaka. Antena mokrog ulo\u0161ka je aluminijska gravura, koja je tanja u odnosu na bakar. Oblik antene se mo\u017ee prilagoditi i redizajnirati na zahtjev.<\/span><\/p>\n<div><strong>Mifare Ultralight ev1 Inlay naljepnica<\/strong><\/div>\n<div><\/div>\n<div data-spm-anchor-id=\"a2700.details.0.i48.6f4d7d7dnursE7\">\n<table class=\"hight-light-first-column all magic-14\">\n<tbody>\n<tr>\n<td colspan=\"1\" rowspan=\"1\">\n<div class=\"magic-15\"><b>Materijal<\/b><\/div>\n<\/td>\n<td colspan=\"1\" rowspan=\"1\">\n<div class=\"magic-16\" data-spm-anchor-id=\"a2700.details.0.i34.21f6414cWQ4Zrf\">Papir \/termo papir \/ tkanina \/ PVC \/ PET<\/div>\n<\/td>\n<\/tr>\n<tr>\n<td colspan=\"1\" rowspan=\"1\">\n<div class=\"magic-15\"><b>Veli\u010dina<\/b><\/div>\n<\/td>\n<td colspan=\"1\" rowspan=\"1\">\n<div class=\"magic-16\">18*56mm, 25*25mm, 30*30mm, 40*40mm, Dia18mm, Dia20mm, Dia22mm, Dia25mm, ili prilago\u0111ena veli\u010dina.<\/div>\n<\/td>\n<\/tr>\n<tr>\n<td colspan=\"1\" rowspan=\"1\">\n<div class=\"magic-15\"><b>\u0160tampanje<\/b><\/div>\n<\/td>\n<td colspan=\"1\" rowspan=\"1\">\n<div class=\"magic-16\">Nema potrebe za \u0161tampanjem<\/div>\n<\/td>\n<\/tr>\n<tr>\n<td colspan=\"1\" rowspan=\"1\">\n<div class=\"magic-15\"><b>Dostupan \u010dip<\/b><\/div>\n<\/td>\n<td colspan=\"1\" rowspan=\"1\">\n<div class=\"magic-16\">\n<p><strong>Mifare Ultralight ev1 <\/strong><\/p>\n<\/div>\n<\/td>\n<\/tr>\n<tr>\n<td colspan=\"1\" rowspan=\"1\">\n<div class=\"magic-21\"><b>Protokol:<\/b><\/div>\n<\/td>\n<td colspan=\"4\" rowspan=\"1\">\n<div class=\"magic-22\">ISO\/IEC 14443 Tip A<\/div>\n<\/td>\n<\/tr>\n<tr>\n<td colspan=\"1\" rowspan=\"1\">\n<div class=\"magic-26\"><b>zanati:<\/b><\/div>\n<\/td>\n<td colspan=\"4\" rowspan=\"1\">\n<div class=\"magic-22\" data-spm-anchor-id=\"a2700.details.0.i33.21f6414cWQ4Zrf\">\u0160tampanje, bar kod, QR kod, itd.<\/div>\n<\/td>\n<\/tr>\n<\/tbody>\n<\/table>\n<\/div>\n<\/div>\n<\/div>","protected":false},"excerpt":{"rendered":"<p>Mifare Ultralight ev1 Inlay naljepnica ili Transponder, vrsta nedovr\u0161ene komponente, mo\u017ee se transformirati u razli\u010dite predmete kao \u0161to su karte, zna\u010dke, etikete ili kartice. Istovremeno, ovi HF NFC RFID umetci mogu se proizvoditi u nizu veli\u010dina, prilago\u0111enih va\u0161im specifi\u010dnim potrebama.<\/p>","protected":false},"featured_media":328,"template":"","meta":{"_kad_post_transparent":"default","_kad_post_title":"","_kad_post_layout":"default","_kad_post_sidebar_id":"","_kad_post_content_style":"default","_kad_post_vertical_padding":"default","_kad_post_feature":"","_kad_post_feature_position":"","_kad_post_header":false,"_kad_post_footer":false,"_kad_post_classname":""},"product_brand":[],"product_cat":[54],"product_tag":[112,142,143],"class_list":{"0":"post-329","1":"product","2":"type-product","3":"status-publish","4":"has-post-thumbnail","6":"product_cat-hot-selling-rfid-tags","7":"product_tag-13-56mhz-rfid-inlay","8":"product_tag-mifare-ultralight-ev1-inlay-sticker","9":"product_tag-ultralight-ev1-nfc-inlay-sticker","11":"first","12":"instock","13":"shipping-taxable","14":"product-type-simple","15":"entry","16":"content-bg","17":"loop-entry"},"_links":{"self":[{"href":"https:\/\/rfid-laundry-tag.com\/bs\/wp-json\/wp\/v2\/product\/329","targetHints":{"allow":["GET"]}}],"collection":[{"href":"https:\/\/rfid-laundry-tag.com\/bs\/wp-json\/wp\/v2\/product"}],"about":[{"href":"https:\/\/rfid-laundry-tag.com\/bs\/wp-json\/wp\/v2\/types\/product"}],"version-history":[{"count":0,"href":"https:\/\/rfid-laundry-tag.com\/bs\/wp-json\/wp\/v2\/product\/329\/revisions"}],"wp:featuredmedia":[{"embeddable":true,"href":"https:\/\/rfid-laundry-tag.com\/bs\/wp-json\/wp\/v2\/media\/328"}],"wp:attachment":[{"href":"https:\/\/rfid-laundry-tag.com\/bs\/wp-json\/wp\/v2\/media?parent=329"}],"wp:term":[{"taxonomy":"product_brand","embeddable":true,"href":"https:\/\/rfid-laundry-tag.com\/bs\/wp-json\/wp\/v2\/product_brand?post=329"},{"taxonomy":"product_cat","embeddable":true,"href":"https:\/\/rfid-laundry-tag.com\/bs\/wp-json\/wp\/v2\/product_cat?post=329"},{"taxonomy":"product_tag","embeddable":true,"href":"https:\/\/rfid-laundry-tag.com\/bs\/wp-json\/wp\/v2\/product_tag?post=329"}],"curies":[{"name":"radni list","href":"https:\/\/api.w.org\/{rel}","templated":true}]}}