{"id":3242,"date":"2026-01-13T13:41:34","date_gmt":"2026-01-13T13:41:34","guid":{"rendered":"https:\/\/rfid-laundry-tag.com\/?post_type=product&#038;p=3242"},"modified":"2026-03-12T10:03:35","modified_gmt":"2026-03-12T10:03:35","slug":"mifare-s50-rfid-inlay","status":"publish","type":"product","link":"https:\/\/rfid-laundry-tag.com\/bs\/mifare-s50-rfid-inlay\/","title":{"rendered":"MIFARE S50 RFID ulo\u017eak"},"content":{"rendered":"<h2>MIFARE S50 RFID ulo\u017eak<\/h2>\n<p><span class=\"ng-star-inserted\">The <a href=\"https:\/\/rfid-laundry-tag.com\/bs\/rfid-inlay\/\">MIFARE S50\u00a0<\/a><\/span><strong class=\"ng-star-inserted\"><span class=\"ng-star-inserted\">RFID Inlay<\/span><\/strong><span class=\"ng-star-inserted\">\u00a0je vrhunsko rje\u0161enje dizajnirano za pojednostavljenje va\u0161eg poslovanja, pobolj\u0161anje sigurnosti i unapre\u0111enje korisni\u010dkog iskustva u mno\u0161tvu aplikacija. Ova mo\u0107na, ali diskretna tehnologija omogu\u0107ava vam da bez napora upravljate pristupom, obra\u0111ujete pla\u0107anja, pratite imovinu i anga\u017eujete kupce na inovativne na\u010dine. Ovaj proizvod vrijedi kupiti jer nudi neusporedivu pouzdanost, kompatibilnost i jednostavnost integracije, \u0161to ga \u010dini idealnim izborom za preduze\u0107a koja \u017eele iskoristiti snagu RFID-a. Bez obzira da li \u017eelite implementirati sigurnu kontrolu pristupa, kreirati besprijekoran sistem bezgotovinskog pla\u0107anja ili revolucionirati upravljanje zalihama, <a href=\"https:\/\/rfid-laundry-tag.com\/bs\/rfid-inlay\/\">MIFARE S50\u00a0<\/a><\/span><strong class=\"ng-star-inserted\"><span class=\"ng-star-inserted\">RFID Inlay<\/span><\/strong><span class=\"ng-star-inserted\">\u00a0pru\u017ea performanse i svestranost koje su vam potrebne za uspjeh. Jednostavno re\u010deno, ovaj proizvod je neophodan.<\/span><\/p>\n<table class=\"has-title all magic-13\">\n<tbody>\n<tr>\n<td colspan=\"1\" rowspan=\"1\">\n<div class=\"magic-14\" data-spm-anchor-id=\"a2700.details.0.i37.2ec61361oDo4aX\">Naziv proizvoda<\/div>\n<\/td>\n<td colspan=\"1\" rowspan=\"1\">\n<div class=\"magic-15\">MIFARE S50 RFID ulo\u017eak<\/div>\n<\/td>\n<\/tr>\n<tr>\n<td colspan=\"1\" rowspan=\"1\">\n<div class=\"magic-14\">\u010cip<\/div>\n<\/td>\n<td colspan=\"1\" rowspan=\"1\">\n<div class=\"magic-15\">MIFARE Classic\u00ae 1K<\/div>\n<\/td>\n<\/tr>\n<tr>\n<td colspan=\"1\" rowspan=\"1\">\n<div class=\"magic-14\">Frekvencija<\/div>\n<\/td>\n<td colspan=\"1\" rowspan=\"1\">\n<div class=\"magic-15\">13,56 MHZ<\/div>\n<\/td>\n<\/tr>\n<tr>\n<td colspan=\"1\" rowspan=\"1\">\n<div class=\"magic-14\">Udaljenost \u010ditanja<\/div>\n<\/td>\n<td colspan=\"1\" rowspan=\"1\">\n<div class=\"magic-15\">1-5 CM<\/div>\n<\/td>\n<\/tr>\n<tr>\n<td colspan=\"1\" rowspan=\"1\">\n<div class=\"magic-14\">Materijal<\/div>\n<\/td>\n<td colspan=\"1\" rowspan=\"1\">\n<div class=\"magic-15\">Coated Paper<\/div>\n<\/td>\n<\/tr>\n<tr>\n<td colspan=\"1\" rowspan=\"1\">\n<div class=\"magic-14\">Supstrat<\/div>\n<\/td>\n<td colspan=\"1\" rowspan=\"1\">\n<div class=\"magic-15\">PET<\/div>\n<\/td>\n<\/tr>\n<tr>\n<td colspan=\"1\" rowspan=\"1\">\n<div class=\"magic-14\">Dia 50 mmSize<\/div>\n<\/td>\n<td colspan=\"1\" rowspan=\"1\">\n<div class=\"magic-15\">Pre\u010dnik 25 mm ili prilago\u0111avanje<\/div>\n<\/td>\n<\/tr>\n<tr>\n<td colspan=\"1\" rowspan=\"1\">\n<div class=\"magic-14\">Working Mode<\/div>\n<\/td>\n<td colspan=\"1\" rowspan=\"1\">\n<div class=\"magic-15\">Pasivno<\/div>\n<\/td>\n<\/tr>\n<tr>\n<td colspan=\"1\" rowspan=\"1\">\n<div class=\"magic-14\">Write Cycles<\/div>\n<\/td>\n<td colspan=\"1\" rowspan=\"1\">\n<div class=\"magic-15\">100000<\/div>\n<\/td>\n<\/tr>\n<tr>\n<td colspan=\"1\" rowspan=\"1\">\n<div class=\"magic-14\">Radna temperatura \/ vla\u017enost<\/div>\n<\/td>\n<td colspan=\"1\" rowspan=\"1\">\n<div class=\"magic-15\">-40~70\u2103\/20%~90% RH<\/div>\n<\/td>\n<\/tr>\n<tr>\n<td colspan=\"1\" rowspan=\"1\">\n<div class=\"magic-14\">Temperatura skladi\u0161tenja \/ vla\u017enost<\/div>\n<\/td>\n<td colspan=\"1\" rowspan=\"1\">\n<div class=\"magic-15\">-20~50\u2103 \/ 20%~90% RH (bez kondenzacije).<\/div>\n<\/td>\n<\/tr>\n<tr>\n<td colspan=\"1\" rowspan=\"1\">\n<div class=\"magic-14\">Dostupnost uzorka<\/div>\n<\/td>\n<td colspan=\"1\" rowspan=\"1\">\n<div class=\"magic-15\">Besplatni uzorci dostupni su na zahtjev<\/div>\n<\/td>\n<\/tr>\n<tr>\n<td colspan=\"1\" rowspan=\"1\">\n<div class=\"magic-14\">Pakovanje<\/div>\n<\/td>\n<td colspan=\"1\" rowspan=\"1\">\n<div class=\"magic-15\">1000-5000 kom\/rolna, 4 rolne\/karton<\/div>\n<\/td>\n<\/tr>\n<tr>\n<td colspan=\"1\" rowspan=\"1\">\n<div class=\"magic-14\">\n<p>Aplikacija<\/p>\n<div><\/div>\n<\/div>\n<\/td>\n<td colspan=\"1\" rowspan=\"1\">\n<div class=\"magic-15\" data-spm-anchor-id=\"a2700.details.0.i47.2ec61361oDo4aX\">Sigurna kontrola ulaska\/bezgotovinsko pla\u0107anje \u010clanstvo i programi lojalnosti Pristup doga\u0111ajima i brendiranje\/Dru\u0161tveni mediji\/Maloprodaja<br \/>\nOkru\u017eenje\/igre i igra\u010dke Lokacija\/Elektronika\/Sajmovi\/Doga\u0111aji\/Zahtjev za poziv\/vizit karte<\/div>\n<\/td>\n<\/tr>\n<\/tbody>\n<\/table>\n<p>&nbsp;<\/p>\n<p>MIFARE S50<a href=\"https:\/\/rfid-laundry-tag.com\/bs\/rfid-inlay\/\"> RFID Inlay\u00a0<\/a>je svestrano rje\u0161enje dizajnirano da zadovolji rastu\u0107e zahtjeve modernih aplikacija. Rade\u0107i na frekvenciji od 13,56 MHz, ovaj inlay sa omogu\u0107enim NFC-om zadr\u017eava sve bitne karakteristike MIFARE Classic tehnologije istovremeno pru\u017eaju\u0107i funkcionalnost prilago\u0111enu korisniku. Sa svojom kompaktnom veli\u010dinom od 25 mm promjera i 0,5 mm debljine, dostupan je u prakti\u010dnom formatu naljepnice s praznim nov\u010di\u0107ima, \u0161to ga \u010dini lakim za pri\u010dvr\u0161\u0107ivanje i kori\u0161tenje u razli\u010ditim aplikacijama. Bilo da tra\u017eite RFID rje\u0161enja za sisteme pla\u0107anja, kontrolu pristupa ili identifikaciju, MIFARE Classic 1K Inlay nudi pouzdanost i performanse bez premca.<\/p>\n<h3>Za\u0161to odabrati MIFARE S50 RFID ulo\u017eak?<\/h3>\n<ul>\n<li><strong>Jednostavna integracija<\/strong>: Idealan za razne aplikacije, od sistema pla\u0107anja do izdavanja ulaznica za doga\u0111aje, ovaj umetak se neprimjetno integrira u postoje\u0107e platforme.<\/li>\n<li><strong>Isplativo rje\u0161enje<\/strong>: S niskom cijenom, visokim kvalitetom i izdr\u017eljivim dizajnom, predstavlja ekonomi\u010dnu opciju bez ugro\u017eavanja performansi.<\/li>\n<li><strong>User-Friendly<\/strong>: Format prazne naljepnice omogu\u0107ava jednostavno ozna\u010davanje i prilago\u0111ene aplikacije, pobolj\u0161avaju\u0107i korisni\u010dko iskustvo.<\/li>\n<\/ul>\n<h3>Obja\u0161njena NFC tehnologija<\/h3>\n<p>NFC (Near Field Communication) tehnologija \u010dini osnovu <strong>MIFARE Classic 1K Inlay<\/strong>. Kori\u0161tenjem ove tehnologije, ulo\u017eak omogu\u0107ava beskontaktnu razmjenu podataka izme\u0111u ure\u0111aja. Ova funkcija nije ograni\u010dena samo na interakcije kartica i \u010dita\u010da, ve\u0107 olak\u0161ava i mobilna pla\u0107anja i sigurnu kontrolu pristupa.<\/p>\n<h3>Klju\u010dne prednosti MIFARE Classic 1K<\/h3>\n<ul>\n<li><strong>Enhanced Security<\/strong>: Sa jedinstvenim 4-bajtnim UID-om, MIFARE Classic 1K Inlay poma\u017ee u sprje\u010davanju dupliciranja podataka, dodaju\u0107i dodatni sloj sigurnosti va\u0161im aplikacijama.<\/li>\n<li><strong>Svestranost<\/strong>: Pogodno za razne beskontaktne aplikacije, od maloprodaje do transporta, pove\u0107avaju\u0107i anga\u017eman korisnika.<\/li>\n<li><strong>Kompatibilnost<\/strong>: Potpuno kompatibilan sa ACR122U \u010dita\u010dem\/pisa\u010dem, zajedno sa drugim MIFARE Classic ure\u0111ajima, \u0161to ga \u010dini univerzalnim alatom u va\u0161em NFC arsenalu.<\/li>\n<\/ul>\n<h3>Uputstva za upotrebu<\/h3>\n<p>Da biste koristili MIFARE S50 RFID ulo\u017eak, jednostavno ga pri\u010dvrstite na \u017eeljenu povr\u0161inu pomo\u0107u prilo\u017eene ljepljive podloge. Za optimalno prianjanje, provjerite da je povr\u0161ina \u010dista i suha. Nakon pri\u010dvr\u0161\u0107ivanja, ulo\u017eak se mo\u017ee o\u010ditavati i na njega se mo\u017ee pisati pomo\u0107u NFC ure\u0111aja ili kompatibilnog \u010dita\u010da, kao \u0161to je ACR122U.<\/p>\n<h3>Uticaj na \u017eivotnu sredinu<\/h3>\n<p>MIFARE S50 RFID ulo\u017eak je proizveden uzimaju\u0107i u obzir okoli\u0161. Kori\u0161tenje izdr\u017eljivih i reciklabilnih materijala osigurava da, osim \u0161to doprinosite svojim li\u010dnim ili poslovnim potrebama, tako\u0111er primjenjujete ekolo\u0161ki prihvatljive prakse.<\/p>\n<h2 class=\"ng-star-inserted\"><strong class=\"ng-star-inserted\"><span class=\"ng-star-inserted\">RFID etiketa i intarzija: Neograni\u010dene mogu\u0107nosti primjene<\/span><\/strong><\/h2>\n<p class=\"ng-star-inserted\"><span class=\"ng-star-inserted\">MIFARE S50 RFID ulo\u017eak<\/span><span class=\"ng-star-inserted\">\u00a0je svestrano rje\u0161enje koje se mo\u017ee koristiti u \u0161irokom spektru primjena, uklju\u010duju\u0107i:<\/span><\/p>\n<ul class=\"ng-star-inserted\">\n<li class=\"ng-star-inserted\">\n<p class=\"ng-star-inserted\"><strong class=\"ng-star-inserted\"><span class=\"ng-star-inserted\">Sigurna kontrola pristupa:<\/span><\/strong><span class=\"ng-star-inserted\">\u00a0Omogu\u0107ite pristup ovla\u0161tenom osoblju i sprije\u010dite neovla\u0161teni ulazak. Idealno za urede, doga\u0111aje i ograni\u010dene prostore.<\/span><\/p>\n<\/li>\n<li class=\"ng-star-inserted\">\n<p class=\"ng-star-inserted\"><strong class=\"ng-star-inserted\"><span class=\"ng-star-inserted\">Bezgotovinsko pla\u0107anje:<\/span><\/strong><span class=\"ng-star-inserted\">\u00a0Omogu\u0107ite besprijekorna i sigurna pla\u0107anja u okru\u017eenjima zatvorenog tipa poput tematskih parkova, odmarali\u0161ta i korporativnih kampusa.<\/span><\/p>\n<\/li>\n<li class=\"ng-star-inserted\">\n<p class=\"ng-star-inserted\"><strong class=\"ng-star-inserted\"><span class=\"ng-star-inserted\">Programi \u010dlanstva i lojalnosti:<\/span><\/strong><span class=\"ng-star-inserted\">\u00a0Pratite aktivnost \u010dlanova, nagradite lojalne kupce i personalizirajte iskustva.<\/span><\/p>\n<\/li>\n<li class=\"ng-star-inserted\">\n<p class=\"ng-star-inserted\"><strong class=\"ng-star-inserted\"><span class=\"ng-star-inserted\">Pristup doga\u0111aju i brendiranje:<\/span><\/strong><span class=\"ng-star-inserted\">\u00a0Pojednostavite unos, prikupite vrijedne podatke i pobolj\u0161ajte anga\u017eman u\u010desnika.<\/span><\/p>\n<\/li>\n<li class=\"ng-star-inserted\">\n<p class=\"ng-star-inserted\"><strong class=\"ng-star-inserted\"><span class=\"ng-star-inserted\">Dru\u0161tvene mre\u017ee:<\/span><\/strong><span class=\"ng-star-inserted\">\u00a0Kreirajte interaktivna iskustva ugra\u0111ivanjem intarzija u promotivne materijale, omogu\u0107avaju\u0107i korisnicima da se pove\u017eu s va\u0161im brendom na mre\u017ei.<\/span><\/p>\n<\/li>\n<li class=\"ng-star-inserted\">\n<p class=\"ng-star-inserted\"><strong class=\"ng-star-inserted\"><span class=\"ng-star-inserted\">Maloprodajno okru\u017eenje:<\/span><\/strong><span class=\"ng-star-inserted\">\u00a0Upravljajte zalihama, sprije\u010dite kra\u0111u i steknite vrijedne uvide u pona\u0161anje kupaca.<\/span><\/p>\n<\/li>\n<li class=\"ng-star-inserted\">\n<p class=\"ng-star-inserted\"><strong class=\"ng-star-inserted\"><span class=\"ng-star-inserted\">Igre i igra\u010dke:<\/span><\/strong><span class=\"ng-star-inserted\">\u00a0Dodajte novu dimenziju interaktivnosti i anga\u017emana igra\u010dkama i igrama.<\/span><\/p>\n<\/li>\n<li class=\"ng-star-inserted\">\n<p class=\"ng-star-inserted\"><strong class=\"ng-star-inserted\"><span class=\"ng-star-inserted\">Lokacija:<\/span><\/strong><span class=\"ng-star-inserted\">\u00a0Pratite imovinu, nadgledajte kretanje i pobolj\u0161ajte efikasnost logistike.<\/span><\/p>\n<\/li>\n<li class=\"ng-star-inserted\">\n<p class=\"ng-star-inserted\"><strong class=\"ng-star-inserted\"><span class=\"ng-star-inserted\">Elektronika:<\/span><\/strong><span class=\"ng-star-inserted\">\u00a0Ugradite intarzije u elektronske ure\u0111aje za autentifikaciju, pra\u0107enje i mjere protiv krivotvorenja.<\/span><\/p>\n<\/li>\n<li class=\"ng-star-inserted\">\n<p class=\"ng-star-inserted\"><strong class=\"ng-star-inserted\"><span class=\"ng-star-inserted\">Sajmovi\/Doga\u0111aji:<\/span><\/strong><span class=\"ng-star-inserted\">\u00a0Olak\u0161ajte generiranje potencijalnih klijenata, pratite interese u\u010desnika i pru\u017eite interaktivna iskustva.<\/span><\/p>\n<\/li>\n<li class=\"ng-star-inserted\">\n<p class=\"ng-star-inserted\"><strong class=\"ng-star-inserted\"><span class=\"ng-star-inserted\">Zahtjev za poziv:<\/span><\/strong><span class=\"ng-star-inserted\">\u00a0Omogu\u0107ite korisnicima da zatra\u017ee informacije ili pomo\u0107 jednostavnim dodirom.<\/span><\/p>\n<\/li>\n<li class=\"ng-star-inserted\">\n<p class=\"ng-star-inserted\"><strong class=\"ng-star-inserted\"><span class=\"ng-star-inserted\">Vizit karte:<\/span><\/strong><span class=\"ng-star-inserted\">\u00a0Transformi\u0161ite tradicionalne vizit karte u interaktivne alate za umre\u017eavanje i dijeljenje informacija.<\/span><\/p>\n<\/li>\n<\/ul>\n<h2>FAQs<\/h2>\n<ul>\n<li><strong>Koji je domet MIFARE S50 RFID ulo\u0161ka?<\/strong><br \/>\nEfektivni domet je obi\u010dno oko 10 cm kada se koriste tipi\u010dni NFC \u010dita\u010di.<\/li>\n<li><strong>Mogu li prilagoditi MIFARE S50 RFID ulo\u017eak?<\/strong><br \/>\nDa, inleji se mogu \u0161tampati ili kodirati sa prilago\u0111enim podacima, \u0161to ih \u010dini pogodnim za razli\u010dite primene.<\/li>\n<li><strong>Da li je MIFARE S50 RFID ulo\u017eak vodootporan?<\/strong><br \/>\nIako su umetci dizajnirani da izdr\u017ee umjerene uvjete okoline, preporu\u010duje se izbjegavanje du\u017eeg izlaganja vodi kako bi se odr\u017eala optimalna funkcionalnost.<\/li>\n<\/ul>","protected":false},"excerpt":{"rendered":"<p>MIFARE S50 RFID Inlay, svestrano NFC rje\u0161enje s 1K memorije za sigurne, beskontaktne primjene u razli\u010ditim okru\u017eenjima.<\/p>","protected":false},"featured_media":3243,"template":"","meta":{"_kad_post_transparent":"default","_kad_post_title":"","_kad_post_layout":"default","_kad_post_sidebar_id":"","_kad_post_content_style":"default","_kad_post_vertical_padding":"default","_kad_post_feature":"","_kad_post_feature_position":"","_kad_post_header":false,"_kad_post_footer":false,"_kad_post_classname":""},"product_brand":[],"product_cat":[189],"product_tag":[398,111,194,393,108,399],"class_list":{"0":"post-3242","1":"product","2":"type-product","3":"status-publish","4":"has-post-thumbnail","6":"product_cat-rfid-inlay","7":"product_tag-mifare-s50-rfid-inlay","8":"product_tag-nfc-inlay","9":"product_tag-nfc-rfid-inlay","10":"product_tag-nfc-wet-inlay-sticker-tag-clear","11":"product_tag-rfid-inlay","12":"product_tag-rfid-inlay-factory","14":"first","15":"instock","16":"shipping-taxable","17":"product-type-simple","18":"entry","19":"content-bg","20":"loop-entry"},"_links":{"self":[{"href":"https:\/\/rfid-laundry-tag.com\/bs\/wp-json\/wp\/v2\/product\/3242","targetHints":{"allow":["GET"]}}],"collection":[{"href":"https:\/\/rfid-laundry-tag.com\/bs\/wp-json\/wp\/v2\/product"}],"about":[{"href":"https:\/\/rfid-laundry-tag.com\/bs\/wp-json\/wp\/v2\/types\/product"}],"version-history":[{"count":1,"href":"https:\/\/rfid-laundry-tag.com\/bs\/wp-json\/wp\/v2\/product\/3242\/revisions"}],"predecessor-version":[{"id":3247,"href":"https:\/\/rfid-laundry-tag.com\/bs\/wp-json\/wp\/v2\/product\/3242\/revisions\/3247"}],"wp:featuredmedia":[{"embeddable":true,"href":"https:\/\/rfid-laundry-tag.com\/bs\/wp-json\/wp\/v2\/media\/3243"}],"wp:attachment":[{"href":"https:\/\/rfid-laundry-tag.com\/bs\/wp-json\/wp\/v2\/media?parent=3242"}],"wp:term":[{"taxonomy":"product_brand","embeddable":true,"href":"https:\/\/rfid-laundry-tag.com\/bs\/wp-json\/wp\/v2\/product_brand?post=3242"},{"taxonomy":"product_cat","embeddable":true,"href":"https:\/\/rfid-laundry-tag.com\/bs\/wp-json\/wp\/v2\/product_cat?post=3242"},{"taxonomy":"product_tag","embeddable":true,"href":"https:\/\/rfid-laundry-tag.com\/bs\/wp-json\/wp\/v2\/product_tag?post=3242"}],"curies":[{"name":"radni list","href":"https:\/\/api.w.org\/{rel}","templated":true}]}}