{"id":321,"date":"2024-06-28T06:45:35","date_gmt":"2024-06-28T06:45:35","guid":{"rendered":"https:\/\/rfid-laundry-tag.com\/?post_type=product&#038;p=321"},"modified":"2024-06-28T06:45:35","modified_gmt":"2024-06-28T06:45:35","slug":"i-code-slix-rfid-library-book-sticker-5050mm","status":"publish","type":"product","link":"https:\/\/rfid-laundry-tag.com\/bs\/i-code-slix-rfid-library-book-sticker-5050mm\/","title":{"rendered":"I CODE SLIX RFID Naljepnica za knji\u017enicu 50*50 mm"},"content":{"rendered":"<table style=\"font-family: var(--global-body-font-family);\" width=\"772\">\n<tbody>\n<tr>\n<td width=\"153\"><strong>Naziv proizvoda<\/strong><\/td>\n<td width=\"619\"><strong>\u00a0I CODE SLIX RFID naljepnica za knji\u017enicu\u00a0<\/strong><\/td>\n<\/tr>\n<tr>\n<td width=\"153\">Materijal<\/td>\n<td width=\"619\">PET+Al+papir\/PVC\/PET<\/td>\n<\/tr>\n<tr>\n<td width=\"153\">Boja<\/td>\n<td width=\"619\">cmyk, \u0161tampa u \u010detiri boje<\/td>\n<\/tr>\n<tr>\n<td width=\"153\">Lable Dimension<\/td>\n<td width=\"619\">45 * 45 mm, 50 * 50 mm, itd<\/td>\n<\/tr>\n<tr>\n<td width=\"153\">\u010cip<\/td>\n<td width=\"619\">\u00a0I CODE SLIX ,ICODE\u00ae SLIX-S itd<\/td>\n<\/tr>\n<tr>\n<td width=\"153\">Protokol<\/td>\n<td width=\"619\">ISO15693<\/td>\n<\/tr>\n<tr>\n<td width=\"153\">Frekvencija<\/td>\n<td width=\"619\">13.56MHZ<\/td>\n<\/tr>\n<tr>\n<td width=\"153\">Udaljenost \u010ditanja<\/td>\n<td width=\"619\">HF:1-30cm zavisi od \u010dita\u010da i okru\u017eenja<\/td>\n<\/tr>\n<tr>\n<td width=\"153\">\u0160tampanje<\/td>\n<td width=\"619\">CMYK, prilago\u0111ena \u0161tampa, prazno<\/td>\n<\/tr>\n<tr>\n<td width=\"153\">Paket<\/td>\n<td width=\"619\">2000kom\/rolna,16000kom\/ctn,prilago\u0111eno<\/td>\n<\/tr>\n<tr>\n<td width=\"153\">Besplatan uzorak<\/td>\n<td width=\"619\">Da<\/td>\n<\/tr>\n<\/tbody>\n<\/table>\n<p>&nbsp;<\/p>\n<p>Sistem, prvenstveno dizajniran da pobolj\u0161a efikasnost procedura upravljanja knjigama i fajlovima, poma\u017ee u provjerama inventara, pra\u0107enju lokacija, omogu\u0107avaju\u0107i samouslu\u017ene sisteme za vra\u0107anje knjiga i spre\u010davanje kra\u0111e, da navedemo samo nekoliko funkcionalnosti. Njegova upotreba zna\u010dajno optimizuje rad biblioteke, \u0161to ga \u010dini pametnim izborom za moderne biblioteke.<\/p>\n<div class=\"auto-hide-last-sibling-br paragraph_9dc5f paragraph-element\">I CODE SLIX RFID naljepnica za biblioteku je efikasno rje\u0161enje za pametno upravljanje bibliote\u010dkim resursima. Evo njegovih karakteristika i odgovora na neka \u010desto postavljana pitanja:<\/div>\n<p>&nbsp;<\/p>\n<div class=\"auto-hide-last-sibling-br paragraph_9dc5f paragraph-element\"><strong>Karakteristike I CODE SLIX RFID naljepnice za knji\u017enicu:<\/strong><\/div>\n<ol class=\"auto-hide-last-sibling-br\">\n<li>Ova ISO15693 RFID oznaka je posebno dizajnirana za sisteme upravljanja bibliotekama.<\/li>\n<li>Radi na 13,56MHz u visokofrekventnom (HF) opsegu.<\/li>\n<li>Ove naljepnice dolaze u razli\u010ditim veli\u010dinama, posebno 85*<em>50mm i 50*<\/em>50mm.<\/li>\n<li>Odlikuju se vodootpornim svojstvima i tako\u0111er su samoljepljivi.<\/li>\n<li>Mogu ponuditi udaljenost \u010ditanja u rasponu od 1-15 cm, sa korisni\u010dkom memorijom od 896 bita.<\/li>\n<li>Idealno su prikladni za aplikacije ograni\u010dene ograni\u010denim prostorom, naj\u010de\u0161\u0107e u sistemima za upravljanje dokumentima.<\/li>\n<\/ol>\n<p>&nbsp;<\/p>\n<div class=\"auto-hide-last-sibling-br paragraph_9dc5f paragraph-element\"><strong>\u010cesto postavljana pitanja (FAQ):<\/strong><\/div>\n<ul class=\"auto-hide-last-sibling-br\">\n<li>\n<div class=\"auto-hide-last-sibling-br paragraph_9dc5f paragraph-element\"><strong>Q1:<\/strong>\u00a0Kako mogu naru\u010diti?<\/div>\n<ul class=\"auto-hide-last-sibling-br\">\n<li>O: Svoje zahtjeve mo\u017eete prenijeti korisni\u010dkoj slu\u017ebi, finalizirati specifikacije proizvoda, izvr\u0161iti uplatu, a zatim dogovoriti isporuku proizvoda.<\/li>\n<\/ul>\n<\/li>\n<li>\n<div class=\"auto-hide-last-sibling-br paragraph_9dc5f paragraph-element\"><strong>Q2:<\/strong>\u00a0Koje je o\u010dekivano vrijeme proizvodnje\/isporuke?<\/div>\n<ul class=\"auto-hide-last-sibling-br\">\n<li>O: O\u010dekivani vremenski okvir za proizvodnju i isporuku je obi\u010dno u roku od 20 dana. Me\u0111utim, ovo se mo\u017ee promijeniti na osnovu specifi\u010dnih konfiguracija naloga.<\/li>\n<\/ul>\n<\/li>\n<li>\n<div class=\"auto-hide-last-sibling-br paragraph_9dc5f paragraph-element\"><strong>Q3:<\/strong>\u00a0Da li svi artikli prolaze kroz testiranje prije slanja?<\/div>\n<ul class=\"auto-hide-last-sibling-br\">\n<li>O: Zaista, svi artikli prolaze kroz sveobuhvatno testiranje prije slanja, uklju\u010duju\u0107i osnovne provjere opreme.<\/li>\n<\/ul>\n<\/li>\n<li>\n<div class=\"auto-hide-last-sibling-br paragraph_9dc5f paragraph-element\"><strong>Q4:<\/strong>\u00a0Da li je mogu\u0107e primiti uzorak po\u0161iljke?<\/div>\n<ul class=\"auto-hide-last-sibling-br\">\n<li>O: Da, pru\u017eamo stvarne proizvode kao uzorke na\u0161im kupcima.<\/li>\n<\/ul>\n<\/li>\n<\/ul>","protected":false},"excerpt":{"rendered":"<p>I CODE SLIX RFID Naljepnica za bibliote\u010dku knjigu, sa svojim dimenzijama 50*50 mm, igra klju\u010dnu ulogu u upravljanju bibliote\u010dkim knjigama i datotekama. Rade\u0107i u kombinaciji sa RFID antenom i \u010dita\u010dem, doprinosi pametnom upravljanju bibliote\u010dkim resursima.<\/p>","protected":false},"featured_media":323,"template":"","meta":{"_kad_post_transparent":"default","_kad_post_title":"","_kad_post_layout":"default","_kad_post_sidebar_id":"","_kad_post_content_style":"default","_kad_post_vertical_padding":"default","_kad_post_feature":"","_kad_post_feature_position":"","_kad_post_header":false,"_kad_post_footer":false,"_kad_post_classname":""},"product_brand":[],"product_cat":[54],"product_tag":[138,139],"class_list":{"0":"post-321","1":"product","2":"type-product","3":"status-publish","4":"has-post-thumbnail","6":"product_cat-hot-selling-rfid-tags","7":"product_tag-i-code-slix-rfid-library-book-sticker","8":"product_tag-i-code-slix-rfid-sticker","10":"first","11":"instock","12":"shipping-taxable","13":"product-type-simple","14":"entry","15":"content-bg","16":"loop-entry"},"_links":{"self":[{"href":"https:\/\/rfid-laundry-tag.com\/bs\/wp-json\/wp\/v2\/product\/321","targetHints":{"allow":["GET"]}}],"collection":[{"href":"https:\/\/rfid-laundry-tag.com\/bs\/wp-json\/wp\/v2\/product"}],"about":[{"href":"https:\/\/rfid-laundry-tag.com\/bs\/wp-json\/wp\/v2\/types\/product"}],"version-history":[{"count":0,"href":"https:\/\/rfid-laundry-tag.com\/bs\/wp-json\/wp\/v2\/product\/321\/revisions"}],"wp:featuredmedia":[{"embeddable":true,"href":"https:\/\/rfid-laundry-tag.com\/bs\/wp-json\/wp\/v2\/media\/323"}],"wp:attachment":[{"href":"https:\/\/rfid-laundry-tag.com\/bs\/wp-json\/wp\/v2\/media?parent=321"}],"wp:term":[{"taxonomy":"product_brand","embeddable":true,"href":"https:\/\/rfid-laundry-tag.com\/bs\/wp-json\/wp\/v2\/product_brand?post=321"},{"taxonomy":"product_cat","embeddable":true,"href":"https:\/\/rfid-laundry-tag.com\/bs\/wp-json\/wp\/v2\/product_cat?post=321"},{"taxonomy":"product_tag","embeddable":true,"href":"https:\/\/rfid-laundry-tag.com\/bs\/wp-json\/wp\/v2\/product_tag?post=321"}],"curies":[{"name":"radni list","href":"https:\/\/api.w.org\/{rel}","templated":true}]}}