{"id":3191,"date":"2026-01-09T13:46:57","date_gmt":"2026-01-09T13:46:57","guid":{"rendered":"https:\/\/rfid-laundry-tag.com\/?post_type=product&#038;p=3191"},"modified":"2026-01-09T13:46:57","modified_gmt":"2026-01-09T13:46:57","slug":"uhf-wash-care-label-rfid-chips-in-garment","status":"publish","type":"product","link":"https:\/\/rfid-laundry-tag.com\/bs\/uhf-wash-care-label-rfid-chips-in-garment\/","title":{"rendered":"UHF RFID \u010dipovi za etikete za pranje u odje\u0107i"},"content":{"rendered":"<div class=\"J_module\">\n<div class=\"ife-detail-decorate-table\">\n<table class=\"hight-light-first-column all magic-14\">\n<tbody>\n<tr>\n<td colspan=\"1\" rowspan=\"1\">\n<div class=\"magic-15\" data-spm-anchor-id=\"a2700.details.0.i95.236a58c1ycsfva\">Naziv proizvodnje:<\/div>\n<\/td>\n<td colspan=\"1\" rowspan=\"1\">\n<div class=\"magic-16\"><strong>UHF RFID \u010dipovi za etikete za pranje u odje\u0107i<\/strong><\/div>\n<\/td>\n<\/tr>\n<tr>\n<td colspan=\"1\" rowspan=\"1\">\n<div class=\"magic-15\"><span class=\"magic-17\">Materijal:<\/span><\/div>\n<\/td>\n<td colspan=\"1\" rowspan=\"1\">\n<div class=\"magic-16\">Poliester\/Kompozicija\/Saten\/Pamuk\/Netkani\/PET itd.<\/div>\n<\/td>\n<\/tr>\n<tr>\n<td colspan=\"1\" rowspan=\"1\">\n<div class=\"magic-15\"><span class=\"magic-17\">Veli\u010dina:<\/span><\/div>\n<\/td>\n<td colspan=\"1\" rowspan=\"1\">\n<div class=\"magic-16\"><span class=\"magic-17\">80*38mm\/60*30mm\/61*26mm\/60*22MM\/ itd. ili prilago\u0111eno<\/span><\/div>\n<\/td>\n<\/tr>\n<tr>\n<td colspan=\"1\" rowspan=\"1\">\n<div class=\"magic-15\"><span class=\"magic-17\">Vrsta:<\/span><\/div>\n<\/td>\n<td colspan=\"1\" rowspan=\"1\">\n<div class=\"magic-16\"><span class=\"magic-17\">Pasivno, RFID<\/span><\/div>\n<\/td>\n<\/tr>\n<tr>\n<td colspan=\"1\" rowspan=\"1\">\n<div class=\"magic-15\">RF protokol:<\/div>\n<\/td>\n<td colspan=\"1\" rowspan=\"1\">\n<div class=\"magic-16\">ISO 18000-6C; EPC klasa 1 Gen 2<\/div>\n<\/td>\n<\/tr>\n<tr>\n<td colspan=\"1\" rowspan=\"1\">\n<div class=\"magic-15\"><span class=\"magic-17\">U\u010destalost:<\/span><\/div>\n<\/td>\n<td colspan=\"1\" rowspan=\"1\">\n<div class=\"magic-16\"><span class=\"magic-17\">860~960MHz<\/span><\/div>\n<\/td>\n<\/tr>\n<tr>\n<td colspan=\"1\" rowspan=\"1\">\n<div class=\"magic-15\">\u010cip<\/div>\n<\/td>\n<td colspan=\"1\" rowspan=\"1\">\n<div class=\"magic-16\">U8, U9, Alien Higgs, Monza 4D, Monza 4QT, Monza R6, Monza R6-P, Impinj M730, Impinj M750 itd.<\/div>\n<\/td>\n<\/tr>\n<tr>\n<td colspan=\"1\" rowspan=\"1\">\n<div class=\"magic-15\"><span class=\"magic-17\">Udaljenost \u010ditanja:<\/span><\/div>\n<\/td>\n<td colspan=\"1\" rowspan=\"1\">\n<div class=\"magic-16\"><span class=\"magic-17\">UHF: 1~10m (zavisi od \u010dita\u010da i antene)<\/span><\/div>\n<\/td>\n<\/tr>\n<tr>\n<td colspan=\"1\" rowspan=\"1\">\n<div class=\"magic-15\"><span class=\"magic-17\">fiksni na\u010din:<\/span><\/div>\n<\/td>\n<td colspan=\"1\" rowspan=\"1\">\n<div class=\"magic-16\"><span class=\"magic-17\">\u0160ivanje \/ peglanje<\/span><\/div>\n<\/td>\n<\/tr>\n<tr>\n<td colspan=\"1\" rowspan=\"1\">\n<div class=\"magic-15\"><span class=\"magic-17\">\u0160tampanje:<\/span><\/div>\n<\/td>\n<td colspan=\"1\" rowspan=\"1\">\n<div class=\"magic-16\"><span class=\"magic-17\">\u0160tampanje, kodiranje, serijski broj, dizajn, itd.<\/span><\/div>\n<\/td>\n<\/tr>\n<tr>\n<td colspan=\"1\" rowspan=\"1\">\n<div class=\"magic-15\"><span class=\"magic-17\">IC \u017eivot:<\/span><\/div>\n<\/td>\n<td colspan=\"1\" rowspan=\"1\">\n<div class=\"magic-16\" data-spm-anchor-id=\"a2700.details.0.i94.236a58c1ycsfva\"><span class=\"magic-17\">100.000 ciklusa programiranja<br \/>\n10 godina \u010duvanja podataka<\/span><\/div>\n<\/td>\n<\/tr>\n<tr>\n<td colspan=\"1\" rowspan=\"1\">\n<div class=\"magic-15\"><span class=\"magic-17\">Dostupnost uzorka:<\/span><\/div>\n<\/td>\n<td colspan=\"1\" rowspan=\"1\">\n<div class=\"magic-16\"><span class=\"magic-17\">Besplatni uzorci dostupni su na zahtjev<\/span><\/div>\n<\/td>\n<\/tr>\n<tr>\n<td colspan=\"1\" rowspan=\"1\">\n<div class=\"magic-15\"><span class=\"magic-17\">Prijave:\u00a0<\/span><\/div>\n<\/td>\n<td colspan=\"1\" rowspan=\"1\">\n<div class=\"magic-16\"><span class=\"magic-17\">\u00b7 Upravljanje zalihama<br \/>\n\u00b7 Lanac snabdevanja<br \/>\n\u00b7 Maloprodaja<\/span><\/div>\n<\/td>\n<\/tr>\n<tr>\n<td colspan=\"1\" rowspan=\"1\">\n<div class=\"magic-15\"><span class=\"magic-17\">Koristi<\/span><\/div>\n<\/td>\n<td colspan=\"1\" rowspan=\"1\">\n<div class=\"magic-16\"><span class=\"magic-17\">Odje\u0107a, odje\u0107a, torbe, cipele itd.<\/span><\/div>\n<\/td>\n<\/tr>\n<\/tbody>\n<\/table>\n<\/div>\n<\/div>\n<div class=\"J_module\">\n<div class=\"detail-decorate-json-renderer-container\">\n<div class=\"magic-1\">\n<div class=\"magic-5\">\n<div class=\"magic-6\">\n<div><\/div>\n<\/div>\n<div>\n<div class=\"auto-hide-last-sibling-br paragraph_1252f paragraph-element\">\n<div class=\"auto-hide-last-sibling-br paragraph_1252f paragraph-element\">\n<div class=\"auto-hide-last-sibling-br paragraph_1252f paragraph-element\">\n<p>&nbsp;<\/p>\n<div class=\"auto-hide-last-sibling-br paragraph_1252f paragraph-element\">\n<p><a href=\"https:\/\/rfid-laundry-tag.com\/bs\/\"><strong>UHF RFID \u010dipovi za etikete za pranje i njegu<\/strong>\u00a0<\/a>nude udobniju i ko\u017ei prijazniju alternativu tradicionalnim etiketama za odje\u0107u. Dizajnirane za jednostavnu integraciju u odje\u0107u, ove etikete pojednostavljuju upravljanje odje\u0107om.<\/p>\n<\/div>\n<\/div>\n<\/div>\n<div><\/div>\n<div class=\"auto-hide-last-sibling-br paragraph_1252f paragraph-element\">\n<div class=\"auto-hide-last-sibling-br paragraph_1252f paragraph-element\">\n<h2 class=\"AnswerParser_AnswerParserH2__SIHnF\">Pobolj\u0161ajte vidljivost va\u0161eg lanca snabdijevanja<\/h2>\n<p><span class=\"AnswerParser_TextContainer__z_Iiv\" data-testid=\"youchat-text\">Ugradnjom na\u0161ih UHF RFID \u010dipova za ozna\u010davanje kvalitete odje\u0107e u va\u0161u odje\u0107u, dobijate nevi\u0111enu vidljivost u va\u0161em lancu snabdijevanja. Pratite svoju odje\u0107u od proizvodnje do prodaje, pa \u010dak i kroz vi\u0161e ciklusa pranja u industrijskim praonicama.<\/span><span class=\"AnswerParser_TextContainer__z_Iiv\" data-testid=\"youchat-text\">Ova pobolj\u0161ana vidljivost vam omogu\u0107ava da:<\/span><\/p>\n<ul class=\"AnswerParser_AnswerParserUnorderedList__P_1FW\">\n<li class=\"AnswerParser_ListItem__XqLOV\" translate=\"yes\">Smanjite skupljanje i gubitak<\/li>\n<li class=\"AnswerParser_ListItem__XqLOV\" translate=\"yes\">Pobolj\u0161ajte efikasnost zamjene proizvoda<\/li>\n<li class=\"AnswerParser_ListItem__XqLOV\" translate=\"yes\">Optimizirajte nivoe zaliha<\/li>\n<li class=\"AnswerParser_ListItem__XqLOV\" translate=\"yes\">Pove\u0107ajte zadovoljstvo kupaca kroz bolju dostupnost proizvoda<\/li>\n<\/ul>\n<h2 class=\"AnswerParser_AnswerParserH2__SIHnF\">Jednostavna instalacija i upotreba<\/h2>\n<p><span class=\"AnswerParser_TextContainer__z_Iiv\" data-testid=\"youchat-text\">Na\u0161e RFID naljepnice za pranje su dizajnirane za besprijekornu integraciju u va\u0161u odje\u0107u:<\/span><\/p>\n<ol class=\"AnswerParser_AnswerParserOrderedList__kl_2Y\">\n<li class=\"AnswerParser_ListItem__XqLOV\" translate=\"yes\"><strong>Opcija u\u0161ivanja<\/strong>: Tradicionalna metoda pri\u010dvr\u0161\u0107ivanja za izdr\u017eljivost.<\/li>\n<li class=\"AnswerParser_ListItem__XqLOV\" translate=\"yes\"><strong>Iron-On aplikacija<\/strong>: Brza i laka instalacija pomo\u0107u tehnologije prijenosa topline.<\/li>\n<\/ol>\n<p><span class=\"AnswerParser_TextContainer__z_Iiv\" data-testid=\"youchat-text\">Obje metode osiguravaju da etiketa ostane sigurno pri\u010dvr\u0161\u0107ena tokom cijelog \u017eivotnog ciklusa odjevnog predmeta.<\/span><\/p>\n<h3 class=\"auto-hide-last-sibling-br paragraph_1252f paragraph-element\"><strong>Evo nekoliko primjera kako su vrhunski brendovi odje\u0107e uspje\u0161no implementirali RFID UHF oznake:<\/strong><\/h3>\n<ol class=\"auto-hide-last-sibling-br\">\n<li>\n<div class=\"auto-hide-last-sibling-br paragraph_1252f paragraph-element\"><strong>Prada<\/strong>: Ovaj poznati italijanski luksuzni brend usvojio je RFID oznake 2001. godine, omogu\u0107avaju\u0107i detaljno snimanje informacija kao \u0161to su stil, veli\u010dina, boja i cena. Zanimljivo je da kada potro\u0161a\u010di koji nose Prada odje\u0107u prolaze kroz njihove radnje, odgovaraju\u0107a odje\u0107a je izlo\u017eena na modelima u radnjama, opona\u0161aju\u0107i pistu visoke mode u Milanu. Ova inovativna upotreba RFID tehnologije pove\u0107ava zadovoljstvo Prada potro\u0161a\u010da nakon kupovine.<\/div>\n<\/li>\n<li>\n<div class=\"auto-hide-last-sibling-br paragraph_1252f paragraph-element\"><strong>H&amp;M<\/strong>: Ovaj me\u0111unarodni brend po\u010deo je da koristi RFID tehnologiju 2014. U planiranih 1.800 prodavnica, RFID tehnologija omogu\u0107ava automatsko pra\u0107enje kategorija proizvoda, koli\u010dina i potro\u0161nje.<\/div>\n<\/li>\n<li>\n<div class=\"auto-hide-last-sibling-br paragraph_1252f paragraph-element\"><strong>ZARA<\/strong>U prvoj polovini 2016. godine, mati\u010dna kompanija ZARA-e, Inditex, izjavila je da je primjena RFID tehnologije pobolj\u0161ala upravljanje zalihama i snabdijevanjem za oko 701T njenih brendova. Ova implementacija rezultirala je pove\u0107anjem prodaje za 11,11T i pove\u0107anjem profita za 7,51T, \u0161to je iznosilo 1,26 milijardi eura.<\/div>\n<\/li>\n<li>\n<div class=\"auto-hide-last-sibling-br paragraph_1252f paragraph-element\"><strong>Uniqlo<\/strong>: U 2017. godini Uniqlo je najavio svoj plan za postavljanje RFID UHF oznaka u 3.000 trgovina \u0161irom svijeta, ozna\u010davaju\u0107i ga kao prvog japanskog trgovca koji koristi elektronske oznake \u0161irom svijeta.<\/div>\n<\/li>\n<\/ol>\n<div class=\"auto-hide-last-sibling-br paragraph_1252f paragraph-element\">Ovo su samo neki uvidi u to kako vode\u0107i brendovi odje\u0107e koriste RFID oznake. Od 2019. godine, gotovo svaki svjetski brend je primijenio RFID oznake na svoju odje\u0107u, \u0161to je rezultiralo s preko 20 milijardi ozna\u010denih komada odje\u0107e \u2013 broj koji nastavlja zna\u010dajno rasti. Drugi zna\u010dajni brendovi koji su usvojili ovu tehnologiju uklju\u010duju NIKE i Walmart.<\/div>\n<\/div>\n<\/div>\n<\/div>\n<h2 class=\"AnswerParser_AnswerParserH2__SIHnF\">Kontaktirajte nas za prilago\u0111eno rje\u0161enje<\/h2>\n<p><span class=\"AnswerParser_TextContainer__z_Iiv\" data-testid=\"youchat-text\">Spremni ste da revolucionirate upravljanje svojom odje\u0107om uz na\u0161e UHF RFID etikete za pranje i njegu? Tu smo da vam pomognemo prona\u0107i savr\u0161eno rje\u0161enje za va\u0161e potrebe.<\/span><\/p>\n<ul class=\"AnswerParser_AnswerParserUnorderedList__P_1FW\">\n<li class=\"AnswerParser_ListItem__XqLOV\" translate=\"yes\"><strong>Besplatni uzorci<\/strong>: Zatra\u017eite besplatne uzorke za testiranje u va\u0161em okru\u017eenju.<\/li>\n<li class=\"AnswerParser_ListItem__XqLOV\" translate=\"yes\"><strong>Prilagodba<\/strong>: Javite nam svoje specifi\u010dne zahtjeve za prilago\u0111eno rje\u0161enje.<\/li>\n<li class=\"AnswerParser_ListItem__XqLOV\" translate=\"yes\"><strong>Stru\u010dne konsultacije<\/strong>: Na\u0161 tim stru\u010dnjaka za RFID je spreman da odgovori na va\u0161a pitanja.<\/li>\n<\/ul>\n<p>Ukratko, UHF etikete za njegu satenskog pranja kombiniraju udobnost, prakti\u010dnost i naprednu tehnologiju, \u0161to ih \u010dini odli\u010dnim izborom i za proizvo\u0111a\u010de i za potro\u0161a\u010de koji tra\u017ee bolje rje\u0161enje za ozna\u010davanje.<\/p>\n<p>&nbsp;<\/p>\n<\/div>\n<\/div>\n<\/div>\n<\/div>\n<\/div>","protected":false},"excerpt":{"rendered":"<p><strong>UHF RFID \u010dipovi za etikete za pranje u odje\u0107i<\/strong>\u00a0nudimo udobniju i ko\u017ei prijazniju alternativu tradicionalnim etiketama odje\u0107e, s preko 15 godina iskustva!<\/p>","protected":false},"featured_media":3192,"template":"","meta":{"_kad_post_transparent":"default","_kad_post_title":"","_kad_post_layout":"default","_kad_post_sidebar_id":"","_kad_post_content_style":"default","_kad_post_vertical_padding":"default","_kad_post_feature":"","_kad_post_feature_position":"","_kad_post_header":false,"_kad_post_footer":false,"_kad_post_classname":""},"product_brand":[],"product_cat":[81],"product_tag":[389,390,388,391],"class_list":{"0":"post-3191","1":"product","2":"type-product","3":"status-publish","4":"has-post-thumbnail","6":"product_cat-rfid-wash-care-clothing-label","7":"product_tag-rfid-chips-in-garment","8":"product_tag-uhf-wash-care-labe","9":"product_tag-uhf-wash-care-label-rfid-chips-in-garment","10":"product_tag-wash-care-label-rfid","12":"first","13":"instock","14":"shipping-taxable","15":"product-type-simple","16":"entry","17":"content-bg","18":"loop-entry"},"_links":{"self":[{"href":"https:\/\/rfid-laundry-tag.com\/bs\/wp-json\/wp\/v2\/product\/3191","targetHints":{"allow":["GET"]}}],"collection":[{"href":"https:\/\/rfid-laundry-tag.com\/bs\/wp-json\/wp\/v2\/product"}],"about":[{"href":"https:\/\/rfid-laundry-tag.com\/bs\/wp-json\/wp\/v2\/types\/product"}],"version-history":[{"count":1,"href":"https:\/\/rfid-laundry-tag.com\/bs\/wp-json\/wp\/v2\/product\/3191\/revisions"}],"predecessor-version":[{"id":3194,"href":"https:\/\/rfid-laundry-tag.com\/bs\/wp-json\/wp\/v2\/product\/3191\/revisions\/3194"}],"wp:featuredmedia":[{"embeddable":true,"href":"https:\/\/rfid-laundry-tag.com\/bs\/wp-json\/wp\/v2\/media\/3192"}],"wp:attachment":[{"href":"https:\/\/rfid-laundry-tag.com\/bs\/wp-json\/wp\/v2\/media?parent=3191"}],"wp:term":[{"taxonomy":"product_brand","embeddable":true,"href":"https:\/\/rfid-laundry-tag.com\/bs\/wp-json\/wp\/v2\/product_brand?post=3191"},{"taxonomy":"product_cat","embeddable":true,"href":"https:\/\/rfid-laundry-tag.com\/bs\/wp-json\/wp\/v2\/product_cat?post=3191"},{"taxonomy":"product_tag","embeddable":true,"href":"https:\/\/rfid-laundry-tag.com\/bs\/wp-json\/wp\/v2\/product_tag?post=3191"}],"curies":[{"name":"radni list","href":"https:\/\/api.w.org\/{rel}","templated":true}]}}