{"id":319,"date":"2024-06-28T06:17:02","date_gmt":"2024-06-28T06:17:02","guid":{"rendered":"https:\/\/rfid-laundry-tag.com\/?post_type=product&#038;p=319"},"modified":"2024-09-23T10:21:27","modified_gmt":"2024-09-23T10:21:27","slug":"iso15693-i-code-slix-rfid-inlay","status":"publish","type":"product","link":"https:\/\/rfid-laundry-tag.com\/bs\/iso15693-i-code-slix-rfid-inlay\/","title":{"rendered":"ISO15693 ICODE SLIX RFID Inlay"},"content":{"rendered":"<table class=\"hight-light-first-column all magic-1\">\n<tbody>\n<tr>\n<td colspan=\"1\" rowspan=\"1\">\n<div class=\"magic-2\">\n<div class=\"magic-3\" data-spm-anchor-id=\"a2700.pc-decorate.0.i24.7f543333WPG8F0\"><span class=\"magic-4\" data-spm-anchor-id=\"a2700.pc-decorate.0.i23.7f543333WPG8F0\"><span class=\"magic-5\" style=\"color: #000000; font-family: Roboto;\"><b class=\"magic-4\" data-spm-anchor-id=\"a2700.pc-decorate.0.i114.7f543333WPG8F0\">Stavka<\/b><\/span><\/span><\/div>\n<\/div>\n<\/td>\n<td colspan=\"4\" rowspan=\"1\">\n<div class=\"magic-6\"><strong>ISO15693 ICODE SLIX RFID Inlay<\/strong><\/div>\n<\/td>\n<\/tr>\n<tr>\n<td colspan=\"1\" rowspan=\"1\">\n<div class=\"magic-2\">\n<div class=\"magic-3\" data-spm-anchor-id=\"a2700.pc-decorate.0.i22.7f543333WPG8F0\"><span class=\"magic-4\" data-spm-anchor-id=\"a2700.pc-decorate.0.i10.7f543333WPG8F0\"><b class=\"magic-4\"><span class=\"magic-5\" style=\"color: #000000; font-family: Roboto;\">Materijal<\/span><\/b><\/span><\/div>\n<\/div>\n<\/td>\n<td colspan=\"4\" rowspan=\"1\">\n<div class=\"magic-9\"><span class=\"magic-5\" style=\"color: #000000;\">Papir \/ PP film \/ PET \/ Inlay<\/span><\/div>\n<\/td>\n<\/tr>\n<tr>\n<td colspan=\"1\" rowspan=\"1\">\n<div class=\"magic-2\">\n<div class=\"magic-3\" data-spm-anchor-id=\"a2700.pc-decorate.0.i34.7f543333WPG8F0\"><b class=\"magic-13\" data-spm-anchor-id=\"a2700.pc-decorate.0.i111.7f543333WPG8F0\"><span class=\"magic-5\" style=\"color: #000000; font-family: Roboto;\">Frekvencija<\/span><\/b><\/div>\n<\/div>\n<\/td>\n<td colspan=\"4\" rowspan=\"1\">\n<div class=\"magic-6\"><span class=\"magic-5\" style=\"color: #000000; font-family: Roboto;\" data-spm-anchor-id=\"a2700.details.0.i25.244e512bmtbZH7\">13.56Mhz<\/span><\/div>\n<\/td>\n<\/tr>\n<tr>\n<td colspan=\"1\" rowspan=\"1\">\n<div class=\"magic-2\">\n<div class=\"magic-3\" data-spm-anchor-id=\"a2700.pc-decorate.0.i33.7f543333WPG8F0\"><b class=\"magic-4\"><span class=\"magic-5\" style=\"color: #000000; font-family: Roboto;\">Veli\u010dina<\/span><\/b><\/div>\n<\/div>\n<\/td>\n<td colspan=\"4\" rowspan=\"1\">\n<div class=\"magic-9\"><span class=\"magic-5\" style=\"color: #000000;\">50*50\/45*45\/30*15\/40*25\/ Dia 25\/30 ili prilago\u0111ena veli\u010dina<\/span><\/div>\n<\/td>\n<\/tr>\n<tr>\n<td colspan=\"1\" rowspan=\"1\">\n<div class=\"magic-2\">\n<div class=\"magic-3\"><b class=\"magic-14\">Prijave<\/b><\/div>\n<\/div>\n<\/td>\n<td colspan=\"4\" rowspan=\"1\">\n<div class=\"magic-6\" data-spm-anchor-id=\"a2700.details.0.i24.244e512bmtbZH7\"><span class=\"magic-5\" style=\"color: #000000; font-family: Roboto;\">\u0160iroko se koristi u upravljanju imovinom, odje\u0107i, inventaru, biblioteci, nakitu, logistici itd.<\/span><\/div>\n<\/td>\n<\/tr>\n<\/tbody>\n<\/table>\n<p>&nbsp;<\/p>\n<p>ICODE SLIX IC je namjenski \u010dip za inteligentne aplikacije naljepnica kao \u0161to su biblioteke, autentikacija proizvoda u razli\u010ditim industrijama kao \u0161to su farmaceutska, medicinski ure\u0111aji i alkohol, kao i upravljanje proizvodnjom u razli\u010ditim podru\u010djima industrije. Ovaj IC je tre\u0107a generacija familije proizvoda IC-a za pametne etikete zasnovane na ISO standardima ISO\/IEC 15693 i ISO\/IEC 18000-3, produ\u017eavaju\u0107i uspje\u0161nu pri\u010du o NXP-u<sup>\u00ae<\/sup>\u00a0u oblasti sistema identifikacije blizine.<\/p>\n<h3>Beskontaktni prijenos energije i podataka<\/h3>\n<p>Kad god je povezan na vrlo jednostavan i lak za proizvodnju tip antene (kao rezultat nose\u0107e frekvencije od 13,56 MHz) napravljen od nekoliko namotaja od\u0161tampanih, namotanih, ugraviranih ili bu\u0161enih zavojnica, ICODE SLIX IC mo\u017ee raditi bez linija vidljivosti do udaljenosti od 1,5 m (\u0161irina kapije). Baterija nije potrebna. Kada je pametna etiketa postavljena u polju antene ispitiva\u010da, RF komunikacioni interfejs velike brzine omogu\u0107ava prenos podataka do 53 kbit\/s.<\/p>\n<h3>Anti-sudar<\/h3>\n<p>Inteligentna funkcija protiv sudara omogu\u0107ava da nekoliko oznaka istovremeno radi na terenu. Algoritam protiv kolizije odabire svaku oznaku pojedina\u010dno i osigurava da se izvr\u0161enje transakcije sa odabranom oznakom izvr\u0161i ispravno bez o\u0161te\u0107enja podataka koja je rezultat drugih oznaka u polju.<\/p>\n<h3>Karakteristike ISO15693 ICODE SLIX RFID inlay \u010dipa<\/h3>\n<div id=\"featuresXsp\" class=\"features-list\">\n<div class=\"features-xsp\">\n<div class=\"collapse-mobile ste-list\">\n<h3>ICODE SLIX RF interfejs (ISO\/IEC 15693)<\/h3>\n<ul class=\"boxes\">\n<li>Beskontaktni prijenos podataka i napajanje energijom (nije potrebna baterija)<\/li>\n<li>Radna udaljenost: do 1,5 m (u zavisnosti od geometrije antene)<\/li>\n<li>Radna frekvencija: 13,56 MHz (ISM, licenca \u0161irom svijeta slobodno dostupna)<\/li>\n<li>Brz prenos podataka: do 53 kbit\/s<\/li>\n<li>Visok integritet podataka: 16-bitni CRC, kadriranje<\/li>\n<li>Prava za\u0161tita od sudara<\/li>\n<li>Elektronski nadzor artikala za\u0161ti\u0107en lozinkom (EAS)<\/li>\n<li>Porodi\u010dni identifikator aplikacije za\u0161ti\u0107en lozinkom (AFI)<\/li>\n<li>Identifikator formata pohrane podataka (DSFID)<\/li>\n<li>Dodatno brzo \u010ditanje protiv sudara<\/li>\n<li>Udaljenost pisanja jednaka udaljenosti \u010ditanja<\/li>\n<\/ul>\n<\/div>\n<div class=\"collapse-mobile ste-list\">\n<h3>EEPROM<\/h3>\n<ul class=\"boxes\">\n<li>1024 bita, organizovana u 32 bloka od po 4 bajta<\/li>\n<li>50 godina \u010duvanja podataka<\/li>\n<li>Izdr\u017eljivost pisanja od 100000 ciklusa<\/li>\n<\/ul>\n<\/div>\n<div class=\"collapse-mobile ste-list\">\n<h3>Sigurnost<\/h3>\n<ul class=\"boxes\">\n<li>Jedinstveni identifikator za svaki ure\u0111aj<\/li>\n<li>Mehanizam zaklju\u010davanja za svaki korisni\u010dki memorijski blok (za\u0161tita od pisanja)<\/li>\n<li>Mehanizam zaklju\u010davanja za DSFID, AFI, EAS<\/li>\n<li>Funkcionalnost EAS i AFI za\u0161ti\u0107ena lozinkom (32-bit).<\/li>\n<\/ul>\n<\/div>\n<\/div>\n<\/div>\n<div class=\"auto-hide-last-sibling-br paragraph_9dc5f paragraph-element\"><strong>ISO15693 ICODE SLIX RFID Inlay:<\/strong>\u00a0RFID inlay se sastoji od antene i mikro\u010dipa, gdje \u010dip pohranjuje podatke, a antena je odgovorna za prijenos tih podataka do RFID \u010dita\u010da.<\/div>\n<p>&nbsp;<\/p>\n<div class=\"auto-hide-last-sibling-br paragraph_9dc5f paragraph-element\"><strong>Mokri umetci:<\/strong>\u00a0To su RFID umetci koji se postavljaju na sloj ljepila i prozirni PET (polietilen tereftalat) sloj. PET sloj se koristi za za\u0161titu od fizi\u010dkih o\u0161te\u0107enja. Sa ljepljivom stranom okrenutom od naljepnice ili materijala, one se mogu udobno koristiti za izradu RFID naljepnica, stoga njihova \u0161iroka primjena u kreiranju etiketa za razli\u010dite sektore.<\/div>\n<div><\/div>\n<div>\n<div class=\"auto-hide-last-sibling-br paragraph_9dc5f paragraph-element\">\u00a0ISO15693 ICODE SLIX NFC oznaka, napravljena od razli\u010ditih materijala kao \u0161to su papir, PP film, PET ili inlay, i u razli\u010ditim veli\u010dinama, \u0161iroko se koriste. \u010cesto \u0107ete ih na\u0107i u industrijama kao \u0161to su:<\/div>\n<p>&nbsp;<\/p>\n<ul class=\"auto-hide-last-sibling-br\">\n<li><strong>Upravljanje imovinom:<\/strong>\u00a0Oznake se koriste za pra\u0107enje fizi\u010dke imovine u razli\u010ditim okru\u017eenjima, kao \u0161to je oprema za pra\u0107enje u zdravstvu ili IT.<\/li>\n<li><strong>Upravljanje odje\u0107om:<\/strong>\u00a0U modnoj maloprodaji, ove oznake olak\u0161avaju pra\u0107enje zaliha, mjere protiv kra\u0111e i pobolj\u0161avaju korisni\u010dko iskustvo u trgovini.<\/li>\n<li><strong>Upravljanje zalihama:<\/strong>\u00a0U skladi\u0161tima i maloprodaji, RFID oznake se koriste za efikasno upravljanje zalihama, smanjenje ru\u010dnog rada i minimiziranje gre\u0161aka.<\/li>\n<li><strong>Upravljanje bibliotekama:<\/strong>\u00a0Koriste se za automatizaciju procesa pozajmljivanja i vra\u0107anja, pobolj\u0161avaju upravljanje zalihama i nude sigurnost od kra\u0111e.<\/li>\n<li><strong>Upravljanje nakitom:<\/strong>\u00a0Lagane i precizne, ove oznake nude sigurnu i efikasnu kontrolu zaliha u industriji nakita.<\/li>\n<li><strong>logistika:<\/strong> RFID oznake se koriste u pra\u0107enju robe u tranzitu, pobolj\u0161anju ta\u010dnosti isporuke i pove\u0107anju vidljivosti u lancu nabavke.<\/li>\n<\/ul>\n<div class=\"auto-hide-last-sibling-br paragraph_9dc5f paragraph-element\">Veli\u010dina i oblik oznake mogu se prilagoditi prema specifi\u010dnoj primjeni, pobolj\u0161avaju\u0107i njihovu fleksibilnost i prilagodljivost u razli\u010ditim slu\u010dajevima upotrebe.<\/div>\n<\/div>\n<div><\/div>\n<div>\n<h2 class=\"AnswerParser_AnswerParserH2__SIHnF\">Zapo\u010dnite sa NXP ICODE SLIX RFID ve\u0107 danas<\/h2>\n<p><span class=\"AnswerParser_TextContainer__z_Iiv\" data-testid=\"youchat-text\">Spremni za revoluciju u upravljanju imovinom i procesima autentifikacije? U\u010dinite prvi korak ka efikasnijoj budu\u0107nosti:<\/span><\/p>\n<ol class=\"AnswerParser_AnswerParserOrderedList__kl_2Y\">\n<li class=\"AnswerParser_ListItem__XqLOV\" translate=\"yes\"><strong>Zatra\u017eite besplatni uzorak<\/strong>: Iskusite kvalitet i performanse iz prve ruke<\/li>\n<li class=\"AnswerParser_ListItem__XqLOV\" translate=\"yes\"><strong>Posavjetujte se s na\u0161im stru\u010dnjacima<\/strong>: Dobijte personalizirane savjete o implementaciji RFID-a u va\u0161e poslovanje<\/li>\n<li class=\"AnswerParser_ListItem__XqLOV\" translate=\"yes\"><strong>Custom Quote<\/strong>: Primite prilago\u0111eni plan cijena zasnovan na va\u0161im specifi\u010dnim potrebama i zahtjevima koli\u010dine<\/li>\n<\/ol>\n<p><span class=\"AnswerParser_TextContainer__z_Iiv\" data-testid=\"youchat-text\">Ne dozvolite da zastarjele metode pra\u0107enja sputavaju va\u0161e poslovanje. Prihvatite snagu NXP ICODE SLIX RFID tehnologije i ostanite ispred konkurencije. Ispunite na\u0161 upitnik danas da zapo\u010dnete svoje putovanje prema pametnijim i efikasnijim operacijama.<\/span><\/div>","protected":false},"excerpt":{"rendered":"<p>Revolucionirajte upravljanje imovinom uz NXP ICODE SLIX 13,56MHz RFID inlay, pobolj\u0161avaju\u0107i efikasnost zaliha i autentifikaciju proizvoda u svim industrijama.<\/p>","protected":false},"featured_media":320,"template":"","meta":{"_kad_post_transparent":"default","_kad_post_title":"","_kad_post_layout":"default","_kad_post_sidebar_id":"","_kad_post_content_style":"default","_kad_post_vertical_padding":"default","_kad_post_feature":"","_kad_post_feature_position":"","_kad_post_header":false,"_kad_post_footer":false,"_kad_post_classname":""},"product_brand":[],"product_cat":[54,189],"product_tag":[306,111,108],"class_list":{"0":"post-319","1":"product","2":"type-product","3":"status-publish","4":"has-post-thumbnail","6":"product_cat-hot-selling-rfid-tags","7":"product_cat-rfid-inlay","8":"product_tag-icode-slix-rfid-inlay","9":"product_tag-nfc-inlay","10":"product_tag-rfid-inlay","12":"first","13":"instock","14":"shipping-taxable","15":"product-type-simple","16":"entry","17":"content-bg","18":"loop-entry"},"_links":{"self":[{"href":"https:\/\/rfid-laundry-tag.com\/bs\/wp-json\/wp\/v2\/product\/319","targetHints":{"allow":["GET"]}}],"collection":[{"href":"https:\/\/rfid-laundry-tag.com\/bs\/wp-json\/wp\/v2\/product"}],"about":[{"href":"https:\/\/rfid-laundry-tag.com\/bs\/wp-json\/wp\/v2\/types\/product"}],"version-history":[{"count":3,"href":"https:\/\/rfid-laundry-tag.com\/bs\/wp-json\/wp\/v2\/product\/319\/revisions"}],"predecessor-version":[{"id":2656,"href":"https:\/\/rfid-laundry-tag.com\/bs\/wp-json\/wp\/v2\/product\/319\/revisions\/2656"}],"wp:featuredmedia":[{"embeddable":true,"href":"https:\/\/rfid-laundry-tag.com\/bs\/wp-json\/wp\/v2\/media\/320"}],"wp:attachment":[{"href":"https:\/\/rfid-laundry-tag.com\/bs\/wp-json\/wp\/v2\/media?parent=319"}],"wp:term":[{"taxonomy":"product_brand","embeddable":true,"href":"https:\/\/rfid-laundry-tag.com\/bs\/wp-json\/wp\/v2\/product_brand?post=319"},{"taxonomy":"product_cat","embeddable":true,"href":"https:\/\/rfid-laundry-tag.com\/bs\/wp-json\/wp\/v2\/product_cat?post=319"},{"taxonomy":"product_tag","embeddable":true,"href":"https:\/\/rfid-laundry-tag.com\/bs\/wp-json\/wp\/v2\/product_tag?post=319"}],"curies":[{"name":"radni list","href":"https:\/\/api.w.org\/{rel}","templated":true}]}}