{"id":3174,"date":"2026-01-09T13:11:22","date_gmt":"2026-01-09T13:11:22","guid":{"rendered":"https:\/\/rfid-laundry-tag.com\/?post_type=product&#038;p=3174"},"modified":"2026-01-09T13:11:23","modified_gmt":"2026-01-09T13:11:23","slug":"rfid-mifare-desfire-ev3-2k-4k-8k-inlay","status":"publish","type":"product","link":"https:\/\/rfid-laundry-tag.com\/bs\/rfid-mifare-desfire-ev3-2k-4k-8k-inlay\/","title":{"rendered":"RFID Mifare Desfire EV3 2K 4K 8K Inlay"},"content":{"rendered":"<h2>RFID Mifare Desfire EV3 2K 4K 8K Inlay<\/h2>\n<p>The\u00a0<strong>MIFARE\u00ae DESFire\u00ae EV3<\/strong>\u00a0Serija proizvoda kompanije NXP Semiconductors predstavlja vrhunsko rje\u0161enje u sigurnoj, beskontaktnoj RFID tehnologiji, idealnoj za razli\u010dite primjene koje zahtijevaju visoku sigurnost i fleksibilnost. Evo sa\u017eetog pregleda njenih karakteristika, opcija memorije, sigurnosnih pobolj\u0161anja, primjena i mogu\u0107nosti prilago\u0111avanja:<\/p>\n<h3>Memorijske opcije<\/h3>\n<p>MIFARE\u00ae DESFire\u00ae EV3 dolazi u tri konfiguracije memorije:<\/p>\n<ul>\n<li><strong>2K<\/strong>Najbolje za jednostavne aplikacije poput kontrole pristupa ili jednokratnih ulaznica.<\/li>\n<li><strong>4K<\/strong>Pogodno za primjene srednjeg dometa, kao \u0161to su programi lojalnosti i mali sistemi javnog prevoza.<\/li>\n<li><strong>8K<\/strong>Dizajnirano za slo\u017eena, vi\u0161enamjenska okru\u017eenja poput pametnih gradova i velikih preduze\u0107a.<\/li>\n<\/ul>\n<p>Svaka konfiguracija podr\u017eava vi\u0161e aplikacija, s mogu\u0107no\u0161\u0107u pohranjivanja do\u00a0<strong>32 datoteke po aplikaciji<\/strong>, \u0161to omogu\u0107ava preduze\u0107ima da prilagode rje\u0161enja svojim potrebama.<\/p>\n<h3>Pobolj\u0161ane sigurnosne funkcije<\/h3>\n<p>Sigurnost je glavni fokus EV3, a sadr\u017ei:<\/p>\n<ul>\n<li><strong>AES enkripcija<\/strong>\u0160titi podatke tokom prenosa.<\/li>\n<li><strong>EAL5+ certifikacija<\/strong>Osigurava visok nivo sigurnosti za osjetljive podatke.<\/li>\n<li><strong>Sigurna jedinstvena NFC autentifikacija<\/strong>Svaka kartica ima jedinstveni identifikator kako bi se sprije\u010dilo dupliranje.<\/li>\n<li><strong>Vi\u0161eslojna sigurnost<\/strong>Podr\u017eava razli\u010dite protokole \u0161ifriranja, uklju\u010duju\u0107i AES i DES\/Triple-DES.<\/li>\n<\/ul>\n<p>Ove karakteristike \u010dine EV3 pogodnim za visokosigurnosne aplikacije poput kontrole pristupa, bezgotovinskog pla\u0107anja i pametnih brava.<\/p>\n<h3>Prijave<\/h3>\n<p>Svestranost <a href=\"https:\/\/rfid-laundry-tag.com\/bs\/rfid-inlay\/\">RFID Mifare Desfire EV3 2K 4K 8K Inlay<\/a>\u00a0omogu\u0107ava njegovu upotrebu u razli\u010ditim sektorima:<\/p>\n<ul>\n<li><strong>Kontrola pristupa<\/strong>Sigurno upravljanje ulazima za zgrade i ograni\u010dena podru\u010dja.<\/li>\n<li><strong>Javni prijevoz<\/strong>Omogu\u0107ava efikasnu prodaju karata i naplatu prijevoza.<\/li>\n<li><strong>Programi lojalnosti<\/strong>Sigurno pohranjuje podatke o kupcima i nagrade.<\/li>\n<li><strong>Pametni gradovi<\/strong>Podr\u017eava infrastrukturu sa robusnim performansama i kompatibilno\u0161\u0107u sa NFC i RFID tehnologijama.<\/li>\n<\/ul>\n<h3>Prilago\u0111avanje i podr\u0161ka<\/h3>\n<p>NXP nudi \u0161iroke mogu\u0107nosti prilago\u0111avanja kako bi zadovoljio specifi\u010dne poslovne potrebe:<\/p>\n<ul>\n<li><strong>Prilago\u0111eni ispis<\/strong>Personalizirajte kartice logotipima i brendiranjem.<\/li>\n<li><strong>Prilago\u0111ena alokacija memorije<\/strong>Prilagodite konfiguracije memorije za specifi\u010dne aplikacije.<\/li>\n<li><strong>Prilagodljive sigurnosne postavke<\/strong>Prilagodite metode \u0161ifriranja i autentifikacije.<\/li>\n<\/ul>\n<p>Preduze\u0107a mogu dobiti uzorke s vremenom isporuke od samo\u00a0<strong>1-2 dana<\/strong>, \u0161to omogu\u0107ava brzu evaluaciju i implementaciju.<\/p>\n<h2><strong><b>Tehni\u010dke specifikacije<\/b><\/strong><\/h2>\n<div class=\"collapse-mobile ste-list\">\n<h3>RF interfejs: ISO\/IEC 14443 Tip A<\/h3>\n<ul class=\"boxes\">\n<li>Beskontaktni interfejs u skladu sa ISO\/IEC 14443-2\/3 A<\/li>\n<li>Nizak Hmin omogu\u0107ava radnu udaljenost do 100 mm (u zavisnosti od snage PCD-a i geometrije antene)<\/li>\n<li>Brzi prijenos podataka: 106 kbit\/s, 212 kbit\/s, 424 kbit\/s, 848 kbit\/s<\/li>\n<li>7 bajtova jedinstveni identifikator (opcija za slu\u010dajni ID)<\/li>\n<li>Koristi ISO\/IEC 14443-4 protokol za prijenos<\/li>\n<li>Konfigurabilni FSCI za podr\u0161ku veli\u010dine okvira do 256 bajtova<\/li>\n<\/ul>\n<\/div>\n<div class=\"collapse-mobile ste-list\">\n<h3>Neisparljiva memorija<\/h3>\n<ul class=\"boxes\">\n<li>2kB, 4kB, 8kB i 16kB<\/li>\n<li>\u010cuvanje podataka 25 godina<\/li>\n<li>Tipi\u010dna izdr\u017eljivost pisanja 1 000 000 ciklusa<\/li>\n<li>Brzi ciklusi programiranja<\/li>\n<\/ul>\n<\/div>\n<div class=\"collapse-mobile ste-list\">\n<h3>Organizacija NV memorije i podr\u0161ka za vi\u0161e aplikacija<\/h3>\n<ul class=\"boxes\">\n<li>Fleksibilan sistem datoteka: korisnik mo\u017ee slobodno definirati strukture aplikacije na PICC-u<\/li>\n<li>Onoliko aplikacija koliko veli\u010dina memorije podr\u017eava<\/li>\n<li>Do 32 datoteke u svakoj aplikaciji (dostupno je 6 tipova datoteka: Standardna datoteka podataka, Datoteka sigurnosnih kopija podataka, Datoteka vrijednosti, Datoteka linearnog zapisa, Datoteka cikli\u010dkog zapisa i Datoteka transakcijske MAC adrese)<\/li>\n<li>Veli\u010dina fajla se odre\u0111uje tokom kreiranja (ne za transakcijski MAC fajl)<\/li>\n<li>MlsmartApp (Delegirano upravljanje aplikacijama)<\/li>\n<li>Ponovna upotreba memorije u DAM aplikacijama (Formatiranje aplikacije)<\/li>\n<li>Fabri\u010dki u\u010ditani NXP-ovi DAM klju\u010devi za podr\u0161ku AppXplorer servisa<\/li>\n<li>Pristup datotekama iz bilo koje dvije aplikacije tokom jedne transakcije<\/li>\n<\/ul>\n<\/div>\n<div class=\"collapse-mobile ste-list\">\n<h3>Sigurnost i privatnost<\/h3>\n<ul class=\"boxes\">\n<li>Certifikat Common Criteria: EAL5+ (Hardver i softver)<\/li>\n<li>Jedinstveni serijski broj od 7 bajtova za svaki ure\u0111aj<\/li>\n<li>Opcioni &quot;RANDOM&quot; ID za pobolj\u0161anu sigurnost i privatnost<\/li>\n<li>Me\u0111usobna autentifikacija u tri prolaza<\/li>\n<li>Me\u0111usobna autentifikacija prema ISO\/IEC 7816-4<\/li>\n<li>Fleksibilno upravljanje klju\u010devima: 1 kartica\u00a0<span class=\"Footnote\" data-id=\"Inclusive Language\">vo\u0111a<\/span>\u00a0klju\u010d i do 14 klju\u010deva po aplikaciji<\/li>\n<li>Vi\u0161estruko dodjeljivanje tipki za svako pravo pristupa datoteci (do 8)<\/li>\n<li>Vi\u0161e setova klju\u010deva po aplikaciji s mehanizmom za brzo okretanje klju\u010deva (do 16 setova)<\/li>\n<li>Hardverski DES koji koristi 56\/112\/168 bitne klju\u010deve s verzijom klju\u010da<\/li>\n<li>Hardverski AES koji koristi 128-bitne klju\u010deve s verzijom klju\u010da<\/li>\n<li>Autenti\u010dnost podataka pomo\u0107u 8-bajtnog CMAC-a<\/li>\n<li>MF3ICD40 kompatibilan na\u010din rada: 4 bajta MAC, CRC 16<\/li>\n<li>\u0160ifriranje podataka na RF kanalu<\/li>\n<li>Autentifikacija na nivou aplikacije<\/li>\n<li>Senzori hardverskih izuzetaka<\/li>\n<li>Samoza\u0161titni sistem datoteka<\/li>\n<li>MAC transakcije potpisan tajnim klju\u010dem po aplikaciji<\/li>\n<li>Arhitektura virtuelnih kartica za pobolj\u0161ani odabir kartica\/aplikacija na ure\u0111ajima s vi\u0161e virtuelnih kartica sa za\u0161titom privatnosti<\/li>\n<li>Provjera blizine za za\u0161titu od napada releja<\/li>\n<li>Provjera originalnosti za dokaz originalnog NXP proizvoda<\/li>\n<\/ul>\n<\/div>","protected":false},"excerpt":{"rendered":"<p><strong>RFID Mifare Desfire EV3 2K 4K 8K Inlay<\/strong> je napredno RFID rje\u0161enje koje nudi visoku sigurnost, brz prijenos podataka, fleksibilne opcije memorije i besprijekornu integraciju za vi\u0161estruke primjene.<\/p>","protected":false},"featured_media":3175,"template":"","meta":{"_kad_post_transparent":"default","_kad_post_title":"","_kad_post_layout":"default","_kad_post_sidebar_id":"","_kad_post_content_style":"default","_kad_post_vertical_padding":"default","_kad_post_feature":"","_kad_post_feature_position":"","_kad_post_header":false,"_kad_post_footer":false,"_kad_post_classname":""},"product_brand":[],"product_cat":[189],"product_tag":[111,108,382],"class_list":{"0":"post-3174","1":"product","2":"type-product","3":"status-publish","4":"has-post-thumbnail","6":"product_cat-rfid-inlay","7":"product_tag-nfc-inlay","8":"product_tag-rfid-inlay","9":"product_tag-rfid-mifare-desfire-ev3-2k-4k-8k-inlay","11":"first","12":"instock","13":"shipping-taxable","14":"product-type-simple","15":"entry","16":"content-bg","17":"loop-entry"},"_links":{"self":[{"href":"https:\/\/rfid-laundry-tag.com\/bs\/wp-json\/wp\/v2\/product\/3174","targetHints":{"allow":["GET"]}}],"collection":[{"href":"https:\/\/rfid-laundry-tag.com\/bs\/wp-json\/wp\/v2\/product"}],"about":[{"href":"https:\/\/rfid-laundry-tag.com\/bs\/wp-json\/wp\/v2\/types\/product"}],"version-history":[{"count":1,"href":"https:\/\/rfid-laundry-tag.com\/bs\/wp-json\/wp\/v2\/product\/3174\/revisions"}],"predecessor-version":[{"id":3179,"href":"https:\/\/rfid-laundry-tag.com\/bs\/wp-json\/wp\/v2\/product\/3174\/revisions\/3179"}],"wp:featuredmedia":[{"embeddable":true,"href":"https:\/\/rfid-laundry-tag.com\/bs\/wp-json\/wp\/v2\/media\/3175"}],"wp:attachment":[{"href":"https:\/\/rfid-laundry-tag.com\/bs\/wp-json\/wp\/v2\/media?parent=3174"}],"wp:term":[{"taxonomy":"product_brand","embeddable":true,"href":"https:\/\/rfid-laundry-tag.com\/bs\/wp-json\/wp\/v2\/product_brand?post=3174"},{"taxonomy":"product_cat","embeddable":true,"href":"https:\/\/rfid-laundry-tag.com\/bs\/wp-json\/wp\/v2\/product_cat?post=3174"},{"taxonomy":"product_tag","embeddable":true,"href":"https:\/\/rfid-laundry-tag.com\/bs\/wp-json\/wp\/v2\/product_tag?post=3174"}],"curies":[{"name":"radni list","href":"https:\/\/api.w.org\/{rel}","templated":true}]}}