{"id":315,"date":"2024-06-28T01:50:42","date_gmt":"2024-06-28T01:50:42","guid":{"rendered":"https:\/\/rfid-laundry-tag.com\/?post_type=product&#038;p=315"},"modified":"2024-08-19T15:48:20","modified_gmt":"2024-08-19T15:48:20","slug":"tamper-proof-nfc-sticker-ntag424-dna-tt","status":"publish","type":"product","link":"https:\/\/rfid-laundry-tag.com\/bs\/tamper-proof-nfc-sticker-ntag424-dna-tt\/","title":{"rendered":"NFC naljepnica otporna na neovla\u0161teno kori\u0161tenje NTAG424 DNA TT"},"content":{"rendered":"<h2>NFC naljepnica otporna na neovla\u0161teno kori\u0161tenje NTAG424 DNA TT<\/h2>\n<table class=\"all magic-15\">\n<tbody>\n<tr>\n<td colspan=\"1\" rowspan=\"1\">\n<div class=\"magic-16\" data-spm-anchor-id=\"a2700.details.0.i75.2d9c3353FQLlpS\">Materijal<\/div>\n<\/td>\n<td colspan=\"4\" rowspan=\"1\">\n<div class=\"magic-17\">Krhki papir + Krhka antena<\/div>\n<\/td>\n<\/tr>\n<tr>\n<td colspan=\"1\" rowspan=\"1\">\n<div class=\"magic-16\">Veli\u010dina<\/div>\n<\/td>\n<td colspan=\"4\" rowspan=\"1\">\n<div class=\"magic-17\">24*60mm, 20*70mm, 27*77mm, 35*66mm, 35mm*80mm itd.<\/div>\n<\/td>\n<\/tr>\n<tr>\n<td colspan=\"1\" rowspan=\"1\">\n<div class=\"magic-16\">\u0160tampanje<\/div>\n<\/td>\n<td colspan=\"4\" rowspan=\"1\">\n<div class=\"magic-17\">\u0160tampanje u punoj boji<\/div>\n<\/td>\n<\/tr>\n<tr>\n<td colspan=\"1\" rowspan=\"1\">\n<div class=\"magic-16\">Frekvencija<\/div>\n<\/td>\n<td colspan=\"4\" rowspan=\"1\">\n<div class=\"magic-17\" data-spm-anchor-id=\"a2700.details.0.i74.2d9c3353FQLlpS\">13.56MHz<\/div>\n<\/td>\n<\/tr>\n<tr>\n<td colspan=\"1\" rowspan=\"1\">\n<div class=\"magic-16\">Protokol<\/div>\n<\/td>\n<td colspan=\"4\" rowspan=\"1\">\n<div class=\"magic-17\">ISO14443A<\/div>\n<\/td>\n<\/tr>\n<tr>\n<td colspan=\"1\" rowspan=\"2\">\n<div class=\"magic-16\">\u010cip<\/div>\n<\/td>\n<td colspan=\"4\" rowspan=\"1\">\n<div class=\"magic-17\">\n<p>NTAG213 TT<\/p>\n<p>* 184 bajta organizovano na 46 stranica sa 4 bajta po stranici<br \/>\n* 144 bajta slobodno dostupnog korisnika Podru\u010dje za \u010ditanje\/pisanje (36 stranica)<\/p>\n<\/div>\n<\/td>\n<\/tr>\n<tr>\n<td colspan=\"4\" rowspan=\"1\">\n<div class=\"magic-17\">\n<p>NTAG424 DNA TT Tamper (416 bajtova)<\/p>\n<p>Memorija od 416 bajtova organizirana u ISO\/IEC 7816-4 sistem datoteka:<br \/>\n* Kontejner kapaciteta 32 bajta<br \/>\n* NDEF fajl od 256 bajtova<br \/>\n* 128 bajtova za\u0161ti\u0107ena datoteka podataka<\/p>\n<\/div>\n<\/td>\n<\/tr>\n<tr>\n<td colspan=\"1\" rowspan=\"1\">\n<div class=\"magic-16\">Udaljenost \u010ditanja<\/div>\n<\/td>\n<td colspan=\"4\" rowspan=\"1\">\n<div class=\"magic-17\" data-spm-anchor-id=\"a2700.details.0.i76.2d9c3353FQLlpS\">1-10CM (vezano za performanse \u010dita\u010da i radno okru\u017eenje)<\/div>\n<\/td>\n<\/tr>\n<tr>\n<td colspan=\"1\" rowspan=\"1\">\n<div class=\"magic-16\">Feature<\/div>\n<\/td>\n<td colspan=\"4\" rowspan=\"1\">\n<div class=\"magic-17\">Za\u0161tita od krivotvorenja, za\u0161tita od neovla\u0161tenog pristupa, jednokratna upotreba<\/div>\n<\/td>\n<\/tr>\n<tr>\n<td colspan=\"1\" rowspan=\"1\">\n<div class=\"magic-16\">Prilago\u0111ena podr\u0161ka<\/div>\n<\/td>\n<td colspan=\"4\" rowspan=\"1\">\n<div class=\"magic-17\">Materijal, veli\u010dina, \u010dip, \u0161tampa, kodiranje, serijski broj, oblik, pakovanje itd.<\/div>\n<\/td>\n<\/tr>\n<tr>\n<td colspan=\"1\" rowspan=\"1\">\n<div class=\"magic-16\">Certifikat<\/div>\n<\/td>\n<td colspan=\"4\" rowspan=\"1\">\n<div class=\"magic-17\">CE RoHS ISO<\/div>\n<\/td>\n<\/tr>\n<\/tbody>\n<\/table>\n<h3>Kako TAG (NTAG213 TagTamper \/ 424 DNK TagTamper) radi<\/h3>\n<p><strong>Op\u0161ti princip:<\/strong><\/p>\n<p>TAG sistem koristi\u00a0<strong>RFID tehnologija<\/strong>\u00a0sa specijalizovanim\u00a0<strong>Tag Tamper<\/strong>\u00a0funkcionalnost za otkrivanje neovla\u0161tenog otvaranja paketa. Sastoji se od dvije osnovne komponente:<\/p>\n<ol>\n<li><strong>RFID oznaka:<\/strong>\n<ul>\n<li><strong>Glavna antenska petlja:<\/strong>\u00a0Prenosi radio talase izme\u0111u RFID \u010dita\u010da i IC \u010dipa.<\/li>\n<li><strong>Petlja\/\u017eica za detekciju:<\/strong>\u00a0Zasebna \u017eica dizajnirana da se prekine nakon neovla\u0161tenog mijenjanja. Ovaj prekid je trajno snimljen IC \u010dipom.<\/li>\n<\/ul>\n<\/li>\n<li><strong>RFID \u010dita\u010d:<\/strong>\n<ul>\n<li><strong>\u010cita podatke sa RFID oznake<\/strong>, uklju\u010duju\u0107i status \u017eice za detekciju.<\/li>\n<li><strong>Prenosi podatke na server<\/strong>, gdje se mo\u017ee analizirati i koristiti za razli\u010dite primjene.<\/li>\n<\/ul>\n<\/li>\n<\/ol>\n<p><strong>Funkcionalnost tampera:<\/strong><\/p>\n<ul>\n<li>\u017dica za detekciju je spojena na IC \u010dip.<\/li>\n<li>Kada je \u017eica slomljena, \u010dip\u00a0<strong>pohranjuje trajnu evidenciju o neovla\u0161tenom doga\u0111aju<\/strong>.<\/li>\n<li>Ove informacije mogu biti\u00a0<strong>preslikana u ASCII kodu u korisni\u010dku memoriju<\/strong>\u00a0i\u00a0<strong>prijavljen u oblak<\/strong>\u00a0za dalju analizu.<\/li>\n<\/ul>\n<p><strong>424 DNK TagTamper sa AES-128 kriptografijom:<\/strong><\/p>\n<ul>\n<li><strong>Jedinstvena NFC poruka o autentifikaciji (SUN):<\/strong>\u00a0Svaki put kada se 424 DNA TagTamper prislu\u0161kuje NFC mobilnim ili \u010dita\u010dem, on generi\u0161e jedinstveno SUN.<\/li>\n<li><strong>Sigurna autentifikacija:<\/strong>\n<ul>\n<li>SUN se \u0161alje na host server, zajedno sa jedinstvenim URL-om.<\/li>\n<li>Doma\u0107in izvodi autentifikaciju koriste\u0107i AES-128 kriptografiju.<\/li>\n<li><strong>Verifikacija<\/strong>\u00a0se vra\u0107a na \u010dita\u010d\/mobilni ure\u0111aj.<\/li>\n<\/ul>\n<\/li>\n<\/ul>\n<p><strong>Prijave:<\/strong><\/p>\n<ul>\n<li><strong>Napredna za\u0161tita od krivotvorina (provjera autenti\u010dnosti proizvoda):<\/strong>\n<ul>\n<li>Provjerava autenti\u010dnost fizi\u010dke robe.<\/li>\n<li>Identificira prodaju izvan ovla\u0161tenih tr\u017ei\u0161ta.<\/li>\n<\/ul>\n<\/li>\n<li><strong>Detekcija neovla\u0161tenog pristupa i dokaz (pametno pakovanje):<\/strong>\n<ul>\n<li>Otkriva neovla\u0161teno otvaranje proizvoda.<\/li>\n<li>Osigurava integritet proizvoda.<\/li>\n<\/ul>\n<\/li>\n<li><strong>Osigurana ekskluzivna korisni\u010dka iskustva zasnovana na statusu proizvoda:<\/strong>\n<ul>\n<li>Omogu\u0107uje napredne interakcije korisnika (prije i nakon prodaje).<\/li>\n<li>Nagra\u0111uje kupce personaliziranim sadr\u017eajem, ponudama i privilegijama.<\/li>\n<\/ul>\n<\/li>\n<li><strong>Osigurane aplikacije za osjetljive podatke:<\/strong>\n<ul>\n<li>\u0160titi osjetljive podatke o proizvodima i korisnicima.<\/li>\n<li>Pokre\u0107e radnju nakon potvr\u0111enog slu\u010daja (npr. pla\u0107anje).<\/li>\n<\/ul>\n<\/li>\n<li><strong>Sigurna autentifikacija i konfiguracija ure\u0111aja zatvorene petlje:<\/strong>\n<ul>\n<li>Ovjerava potro\u0161ni materijal i dijelove.<\/li>\n<li>Omogu\u0107ava provjeru integriteta.<\/li>\n<li>Automatski prenosi postavke ure\u0111aja.<\/li>\n<\/ul>\n<\/li>\n<\/ul>\n<p><strong>Klju\u010dne prednosti:<\/strong><\/p>\n<ul>\n<li><strong>Visoka sigurnost:<\/strong>\u00a0Funkcija otkrivanja neovla\u0161tenog pristupa i AES-128 kriptografija osiguravaju integritet podataka i sprje\u010davaju neovla\u0161teni pristup.<\/li>\n<li><strong>Svestrane primjene:<\/strong>\u00a0Sistem se mo\u017ee koristiti u razli\u010dite svrhe, od provjere autenti\u010dnosti proizvoda do sigurnosti podataka.<\/li>\n<li><strong>Pra\u0107enje u realnom vremenu:<\/strong>\u00a0Informacije se \u0161alju u oblak u realnom vremenu, omogu\u0107avaju\u0107i trenutnu akciju i pra\u0107enje.<\/li>\n<\/ul>","protected":false},"excerpt":{"rendered":"<p>NTAG 424 DNK je visoka sigurnost, mo\u0107na NFC naljepnica NTAG424 DNA TT koju obezbje\u0111uje NXP poluprovodnici. Oznaka je idealna za za\u0161titu imovine i informacija jer sadr\u017ei napredne funkcionalnosti, kao \u0161to su AES kriptografija i autentikacija SUN poruka, te \u0161titi skladi\u0161tenje osjetljivih podataka.<\/p>","protected":false},"featured_media":316,"template":"","meta":{"_kad_post_transparent":"default","_kad_post_title":"","_kad_post_layout":"default","_kad_post_sidebar_id":"","_kad_post_content_style":"default","_kad_post_vertical_padding":"default","_kad_post_feature":"","_kad_post_feature_position":"","_kad_post_header":false,"_kad_post_footer":false,"_kad_post_classname":""},"product_brand":[],"product_cat":[54],"product_tag":[135,134],"class_list":{"0":"post-315","1":"product","2":"type-product","3":"status-publish","4":"has-post-thumbnail","6":"product_cat-hot-selling-rfid-tags","7":"product_tag-tamper-proof-nfc-sticker","8":"product_tag-tamper-proof-nfc-sticker-ntag424-dna-tt","10":"first","11":"instock","12":"shipping-taxable","13":"product-type-simple","14":"entry","15":"content-bg","16":"loop-entry"},"_links":{"self":[{"href":"https:\/\/rfid-laundry-tag.com\/bs\/wp-json\/wp\/v2\/product\/315","targetHints":{"allow":["GET"]}}],"collection":[{"href":"https:\/\/rfid-laundry-tag.com\/bs\/wp-json\/wp\/v2\/product"}],"about":[{"href":"https:\/\/rfid-laundry-tag.com\/bs\/wp-json\/wp\/v2\/types\/product"}],"version-history":[{"count":1,"href":"https:\/\/rfid-laundry-tag.com\/bs\/wp-json\/wp\/v2\/product\/315\/revisions"}],"predecessor-version":[{"id":1566,"href":"https:\/\/rfid-laundry-tag.com\/bs\/wp-json\/wp\/v2\/product\/315\/revisions\/1566"}],"wp:featuredmedia":[{"embeddable":true,"href":"https:\/\/rfid-laundry-tag.com\/bs\/wp-json\/wp\/v2\/media\/316"}],"wp:attachment":[{"href":"https:\/\/rfid-laundry-tag.com\/bs\/wp-json\/wp\/v2\/media?parent=315"}],"wp:term":[{"taxonomy":"product_brand","embeddable":true,"href":"https:\/\/rfid-laundry-tag.com\/bs\/wp-json\/wp\/v2\/product_brand?post=315"},{"taxonomy":"product_cat","embeddable":true,"href":"https:\/\/rfid-laundry-tag.com\/bs\/wp-json\/wp\/v2\/product_cat?post=315"},{"taxonomy":"product_tag","embeddable":true,"href":"https:\/\/rfid-laundry-tag.com\/bs\/wp-json\/wp\/v2\/product_tag?post=315"}],"curies":[{"name":"radni list","href":"https:\/\/api.w.org\/{rel}","templated":true}]}}