{"id":313,"date":"2024-06-28T01:43:55","date_gmt":"2024-06-28T01:43:55","guid":{"rendered":"https:\/\/rfid-laundry-tag.com\/?post_type=product&#038;p=313"},"modified":"2024-08-19T15:55:01","modified_gmt":"2024-08-19T15:55:01","slug":"tamper-proof-ntag424-dna-tt-nfc-label","status":"publish","type":"product","link":"https:\/\/rfid-laundry-tag.com\/bs\/tamper-proof-ntag424-dna-tt-nfc-label\/","title":{"rendered":"Ntag424 DNA TT NFC naljepnica za za\u0161titu od neovla\u0161tenog otvaranja"},"content":{"rendered":"<table class=\"hight-light-first-column all magic-8\">\n<tbody>\n<tr>\n<td colspan=\"1\" rowspan=\"1\">\n<div class=\"magic-11\"><span class=\"magic-7\" data-spm-anchor-id=\"a2700.details.0.i73.5472537dnd6ZwT\">Naziv stavke<\/span><\/div>\n<\/td>\n<td colspan=\"1\" rowspan=\"1\">\n<div class=\"magic-12\"><span class=\"magic-7\">Anti-la\u017ena NFC oznaka<\/span><\/div>\n<\/td>\n<\/tr>\n<tr>\n<td colspan=\"1\" rowspan=\"1\">\n<div class=\"magic-11\"><span class=\"magic-7\">Klju\u010dna rije\u010d<\/span><\/div>\n<\/td>\n<td colspan=\"1\" rowspan=\"1\">\n<div class=\"magic-12\"><span class=\"magic-7\">Ntag424 DNA TT NFC naljepnica za za\u0161titu od neovla\u0161tenog otvaranja<\/span><\/div>\n<\/td>\n<\/tr>\n<tr>\n<td colspan=\"1\" rowspan=\"1\">\n<div class=\"magic-11\"><span class=\"magic-7\">Materijal<\/span><\/div>\n<\/td>\n<td colspan=\"1\" rowspan=\"1\">\n<div class=\"magic-12\"><span class=\"magic-7\">AL+PET+papir<\/span><\/div>\n<\/td>\n<\/tr>\n<tr>\n<td colspan=\"1\" rowspan=\"1\">\n<div class=\"magic-11\"><span class=\"magic-7\">Veli\u010dina<\/span><\/div>\n<\/td>\n<td colspan=\"1\" rowspan=\"1\">\n<div class=\"magic-12\"><span class=\"magic-7\">24*49*0,2 mm<\/span><\/div>\n<\/td>\n<\/tr>\n<tr>\n<td colspan=\"1\" rowspan=\"1\">\n<div class=\"magic-11\"><span class=\"magic-7\">\u010cip<\/span><\/div>\n<\/td>\n<td colspan=\"1\" rowspan=\"1\">\n<div class=\"magic-12\"><span class=\"magic-7\">NTag 424 DNA TT<\/span><\/div>\n<\/td>\n<\/tr>\n<tr>\n<td colspan=\"1\" rowspan=\"1\">\n<div class=\"magic-11\"><span class=\"magic-7\">Memorija<\/span><\/div>\n<\/td>\n<td colspan=\"1\" rowspan=\"1\">\n<div class=\"magic-12\" data-spm-anchor-id=\"a2700.details.0.i72.5472537dnd6ZwT\"><span class=\"magic-7\">416 bajtova<\/span><\/div>\n<\/td>\n<\/tr>\n<tr>\n<td colspan=\"1\" rowspan=\"1\">\n<div class=\"magic-11\"><span class=\"magic-7\">Frekvencija<\/span><\/div>\n<\/td>\n<td colspan=\"1\" rowspan=\"1\">\n<div class=\"magic-12\"><span class=\"magic-7\">13,56 MHz<\/span><\/div>\n<\/td>\n<\/tr>\n<tr>\n<td colspan=\"1\" rowspan=\"1\">\n<div class=\"magic-11\"><span class=\"magic-7\">Protokol<\/span><\/div>\n<\/td>\n<td colspan=\"1\" rowspan=\"1\">\n<div class=\"magic-12\"><span class=\"magic-7\">ISO 14443A<\/span><\/div>\n<\/td>\n<\/tr>\n<tr>\n<td colspan=\"1\" rowspan=\"1\">\n<div class=\"magic-11\"><span class=\"magic-7\">Aplikacija<\/span><\/div>\n<\/td>\n<td colspan=\"1\" rowspan=\"1\">\n<div class=\"magic-12\"><span class=\"magic-7\">Alkoholna sigurnost, vrhunska kozmetika, nakit, upravljanje imovinom, itd.<\/span><\/div>\n<\/td>\n<\/tr>\n<tr>\n<td colspan=\"1\" rowspan=\"1\">\n<div class=\"magic-11\"><span class=\"magic-7\">Feature<\/span><\/div>\n<\/td>\n<td colspan=\"1\" rowspan=\"1\">\n<div class=\"magic-12\"><span class=\"magic-7\">ANTI-FAKE<\/span><\/div>\n<\/td>\n<\/tr>\n<\/tbody>\n<\/table>\n<p>&nbsp;<\/p>\n<p>NTAG 424 DNK je sna\u017ena NFC oznaka visoke sigurnosti koju pru\u017eaju NXP poluvodi\u010di. Oznaka je idealna za za\u0161titu imovine i informacija jer sadr\u017ei napredne funkcionalnosti, kao \u0161to su AES kriptografija i SUN autentifikacija poruka, i \u0161titi skladi\u0161tenje osjetljivih podataka.<\/p>\n<div class=\"auto-hide-last-sibling-br paragraph_9dc5f paragraph-element\">NTAG 424 DNA TT (NT4H2421Tx) predstavlja nevjerovatan napredak u polju NFC i IoT aplikacija. Njegov stav prema pove\u0107anoj sigurnosti, a za\u0161tita integriteta proizvoda dokaz je njegovog vrhunskog dizajna.<\/div>\n<p>&nbsp;<\/p>\n<div class=\"auto-hide-last-sibling-br paragraph_9dc5f paragraph-element\"><strong>Karakteristike NTAG 424 DNA TT (NT4H2421Tx):<\/strong><\/div>\n<div><\/div>\n<ol class=\"auto-hide-last-sibling-br\">\n<li>\n<div class=\"auto-hide-last-sibling-br paragraph_9dc5f paragraph-element\"><strong>Visoka sigurnost:<\/strong>\u00a0Uz postavljene najsavremenije sigurnosne mjere, ovaj \u010dip nudi naprednu za\u0161titu od neovla\u0161tenog pristupa i neovla\u0161tenog pristupa.<\/div>\n<\/li>\n<li>\n<div class=\"auto-hide-last-sibling-br paragraph_9dc5f paragraph-element\"><strong>Detekcija statusa:<\/strong>\u00a0\u010cip koristi o\u0161tre algoritme za detekciju statusa da brzo identifikuje sve anomalije. Ova funkcija je posebno korisna u otkrivanju poku\u0161aja neovla\u0161tenog pristupa proizvodima.<\/div>\n<\/li>\n<li>\n<div class=\"auto-hide-last-sibling-br paragraph_9dc5f paragraph-element\"><strong>Za\u0161tita privatnosti:<\/strong>\u00a0U eri u kojoj se privatnost visoko cijeni, NTAG 424 DNA TT (NT4H2421Tx) tako\u0111er pru\u017ea pouzdane mehanizme za\u0161tite privatnosti od potencijalnih povreda podataka.<\/div>\n<\/li>\n<li>\n<div class=\"auto-hide-last-sibling-br paragraph_9dc5f paragraph-element\"><strong>Dizajn otporan na neovla\u0161teno kori\u0161tenje:<\/strong>\u00a0Proizvod je briljantno dizajniran sa karakteristikama otpornim na neovla\u0161tene radnje kao \u0161to su kori\u0161tenje lomljivih materijala u izradi antene, isjeckanog papira i mjera protiv lju\u0161tenja kako bi se osiguralo da oznaka nije prenosiva.<\/div>\n<\/li>\n<li>\n<div class=\"auto-hide-last-sibling-br paragraph_9dc5f paragraph-element\"><strong>Efikasna detekcija:<\/strong>\u00a0Kompletne i beskompromisne naljepnice mogu se brzo prepoznati pomo\u0107u \u010dita\u010da kartica ili mobilnog telefona koji podr\u017eava NFC. Ako se mijenja, naljepnica mijenja svoj status detekcije ili postaje ne\u010ditljiva, \u0161to ukazuje na problem s integritetom proizvoda.<\/div>\n<\/li>\n<\/ol>\n<div class=\"auto-hide-last-sibling-br paragraph_9dc5f paragraph-element\"><strong>\u010cesto postavljana pitanja o NTAG 424 DNA TT (NT4H2421Tx):<\/strong><\/div>\n<div><\/div>\n<div class=\"auto-hide-last-sibling-br paragraph_9dc5f paragraph-element\">P:\u00a0<strong>Koje \u0107e aplikacije imati najvi\u0161e koristi od NTAG 424 DNA TT (NT4H2421Tx)?<\/strong><br class=\"container_21264 wrapper_661ac undefined\" \/>O: NTAG 424 DNA TT (NT4H2421Tx) se uglavnom koristi u industrijama koje zahtijevaju visoku razinu sigurnosti, kao \u0161to su luksuzna roba, farmaceutski proizvodi, va\u017eni dokumenti i drugi predmeti koji zahtijevaju stroge mjere protiv krivotvorina.<\/div>\n<div><\/div>\n<div class=\"auto-hide-last-sibling-br paragraph_9dc5f paragraph-element\">P:\u00a0<strong>Koliko je pouzdana funkcija otkrivanja neovla\u0161tenog pristupa?<\/strong><br class=\"container_21264 wrapper_661ac undefined\" \/>O: Oznaka koristi pa\u017eljivo dizajnirane krhke materijale koji je \u010dine vrlo osjetljivom na bilo kakve poku\u0161aje neovla\u0161tenog pristupa. Kada se mijenja, mijenja svoj status detekcije ili postaje ne\u010ditljiv, efektivno ozna\u010davaju\u0107i sve poku\u0161aje neovla\u0161tenog mijenjanja.<\/div>\n<div class=\"auto-hide-last-sibling-br paragraph_9dc5f paragraph-element\">Ove napredne karakteristike NTAG 424 DNA TT (NT4H2421Tx) slu\u017ee za ja\u010danje sigurnosti, za\u0161tite i autenti\u010dnosti bilo kojeg proizvoda sa kojim je povezan.<\/div>","protected":false},"excerpt":{"rendered":"<p>NTAG 424 DNA TT postavlja novi standard u sigurnim NFC i IoT aplikacijama, uvode\u0107i novu generaciju NTAG DNK \u010dipova sa najsavremenijim karakteristikama za sigurnost, detekciju statusa i za\u0161titu privatnosti.<\/p>","protected":false},"featured_media":314,"template":"","meta":{"_kad_post_transparent":"default","_kad_post_title":"","_kad_post_layout":"default","_kad_post_sidebar_id":"","_kad_post_content_style":"default","_kad_post_vertical_padding":"default","_kad_post_feature":"","_kad_post_feature_position":"","_kad_post_header":false,"_kad_post_footer":false,"_kad_post_classname":""},"product_brand":[],"product_cat":[54],"product_tag":[130,131],"class_list":{"0":"post-313","1":"product","2":"type-product","3":"status-publish","4":"has-post-thumbnail","6":"product_cat-hot-selling-rfid-tags","7":"product_tag-tamper-proof-ntag424-dna-tt-nfc-sticker","8":"product_tag-tamper-proof-ntag424-tt-nfc-sticker","10":"first","11":"instock","12":"shipping-taxable","13":"product-type-simple","14":"entry","15":"content-bg","16":"loop-entry"},"_links":{"self":[{"href":"https:\/\/rfid-laundry-tag.com\/bs\/wp-json\/wp\/v2\/product\/313","targetHints":{"allow":["GET"]}}],"collection":[{"href":"https:\/\/rfid-laundry-tag.com\/bs\/wp-json\/wp\/v2\/product"}],"about":[{"href":"https:\/\/rfid-laundry-tag.com\/bs\/wp-json\/wp\/v2\/types\/product"}],"version-history":[{"count":3,"href":"https:\/\/rfid-laundry-tag.com\/bs\/wp-json\/wp\/v2\/product\/313\/revisions"}],"predecessor-version":[{"id":1569,"href":"https:\/\/rfid-laundry-tag.com\/bs\/wp-json\/wp\/v2\/product\/313\/revisions\/1569"}],"wp:featuredmedia":[{"embeddable":true,"href":"https:\/\/rfid-laundry-tag.com\/bs\/wp-json\/wp\/v2\/media\/314"}],"wp:attachment":[{"href":"https:\/\/rfid-laundry-tag.com\/bs\/wp-json\/wp\/v2\/media?parent=313"}],"wp:term":[{"taxonomy":"product_brand","embeddable":true,"href":"https:\/\/rfid-laundry-tag.com\/bs\/wp-json\/wp\/v2\/product_brand?post=313"},{"taxonomy":"product_cat","embeddable":true,"href":"https:\/\/rfid-laundry-tag.com\/bs\/wp-json\/wp\/v2\/product_cat?post=313"},{"taxonomy":"product_tag","embeddable":true,"href":"https:\/\/rfid-laundry-tag.com\/bs\/wp-json\/wp\/v2\/product_tag?post=313"}],"curies":[{"name":"radni list","href":"https:\/\/api.w.org\/{rel}","templated":true}]}}