{"id":312,"date":"2024-06-26T17:16:17","date_gmt":"2024-06-26T17:16:17","guid":{"rendered":"https:\/\/rfid-laundry-tag.com\/?post_type=product&#038;p=312"},"modified":"2024-06-26T17:19:23","modified_gmt":"2024-06-26T17:19:23","slug":"ntag213-nfc-inlay-dia25mm","status":"publish","type":"product","link":"https:\/\/rfid-laundry-tag.com\/bs\/ntag213-nfc-inlay-dia25mm\/","title":{"rendered":"Ntag213 NFC Inlay Dia25mm"},"content":{"rendered":"<div class=\"text-title\"><strong><span class=\"magic-26\" style=\"font-family: Arial;\" data-spm-anchor-id=\"a2700.details.0.i47.6f4d7d7dnursE7\">NFC Dry inlay<\/span><\/strong><\/div>\n<div class=\"text-content\">\n<p><span class=\"magic-6\" style=\"font-family: Arial;\">Jednostavno govore\u0107i, RFID suhi inlay je kombinacija RFID \u010dipa i antene. Mo\u017ee se koristiti za izradu NFC naljepnica, RFID etiketa, RFID ulaznica i raznih RFID oznaka. <\/span><\/p>\n<div data-spm-anchor-id=\"a2700.details.0.i46.6f4d7d7dnursE7\">\n<p><span class=\"magic-6\" style=\"font-family: Arial;\"> Antena suvog umetka je aluminijska gravura, koja je tanja u odnosu na bakar. Oblik antene se mo\u017ee prilagoditi i redizajnirati na zahtjev.<\/span><\/p>\n<div><\/div>\n<\/div>\n<\/div>\n<div>\n<div class=\"text-title\"><strong><span class=\"magic-26\" style=\"font-family: Arial;\">NFC Wet inlay<\/span><\/strong><\/div>\n<div class=\"text-content\">\n<p><span class=\"magic-6\" style=\"font-family: Arial;\" data-spm-anchor-id=\"a2700.details.0.i49.6f4d7d7dnursE7\">RFID suhi ulo\u017eak koji se dodaje ljepilom naziva se mokri inlay. Mo\u017ee se koristiti kao RFID naljepnica ili NFC naljepnica direktno ako vam nije potreban nikakav ispis na povr\u0161ini. Zalijepljenost na objekte mo\u017ee u\u0161tedjeti tro\u0161kove i posti\u0107i istu svrhu. Tako\u0111er se \u0161iroko primjenjuje u izradi RFID oznaka. Antena mokrog ulo\u0161ka je aluminijska gravura, koja je tanja u odnosu na bakar. Oblik antene se mo\u017ee prilagoditi i redizajnirati na zahtjev.<\/span><\/p>\n<div>\n<h2>Ntag213 NFC Inlay Dia25mm<\/h2>\n<p>Ova specifikacija opisuje Ntag213 NFC inlay pre\u010dnika 25 mm. To je suhi inlej, \u0161to zna\u010di da nema ljepljivu podlogu i zahtijeva dodatne korake za pri\u010dvr\u0161\u0107ivanje na predmet.<\/p>\n<p><strong>Klju\u010dne karakteristike:<\/strong><\/p>\n<ul>\n<li><strong>\u010dip:<\/strong>\u00a0Ntag213<\/li>\n<li><strong>pre\u010dnik:<\/strong>\u00a025mm<\/li>\n<li><strong>Vrsta:<\/strong>\u00a0Dry Inlay<\/li>\n<li><strong>protokol:<\/strong>\u00a0ISO\/IEC 14443 Tip A<\/li>\n<li><strong>U\u010destalost:<\/strong>\u00a013,56 MHz<\/li>\n<li><strong>Memorija:<\/strong>\u00a0144 bajtova<\/li>\n<\/ul>\n<p><strong>Prednosti:<\/strong><\/p>\n<ul>\n<li><strong>Isplativo:<\/strong>\u00a0Ntag213 je \u0161iroko kori\u0161\u0107en i pristupa\u010dan NFC \u010dip.<\/li>\n<li><strong>Svestran:<\/strong>\u00a0Pogodan za \u0161irok spektar aplikacija zbog svoje veli\u010dine memorije i funkcionalnosti.<\/li>\n<li><strong>Izdr\u017eljiv:<\/strong>\u00a0Suvi ulo\u0161ci nude bolju izdr\u017eljivost u odnosu na mokre.<\/li>\n<li><strong>Prilagodljivo:<\/strong>\u00a0Antena se mo\u017ee prilagoditi specifi\u010dnim aplikacijama.<\/li>\n<\/ul>\n<p><strong>Prijave:<\/strong><\/p>\n<ul>\n<li><strong>Kontrola pristupa:<\/strong>\u00a0Klju\u010dne kartice, RFID bed\u017eevi i drugi sistemi bezbednog pristupa.<\/li>\n<li><strong>Pra\u0107enje imovine:<\/strong>\u00a0Pra\u0107enje inventara, opreme i druge vrijedne imovine.<\/li>\n<li><strong>Marketing i ogla\u0161avanje:<\/strong>\u00a0Interaktivni posteri, promotivni materijali i programi lojalnosti.<\/li>\n<li><strong>Sistemi pla\u0107anja:<\/strong>\u00a0Beskontaktne platne kartice i mobilni nov\u010danici.<\/li>\n<li><strong>Pohrana podataka:<\/strong>\u00a0Pohranjivanje male koli\u010dine podataka, kao \u0161to su informacije o proizvodu ili serijski brojevi.<\/li>\n<\/ul>\n<\/div>\n<div data-spm-anchor-id=\"a2700.details.0.i48.6f4d7d7dnursE7\"><\/div>\n<\/div>\n<\/div>","protected":false},"excerpt":{"rendered":"<p><strong>RFID NFC umetci<\/strong> dolaze u dvije vrste, mokri i suvi. Mokri RFID NFC inlay dolazi sa ljepljivom podlogom, dok suvi ne. Oni pru\u017eaju opciju ozna\u010davanja koja radi na 13,56 MHz posebno dizajnirana za proizvo\u0111a\u010de originalne opreme (OEM). I ISO 15693 i 14443 NFC memorijski \u010dipovi su dostupni za ove umetke.<\/p>","protected":false},"featured_media":287,"template":"","meta":{"_kad_post_transparent":"default","_kad_post_title":"","_kad_post_layout":"default","_kad_post_sidebar_id":"","_kad_post_content_style":"default","_kad_post_vertical_padding":"default","_kad_post_feature":"","_kad_post_feature_position":"","_kad_post_header":false,"_kad_post_footer":false,"_kad_post_classname":""},"product_brand":[],"product_cat":[54],"product_tag":[111,129],"class_list":{"0":"post-312","1":"product","2":"type-product","3":"status-publish","4":"has-post-thumbnail","6":"product_cat-hot-selling-rfid-tags","7":"product_tag-nfc-inlay","8":"product_tag-ntag213-nfc-inlay-dia25mm","10":"first","11":"instock","12":"shipping-taxable","13":"product-type-simple","14":"entry","15":"content-bg","16":"loop-entry"},"_links":{"self":[{"href":"https:\/\/rfid-laundry-tag.com\/bs\/wp-json\/wp\/v2\/product\/312","targetHints":{"allow":["GET"]}}],"collection":[{"href":"https:\/\/rfid-laundry-tag.com\/bs\/wp-json\/wp\/v2\/product"}],"about":[{"href":"https:\/\/rfid-laundry-tag.com\/bs\/wp-json\/wp\/v2\/types\/product"}],"version-history":[{"count":0,"href":"https:\/\/rfid-laundry-tag.com\/bs\/wp-json\/wp\/v2\/product\/312\/revisions"}],"wp:featuredmedia":[{"embeddable":true,"href":"https:\/\/rfid-laundry-tag.com\/bs\/wp-json\/wp\/v2\/media\/287"}],"wp:attachment":[{"href":"https:\/\/rfid-laundry-tag.com\/bs\/wp-json\/wp\/v2\/media?parent=312"}],"wp:term":[{"taxonomy":"product_brand","embeddable":true,"href":"https:\/\/rfid-laundry-tag.com\/bs\/wp-json\/wp\/v2\/product_brand?post=312"},{"taxonomy":"product_cat","embeddable":true,"href":"https:\/\/rfid-laundry-tag.com\/bs\/wp-json\/wp\/v2\/product_cat?post=312"},{"taxonomy":"product_tag","embeddable":true,"href":"https:\/\/rfid-laundry-tag.com\/bs\/wp-json\/wp\/v2\/product_tag?post=312"}],"curies":[{"name":"radni list","href":"https:\/\/api.w.org\/{rel}","templated":true}]}}