{"id":310,"date":"2024-06-26T17:12:34","date_gmt":"2024-06-26T17:12:34","guid":{"rendered":"https:\/\/rfid-laundry-tag.com\/?post_type=product&#038;p=310"},"modified":"2024-06-26T17:15:58","modified_gmt":"2024-06-26T17:15:58","slug":"anti-metal-uhf-rfid-tag","status":"publish","type":"product","link":"https:\/\/rfid-laundry-tag.com\/bs\/anti-metal-uhf-rfid-tag\/","title":{"rendered":"Antimetalna UHF RFID oznaka"},"content":{"rendered":"<h2>Antimetalna UHF RFID oznaka<\/h2>\n<h2>Dostupna prilago\u0111avanja:<\/h2>\n<p><strong>\u0160tampanje:<\/strong><\/p>\n<ul>\n<li><strong>Opcije boja:<\/strong>\n<ul>\n<li>Jednobojna \u0161tampa<\/li>\n<li>4-bojna ofset \u0161tampa<\/li>\n<\/ul>\n<\/li>\n<li><strong>Unos:<\/strong>\n<ul>\n<li>Grafi\u010dki izgled koji daje kupac u vektorskom formatu<\/li>\n<\/ul>\n<\/li>\n<li><strong>sadr\u017eaj:<\/strong>\n<ul>\n<li>\u0160tampanje EPC koda<\/li>\n<li>Progresivno \u0161tampanje serijskog koda:\n<ul>\n<li>Iz baze podataka<\/li>\n<li>Iz .xls datoteke<\/li>\n<\/ul>\n<\/li>\n<li>\u0160tampanje bar kodova<\/li>\n<li>\u0160tampanje QR kodova<\/li>\n<\/ul>\n<\/li>\n<li><strong>Dodatne mogu\u0107nosti prilago\u0111avanja dostupne su na zahtjev.<\/strong><\/li>\n<\/ul>\n<p><strong>Kodiranje memorije \u010dipa:<\/strong><\/p>\n<ul>\n<li><strong>Kodiranje RFID UHF transpondera:<\/strong>\n<ul>\n<li>Kodiranje EPC koda<\/li>\n<li>UHF tag memorija zapisivanje:\n<ul>\n<li>Iz baze podataka koju daje klijent<\/li>\n<\/ul>\n<\/li>\n<\/ul>\n<\/li>\n<li><strong>Zaklju\u010davanje memorije:<\/strong>\n<ul>\n<li>Privremeno ili trajno zaklju\u010davanje putem lozinke<\/li>\n<\/ul>\n<\/li>\n<li><strong>Povezivanje podataka:<\/strong>\n<ul>\n<li>Povezivanje EPC koda i TID koda u bazi podataka<\/li>\n<li>TID kod i progresivna\/barkod asocijacija<\/li>\n<\/ul>\n<\/li>\n<\/ul>\n<table class=\"has-title all magic-4\">\n<tbody>\n<tr>\n<td colspan=\"1\" rowspan=\"1\">\n<div class=\"magic-5\" data-spm-anchor-id=\"a2700.details.0.i72.6b4c1284vyugjJ\">Materijal<\/div>\n<\/td>\n<td colspan=\"1\" rowspan=\"1\">\n<div class=\"magic-6\">ABS<\/div>\n<\/td>\n<\/tr>\n<tr>\n<td colspan=\"1\" rowspan=\"1\">\n<div class=\"magic-5\">Veli\u010dina<\/div>\n<\/td>\n<td colspan=\"1\" rowspan=\"1\">\n<div class=\"magic-6\">78x31x10mm ili prilago\u0111eno<\/div>\n<\/td>\n<\/tr>\n<tr>\n<td colspan=\"1\" rowspan=\"1\">\n<div class=\"magic-5\">Frekvencija<\/div>\n<\/td>\n<td colspan=\"1\" rowspan=\"1\">\n<div class=\"magic-6\">860-960 MHz<\/div>\n<\/td>\n<\/tr>\n<tr>\n<td colspan=\"1\" rowspan=\"1\">\n<div class=\"magic-5\">Tip IC (\u010dip)<\/div>\n<\/td>\n<td colspan=\"1\" rowspan=\"1\">\n<div class=\"magic-6\">Impinj Monza R6P<\/div>\n<\/td>\n<\/tr>\n<tr>\n<td colspan=\"1\" rowspan=\"1\">\n<div class=\"magic-5\">Protokol<\/div>\n<\/td>\n<td colspan=\"1\" rowspan=\"1\">\n<div class=\"magic-6\">EPC Global Class 1 Gen2 &amp; ISO18000-6C<\/div>\n<\/td>\n<\/tr>\n<tr>\n<td colspan=\"1\" rowspan=\"1\">\n<div class=\"magic-7\">Memorija<\/div>\n<\/td>\n<td colspan=\"1\" rowspan=\"1\">\n<div class=\"magic-6\">EPC 128 bita, korisnik 32 bita<\/div>\n<\/td>\n<\/tr>\n<tr>\n<td colspan=\"1\" rowspan=\"1\">\n<div class=\"magic-5\">Faktor oblika oznake<\/div>\n<\/td>\n<td colspan=\"1\" rowspan=\"1\">\n<div class=\"magic-6\">Hard tag<\/div>\n<\/td>\n<\/tr>\n<tr>\n<td colspan=\"1\" rowspan=\"1\">\n<div class=\"magic-5\">Attachment Method<\/div>\n<\/td>\n<td colspan=\"1\" rowspan=\"1\">\n<div class=\"magic-6\" data-spm-anchor-id=\"a2700.details.0.i73.6b4c1284vyugjJ\">Fiksiranje vijcima, ljepilo za film<\/div>\n<\/td>\n<\/tr>\n<tr>\n<td colspan=\"1\" rowspan=\"1\">\n<div class=\"magic-5\">Radna temperatura<\/div>\n<\/td>\n<td colspan=\"1\" rowspan=\"1\">\n<div class=\"magic-6\">-35 \u00b0C \/ +90 \u00b0C<\/div>\n<\/td>\n<\/tr>\n<tr>\n<td colspan=\"1\" rowspan=\"1\">\n<div class=\"magic-5\">Pro\u010ditajte udaljenost<\/div>\n<\/td>\n<td colspan=\"1\" rowspan=\"1\">\n<div class=\"magic-6\" data-spm-anchor-id=\"a2700.details.0.i67.6b4c1284vyugjJ\">Do 10m<\/div>\n<\/td>\n<\/tr>\n<tr>\n<td colspan=\"1\" rowspan=\"1\">\n<div class=\"magic-8\">Primjenjivi povr\u0161inski materijali<\/div>\n<\/td>\n<td colspan=\"1\" rowspan=\"1\">\n<div class=\"magic-6\">Metalne i nemetalne podloge<\/div>\n<\/td>\n<\/tr>\n<tr>\n<td colspan=\"1\" rowspan=\"1\">\n<div class=\"magic-7\">IP Rating<\/div>\n<\/td>\n<td colspan=\"1\" rowspan=\"1\">\n<div class=\"magic-6\">IP68<\/div>\n<\/td>\n<\/tr>\n<tr>\n<td colspan=\"1\" rowspan=\"1\">\n<div class=\"magic-7\">Aplikacija<\/div>\n<\/td>\n<td colspan=\"1\" rowspan=\"1\">\n<div class=\"magic-6\">Za imovinu, te\u0161ku industriju i upotrebu na otvorenom<\/div>\n<\/td>\n<\/tr>\n<\/tbody>\n<\/table>\n<p>&nbsp;<\/p>\n<p><strong>zaklju\u010dak:<\/strong><\/p>\n<p>ABS RFID Tag je svestrano i prilagodljivo rje\u0161enje za razli\u010dite aplikacije, nude\u0107i kombinaciju robusnih performansi i fleksibilnih opcija za zadovoljavanje specifi\u010dnih potreba.<\/p>","protected":false},"excerpt":{"rendered":"<p>Antimetalna UHF RFID oznaka je mo\u0107na pasivna UHF RFID oznaka dugog dometa dizajnirana da se istakne u zahtjevnim okru\u017eenjima. Mo\u017ee se pouzdano o\u010ditati na, izvan, pa \u010dak i blizu metalnih povr\u0161ina, pru\u017eaju\u0107i izuzetnu fleksibilnost za pra\u0107enje imovine. Njegova kompaktna veli\u010dina i robusna vodootporna konstrukcija osiguravaju dugotrajne performanse u vanjskim i industrijskim primjenama.<\/p>","protected":false},"featured_media":311,"template":"","meta":{"_kad_post_transparent":"default","_kad_post_title":"","_kad_post_layout":"default","_kad_post_sidebar_id":"","_kad_post_content_style":"default","_kad_post_vertical_padding":"default","_kad_post_feature":"","_kad_post_feature_position":"","_kad_post_header":false,"_kad_post_footer":false,"_kad_post_classname":""},"product_brand":[],"product_cat":[54],"product_tag":[128,119],"class_list":{"0":"post-310","1":"product","2":"type-product","3":"status-publish","4":"has-post-thumbnail","6":"product_cat-hot-selling-rfid-tags","7":"product_tag-anti-metal-uhf-rfid-tag","8":"product_tag-on-metal-abs-uhf-rfid-tag","10":"first","11":"instock","12":"shipping-taxable","13":"product-type-simple","14":"entry","15":"content-bg","16":"loop-entry"},"_links":{"self":[{"href":"https:\/\/rfid-laundry-tag.com\/bs\/wp-json\/wp\/v2\/product\/310","targetHints":{"allow":["GET"]}}],"collection":[{"href":"https:\/\/rfid-laundry-tag.com\/bs\/wp-json\/wp\/v2\/product"}],"about":[{"href":"https:\/\/rfid-laundry-tag.com\/bs\/wp-json\/wp\/v2\/types\/product"}],"version-history":[{"count":0,"href":"https:\/\/rfid-laundry-tag.com\/bs\/wp-json\/wp\/v2\/product\/310\/revisions"}],"wp:featuredmedia":[{"embeddable":true,"href":"https:\/\/rfid-laundry-tag.com\/bs\/wp-json\/wp\/v2\/media\/311"}],"wp:attachment":[{"href":"https:\/\/rfid-laundry-tag.com\/bs\/wp-json\/wp\/v2\/media?parent=310"}],"wp:term":[{"taxonomy":"product_brand","embeddable":true,"href":"https:\/\/rfid-laundry-tag.com\/bs\/wp-json\/wp\/v2\/product_brand?post=310"},{"taxonomy":"product_cat","embeddable":true,"href":"https:\/\/rfid-laundry-tag.com\/bs\/wp-json\/wp\/v2\/product_cat?post=310"},{"taxonomy":"product_tag","embeddable":true,"href":"https:\/\/rfid-laundry-tag.com\/bs\/wp-json\/wp\/v2\/product_tag?post=310"}],"curies":[{"name":"radni list","href":"https:\/\/api.w.org\/{rel}","templated":true}]}}