{"id":3084,"date":"2025-12-18T10:22:25","date_gmt":"2025-12-18T10:22:25","guid":{"rendered":"https:\/\/rfid-laundry-tag.com\/?post_type=product&#038;p=3084"},"modified":"2025-12-18T10:22:26","modified_gmt":"2025-12-18T10:22:26","slug":"washable-rfid-tags-for-laundry-uniform","status":"publish","type":"product","link":"https:\/\/rfid-laundry-tag.com\/bs\/washable-rfid-tags-for-laundry-uniform\/","title":{"rendered":"Perive RFID oznake za uniforme za pranje rublja"},"content":{"rendered":"<h2>Perive RFID oznake za uniforme za pranje rublja<\/h2>\n<div class=\"auto-hide-last-sibling-br paragraph_1252f paragraph-element\">\n<div class=\"auto-hide-last-sibling-br paragraph_1252f paragraph-element\">Odje\u0107a <a href=\"https:\/\/rfid-laundry-tag.com\/bs\/uhf-rfid-laundry-tags\/\">Periva RFID etiketa<\/a> je svestrana alternativa tradicionalnim RFID etiketama za ve\u0161, posebno dizajnirana da izdr\u017ei preko 50 ciklusa pranja u doma\u0107instvu uz minimalno smanjenje (10% na 15%) RFID performansi. Kao idealno isplativo rje\u0161enje, ova vodootporna RFID etiketa je savr\u0161ena za iznajmljivanje i maloprodaju odje\u0107e, obu\u0107e i posteljine.<\/div>\n<div><\/div>\n<div class=\"auto-hide-last-sibling-br paragraph_1252f paragraph-element\">Uz jedinstvenu strukturu i za\u0161titni mehanizam za RFID \u010dip, ova oznaka mo\u017ee izdr\u017eati vi\u0161e od 50 ciklusa pranja u doma\u0107instvu. Mo\u017ee se neupadljivo ugurati u \u0161av ili staviti na etiketu za njegu, \u010dine\u0107i ga prakti\u010dki neprimje\u0107enim.<\/div>\n<p>&nbsp;<\/p>\n<div class=\"auto-hide-last-sibling-br paragraph_1252f paragraph-element\">Ono \u0161to razlikuje ovu UHF RFID oznaku od ostalih perivih platnenih oznaka je njen tanak prozirni dizajn od 0,55 mm, \u0161to je \u010dini najtanjom na tr\u017ei\u0161tu. Sve u svemu, ovo predstavlja inovativno UHF RFID rje\u0161enje za odje\u0107u koje nudi isplativost, izdr\u017eljivost i diskreciju.<\/div>\n<div><\/div>\n<div data-spm-anchor-id=\"a2700.details.0.i57.23b419c7xXORP0\"><span data-spm-anchor-id=\"a2700.details.0.i75.23b419c7xXORP0\"><b>Zna\u010dajka:<\/b><br \/>\n1) UHF tehnologija za \u010ditanje stotina oznaka istovremeno.<br \/>\n2) Vi\u0161e od 8 stopa za \u010ditanje udaljenosti.<br \/>\n3) Novi mehani\u010dki dizajn za pobolj\u0161ane performanse za ravnu posteljinu.<br \/>\n4) Pogodno za ekstraktore visokog pritiska do 60 bara.<br \/>\n5) Pogodno za sterilizaciju u autoklavu.<br \/>\n6) Mali, mekani, fleksibilni materijali idealni za tekstil, posteljinu, odje\u0107u i dodatke.<\/span><\/div>\n<div data-spm-anchor-id=\"a2700.details.0.i57.23b419c7xXORP0\">7) Tip ljepila za peglu, u\u0161iveni tip, sa rupom itd.<\/div>\n<\/div>\n<div data-spm-anchor-id=\"a2700.details.0.i57.23b419c7xXORP0\">\n<figure id=\"attachment_3030\" aria-describedby=\"caption-attachment-3030\" style=\"width: 790px\" class=\"wp-caption alignnone\"><a href=\"https:\/\/rfid-laundry-tag.com\/bs\/uhf-rfid-laundry-tags\/\"><img fetchpriority=\"high\" decoding=\"async\" class=\"size-full wp-image-3030\" src=\"https:\/\/rfid-laundry-tag.com\/wp-content\/uploads\/2025\/12\/RFID-Laundry-Tag-Installation-Guide.png\" alt=\"RFID Laundry Tag Installation Guide\" width=\"790\" height=\"777\" srcset=\"https:\/\/rfid-laundry-tag.com\/wp-content\/uploads\/2025\/12\/RFID-Laundry-Tag-Installation-Guide.png 790w, https:\/\/rfid-laundry-tag.com\/wp-content\/uploads\/2025\/12\/RFID-Laundry-Tag-Installation-Guide-300x295.png 300w, https:\/\/rfid-laundry-tag.com\/wp-content\/uploads\/2025\/12\/RFID-Laundry-Tag-Installation-Guide-768x755.png 768w, https:\/\/rfid-laundry-tag.com\/wp-content\/uploads\/2025\/12\/RFID-Laundry-Tag-Installation-Guide-12x12.png 12w, https:\/\/rfid-laundry-tag.com\/wp-content\/uploads\/2025\/12\/RFID-Laundry-Tag-Installation-Guide-600x590.png 600w\" sizes=\"(max-width: 790px) 100vw, 790px\" \/><\/a><figcaption id=\"caption-attachment-3030\" class=\"wp-caption-text\">Vodi\u010d za instalaciju RFID etikete za pranje rublja<\/figcaption><\/figure>\n<\/div>\n<div data-spm-anchor-id=\"a2700.details.0.i57.23b419c7xXORP0\">\n<div class=\"text-content\" data-spm-anchor-id=\"a2700.details.0.i54.23b419c7xXORP0\">\n<h2>fizi\u010dki:<\/h2>\n<div>Materijal: 100% poliester<br \/>\nVeli\u010dina: 70 mm\u00d715 mm x1,5 mm<br \/>\n\u010cip: UHF<br \/>\nNa\u010din postavljanja etikete: \u0161ivanje, peglanje<br \/>\nProtokol: ISO18ooo-6C EPC C1G2<br \/>\nPeglanje: 15 sekundi, na 210 \u2103<br \/>\nIzlo\u017eenost: 2,5 bara<br \/>\nSu\u0161enje: 15 minuta na 180\u00b0C<br \/>\nPranje: 15 minuta na 90\u2103<br \/>\nCiklusi pranja: 200+ ciklusa ili 3 godine<br \/>\nUslovi skladi\u0161tenja: -20-80\u2103, 5-95% relativna vla\u017enost<\/div>\n<\/div>\n<\/div>\n<div>\n<figure id=\"attachment_2943\" aria-describedby=\"caption-attachment-2943\" style=\"width: 800px\" class=\"wp-caption alignnone\"><a href=\"https:\/\/rfid-laundry-tag.com\/bs\/uhf-rfid-laundry-tags\/\"><img decoding=\"async\" class=\"size-full wp-image-2943\" src=\"https:\/\/rfid-laundry-tag.com\/wp-content\/uploads\/2025\/10\/1-1.jpg\" alt=\"Textile UHF RFID Tags Labels\" width=\"800\" height=\"800\" srcset=\"https:\/\/rfid-laundry-tag.com\/wp-content\/uploads\/2025\/10\/1-1.jpg 800w, https:\/\/rfid-laundry-tag.com\/wp-content\/uploads\/2025\/10\/1-1-300x300.jpg 300w, https:\/\/rfid-laundry-tag.com\/wp-content\/uploads\/2025\/10\/1-1-150x150.jpg 150w, https:\/\/rfid-laundry-tag.com\/wp-content\/uploads\/2025\/10\/1-1-768x768.jpg 768w, https:\/\/rfid-laundry-tag.com\/wp-content\/uploads\/2025\/10\/1-1-12x12.jpg 12w, https:\/\/rfid-laundry-tag.com\/wp-content\/uploads\/2025\/10\/1-1-600x600.jpg 600w, https:\/\/rfid-laundry-tag.com\/wp-content\/uploads\/2025\/10\/1-1-100x100.jpg 100w\" sizes=\"(max-width: 800px) 100vw, 800px\" \/><\/a><figcaption id=\"caption-attachment-2943\" class=\"wp-caption-text\">Tekstilne UHF RFID etikete<\/figcaption><\/figure>\n<\/div>\n<div>\n<h2>Prednosti perivih RFID etiketa za uniforme za pranje rublja<\/h2>\n<p>Odabir perivih RFID etiketa za rublje zna\u010di ulaganje u rje\u0161enje koje pojednostavljuje upravljanje pranjem rublja. Ove specijalizirane etikete dizajnirane su da izdr\u017ee industrijske procese pranja rublja bez ugro\u017eavanja performansi. Njihove klju\u010dne prednosti uklju\u010duju:<\/p>\n<ol>\n<li><strong>Enhanced Tracking<\/strong>RFID tehnologija omogu\u0107ava pra\u0107enje svakog komada ve\u0161a u realnom vremenu, osiguravaju\u0107i precizno upravljanje zalihama i smanjuju\u0107i gubitke.<\/li>\n<li><strong>Trajnost<\/strong>Dizajnirane da izdr\u017ee visoke temperature i te\u0161ke uslove pranja, ove izdr\u017eljive RFID oznake garantuju dugotrajnost, \u0161to ih \u010dini isplativim izborom.<\/li>\n<li><strong>Pobolj\u0161ana efikasnost<\/strong>Automatizacija radnih procesa u praonicama smanjuje ru\u010dne gre\u0161ke i ubrzava procese prijave i odjave, pove\u0107avaju\u0107i ukupnu efikasnost u praonicama.<\/li>\n<\/ol>\n<p>Sa sveobuhvatnim razumijevanjem prednosti i mogu\u0107nosti perivih RFID etiketa, mo\u017eete donijeti informiranu odluku za va\u0161e potrebe upravljanja pranjem rublja.<\/p>\n<h3>\u0160ta su perive RFID oznake?<\/h3>\n<p>Perive RFID oznake su specijalizirana vrsta\u00a0<strong>RFID oznaka<\/strong>\u00a0dizajnirane posebno za pranje rublja. Ove oznake koriste\u00a0<strong>visokoperformansna RFID tehnologija<\/strong>\u00a0kako bi se omogu\u0107ilo precizno pra\u0107enje i upravljanje tekstilnim predmetima tokom njihovog \u017eivotnog ciklusa. Izra\u0111ene od izdr\u017eljivih materijala, perive RFID oznake mogu izdr\u017eati zahtjeve industrijskog pranja rublja, uklju\u010duju\u0107i izlo\u017eenost visokim temperaturama i ponovljenim ciklusima pranja.<\/p>\n<h3>Prednosti kori\u0161tenja RFID oznaka u upravljanju praonicama<\/h3>\n<p>Integracija\u00a0<strong>RFID tehnologija<\/strong>\u00a0u procese pranja rublja nudi zna\u010dajne prednosti. Ove oznake ne samo da pobolj\u0161avaju ta\u010dnost pra\u0107enja predmeta od ve\u0161a, ve\u0107 i omogu\u0107avaju objektima da automatizuju kontrolu inventara, smanjuju\u0107i tro\u0161kove rada i minimiziraju\u0107i ljudske gre\u0161ke. \u0160tavi\u0161e,\u00a0<strong>RFID za pranje rublja<\/strong>\u00a0Sistemi omogu\u0107avaju besprijekornu integraciju sa postoje\u0107im softverom za upravljanje, pru\u017eaju\u0107i analitiku koja poma\u017ee u pobolj\u0161anju operativne efikasnosti.<\/p>\n<h3>Kako koristiti perive RFID oznake<\/h3>\n<p>Kori\u0161tenje perivih RFID etiketa je jednostavno. Svaka etiketa se mo\u017ee pri\u0161iti na\u00a0<strong>odje\u0107a<\/strong>\u00a0ili posteljinu, pru\u017eaju\u0107i jasne identifikatore koje se mogu lako skenirati\u00a0<strong>RFID \u010dita\u010di<\/strong>. Za optimalne performanse, klju\u010dno je osigurati da su oznake pravilno postavljene na artikle i kompatibilne sa\u00a0<strong>RFID sistem za pranje rublja<\/strong>\u00a0u upotrebi. Redovne revizije artikala ozna\u010denih RFID-om poma\u017eu u odr\u017eavanju ta\u010dne evidencije inventara.<\/p>\n<h3>Recenzije kupaca<\/h3>\n<p>Povratne informacije kupaca isti\u010du transformativni utjecaj na\u0161ih perivih RFID oznaka. Mnogi korisnici prijavljuju zna\u010dajna pobolj\u0161anja u upravljanju zalihama i smanjenje izgubljenih predmeta. Reprezentativan citat zadovoljnog klijenta navodi: \u201cImplementacija\u00a0<strong>RFID oznake<\/strong>\u00a0u na\u0161im praonicama rublja zna\u010dajno je pojednostavilo na\u0161e procese, pove\u0107avaju\u0107i na\u0161u ukupnu produktivnost.\u201d<\/p>\n<\/div>\n<h3 class=\"wp-block-heading\">Instalacija<\/h3>\n<p><strong>Stitch Tagging<\/strong>: Za u\u0161ivanje u rub tekstila. Za\u0161ijte etiketu za rublje dalje od preklopnih linija.<br \/>\n<strong>Heat Sealing<\/strong>: Za toplotno zavarivanje direktno na tekstil na +200\u00b0C (392\u00b0F), 12~14s.<br \/>\n<strong>U torbici<\/strong>: Za \u0161ivanje kao standardna etiketa za njegu. Za\u0161ijte etiketu za rublje dalje od preklopnih linija.<\/p>\n<figure id=\"attachment_3036\" aria-describedby=\"caption-attachment-3036\" style=\"width: 1024px\" class=\"wp-caption alignnone\"><a href=\"https:\/\/rfid-laundry-tag.com\/bs\/uhf-rfid-laundry-tags\/\"><img decoding=\"async\" class=\"size-large wp-image-3036\" src=\"https:\/\/rfid-laundry-tag.com\/wp-content\/uploads\/2025\/12\/RFID-Laundry-Tag-Installation-Guide-03--1024x590.png\" alt=\"How to Sew RFID Laundry Tags into Linens and Garments\" width=\"1024\" height=\"590\" srcset=\"https:\/\/rfid-laundry-tag.com\/wp-content\/uploads\/2025\/12\/RFID-Laundry-Tag-Installation-Guide-03--1024x590.png 1024w, https:\/\/rfid-laundry-tag.com\/wp-content\/uploads\/2025\/12\/RFID-Laundry-Tag-Installation-Guide-03--300x173.png 300w, https:\/\/rfid-laundry-tag.com\/wp-content\/uploads\/2025\/12\/RFID-Laundry-Tag-Installation-Guide-03--768x442.png 768w, https:\/\/rfid-laundry-tag.com\/wp-content\/uploads\/2025\/12\/RFID-Laundry-Tag-Installation-Guide-03--18x10.png 18w, https:\/\/rfid-laundry-tag.com\/wp-content\/uploads\/2025\/12\/RFID-Laundry-Tag-Installation-Guide-03--600x345.png 600w, https:\/\/rfid-laundry-tag.com\/wp-content\/uploads\/2025\/12\/RFID-Laundry-Tag-Installation-Guide-03-.png 1148w\" sizes=\"(max-width: 1024px) 100vw, 1024px\" \/><\/a><figcaption id=\"caption-attachment-3036\" class=\"wp-caption-text\">Kako u\u0161iti RFID etikete za pranje rublja na posteljinu i odje\u0107u<\/figcaption><\/figure>\n<div class=\"auto-hide-last-sibling-br paragraph_1252f paragraph-element\"><strong>RFID oznake koje se mogu prati<\/strong>\u00a0sastavni su deo brojnih industrija, obezbe\u0111uju\u0107i efikasno pra\u0107enje imovine, upravljanje zalihama i pove\u0107anje ukupne operativne produktivnosti. Evo nekih od njegovih primjena u razli\u010ditim sektorima:<\/div>\n<ol class=\"auto-hide-last-sibling-br\">\n<li>\n<div class=\"auto-hide-last-sibling-br paragraph_1252f paragraph-element\"><strong>Zdravstvo<\/strong>: Bolnice i druge medicinske ustanove koriste RFID platnene oznake za upravljanje ogromnim zalihama posteljine, pe\u0161kira, pilinga, uniformi i hirur\u0161ke posteljine. Ovo poma\u017ee u smanjenju gubitaka, upravljanju ciklusima pranja rublja i osigurava da je \u010dista, svje\u017ea posteljina uvijek dostupna po potrebi.<\/div>\n<\/li>\n<li>\n<div class=\"auto-hide-last-sibling-br paragraph_1252f paragraph-element\"><strong>Hoteli<\/strong>: Upravljanje posteljinom je ogroman zadatak u hotelijerstvu, gdje su u opticaju hiljade artikala, od posteljine preko pe\u0161kira do zavjesa i ogrta\u010da. RFID platnene oznake pojednostavljuju pra\u0107enje, osiguravaju pravovremeno \u010di\u0161\u0107enje i zamjenu i poma\u017eu u otkrivanju i sprje\u010davanju kra\u0111e.<\/div>\n<\/li>\n<li>\n<div class=\"auto-hide-last-sibling-br paragraph_1252f paragraph-element\"><strong>Restorani<\/strong>U prehrambenoj industriji, RFID oznake mogu pratiti kori\u0161tenje i \u010di\u0161\u0107enje uniformi, stolnjaka, salveta i kuharskih kecelja. Ovo mo\u017ee pobolj\u0161ati standarde \u010disto\u0107e i pomo\u0107i u odr\u017eavanju ugla\u0111enog, profesionalnog izgleda.<\/div>\n<\/li>\n<li>\n<div class=\"auto-hide-last-sibling-br paragraph_1252f paragraph-element\"><strong>Industrija modne odje\u0107e<\/strong>: RFID oznake igraju ogromnu ulogu u pra\u0107enju artikala u cijelom lancu opskrbe, od proizvodnje do maloprodaje. Oni mogu pru\u017eiti vrijedne informacije poput porijekla, povijesti putovanja, pa \u010dak i detalja o tkanini i uputama za njegu.<\/div>\n<\/li>\n<li>\n<div class=\"auto-hide-last-sibling-br paragraph_1252f paragraph-element\"><strong>Radna odje\u0107a\/odje\u0107a otporna na vatru<\/strong>: Kompanije mogu koristiti RFID oznake za pra\u0107enje i upravljanje specijalnim odjevnim predmetima. To mo\u017ee uklju\u010divati osiguravanje da se vatrootporna ili druga za\u0161titna odje\u0107a redovito pregledava, pravilno \u010disti i po potrebi zamjenjuje.<\/div>\n<\/li>\n<li>\n<div class=\"auto-hide-last-sibling-br paragraph_1252f paragraph-element\"><strong>Obu\u0107a i maske<\/strong>: Posebno va\u017eno u industrijama kao \u0161to su zdravstvo i gra\u0111evinarstvo gdje je sigurnost kriti\u010dna, pra\u0107enje upotrebe, \u010di\u0161\u0107enja i odr\u017eavanja predmeta kao \u0161to su maske i sigurnosne cipele mo\u017ee se pojednostaviti upotrebom RFID oznaka.<\/div>\n<\/li>\n<li>\n<div class=\"auto-hide-last-sibling-br paragraph_1252f paragraph-element\"><strong>Otira\u010di i krpe<\/strong>: Za preduze\u0107a koja pru\u017eaju usluge \u010di\u0161\u0107enja ili upravljaju velikim objektima, RFID oznake na prostirkama i krpama mogu pomo\u0107i u pra\u0107enju upotrebe i odr\u017eavanja, osiguravaju\u0107i \u010diste i efikasne alate u svakom trenutku.<\/div>\n<\/li>\n<\/ol>\n<h3>\u010cesto postavljana pitanja o perivim RFID oznakama<\/h3>\n<p><strong>P: Jesu li RFID oznake vodootporne?<\/strong><br \/>\nO: Da, na\u0161e RFID etikete za ve\u0161 su dizajnirane da budu vodootporne, \u0161to osigurava trajnost u vla\u017enim okru\u017eenjima.<\/p>\n<p><strong>P: Koliko ciklusa pranja ove etikete mogu izdr\u017eati?<\/strong><br \/>\nA: Na\u0161e perive RFID oznake obi\u010dno mogu izdr\u017eati do\u00a0<strong>200 ciklusa pranja<\/strong>\u00a0uz zadr\u017eavanje njihove funkcionalnosti pra\u0107enja.<\/p>\n<p><strong>P: Mogu li prilagoditi oznake svojim specifi\u010dnim potrebama?<\/strong><br \/>\nO: Apsolutno! Nudimo\u00a0<strong>prilago\u0111ena RFID rje\u0161enja<\/strong>\u00a0prilago\u0111eno va\u0161im specifi\u010dnim potrebama upravljanja pranjem rublja.<\/p>","protected":false},"excerpt":{"rendered":"<p><strong>RFID oznake koje se mogu prati<\/strong>, \u010desto nazivane RFID etiketama za posteljinu, izra\u0111ene su od nje\u017ene, ali \u010dvrste gumene vanj\u0161tine. To su etikete za odje\u0107u dizajnirane da budu fleksibilne i robusne, te da izdr\u017ee do 200 ciklusa pranja i pritisak do 60 bara. Na\u0161e UHF RFID etikete za ve\u0161 odlikuju se masovnim o\u010ditavanjem, efikasno se detektuju s udaljenosti od nekoliko metara. Dolaze u razli\u010ditim dimenzijama, od 3,8 do 7,6 cm du\u017eine i od 1,25 cm do 2,5 cm \u0161irine. Ove perive RFID etikete nalaze \u0161iroku upotrebu u medicinskoj oblasti, \u010desto se pri\u010dvr\u0161\u0107uju na za\u0161titna odijela koja nose doktori i medicinske sestre, kao i na druge profesionalne uniforme, kostime i predmete za iznajmljivanje poput prostirki.<\/p>","protected":false},"featured_media":3085,"template":"","meta":{"_kad_post_transparent":"default","_kad_post_title":"","_kad_post_layout":"default","_kad_post_sidebar_id":"","_kad_post_content_style":"default","_kad_post_vertical_padding":"default","_kad_post_feature":"","_kad_post_feature_position":"","_kad_post_header":false,"_kad_post_footer":false,"_kad_post_classname":""},"product_brand":[],"product_cat":[16],"product_tag":[24,375,342,339,65,368,30,374,373],"class_list":{"0":"post-3084","1":"product","2":"type-product","3":"status-publish","4":"has-post-thumbnail","6":"product_cat-uhf-rfid-laundry-tags","7":"product_tag-laundry-rfid-tags","8":"product_tag-rfid-laundry-tag-7015mm","9":"product_tag-rfid-laundry-tags","10":"product_tag-rfid-washable-tags","11":"product_tag-textile-rfid-laundry-tags","12":"product_tag-textile-uhf-rfid-tags-labels","13":"product_tag-uhf-rfid-laundry-tag","14":"product_tag-washable-uhf-rfid-labels","15":"product_tag-washable-uhf-rfid-laundry-textile-labels","17":"first","18":"instock","19":"featured","20":"shipping-taxable","21":"product-type-simple","22":"entry","23":"content-bg","24":"loop-entry"},"_links":{"self":[{"href":"https:\/\/rfid-laundry-tag.com\/bs\/wp-json\/wp\/v2\/product\/3084","targetHints":{"allow":["GET"]}}],"collection":[{"href":"https:\/\/rfid-laundry-tag.com\/bs\/wp-json\/wp\/v2\/product"}],"about":[{"href":"https:\/\/rfid-laundry-tag.com\/bs\/wp-json\/wp\/v2\/types\/product"}],"version-history":[{"count":1,"href":"https:\/\/rfid-laundry-tag.com\/bs\/wp-json\/wp\/v2\/product\/3084\/revisions"}],"predecessor-version":[{"id":3087,"href":"https:\/\/rfid-laundry-tag.com\/bs\/wp-json\/wp\/v2\/product\/3084\/revisions\/3087"}],"wp:featuredmedia":[{"embeddable":true,"href":"https:\/\/rfid-laundry-tag.com\/bs\/wp-json\/wp\/v2\/media\/3085"}],"wp:attachment":[{"href":"https:\/\/rfid-laundry-tag.com\/bs\/wp-json\/wp\/v2\/media?parent=3084"}],"wp:term":[{"taxonomy":"product_brand","embeddable":true,"href":"https:\/\/rfid-laundry-tag.com\/bs\/wp-json\/wp\/v2\/product_brand?post=3084"},{"taxonomy":"product_cat","embeddable":true,"href":"https:\/\/rfid-laundry-tag.com\/bs\/wp-json\/wp\/v2\/product_cat?post=3084"},{"taxonomy":"product_tag","embeddable":true,"href":"https:\/\/rfid-laundry-tag.com\/bs\/wp-json\/wp\/v2\/product_tag?post=3084"}],"curies":[{"name":"radni list","href":"https:\/\/api.w.org\/{rel}","templated":true}]}}