{"id":3074,"date":"2025-12-18T09:36:02","date_gmt":"2025-12-18T09:36:02","guid":{"rendered":"https:\/\/rfid-laundry-tag.com\/?post_type=product&#038;p=3074"},"modified":"2025-12-18T09:36:03","modified_gmt":"2025-12-18T09:36:03","slug":"washable-uhf-rfid-laundry-textile-labels","status":"publish","type":"product","link":"https:\/\/rfid-laundry-tag.com\/bs\/washable-uhf-rfid-laundry-textile-labels\/","title":{"rendered":"Perive UHF RFID etikete za tekstil za pranje rublja"},"content":{"rendered":"<div class=\"auto-hide-last-sibling-br paragraph_1252f paragraph-element\">\n<h2 class=\"auto-hide-last-sibling-br paragraph_1252f paragraph-element\">Perive UHF RFID etikete za tekstil za pranje rublja<\/h2>\n<div><\/div>\n<div data-spm-anchor-id=\"a2700.details.0.i57.23b419c7xXORP0\"><span data-spm-anchor-id=\"a2700.details.0.i75.23b419c7xXORP0\"><b>Zna\u010dajka:<\/b><br \/>\n1) UHF tehnologija za \u010ditanje stotina oznaka istovremeno.<br \/>\n2) Udaljenost \u010ditanja ve\u0107a od 8 m~12 m.<br \/>\n3) Novi mehani\u010dki dizajn za pobolj\u0161ane performanse za ravnu posteljinu.<br \/>\n4) Pogodno za ekstraktore visokog pritiska do 60 bara.<br \/>\n5) Pogodno za sterilizaciju u autoklavu.<br \/>\n6) Mali, mekani, fleksibilni materijali idealni za tekstil, posteljinu, odje\u0107u i dodatke.<\/span><\/div>\n<div data-spm-anchor-id=\"a2700.details.0.i57.23b419c7xXORP0\">\n<div class=\"entry-content-asset videofit\"><iframe title=\"Tvornica UHF RFID etiketa za rublje s grija\u0107im ljepilom i testom \u010ditanja na udaljenosti od 12 m\" src=\"https:\/\/www.youtube.com\/embed\/cOnG5fgEIs4?feature=oembed\" width=\"720\" height=\"405\" frameborder=\"0\" allowfullscreen=\"allowfullscreen\" data-mce-fragment=\"1\"><\/iframe><\/div>\n<\/div>\n<\/div>\n<div data-spm-anchor-id=\"a2700.details.0.i57.23b419c7xXORP0\"><\/div>\n<div data-spm-anchor-id=\"a2700.details.0.i57.23b419c7xXORP0\">\n<div class=\"text-content\" data-spm-anchor-id=\"a2700.details.0.i54.23b419c7xXORP0\">\n<table>\n<tbody>\n<tr>\n<td width=\"139\">Naziv proizvoda<\/td>\n<td width=\"600\">Perive UHF RFID etikete za tekstil za pranje rublja<\/td>\n<\/tr>\n<tr>\n<td width=\"139\">Materijal<\/td>\n<td width=\"600\">Tkanina\/tkanina itd.<\/td>\n<\/tr>\n<tr>\n<td width=\"139\">Model \u010dipa<\/td>\n<td width=\"600\">UCODE\u00ae 9<\/td>\n<\/tr>\n<tr>\n<td width=\"139\">Memorija<\/td>\n<td width=\"600\">EPC: 96 bita<\/td>\n<\/tr>\n<tr>\n<td width=\"139\">Protokol<\/td>\n<td width=\"600\">EPC C1 G2<\/td>\n<\/tr>\n<tr>\n<td width=\"139\">Veli\u010dina<\/td>\n<td width=\"600\">70*15 mm, 86*16 mm; 50*20 mm; 72*16 mm; 35*15 mm itd.<\/td>\n<\/tr>\n<tr>\n<td width=\"139\">Boja<\/td>\n<td width=\"600\">Bijelo<\/td>\n<\/tr>\n<tr>\n<td width=\"139\">Radno vrijeme<\/td>\n<td width=\"600\">Prosjek je 200 puta, neki mogu i vi\u0161e od 300 puta.<\/td>\n<\/tr>\n<tr>\n<td width=\"139\">Radna temperatura<\/td>\n<td width=\"600\">-25\u2103 do +150\u2103<\/td>\n<\/tr>\n<tr>\n<td width=\"139\">Pro\u010ditajte udaljenost<\/td>\n<td width=\"600\">3-10 miliona<\/td>\n<\/tr>\n<tr>\n<td width=\"139\">Aplikacija<\/td>\n<td width=\"600\">Rje\u0161enje za pranje rublja, praonica rublja, industrijsko pranje rublja, upravljanje hotelskom odje\u0107om, upravljanje supermarketima\/prodavnicama odje\u0107e itd.<\/td>\n<\/tr>\n<\/tbody>\n<\/table>\n<\/div>\n<\/div>\n<div><\/div>\n<div>\n<p>&nbsp;<\/p>\n<h3>\u0160ta su perive UHF RFID etikete za tekstil za pranje rublja?<\/h3>\n<p>Perive RFID oznake su specijalizirana vrsta\u00a0<strong>RFID oznaka<\/strong>\u00a0dizajnirane posebno za pranje rublja. Ove oznake koriste\u00a0<strong>visokoperformansna RFID tehnologija<\/strong>\u00a0kako bi se omogu\u0107ilo precizno pra\u0107enje i upravljanje tekstilnim predmetima tokom njihovog \u017eivotnog ciklusa. Izra\u0111ene od izdr\u017eljivih materijala, perive RFID oznake mogu izdr\u017eati zahtjeve industrijskog pranja rublja, uklju\u010duju\u0107i izlo\u017eenost visokim temperaturama i ponovljenim ciklusima pranja.<\/p>\n<\/div>\n<h3 class=\"wp-block-heading\">Kako instalirati<\/h3>\n<p><strong>Stitch Tagging<\/strong>: Za u\u0161ivanje u rub tekstila. Za\u0161ijte etiketu za rublje dalje od preklopnih linija.<br \/>\n<strong>Heat Sealing<\/strong>: Za toplotno zavarivanje direktno na tekstil na +200\u00b0C (392\u00b0F), 12~14s.<br \/>\n<strong>U torbici<\/strong>: Za \u0161ivanje kao standardna etiketa za njegu. Za\u0161ijte etiketu za rublje dalje od preklopnih linija.<\/p>\n<h2>\u010cesto postavljana pitanja (FAQ) \u2013 Perive UHF RFID etikete za tekstil za pranje rublja<\/h2>\n<p>1. Kako perive UHF RFID etikete za tekstil za pranje rublja pobolj\u0161avaju upravljanje zalihama?<br \/>\nPerive UHF RFID etikete za tekstil za pranje rublja omogu\u0107avaju precizno pra\u0107enje odjevnih predmeta, automatiziraju\u0107i proces upravljanja zalihama. Kori\u0161tenjem UCODE\u00ae 9 \u010dipova, preduze\u0107a mogu trenutno pratiti lokaciju i status svakog odjevnog predmeta, pobolj\u0161avaju\u0107i operativnu efikasnost i smanjuju\u0107i ru\u010dne gre\u0161ke.<\/p>\n<p>2. Koliko su izdr\u017eljive perive UHF RFID etikete za tekstil za pranje rublja?<br \/>\nNa\u0161e perive RFID oznake dizajnirane su da izdr\u017ee do 200 ciklusa pranja, a u nekim slu\u010dajevima i preko 300. Ova izdr\u017eljivost osigurava da oznake ostanu funkcionalne tokom cijelog vijeka trajanja odje\u0107e, smanjuju\u0107i tro\u0161kove zamjene.<\/p>\n<p>3. Koja je prednost UHF RFID tehnologije dugog dometa?<br \/>\nPomo\u0107u UHF RFID oznaka dugog dometa, odje\u0107a se mo\u017ee pratiti na ve\u0107im udaljenostima, ubrzavaju\u0107i vrijeme obrade u okru\u017eenjima s velikim obimom posla poput industrijskih praonica rublja. Ova tehnologija pobolj\u0161ava automatizaciju, pobolj\u0161avaju\u0107i nivo usluge i operativnu produktivnost.<\/p>\n<p>4. Kako RFID ozna\u010davanje rje\u0161ava uobi\u010dajene probleme u industriji pranja rublja?<br \/>\nRFID oznake smanjuju gre\u0161ke pri ru\u010dnom pra\u0107enju, osiguravaju precizno upravljanje imovinom i pobolj\u0161avaju trajnost odje\u0107e. Automatizacijom pra\u0107enja, preduze\u0107a mogu u\u0161tedjeti vrijeme, smanjiti gubitke i pove\u0107ati profitabilnost.<\/p>\n<p>5. Za\u0161to odabrati svoje RFID oznake u odnosu na druge?<br \/>\nKao jedan od 5 vode\u0107ih proizvo\u0111a\u010da RFID oznaka s preko 15 godina iskustva, nudimo visokokvalitetna, izdr\u017eljiva rje\u0161enja prilago\u0111ena upravljanju odje\u0107om velikih razmjera, osiguravaju\u0107i isplativo i efikasno poslovanje.<\/p>","protected":false},"excerpt":{"rendered":"<div class=\"elementor-element elementor-element-4f79c63 e-flex e-con-boxed e-con e-parent e-lazyloaded\" data-id=\"4f79c63\" data-element_type=\"container\" data-settings=\"{&quot;_ha_eqh_enable&quot;:false}\">\n<div class=\"e-con-inner\">\n<div class=\"elementor-element elementor-element-be3873c elementor-widget elementor-widget-woocommerce-product-short-description\" data-id=\"be3873c\" data-element_type=\"widget\" data-widget_type=\"woocommerce-product-short-description.default\">\n<div class=\"elementor-widget-container\">\n<div class=\"woocommerce-product-details__short-description\">\n<p><strong>Perive UHF RFID etikete za tekstil za pranje rublja<\/strong>, \u010desto nazivane RFID etiketama za rublje, izra\u0111ene su od nje\u017ene, ali \u010dvrste gumene vanj\u0161tine. Ove etikete za odje\u0107u konstruirane su da budu fleksibilne i robusne, te da izdr\u017ee do 200 ciklusa pranja i pritisak do 60 bara.<\/p>\n<\/div>\n<\/div>\n<\/div>\n<\/div>\n<\/div>\n<div class=\"elementor-element elementor-element-3ad806e e-flex e-con-boxed e-con e-parent e-lazyloaded\" data-id=\"3ad806e\" data-element_type=\"container\" data-settings=\"{&quot;_ha_eqh_enable&quot;:false}\">\n<div class=\"e-con-inner\">\n<div class=\"elementor-element elementor-element-362020f elementor-widget elementor-widget-woocommerce-product-data-tabs\" data-id=\"362020f\" data-element_type=\"widget\" data-widget_type=\"woocommerce-product-data-tabs.default\">\n<div class=\"elementor-widget-container\">\n<div class=\"woocommerce-tabs wc-tabs-wrapper\"><\/div>\n<\/div>\n<\/div>\n<\/div>\n<\/div>","protected":false},"featured_media":2870,"template":"","meta":{"_kad_post_transparent":"default","_kad_post_title":"","_kad_post_layout":"default","_kad_post_sidebar_id":"","_kad_post_content_style":"default","_kad_post_vertical_padding":"default","_kad_post_feature":"","_kad_post_feature_position":"","_kad_post_header":false,"_kad_post_footer":false,"_kad_post_classname":""},"product_brand":[],"product_cat":[19],"product_tag":[24,342,339,65,368,30,374,373],"class_list":{"0":"post-3074","1":"product","2":"type-product","3":"status-publish","4":"has-post-thumbnail","6":"product_cat-textile-rfid-laundry-tag","7":"product_tag-laundry-rfid-tags","8":"product_tag-rfid-laundry-tags","9":"product_tag-rfid-washable-tags","10":"product_tag-textile-rfid-laundry-tags","11":"product_tag-textile-uhf-rfid-tags-labels","12":"product_tag-uhf-rfid-laundry-tag","13":"product_tag-washable-uhf-rfid-labels","14":"product_tag-washable-uhf-rfid-laundry-textile-labels","16":"first","17":"instock","18":"featured","19":"shipping-taxable","20":"product-type-simple","21":"entry","22":"content-bg","23":"loop-entry"},"_links":{"self":[{"href":"https:\/\/rfid-laundry-tag.com\/bs\/wp-json\/wp\/v2\/product\/3074","targetHints":{"allow":["GET"]}}],"collection":[{"href":"https:\/\/rfid-laundry-tag.com\/bs\/wp-json\/wp\/v2\/product"}],"about":[{"href":"https:\/\/rfid-laundry-tag.com\/bs\/wp-json\/wp\/v2\/types\/product"}],"version-history":[{"count":1,"href":"https:\/\/rfid-laundry-tag.com\/bs\/wp-json\/wp\/v2\/product\/3074\/revisions"}],"predecessor-version":[{"id":3075,"href":"https:\/\/rfid-laundry-tag.com\/bs\/wp-json\/wp\/v2\/product\/3074\/revisions\/3075"}],"wp:featuredmedia":[{"embeddable":true,"href":"https:\/\/rfid-laundry-tag.com\/bs\/wp-json\/wp\/v2\/media\/2870"}],"wp:attachment":[{"href":"https:\/\/rfid-laundry-tag.com\/bs\/wp-json\/wp\/v2\/media?parent=3074"}],"wp:term":[{"taxonomy":"product_brand","embeddable":true,"href":"https:\/\/rfid-laundry-tag.com\/bs\/wp-json\/wp\/v2\/product_brand?post=3074"},{"taxonomy":"product_cat","embeddable":true,"href":"https:\/\/rfid-laundry-tag.com\/bs\/wp-json\/wp\/v2\/product_cat?post=3074"},{"taxonomy":"product_tag","embeddable":true,"href":"https:\/\/rfid-laundry-tag.com\/bs\/wp-json\/wp\/v2\/product_tag?post=3074"}],"curies":[{"name":"radni list","href":"https:\/\/api.w.org\/{rel}","templated":true}]}}