{"id":304,"date":"2024-06-26T16:50:11","date_gmt":"2024-06-26T16:50:11","guid":{"rendered":"https:\/\/rfid-laundry-tag.com\/?post_type=product&#038;p=304"},"modified":"2024-06-26T17:00:07","modified_gmt":"2024-06-26T17:00:07","slug":"on-duty-ntag215-nfc-patrol-tag","status":"publish","type":"product","link":"https:\/\/rfid-laundry-tag.com\/bs\/on-duty-ntag215-nfc-patrol-tag\/","title":{"rendered":"Na du\u017enosti Ntag215 NFC Patrol Tag"},"content":{"rendered":"<p><strong>Na du\u017enosti Ntag215 NFC Patrol Tag <\/strong><\/p>\n<p>NTAG215 je razvila kompanija NXP Semiconductors kao standardne NFC oznake IC-a za upotrebu u aplikacijama na masovnom tr\u017ei\u0161tu kao \u0161to su maloprodaja, igranje i potro\u0161a\u010dka elektronika, u kombinaciji sa NFC ure\u0111ajima ili NFC kompatibilnim ure\u0111ajima za blizinu. NTAG215 (od sada, generalno nazvan NTAG21x) su dizajnirani da u potpunosti budu u skladu sa NFC Forum tipom 2 oznakom i specifikacijama ISO\/IEC14443 tipa A. Memorija je 504 bajta.<\/p>\n<table class=\"hight-light-first-column all magic-11\">\n<tbody>\n<tr>\n<td colspan=\"1\" rowspan=\"1\">\n<div class=\"magic-12\" data-spm-anchor-id=\"a2700.details.0.i57.12287cd6Tl6d8d\">Veli\u010dina<\/div>\n<\/td>\n<td colspan=\"4\" rowspan=\"1\">\n<div class=\"magic-13\">Dia 25mm<\/div>\n<\/td>\n<\/tr>\n<tr>\n<td colspan=\"1\" rowspan=\"1\">\n<div class=\"magic-12\">Boja<\/div>\n<\/td>\n<td colspan=\"4\" rowspan=\"1\">\n<div class=\"magic-16\">Crna, bijela, \u017euta, crvena ili prilago\u0111ena<\/div>\n<\/td>\n<\/tr>\n<tr>\n<td colspan=\"1\" rowspan=\"1\">\n<div class=\"magic-12\">\u010cip<\/div>\n<\/td>\n<td colspan=\"4\" rowspan=\"1\">\n<div class=\"magic-13\">NTAG215<\/div>\n<\/td>\n<\/tr>\n<tr>\n<td colspan=\"1\" rowspan=\"1\">\n<div class=\"magic-12\">Frekvencija<\/div>\n<\/td>\n<td colspan=\"4\" rowspan=\"1\">\n<div class=\"magic-13\">13.56mhz<\/div>\n<\/td>\n<\/tr>\n<tr>\n<td colspan=\"1\" rowspan=\"1\">\n<div class=\"magic-12\">Protokol<\/div>\n<\/td>\n<td colspan=\"4\" rowspan=\"1\">\n<div class=\"magic-13\">ISO14443A, NFC Forum Tip 2<\/div>\n<\/td>\n<\/tr>\n<tr>\n<td colspan=\"1\" rowspan=\"1\">\n<div class=\"magic-12\">Materijal<\/div>\n<\/td>\n<td colspan=\"4\" rowspan=\"1\">\n<div class=\"magic-13\">ABS<\/div>\n<\/td>\n<\/tr>\n<tr>\n<td colspan=\"1\" rowspan=\"1\">\n<div class=\"magic-12\">Radna temperatura<\/div>\n<\/td>\n<td colspan=\"4\" rowspan=\"1\">\n<div class=\"magic-13\">-20 do 85 stepeni C<\/div>\n<\/td>\n<\/tr>\n<tr>\n<td colspan=\"1\" rowspan=\"1\">\n<div class=\"magic-12\">Aplikacija<\/div>\n<\/td>\n<td colspan=\"4\" rowspan=\"1\">\n<div class=\"magic-16\">Lanac za pranje ve\u0161a, jaka hemikalija, ure\u0111aj za pla\u0107anje, upotreba na otvorenom, hemikalija, industrija, logistika, patrolni \u010duvar, \u010dlanstvo, kontejner za otpremu, palete itd.<\/div>\n<\/td>\n<\/tr>\n<tr>\n<td colspan=\"1\" rowspan=\"1\">\n<div class=\"magic-12\">Waterproof Rating<\/div>\n<\/td>\n<td colspan=\"4\" rowspan=\"1\">\n<div class=\"magic-16\">IP67<\/div>\n<\/td>\n<\/tr>\n<tr>\n<td colspan=\"1\" rowspan=\"1\">\n<div class=\"magic-12\">Opseg \u010ditanja<\/div>\n<\/td>\n<td colspan=\"4\" rowspan=\"1\">\n<div class=\"magic-16\">5-10cm, zavisi od \u010ditaoca<\/div>\n<\/td>\n<\/tr>\n<tr>\n<td colspan=\"1\" rowspan=\"1\">\n<div class=\"magic-12\">Craft<\/div>\n<\/td>\n<td colspan=\"4\" rowspan=\"1\">\n<div class=\"magic-16\">Laserski gravirani serijski broj, bar kod i tako dalje<\/div>\n<\/td>\n<\/tr>\n<tr>\n<td colspan=\"1\" rowspan=\"1\">\n<div class=\"magic-12\">Monta\u017ea<\/div>\n<\/td>\n<td colspan=\"4\" rowspan=\"1\">\n<div class=\"magic-16\">Ljepilom ili vijkom, ili zakovicama<\/div>\n<\/td>\n<\/tr>\n<\/tbody>\n<\/table>\n<p>&nbsp;<\/p>\n<h2>Na du\u017enosti Ntag215 NFC Patrol Tag aplikacija<\/h2>\n<p>Ovaj dokument opisuje potencijalnu primjenu Ntag215 NFC oznake u kontekstu patrolne du\u017enosti.<\/p>\n<p><strong>Scenario:<\/strong><\/p>\n<p>\u010cuvar ili patrolni slu\u017ebenik moraju se prijaviti na odre\u0111enim lokacijama tijekom cijele smjene. Cilj je automatizirati proces bilje\u017eenja ovih prijava, pru\u017eaju\u0107i podatke o lokaciji u stvarnom vremenu i potencijalno pokretanje dodatnih radnji.<\/p>\n<p><strong>primjena:<\/strong><\/p>\n<ol>\n<li><strong>NFC patrola Oznake:<\/strong>\n<ul>\n<li>Ntag215 NFC oznake su pri\u010dvr\u0161\u0107ene na strate\u0161ke lokacije oko rute patrole (npr. ulazi u zgrade, sigurnosni kontrolni punktovi, odre\u0111ene zone).<\/li>\n<li>Svakoj oznaci je dodijeljen jedinstveni ID i potencijalno identifikator lokacije.<\/li>\n<\/ul>\n<\/li>\n<li><strong>Mobilna aplikacija:<\/strong>\n<ul>\n<li>Osoblje obezbje\u0111enja koristi pametni telefon ili tablet sa namenskom aplikacijom.<\/li>\n<li>Aplikacija se povezuje s NFC oznakom jednostavnim dodirom ili detekcijom blizine.<\/li>\n<li>Nakon kontakta s oznakom, aplikacija:\n<ul>\n<li>Bilje\u017ei vrijeme i datum prijave.<\/li>\n<li>Zapisuje ID oznake i potencijalno njenu lokaciju.<\/li>\n<li>Automatski a\u017eurira status i lokaciju patrolnog slu\u017ebenika na centralnoj kontrolnoj tabli.<\/li>\n<\/ul>\n<\/li>\n<\/ul>\n<\/li>\n<li><strong>Centralna kontrolna tabla:<\/strong>\n<ul>\n<li>Platforma zasnovana na webu ili u oblaku prikazuje informacije o patrolnim slu\u017ebenicima u realnom vremenu.<\/li>\n<li>On vizualizira njihovu lokaciju, vrijeme prijave i sva upozorenja.<\/li>\n<li>Ova kontrolna tabla se tako\u0111e mo\u017ee koristiti za:\n<ul>\n<li>Aktivirajte obavje\u0161tenja za kasne prijave ili propu\u0161tena zaustavljanja.<\/li>\n<li>Pratite aktivnost za upravljanje u\u010dinkom.<\/li>\n<li>Automatski generirajte izvje\u0161taje i zapise.<\/li>\n<\/ul>\n<\/li>\n<\/ul>\n<\/li>\n<\/ol>\n<p><strong>Prednosti:<\/strong><\/p>\n<ul>\n<li><strong>Automatsko prijavljivanje:<\/strong>\u00a0Elimini\u0161e ru\u010dne unose u dnevnik i potencijalne gre\u0161ke.<\/li>\n<li><strong>Pra\u0107enje lokacije u realnom vremenu:<\/strong>\u00a0Pru\u017ea trenutnu svijest o pozicijama patrolnih slu\u017ebenika.<\/li>\n<li><strong>Pobolj\u0161ana odgovornost:<\/strong>\u00a0Nudi pouzdanu reviziju patrolnih aktivnosti.<\/li>\n<li><strong>Pobolj\u0161ana sigurnost:<\/strong>\u00a0Omogu\u0107ava brzu reakciju na incidente i upozorenja.<\/li>\n<li><strong>Uvidi vo\u0111eni podacima:<\/strong>\u00a0Podr\u017eava analizu performansi i optimizaciju patrolnih ruta.<\/li>\n<\/ul>\n<p><strong>Detalji implementacije:<\/strong><\/p>\n<ul>\n<li><strong>Programiranje oznaka:<\/strong>\u00a0Ntag215 oznake se lako programiraju pomo\u0107u NFC alata i mogu pohraniti informacije kao \u0161to su identifikatori lokacije, pristupni kodovi ili upozorenja.<\/li>\n<li><strong>Razvoj mobilnih aplikacija:<\/strong>\u00a0Aplikacija bi trebala iskoristiti NFC funkcionalnost ure\u0111aja, omogu\u0107avaju\u0107i sigurnu komunikaciju s oznakama.<\/li>\n<li><strong>Integracija kontrolne table:<\/strong>\u00a0Podaci prikupljeni iz oznaka mogu se integrirati sa platformom zasnovanom na oblaku ili postoje\u0107im sigurnosnim sistemima.<\/li>\n<li><strong>\u0160ifriranje podataka:<\/strong>\u00a0Osjetljivi podaci mogu se \u0161ifrirati radi sigurnosti i privatnosti.<\/li>\n<\/ul>\n<p><strong>Razmatranja:<\/strong><\/p>\n<ul>\n<li><strong>Trajnost oznake:<\/strong>\u00a0Ntag215 oznake su otporne na faktore okoline, ali ih treba pravilno instalirati za dugotrajnu upotrebu.<\/li>\n<li><strong>Mre\u017ena povezanost:<\/strong>\u00a0Za prijenos podataka i pristup kontrolnoj tabli potrebna je pouzdana internet ili mre\u017ena povezanost.<\/li>\n<li><strong>Privatnost i sigurnost:<\/strong>\u00a0Implementirati odgovaraju\u0107e sigurnosne mjere i protokole o privatnosti podataka.<\/li>\n<li><strong>Analiza tro\u0161kova:<\/strong>\u00a0Uzmite u obzir tro\u0161kove oznaka, razvoja aplikacija i potencijalne infrastrukture oblaka.<\/li>\n<\/ul>\n<p>&nbsp;<\/p>\n<p>&nbsp;<\/p>","protected":false},"excerpt":{"rendered":"<p>Ntag215 NFC oznaka nudi vrijedan alat za pobolj\u0161anje efikasnosti i sigurnosti patrola. Ova aplikacija mo\u017ee pojednostaviti procese patroliranja, pobolj\u0161ati odgovornost i pru\u017eiti vrijedne uvide u podatke za bolje dono\u0161enje odluka.<\/p>","protected":false},"featured_media":305,"template":"","meta":{"_kad_post_transparent":"default","_kad_post_title":"","_kad_post_layout":"default","_kad_post_sidebar_id":"","_kad_post_content_style":"default","_kad_post_vertical_padding":"default","_kad_post_feature":"","_kad_post_feature_position":"","_kad_post_header":false,"_kad_post_footer":false,"_kad_post_classname":""},"product_brand":[],"product_cat":[54],"product_tag":[118,124],"class_list":{"0":"post-304","1":"product","2":"type-product","3":"status-publish","4":"has-post-thumbnail","6":"product_cat-hot-selling-rfid-tags","7":"product_tag-anti-metal-nfc-patrol-tag","8":"product_tag-on-duty-ntag215-nfc-patrol-tag","10":"first","11":"instock","12":"shipping-taxable","13":"product-type-simple","14":"entry","15":"content-bg","16":"loop-entry"},"_links":{"self":[{"href":"https:\/\/rfid-laundry-tag.com\/bs\/wp-json\/wp\/v2\/product\/304","targetHints":{"allow":["GET"]}}],"collection":[{"href":"https:\/\/rfid-laundry-tag.com\/bs\/wp-json\/wp\/v2\/product"}],"about":[{"href":"https:\/\/rfid-laundry-tag.com\/bs\/wp-json\/wp\/v2\/types\/product"}],"version-history":[{"count":0,"href":"https:\/\/rfid-laundry-tag.com\/bs\/wp-json\/wp\/v2\/product\/304\/revisions"}],"wp:featuredmedia":[{"embeddable":true,"href":"https:\/\/rfid-laundry-tag.com\/bs\/wp-json\/wp\/v2\/media\/305"}],"wp:attachment":[{"href":"https:\/\/rfid-laundry-tag.com\/bs\/wp-json\/wp\/v2\/media?parent=304"}],"wp:term":[{"taxonomy":"product_brand","embeddable":true,"href":"https:\/\/rfid-laundry-tag.com\/bs\/wp-json\/wp\/v2\/product_brand?post=304"},{"taxonomy":"product_cat","embeddable":true,"href":"https:\/\/rfid-laundry-tag.com\/bs\/wp-json\/wp\/v2\/product_cat?post=304"},{"taxonomy":"product_tag","embeddable":true,"href":"https:\/\/rfid-laundry-tag.com\/bs\/wp-json\/wp\/v2\/product_tag?post=304"}],"curies":[{"name":"radni list","href":"https:\/\/api.w.org\/{rel}","templated":true}]}}