{"id":3020,"date":"2025-12-02T09:39:21","date_gmt":"2025-12-02T09:39:21","guid":{"rendered":"https:\/\/rfid-laundry-tag.com\/?post_type=product&#038;p=3020"},"modified":"2025-12-02T09:41:12","modified_gmt":"2025-12-02T09:41:12","slug":"uhf-rfid-chips","status":"publish","type":"product","link":"https:\/\/rfid-laundry-tag.com\/bs\/uhf-rfid-chips\/","title":{"rendered":"UHF RFID \u010dipovi"},"content":{"rendered":"<div>\n<div class=\"auto-hide-last-sibling-br paragraph_1252f paragraph-element\">\n<h2>UHF RFID \u010dipovi za uniforme, odje\u0107u i rje\u0161enje za pra\u0107enje posteljine<\/h2>\n<p><strong>UHF RFID \u010dipovi za rje\u0161enje za pra\u0107enje uniformi, odje\u0107e i posteljine<\/strong>\u00a0nude preduze\u0107ima robustan na\u010din upravljanja tekstilom, osiguravaju\u0107i ta\u010dnost i smanjuju\u0107i gubitke. Ovaj \u010dlanak detaljno istra\u017euje prednosti kori\u0161tenja <a href=\"https:\/\/rfid-laundry-tag.com\/bs\/uhf-rfid-laundry-tags\/\">RFID oznake za ve\u0161<\/a>, kako funkcioni\u0161u i za\u0161to su pametna investicija za bilo koju praonicu rublja.<\/p>\n<table width=\"637\">\n<tbody>\n<tr>\n<td width=\"328\">Naziv artikla:<\/td>\n<td width=\"309\">UHF RFID \u010dipovi za uniforme i odje\u0107u<\/td>\n<\/tr>\n<tr>\n<td width=\"328\">RFID standard:<\/td>\n<td width=\"309\">ISO\/IEC 18000-6 Tip C (EPC Gen2)<\/td>\n<\/tr>\n<tr>\n<td width=\"328\">Veli\u010dina i te\u017eina:<\/td>\n<td width=\"309\">70\u00d715 mm, 0,6 g<\/td>\n<\/tr>\n<tr>\n<td width=\"328\">Vrsta \u010dipa:<\/td>\n<td width=\"309\">Impinj Monza 4QT,NXP U KOD 8,NXP U KOD 9<\/td>\n<\/tr>\n<tr>\n<td width=\"328\">EPC memorija:<\/td>\n<td width=\"309\">128bita<\/td>\n<\/tr>\n<tr>\n<td width=\"328\">Korisni\u010dka memorija:<\/td>\n<td width=\"309\">512bita<\/td>\n<\/tr>\n<tr>\n<td width=\"328\">Opseg o\u010ditavanja (2W ERP FCC):<\/td>\n<td width=\"309\">8m<\/td>\n<\/tr>\n<tr>\n<td width=\"328\">Opseg o\u010ditavanja (2W ERP ETSI):<\/td>\n<td width=\"309\">8m<\/td>\n<\/tr>\n<tr>\n<td width=\"328\">Ozna\u010davanje:<\/td>\n<td width=\"309\">\u0160ivanje, Ljepilo za vru\u0107e \u0161tancanje<\/td>\n<\/tr>\n<tr>\n<td width=\"328\">Procijenjeni vijek trajanja:<\/td>\n<td width=\"309\">200 ciklusa pranja ili 3 godine, \u0161to god nastupi prije<\/td>\n<\/tr>\n<tr>\n<td width=\"328\">Na\u010din pranja:<\/td>\n<td width=\"309\">Praonica rublja, Kemijsko \u010di\u0161\u0107enje<\/td>\n<\/tr>\n<tr>\n<td width=\"328\">Pritisak ekstrakcije vode:<\/td>\n<td width=\"309\">60 bara<\/td>\n<\/tr>\n<tr>\n<td width=\"328\">Otpornost na vodu:<\/td>\n<td width=\"309\">Otporan na vodu<\/td>\n<\/tr>\n<tr>\n<td width=\"328\">Hemijska otpornost:<\/td>\n<td width=\"309\">Deterd\u017eent, omek\u0161iva\u010d, izbjeljiva\u010d (kiseonik\/hlor), lu\u017eina<\/td>\n<\/tr>\n<tr>\n<td width=\"328\">Prethodno su\u0161enje u su\u0161ilici:<\/td>\n<td width=\"309\">125 \u00baC 15-20 minuta<\/td>\n<\/tr>\n<tr>\n<td width=\"328\">Temperatura sterilizacije:<\/td>\n<td width=\"309\">135\u00b0C 15-20 minuta<\/td>\n<\/tr>\n<tr>\n<td width=\"328\">Temperatura pranja:<\/td>\n<td width=\"309\">90\u00b0C, do 15 min.<\/td>\n<\/tr>\n<tr>\n<td width=\"328\">Vla\u017enost\/temperatura - rad:<\/td>\n<td width=\"309\">-20 do 110\u00b0C, 8 do 95%RH<\/td>\n<\/tr>\n<tr>\n<td width=\"328\">Vla\u017enost\/temperatura-skladi\u0161tenje:<\/td>\n<td width=\"309\">-40 do 110\u00b0C, 8 do 95%RH<\/td>\n<\/tr>\n<\/tbody>\n<\/table>\n<\/div>\n<div class=\"auto-hide-last-sibling-br paragraph_1252f paragraph-element\"><\/div>\n<\/div>\n<div data-spm-anchor-id=\"a2700.details.0.i57.23b419c7xXORP0\">\n<div class=\"auto-hide-last-sibling-br paragraph_1252f paragraph-element\"><a href=\"https:\/\/www.rfidtaglaundry.com\/uhf-rfid-laundry-tags\/\" target=\"_blank\" rel=\"noopener\">UHF RFID \u010dipovi<\/a>\u00a0Rje\u0161enje za pra\u0107enje uniformi, odje\u0107e i posteljine su RFID oznake za posebne namjene kreirane posebno za tekstil koji prolazi kroz rigorozne postupke industrijskog pranja, uklju\u010duju\u0107i sterilizaciju i peglanje.<\/div>\n<\/div>\n<div><\/div>\n<div>\n<div class=\"entry-content-asset videofit\"><iframe title=\"Za\u0161to koristiti RFID u tekstilnoj praonici?\" src=\"https:\/\/www.youtube.com\/embed\/X_P3EuhS_hE?feature=oembed\" width=\"720\" height=\"405\" frameborder=\"0\" allowfullscreen=\"allowfullscreen\" data-mce-fragment=\"1\"><\/iframe><\/div>\n<\/div>\n<h3 class=\"wp-block-heading\">Instalacija UHF RFID \u010dipova za uniforme i odje\u0107u<\/h3>\n<p><strong>Stitch Tagging<\/strong>: Za u\u0161ivanje u rub tekstila. Za\u0161ijte etiketu za rublje dalje od preklopnih linija.<br \/>\n<strong>Heat Sealing<\/strong>: Za toplotno zavarivanje direktno na tekstil na +200\u00b0C (392\u00b0F), 12~14s.<br \/>\n<strong>U torbici<\/strong>: Za \u0161ivanje kao standardna etiketa za njegu. Za\u0161ijte etiketu za rublje dalje od preklopnih linija.<\/p>\n<div class=\"auto-hide-last-sibling-br paragraph_1252f paragraph-element\">\n<p><span data-spm-anchor-id=\"a2700.details.0.i52.7e74253fSAfL7T\">Kako\u00a0<\/span><b><strong>JAKO<\/strong><\/b>\u00a0oni su ?<\/p>\n<p><b><strong>\u2460<\/strong><\/b>.Da li se RFID \u010dipovi mogu o\u0161tetiti pod utjecajem visokih temperatura?<b><strong>\u2714 Na\u0161e RFID tekstilne etikete za pranje rublja dizajnirane su za upotrebu na 200 \u00b0C<\/strong><\/b>.<\/p>\n<p><b><strong>\u2461<\/strong><\/b>Koliko puta mo\u017eemo oprati etikete koje su pri\u010dvr\u0161\u0107ene za uniformne tekstilne proizvode?\u00a0<b><strong>\u2013\u2714Na\u0161a RFID etiketa za tekstil mo\u017ee se prati vi\u0161e od 200 puta sa garancijom 2 godine nakon isporuke.<\/strong><\/b><\/p>\n<p><b><strong>\u2462<\/strong><\/b>Ho\u0107emo li potro\u0161iti presti\u017ene uniforme tekstilnih proizvoda, nastaviti raditi u slu\u010daju zgnje\u010denja?\u00a0<b><strong>\u2013\u2714 Dizajnirali smo na\u0161u etiketu za ve\u0161 za tekstil da izdr\u017ei pritisak od 60 bara u procesu presovanja va\u0161ih tekstilnih proizvoda.<\/strong><\/b><\/p>\n<p><b><strong>\u2463<\/strong><\/b>Gdje postavljate RFID etikete za pranje rublja na tekstil za uniforme?\u00a0<b><strong>\u2013 \u2714RFID etikete za tekstilno pranje ve\u0161a se postavljaju u skladu sa raspolo\u017eivo\u0161\u0107u uniformi.<\/strong><\/b><\/p>\n<h2 class=\"AnswerParser_AnswerParserH2__SIHnF\">\u0160ta je RFID pra\u0107enje pranja?<\/h2>\n<p><span class=\"AnswerParser_TextContainer__z_Iiv\" data-testid=\"youchat-text\">RFID (Radio Frequency Identification) pra\u0107enje ve\u0161a je tehnologija koja koristi\u00a0<strong>RFID oznake<\/strong>\u00a0pri\u010dvr\u0161\u0107eni za tekstil za pra\u0107enje i upravljanje predmetima za pranje tokom njihovog \u017eivotnog ciklusa. Ove oznake, koje se \u010desto nazivaju\u00a0<strong>RFID oznake za ve\u0161<\/strong>, koriste radio talase za prenos podataka do RFID \u010dita\u010da, omogu\u0107avaju\u0107i pra\u0107enje u realnom vremenu i upravljanje zalihama.<\/span><span class=\"AnswerParser_TextContainer__z_Iiv\" data-testid=\"youchat-text\">Ova tehnologija pobolj\u0161ava operacije pranja rublja automatiziraju\u0107i proces pra\u0107enja, osiguravaju\u0107i da se odjevni predmeti i posteljina vode ra\u010duna u svakoj fazi \u2013 od pranja do isporuke. Implementacijom RFID sistema za pra\u0107enje ve\u0161a, preduze\u0107a mogu zna\u010dajno smanjiti ljudsku gre\u0161ku i pobolj\u0161ati ukupnu efikasnost.<\/span><\/p>\n<h2 class=\"AnswerParser_AnswerParserH2__SIHnF\">Prednosti RFID oznaka za pranje rublja<\/h2>\n<h3 class=\"AnswerParser_AnswerParserH3__Mpe4s\">Pobolj\u0161ano upravljanje zalihama<\/h3>\n<p><span class=\"AnswerParser_TextContainer__z_Iiv\" data-testid=\"youchat-text\">RFID oznake za ve\u0161 olak\u0161avaju precizno upravljanje zalihama daju\u0107i trenutne podatke o lokaciji i statusu svakog odjevnog ili platnenog predmeta. Ovaj kapacitet omogu\u0107ava praonicama da efikasno prate artikle, osiguravaju\u0107i da su sve uniforme i posteljina dostupni kada je to potrebno, \u010dime se pobolj\u0161ava radni tok.<\/span><\/p>\n<h3 class=\"AnswerParser_AnswerParserH3__Mpe4s\">Smanjen gubitak i kra\u0111a<\/h3>\n<p><span class=\"AnswerParser_TextContainer__z_Iiv\" data-testid=\"youchat-text\">Jedna od zna\u010dajnih prednosti upotrebe RFID oznaka u praonicama je smanjenje gubitka i kra\u0111e. Svaki ozna\u010deni predmet mo\u017ee se lako identificirati i pratiti, \u0161to \u010dini gotovo nemogu\u0107im da predmeti nestanu. Preduze\u0107a mogu pratiti svoje zalihe u realnom vremenu, osiguravaju\u0107i da se sve evidentira.<\/span><\/p>\n<h3 class=\"AnswerParser_AnswerParserH3__Mpe4s\">Pobolj\u0161ana operativna efikasnost<\/h3>\n<p><span class=\"AnswerParser_TextContainer__z_Iiv\" data-testid=\"youchat-text\">Uz RFID tehnologiju, operacije pranja rublja mogu automatizirati razli\u010dite procese, \u0161to dovodi do pove\u0107ane efikasnosti. Zadaci kao \u0161to su sortiranje, pra\u0107enje i upravljanje ve\u0161om mogu se pojednostaviti, omogu\u0107avaju\u0107i osoblju da se fokusira na kriti\u010dnije funkcije. Ova tehnologija tako\u0111er mo\u017ee zna\u010dajno smanjiti vrijeme utro\u0161eno na ru\u010dne provjere inventara.<\/span><\/p>\n<h2 class=\"AnswerParser_AnswerParserH2__SIHnF\">Kako rade RFID oznake?<\/h2>\n<h3 class=\"AnswerParser_AnswerParserH3__Mpe4s\">Komponente RFID sistema<\/h3>\n<p><span class=\"AnswerParser_TextContainer__z_Iiv\" data-testid=\"youchat-text\">RFID sistem se sastoji od tri glavne komponente:\u00a0<strong>RFID oznake<\/strong>,\u00a0<strong>RFID \u010dita\u010di<\/strong>, i\u00a0<strong>softver<\/strong>\u00a0za upravljanje podacima. RFID oznake su pri\u010dvr\u0161\u0107ene na odje\u0107u i posteljinu, dok \u010dita\u010di skeniraju i prikupljaju podatke sa ovih oznaka. Prikupljene podatke zatim obra\u0111uje softver za upravljanje za pra\u0107enje inventara i izvje\u0161tavanje.<\/span><\/p>\n<h3 class=\"AnswerParser_AnswerParserH3__Mpe4s\">Prijenos podataka<\/h3>\n<p><span class=\"AnswerParser_TextContainer__z_Iiv\" data-testid=\"youchat-text\">Kada RFID oznaka pro\u0111e u domet RFID \u010dita\u010da, \u010dita\u010d emituje radio talase koji napajaju oznaku, poti\u010du\u0107i je da prenese svoj jedinstveni identifikacijski broj. Ove informacije se \u0161alju softveru, koji bilje\u017ei lokaciju i status predmeta, omogu\u0107avaju\u0107i pra\u0107enje u realnom vremenu.<\/span><\/p>\n<h3 class=\"AnswerParser_AnswerParserH3__Mpe4s\">Kompatibilnost s operacijama pranja rublja<\/h3>\n<p><span class=\"AnswerParser_TextContainer__z_Iiv\" data-testid=\"youchat-text\">RFID oznake dizajnirane za primjenu u pranju rublja su izdr\u017eljive i perive, \u0161to osigurava da mogu izdr\u017eati cikluse pranja na visokim temperaturama bez gubitka funkcionalnosti. Efikasno rade \u010dak iu te\u0161kim okru\u017eenjima za pranje ve\u0161a, \u0161to ih \u010dini idealnim za industrijske operacije pranja ve\u0161a.<\/span><\/p>\n<h2 class=\"AnswerParser_AnswerParserH2__SIHnF\">Klju\u010dne karakteristike RFID oznaka za pranje ve\u0161a<\/h2>\n<h3 class=\"AnswerParser_AnswerParserH3__Mpe4s\">Perivi i izdr\u017eljivi<\/h3>\n<p><span class=\"AnswerParser_TextContainer__z_Iiv\" data-testid=\"youchat-text\">RFID oznake za ve\u0161 su dizajnirane da budu\u00a0<strong>perivo<\/strong>, omogu\u0107avaju\u0107i im da izdr\u017ee vi\u0161e ciklusa pranja bez degradacije. Napravljeni su od izdr\u017eljivih materijala koji mogu izdr\u017eati visoke temperature i jake deterd\u017eente, osiguravaju\u0107i dugotrajne performanse.<\/span><\/p>\n<h3 class=\"AnswerParser_AnswerParserH3__Mpe4s\">UHF tehnologija<\/h3>\n<p><span class=\"AnswerParser_TextContainer__z_Iiv\" data-testid=\"youchat-text\">Ve\u0107ina RFID oznaka za rublje koristi\u00a0<strong>UHF (ultra visoka frekvencija)<\/strong>\u00a0tehnologija, koja omogu\u0107ava opseg o\u010ditavanja od nekoliko metara. Ova mogu\u0107nost pobolj\u0161ava efikasnost pra\u0107enja, omogu\u0107avaju\u0107i istovremeno skeniranje vi\u0161e stavki i bez direktnog vidnog polja.<\/span><\/p>\n<h3 class=\"AnswerParser_AnswerParserH3__Mpe4s\">Opcije prilago\u0111avanja<\/h3>\n<p><span class=\"AnswerParser_TextContainer__z_Iiv\" data-testid=\"youchat-text\">RFID oznake za rublje mogu se prilagoditi u razli\u010ditim oblicima, veli\u010dinama i memorijskim kapacitetima kako bi zadovoljile specifi\u010dne operativne potrebe. Ova fleksibilnost omogu\u0107ava preduze\u0107ima da izaberu oznake koje najbolje odgovaraju njihovim zahtjevima za upravljanje odjevnim predmetom ili posteljinom.<\/span><\/p>\n<h2 class=\"AnswerParser_AnswerParserH2__SIHnF\">Razumijevanje UHF RFID tehnologije<\/h2>\n<h3 class=\"AnswerParser_AnswerParserH3__Mpe4s\">\u0160ta je UHF RFID?<\/h3>\n<p><span class=\"AnswerParser_TextContainer__z_Iiv\" data-testid=\"youchat-text\"><strong>UHF RFID<\/strong>\u00a0radi u frekventnom opsegu od 300 MHz do 3 GHz, nude\u0107i nekoliko prednosti u odnosu na druge frekvencije, uklju\u010duju\u0107i du\u017ee opsege \u010ditanja i br\u017ee brzine prijenosa podataka. Ova tehnologija je posebno korisna za aplikacije za pranje ve\u0161a, gde je neophodno pra\u0107enje vi\u0161e stvari odjednom.<\/span><\/p>\n<h3 class=\"AnswerParser_AnswerParserH3__Mpe4s\">Prednosti UHF RFID u upravljanju praonicama<\/h3>\n<p><span class=\"AnswerParser_TextContainer__z_Iiv\" data-testid=\"youchat-text\">UHF RFID tehnologija pru\u017ea pobolj\u0161ane mogu\u0107nosti pra\u0107enja, omogu\u0107avaju\u0107i efikasno upravljanje velikim zalihama. Njegova sposobnost da prenosi podatke na ve\u0107e udaljenosti zna\u010di da objekti za pranje ve\u0161a mogu pobolj\u0161ati svoj radni tok minimiziraju\u0107i potrebu za ru\u010dnim skeniranjem.<\/span><\/p>\n<h2 class=\"AnswerParser_AnswerParserH2__SIHnF\">Utjecaj RFID oznaka za pranje rublja na okoli\u0161<\/h2>\n<h3 class=\"AnswerParser_AnswerParserH3__Mpe4s\">Razmatranja odr\u017eivosti<\/h3>\n<p><span class=\"AnswerParser_TextContainer__z_Iiv\" data-testid=\"youchat-text\">Implementacija RFID tehnologije u praonicama mo\u017ee doprinijeti naporima za odr\u017eivost. Smanjenjem gubitka tekstila i optimizacijom procesa pranja ve\u0161a, preduze\u0107a mogu minimizirati otpad i pobolj\u0161ati efikasnost resursa.<\/span><\/p>\n<h2 class=\"AnswerParser_AnswerParserH2__SIHnF\">Recenzije i izjave kupaca<\/h2>\n<h3 class=\"AnswerParser_AnswerParserH3__Mpe4s\">Iskustva iz stvarnog svijeta<\/h3>\n<p><span class=\"AnswerParser_TextContainer__z_Iiv\" data-testid=\"youchat-text\">Mnogi objekti za pranje ve\u0161a su prijavili zna\u010dajna pobolj\u0161anja u efikasnosti i ta\u010dnosti inventara nakon implementacije RFID oznaka za ve\u0161. Kupci cijene smanjenje izgubljenih predmeta i lako\u0107u pra\u0107enja njihovih uniformi i posteljine.<\/span><\/p>\n<blockquote><p><span class=\"AnswerParser_TextContainer__z_Iiv\" data-testid=\"youchat-text\">\u201cOtkako smo usvojili RFID pra\u0107enje ve\u0161a, na\u0161a operativna efikasnost je naglo porasla! Sada mo\u017eemo pratiti na\u0161u posteljinu u realnom vremenu, \u0161to je znatno smanjilo na\u0161e gubitke.\u201d \u2013\u00a0<em>Jane D., voditeljica praonice<\/em><\/span><\/p><\/blockquote>\n<h3 class=\"AnswerParser_AnswerParserH3__Mpe4s\">Pozitivne povratne informacije<\/h3>\n<p><span class=\"AnswerParser_TextContainer__z_Iiv\" data-testid=\"youchat-text\">Povratne informacije korisnika isti\u010du efikasnost i pouzdanost RFID oznaka za ve\u0161, \u0161to ih \u010dini preferiranim izborom me\u0111u uslugama pranja ve\u0161a. Kupci cijene dugoro\u010dne u\u0161tede povezane sa smanjenim gubicima zaliha i pobolj\u0161anim upravljanjem.<\/span><\/p>\n<h2 class=\"AnswerParser_AnswerParserH2__SIHnF\">\u010cesto postavljana pitanja<\/h2>\n<h3 class=\"AnswerParser_AnswerParserH3__Mpe4s\">Koliko dugo traju RFID oznake za ve\u0161?<\/h3>\n<p><span class=\"AnswerParser_TextContainer__z_Iiv\" data-testid=\"youchat-text\">RFID oznake za ve\u0161 su dizajnirane da izdr\u017ee do\u00a0<strong>200 ciklusa pranja<\/strong>, ovisno o specifi\u010dnoj etiketi i uvjetima pranja. Njihova izdr\u017eljivost osigurava da ostanu funkcionalni tokom svog \u017eivotnog ciklusa.<\/span><\/p>\n<h3 class=\"AnswerParser_AnswerParserH3__Mpe4s\">Da li se RFID oznake za ve\u0161 mogu prilagoditi?<\/h3>\n<p><span class=\"AnswerParser_TextContainer__z_Iiv\" data-testid=\"youchat-text\">Da, RFID oznake za rublje mogu se prilagoditi u razli\u010ditim oblicima i memorijskim kapacitetima kako bi zadovoljile specifi\u010dne potrebe va\u0161ih operacija pranja rublja.<\/span><\/p>\n<h3 class=\"AnswerParser_AnswerParserH3__Mpe4s\">Koji je opseg \u010ditanja za UHF RFID oznake?<\/h3>\n<p><span class=\"AnswerParser_TextContainer__z_Iiv\" data-testid=\"youchat-text\">UHF RFID oznake obi\u010dno imaju opseg \u010ditanja do\u00a0<strong>6~12 metara<\/strong>, \u0161to omogu\u0107ava efikasno pra\u0107enje vi\u0161e stavki istovremeno.<\/span><\/p>\n<h2 class=\"AnswerParser_AnswerParserH2__SIHnF\">Zaklju\u010dak<\/h2>\n<p><span class=\"AnswerParser_TextContainer__z_Iiv\" data-testid=\"youchat-text\">UHF RFID \u010dipovi za pra\u0107enje uniformi, odje\u0107e i posteljine predstavljaju transformativni napredak u upravljanju pranjem rublja. Ulaganjem u RFID etikete za pranje rublja, preduze\u0107a mogu pobolj\u0161ati svoju operativnu efikasnost, smanjiti gubitke i pobolj\u0161ati cjelokupno upravljanje zalihama.<\/span><\/p>\n<\/div>","protected":false},"excerpt":{"rendered":"<div class=\"elementor-element elementor-element-4f79c63 e-flex e-con-boxed e-con e-parent e-lazyloaded\" data-id=\"4f79c63\" data-element_type=\"container\" data-settings=\"{&quot;_ha_eqh_enable&quot;:false}\">\n<div class=\"e-con-inner\">\n<div class=\"elementor-element elementor-element-be3873c elementor-widget elementor-widget-woocommerce-product-short-description\" data-id=\"be3873c\" data-element_type=\"widget\" data-widget_type=\"woocommerce-product-short-description.default\">\n<div class=\"elementor-widget-container\">\n<div class=\"woocommerce-product-details__short-description\">\n<p><strong>UHF RFID \u010dipovi za uniforme<\/strong>\u00a0i pra\u0107enje posteljine revolucioniraju upravljanje pranjem rublja. Mi smo me\u0111u 5 najboljih proizvo\u0111a\u010da UHF RFID etiketa za pranje rublja.<\/p>\n<\/div>\n<\/div>\n<\/div>\n<\/div>\n<\/div>\n<div class=\"elementor-element elementor-element-3ad806e e-flex e-con-boxed e-con e-parent e-lazyloaded\" data-id=\"3ad806e\" data-element_type=\"container\" data-settings=\"{&quot;_ha_eqh_enable&quot;:false}\">\n<div class=\"e-con-inner\">\n<div class=\"elementor-element elementor-element-362020f elementor-widget elementor-widget-woocommerce-product-data-tabs\" data-id=\"362020f\" data-element_type=\"widget\" data-widget_type=\"woocommerce-product-data-tabs.default\">\n<div class=\"elementor-widget-container\">\n<div class=\"woocommerce-tabs wc-tabs-wrapper\"><\/div>\n<\/div>\n<\/div>\n<\/div>\n<\/div>","protected":false},"featured_media":2963,"template":"","meta":{"_kad_post_transparent":"default","_kad_post_title":"","_kad_post_layout":"default","_kad_post_sidebar_id":"","_kad_post_content_style":"default","_kad_post_vertical_padding":"default","_kad_post_feature":"","_kad_post_feature_position":"","_kad_post_header":false,"_kad_post_footer":false,"_kad_post_classname":""},"product_brand":[],"product_cat":[19],"product_tag":[24,342,339,65,368,372,30],"class_list":{"0":"post-3020","1":"product","2":"type-product","3":"status-publish","4":"has-post-thumbnail","6":"product_cat-textile-rfid-laundry-tag","7":"product_tag-laundry-rfid-tags","8":"product_tag-rfid-laundry-tags","9":"product_tag-rfid-washable-tags","10":"product_tag-textile-rfid-laundry-tags","11":"product_tag-textile-uhf-rfid-tags-labels","12":"product_tag-uhf-rfid-chips","13":"product_tag-uhf-rfid-laundry-tag","15":"first","16":"instock","17":"featured","18":"shipping-taxable","19":"product-type-simple","20":"entry","21":"content-bg","22":"loop-entry"},"_links":{"self":[{"href":"https:\/\/rfid-laundry-tag.com\/bs\/wp-json\/wp\/v2\/product\/3020","targetHints":{"allow":["GET"]}}],"collection":[{"href":"https:\/\/rfid-laundry-tag.com\/bs\/wp-json\/wp\/v2\/product"}],"about":[{"href":"https:\/\/rfid-laundry-tag.com\/bs\/wp-json\/wp\/v2\/types\/product"}],"version-history":[{"count":1,"href":"https:\/\/rfid-laundry-tag.com\/bs\/wp-json\/wp\/v2\/product\/3020\/revisions"}],"predecessor-version":[{"id":3021,"href":"https:\/\/rfid-laundry-tag.com\/bs\/wp-json\/wp\/v2\/product\/3020\/revisions\/3021"}],"wp:featuredmedia":[{"embeddable":true,"href":"https:\/\/rfid-laundry-tag.com\/bs\/wp-json\/wp\/v2\/media\/2963"}],"wp:attachment":[{"href":"https:\/\/rfid-laundry-tag.com\/bs\/wp-json\/wp\/v2\/media?parent=3020"}],"wp:term":[{"taxonomy":"product_brand","embeddable":true,"href":"https:\/\/rfid-laundry-tag.com\/bs\/wp-json\/wp\/v2\/product_brand?post=3020"},{"taxonomy":"product_cat","embeddable":true,"href":"https:\/\/rfid-laundry-tag.com\/bs\/wp-json\/wp\/v2\/product_cat?post=3020"},{"taxonomy":"product_tag","embeddable":true,"href":"https:\/\/rfid-laundry-tag.com\/bs\/wp-json\/wp\/v2\/product_tag?post=3020"}],"curies":[{"name":"radni list","href":"https:\/\/api.w.org\/{rel}","templated":true}]}}