{"id":302,"date":"2024-06-26T16:45:35","date_gmt":"2024-06-26T16:45:35","guid":{"rendered":"https:\/\/rfid-laundry-tag.com\/?post_type=product&#038;p=302"},"modified":"2024-06-26T16:49:46","modified_gmt":"2024-06-26T16:49:46","slug":"on-duty-ntag213-nfc-patrol-tag","status":"publish","type":"product","link":"https:\/\/rfid-laundry-tag.com\/bs\/on-duty-ntag213-nfc-patrol-tag\/","title":{"rendered":"Na du\u017enosti Ntag213 NFC Patrol Tag"},"content":{"rendered":"<p><strong>Na du\u017enosti Ntag213 NFC Patrol Tag<\/strong><\/p>\n<p>NTAG213, NTAG215 i NTAG216 su razvili NXP Semiconductors kao standardne NFC tag IC-e za upotrebu u aplikacijama masovnog tr\u017ei\u0161ta kao \u0161to su maloprodaja, igranje i potro\u0161a\u010dka elektronika, u kombinaciji sa NFC ure\u0111ajima ili NFC kompatibilnim ure\u0111ajima za blizinu. NTAG213, NTAG215 i NTAG216 (od sada se op\u0107enito nazivaju NTAG21x) dizajnirani su da u potpunosti budu u skladu sa NFC Forum tipom 2 oznakom i ISO\/IEC14443 tipom A specifikacijama.<\/p>\n<table class=\"hight-light-first-column all magic-11\">\n<tbody>\n<tr>\n<td colspan=\"1\" rowspan=\"1\">\n<div class=\"magic-12\" data-spm-anchor-id=\"a2700.details.0.i57.12287cd6Tl6d8d\">Veli\u010dina<\/div>\n<\/td>\n<td colspan=\"4\" rowspan=\"1\">\n<div class=\"magic-13\">Dia 25mm<\/div>\n<\/td>\n<\/tr>\n<tr>\n<td colspan=\"1\" rowspan=\"1\">\n<div class=\"magic-12\">Boja<\/div>\n<\/td>\n<td colspan=\"4\" rowspan=\"1\">\n<div class=\"magic-16\">Crna, bijela, \u017euta, crvena ili prilago\u0111ena<\/div>\n<\/td>\n<\/tr>\n<tr>\n<td colspan=\"1\" rowspan=\"1\">\n<div class=\"magic-12\">\u010cip<\/div>\n<\/td>\n<td colspan=\"4\" rowspan=\"1\">\n<div class=\"magic-13\">NTAG213,NTAG215,NTAG216<\/div>\n<\/td>\n<\/tr>\n<tr>\n<td colspan=\"1\" rowspan=\"1\">\n<div class=\"magic-12\">Frekvencija<\/div>\n<\/td>\n<td colspan=\"4\" rowspan=\"1\">\n<div class=\"magic-13\">13.56mhz<\/div>\n<\/td>\n<\/tr>\n<tr>\n<td colspan=\"1\" rowspan=\"1\">\n<div class=\"magic-12\">Protokol<\/div>\n<\/td>\n<td colspan=\"4\" rowspan=\"1\">\n<div class=\"magic-13\">ISO14443A, NFC Forum Tip 2<\/div>\n<\/td>\n<\/tr>\n<tr>\n<td colspan=\"1\" rowspan=\"1\">\n<div class=\"magic-12\">Materijal<\/div>\n<\/td>\n<td colspan=\"4\" rowspan=\"1\">\n<div class=\"magic-13\">ABS<\/div>\n<\/td>\n<\/tr>\n<tr>\n<td colspan=\"1\" rowspan=\"1\">\n<div class=\"magic-12\">Radna temperatura<\/div>\n<\/td>\n<td colspan=\"4\" rowspan=\"1\">\n<div class=\"magic-13\">-20 do 85 stepeni C<\/div>\n<\/td>\n<\/tr>\n<tr>\n<td colspan=\"1\" rowspan=\"1\">\n<div class=\"magic-12\">Aplikacija<\/div>\n<\/td>\n<td colspan=\"4\" rowspan=\"1\">\n<div class=\"magic-16\">Lanac za pranje ve\u0161a, jaka hemikalija, ure\u0111aj za pla\u0107anje, upotreba na otvorenom, hemikalija, industrija, logistika, patrolni \u010duvar, \u010dlanstvo, kontejner za otpremu, palete itd.<\/div>\n<\/td>\n<\/tr>\n<tr>\n<td colspan=\"1\" rowspan=\"1\">\n<div class=\"magic-12\">Waterproof Rating<\/div>\n<\/td>\n<td colspan=\"4\" rowspan=\"1\">\n<div class=\"magic-16\">IP67<\/div>\n<\/td>\n<\/tr>\n<tr>\n<td colspan=\"1\" rowspan=\"1\">\n<div class=\"magic-12\">Opseg \u010ditanja<\/div>\n<\/td>\n<td colspan=\"4\" rowspan=\"1\">\n<div class=\"magic-16\">5-10cm, zavisi od \u010ditaoca<\/div>\n<\/td>\n<\/tr>\n<tr>\n<td colspan=\"1\" rowspan=\"1\">\n<div class=\"magic-12\">Craft<\/div>\n<\/td>\n<td colspan=\"4\" rowspan=\"1\">\n<div class=\"magic-16\">Laserski gravirani serijski broj, bar kod i tako dalje<\/div>\n<\/td>\n<\/tr>\n<tr>\n<td colspan=\"1\" rowspan=\"1\">\n<div class=\"magic-12\">Monta\u017ea<\/div>\n<\/td>\n<td colspan=\"4\" rowspan=\"1\">\n<div class=\"magic-16\">Ljepilom ili vijkom, ili zakovicama<\/div>\n<\/td>\n<\/tr>\n<\/tbody>\n<\/table>\n<h2>On Duty NTAG213 NFC Patrol Tag Applications<\/h2>\n<p>On Duty NTAG213 NFC Patrol Tag je svestran alat za pobolj\u0161anje sigurnosti, efikasnosti i pra\u0107enja u razli\u010ditim aplikacijama. Evo nekoliko primjera:<\/p>\n<p><strong>Sigurnost i kontrola pristupa:<\/strong><\/p>\n<ul>\n<li><strong>patrolni stra\u017ear:<\/strong>\u00a0Oznake se mogu dodijeliti pojedina\u010dnim slu\u017ebenicima sigurnosti, \u0161to omogu\u0107ava pra\u0107enje njihove lokacije i aktivnosti u realnom vremenu. Ovo poma\u017ee u pra\u0107enju ruta patrola, osiguravanju pravovremenih odgovora i pru\u017eanju dokaza o prisutnosti na odre\u0111enim kontrolnim punktovima.<\/li>\n<li><strong>Kontrola pristupa:<\/strong>\u00a0Integrisane sa sistemom NFC \u010dita\u010da, oznake mogu odobriti ili odbiti pristup odre\u0111enim oblastima ili resursima na osnovu korisni\u010dkog identiteta i nivoa autorizacije. Ovo pove\u0107ava sigurnost i ograni\u010dava neovla\u0161teni ulazak.<\/li>\n<li><strong>Pra\u0107enje imovine:<\/strong>\u00a0Pri\u010dvrstite oznake na vrijednu opremu ili imovinu kako biste pratili njihovu lokaciju, kretanje i upotrebu. Ovo poma\u017ee u spre\u010davanju kra\u0111e, optimizaciji upravljanja zalihama i pra\u0107enju rasporeda odr\u017eavanja opreme.<\/li>\n<\/ul>\n<p><strong>Tok rada i efikasnost:<\/strong><\/p>\n<ul>\n<li><strong>Pra\u0107enje radnog naloga:<\/strong>\u00a0Oznake se mogu koristiti za snimanje i pra\u0107enje radnih naloga, pru\u017eaju\u0107i a\u017euriranje statusa u realnom vremenu i olak\u0161avaju\u0107i efikasno upravljanje tokovima posla.<\/li>\n<li><strong>Vrijeme i prisustvo:<\/strong>\u00a0Integrirajte oznake sa satovima koji podr\u017eavaju NFC kako biste zabilje\u017eili vrijeme dolaska i odlaska zaposlenika, pobolj\u0161avaju\u0107i preciznost i eliminiraju\u0107i gre\u0161ke u ru\u010dnom mjerenju vremena.<\/li>\n<li><strong>Upravljanje zalihama:<\/strong>\u00a0Pri\u010dvrstite oznake na stavke zaliha za automatizovano upravljanje zalihama, smanjuju\u0107i ru\u010dno brojanje i omogu\u0107avaju\u0107i vidljivost nivoa zaliha u realnom vremenu.<\/li>\n<\/ul>\n<p><strong>Ostale aplikacije:<\/strong><\/p>\n<ul>\n<li><strong>Ulaznice za doga\u0111aje:<\/strong>\u00a0Oznake mogu poslu\u017eiti kao ulaznice za doga\u0111aje, pru\u017eaju\u0107i kontrolu ulaska, omogu\u0107avaju\u0107i polaznicima pristup ekskluzivnom sadr\u017eaju i omogu\u0107avaju\u0107i besprijekorne transakcije.<\/li>\n<li><strong>Programi lojalnosti:<\/strong>\u00a0Integrirajte oznake s programima lojalnosti kako biste vjernim kupcima ponudili personalizirane nagrade, popuste i ekskluzivne pogodnosti.<\/li>\n<li><strong>Pohrana podataka:<\/strong>\u00a0Memorija oznake mo\u017ee se koristiti za pohranjivanje informacija kao \u0161to su specifikacije proizvoda, zapisi o odr\u017eavanju ili porijeklo proizvoda. Ovo omogu\u0107ava lak pristup relevantnim podacima putem NFC ure\u0111aja.<\/li>\n<\/ul>\n<p><strong>Prednosti kori\u0161tenja NTAG213 NFC patrolnih oznaka:<\/strong><\/p>\n<ul>\n<li><strong>Pobolj\u0161ana sigurnost:<\/strong>\u00a0Pove\u0107ana kontrola pristupa, pra\u0107enja imovine i aktivnosti zaposlenih.<\/li>\n<li><strong>Pobolj\u0161ana efikasnost:<\/strong>\u00a0Pojednostavljeni tijek rada, automatizirano hvatanje podataka i smanjeni ru\u010dni procesi.<\/li>\n<li><strong>Pra\u0107enje u realnom vremenu:<\/strong>\u00a0Stalno pra\u0107enje imovine, osoblja i aktivnosti.<\/li>\n<li><strong>Isplativost:<\/strong>\u00a0Smanjuje oslanjanje na ru\u010dne procese, potencijalno \u0161tedi vrijeme i resurse.<\/li>\n<li><strong>Prilago\u0111eno korisniku:<\/strong>\u00a0Jednostavna integracija sa postoje\u0107im sistemima i interakcija prilago\u0111ena korisniku putem NFC ure\u0111aja.<\/li>\n<\/ul>\n<p><strong>Sve u svemu, NTAG213 NFC Patrol Tag nudi robusno i svestrano rje\u0161enje za \u0161irok spektar aplikacija, omogu\u0107avaju\u0107i organizacijama da pobolj\u0161aju sigurnost, optimiziraju radni tok i pobolj\u0161aju operativnu efikasnost.<\/strong><\/p>","protected":false},"excerpt":{"rendered":"<p>Na du\u017enosti Ntag213 NFC patrolna oznaka: obi\u010dne NFC oznake ne rade dobro na metalnim povr\u0161inama. To je zato \u0161to metal ometa elektromagnetne signale koji se koriste za komunikaciju. Me\u0111utim, nova vrsta oznaka, tzv <strong>NFC oznake na metalu<\/strong>, rje\u0161ava ovaj problem. Ove oznake su posebno dizajnirane za besprijekorno funkcioniranje na metalu ili bilo kojem drugom provodljivom materijalu. Oni predstavljaju proboj za NFC aplikacije u okru\u017eenjima u kojima je metala u izobilju.<\/p>","protected":false},"featured_media":303,"template":"","meta":{"_kad_post_transparent":"default","_kad_post_title":"","_kad_post_layout":"default","_kad_post_sidebar_id":"","_kad_post_content_style":"default","_kad_post_vertical_padding":"default","_kad_post_feature":"","_kad_post_feature_position":"","_kad_post_header":false,"_kad_post_footer":false,"_kad_post_classname":""},"product_brand":[],"product_cat":[54],"product_tag":[118,123],"class_list":{"0":"post-302","1":"product","2":"type-product","3":"status-publish","4":"has-post-thumbnail","6":"product_cat-hot-selling-rfid-tags","7":"product_tag-anti-metal-nfc-patrol-tag","8":"product_tag-on-duty-ntag213-nfc-patrol-tag","10":"first","11":"instock","12":"shipping-taxable","13":"product-type-simple","14":"entry","15":"content-bg","16":"loop-entry"},"_links":{"self":[{"href":"https:\/\/rfid-laundry-tag.com\/bs\/wp-json\/wp\/v2\/product\/302","targetHints":{"allow":["GET"]}}],"collection":[{"href":"https:\/\/rfid-laundry-tag.com\/bs\/wp-json\/wp\/v2\/product"}],"about":[{"href":"https:\/\/rfid-laundry-tag.com\/bs\/wp-json\/wp\/v2\/types\/product"}],"version-history":[{"count":0,"href":"https:\/\/rfid-laundry-tag.com\/bs\/wp-json\/wp\/v2\/product\/302\/revisions"}],"wp:featuredmedia":[{"embeddable":true,"href":"https:\/\/rfid-laundry-tag.com\/bs\/wp-json\/wp\/v2\/media\/303"}],"wp:attachment":[{"href":"https:\/\/rfid-laundry-tag.com\/bs\/wp-json\/wp\/v2\/media?parent=302"}],"wp:term":[{"taxonomy":"product_brand","embeddable":true,"href":"https:\/\/rfid-laundry-tag.com\/bs\/wp-json\/wp\/v2\/product_brand?post=302"},{"taxonomy":"product_cat","embeddable":true,"href":"https:\/\/rfid-laundry-tag.com\/bs\/wp-json\/wp\/v2\/product_cat?post=302"},{"taxonomy":"product_tag","embeddable":true,"href":"https:\/\/rfid-laundry-tag.com\/bs\/wp-json\/wp\/v2\/product_tag?post=302"}],"curies":[{"name":"radni list","href":"https:\/\/api.w.org\/{rel}","templated":true}]}}