{"id":299,"date":"2024-06-26T15:49:09","date_gmt":"2024-06-26T15:49:09","guid":{"rendered":"https:\/\/rfid-laundry-tag.com\/?post_type=product&#038;p=299"},"modified":"2024-06-26T15:49:09","modified_gmt":"2024-06-26T15:49:09","slug":"uhf-industrial-on-metal-rfid-tags","status":"publish","type":"product","link":"https:\/\/rfid-laundry-tag.com\/bs\/uhf-industrial-on-metal-rfid-tags\/","title":{"rendered":"UHF Industrial On Metal RFID Tags"},"content":{"rendered":"<table class=\"has-title all magic-4\">\n<tbody>\n<tr>\n<td colspan=\"1\" rowspan=\"1\">\n<div class=\"magic-5\" data-spm-anchor-id=\"a2700.details.0.i63.6b4c1284UGSrnr\">Materijal<\/div>\n<\/td>\n<td colspan=\"1\" rowspan=\"1\">\n<div class=\"magic-6\">ABS<\/div>\n<\/td>\n<\/tr>\n<tr>\n<td colspan=\"1\" rowspan=\"1\">\n<div class=\"magic-5\">Veli\u010dina<\/div>\n<\/td>\n<td colspan=\"1\" rowspan=\"1\">\n<div class=\"magic-6\">78x31x10mm ili prilago\u0111eno<\/div>\n<\/td>\n<\/tr>\n<tr>\n<td colspan=\"1\" rowspan=\"1\">\n<div class=\"magic-5\">Frekvencija<\/div>\n<\/td>\n<td colspan=\"1\" rowspan=\"1\">\n<div class=\"magic-6\">860-960 MHz<\/div>\n<\/td>\n<\/tr>\n<tr>\n<td colspan=\"1\" rowspan=\"1\">\n<div class=\"magic-5\">Tip IC (\u010dip)<\/div>\n<\/td>\n<td colspan=\"1\" rowspan=\"1\">\n<div class=\"magic-6\">Impinj Monza R6P<\/div>\n<\/td>\n<\/tr>\n<tr>\n<td colspan=\"1\" rowspan=\"1\">\n<div class=\"magic-5\">Protokol<\/div>\n<\/td>\n<td colspan=\"1\" rowspan=\"1\">\n<div class=\"magic-6\" data-spm-anchor-id=\"a2700.details.0.i64.6b4c1284UGSrnr\">EPC Global Class 1 Gen2 &amp; ISO18000-6C<\/div>\n<\/td>\n<\/tr>\n<tr>\n<td colspan=\"1\" rowspan=\"1\">\n<div class=\"magic-7\">Memorija<\/div>\n<\/td>\n<td colspan=\"1\" rowspan=\"1\">\n<div class=\"magic-6\">EPC 128 bita, korisnik 32 bita<\/div>\n<\/td>\n<\/tr>\n<tr>\n<td colspan=\"1\" rowspan=\"1\">\n<div class=\"magic-5\">Faktor oblika oznake<\/div>\n<\/td>\n<td colspan=\"1\" rowspan=\"1\">\n<div class=\"magic-6\">Hard tag<\/div>\n<\/td>\n<\/tr>\n<tr>\n<td colspan=\"1\" rowspan=\"1\">\n<div class=\"magic-5\">Attachment Method<\/div>\n<\/td>\n<td colspan=\"1\" rowspan=\"1\">\n<div class=\"magic-6\">Fiksiranje vijcima, ljepilo za film<\/div>\n<\/td>\n<\/tr>\n<tr>\n<td colspan=\"1\" rowspan=\"1\">\n<div class=\"magic-5\">Radna temperatura<\/div>\n<\/td>\n<td colspan=\"1\" rowspan=\"1\">\n<div class=\"magic-6\">-35 \u00b0C \/ +90 \u00b0C<\/div>\n<\/td>\n<\/tr>\n<tr>\n<td colspan=\"1\" rowspan=\"1\">\n<div class=\"magic-5\">Pro\u010ditajte udaljenost<\/div>\n<\/td>\n<td colspan=\"1\" rowspan=\"1\">\n<div class=\"magic-6\">Do 10m<\/div>\n<\/td>\n<\/tr>\n<tr>\n<td colspan=\"1\" rowspan=\"1\">\n<div class=\"magic-8\">Primjenjivi povr\u0161inski materijali<\/div>\n<\/td>\n<td colspan=\"1\" rowspan=\"1\">\n<div class=\"magic-6\">Metalne i nemetalne podloge<\/div>\n<\/td>\n<\/tr>\n<tr>\n<td colspan=\"1\" rowspan=\"1\">\n<div class=\"magic-7\">IP Rating<\/div>\n<\/td>\n<td colspan=\"1\" rowspan=\"1\">\n<div class=\"magic-6\">IP68<\/div>\n<\/td>\n<\/tr>\n<tr>\n<td colspan=\"1\" rowspan=\"1\">\n<div class=\"magic-7\">Aplikacija<\/div>\n<\/td>\n<td colspan=\"1\" rowspan=\"1\">\n<div class=\"magic-6\" data-spm-anchor-id=\"a2700.details.0.i62.6b4c1284UGSrnr\">Za imovinu, te\u0161ku industriju i upotrebu na otvorenom<\/div>\n<\/td>\n<\/tr>\n<\/tbody>\n<\/table>\n<p>&nbsp;<\/p>\n<h2>UHF RFID oznake za industrijska okru\u017eenja<\/h2>\n<p><strong>Karakteristike:<\/strong><\/p>\n<ul>\n<li><strong>Kompatibilnost sa industrijskim standardom:<\/strong>\u00a0Pridr\u017eava se ISO18000-6C (EPC C1G2) standarda, garantuju\u0107i besprekornu integraciju sa postoje\u0107im UHF RFID sistemima.<\/li>\n<li><strong>Univerzalna povr\u0161inska kompatibilnost:<\/strong>\u00a0Mogu se pri\u010dvrstiti na razli\u010dite povr\u0161ine poput metala, plastike, pa \u010dak i teku\u0107ine, \u0161to ih \u010dini idealnim za razne primjene.<\/li>\n<li><strong>Superiorna izdr\u017eljivost:<\/strong>\u00a0IP68 ocijenjeno za izuzetnu otpornost na ulazak pra\u0161ine i vode, osiguravaju\u0107i pouzdan rad u zahtjevnim okru\u017eenjima.<\/li>\n<li><strong>Beskompromisne performanse:<\/strong>\u00a0Dizajniran da bude vodootporan i otporan na sudare, garantuju\u0107i ta\u010dna i konzistentna o\u010ditavanja \u010dak i u zahtjevnim uvjetima.<\/li>\n<\/ul>\n<p><strong>Prijave:<\/strong><\/p>\n<ul>\n<li><strong>Upravljanje imovinom:<\/strong>\u00a0Pratite lokaciju i status vrijedne opreme i imovine.<\/li>\n<li><strong>Optimizacija lanca nabavke:<\/strong>\u00a0Pojednostavite logisti\u010dke i automobilske procese efektivnim pra\u0107enjem zaliha, vozila i dijelova.<\/li>\n<li><strong>Efikasnost proizvodnje:<\/strong>\u00a0Optimizirajte proizvodne procese i pratite produktivnost radnika radi pobolj\u0161anja efikasnosti.<\/li>\n<li><strong>Upravljanje resursima i sigurnost:<\/strong>\u00a0Omogu\u0107ite pouzdano pra\u0107enje opreme i resursa u zahtjevnim okru\u017eenjima kao \u0161to su nafta i plin i rudarstvo, dok istovremeno pove\u0107avate sigurnost radnika.<\/li>\n<\/ul>\n<p><strong>Prednosti:<\/strong><\/p>\n<ul>\n<li><strong>Ta\u010dni podaci u realnom vremenu:<\/strong>\u00a0Steknite trenutni uvid u operacije, olak\u0161avaju\u0107i bolje dono\u0161enje odluka.<\/li>\n<li><strong>Pobolj\u0161ana kontrola zaliha:<\/strong>\u00a0Smanjite gubitak i rasipanje odr\u017eavanjem sveobuhvatne vidljivosti imovine.<\/li>\n<li><strong>Pojednostavljene operacije:<\/strong>\u00a0Optimizirajte tokove rada i minimizirajte zastoje radi pobolj\u0161anja efikasnosti.<\/li>\n<li><strong>Pove\u0107ana sigurnost:<\/strong>\u00a0Identificirajte potencijalne rizike i za\u0161titite radnike u zahtjevnim okru\u017eenjima.<\/li>\n<\/ul>","protected":false},"excerpt":{"rendered":"<p>ABS RFID oznaka je pasivna UHF RFID oznaka dugog dometa koja mo\u017ee o\u010ditati na, isklju\u010denu i blizu metalnih povr\u0161ina. Dizajniran u malom faktoru oblika, odlikuje se izdr\u017eljivom vodonepropusnom kapsulom za dugotrajnu upotrebu u vanjskim i industrijskim okru\u017eenjima.<\/p>","protected":false},"featured_media":300,"template":"","meta":{"_kad_post_transparent":"default","_kad_post_title":"","_kad_post_layout":"default","_kad_post_sidebar_id":"","_kad_post_content_style":"default","_kad_post_vertical_padding":"default","_kad_post_feature":"","_kad_post_feature_position":"","_kad_post_header":false,"_kad_post_footer":false,"_kad_post_classname":""},"product_brand":[],"product_cat":[54],"product_tag":[122,121],"class_list":{"0":"post-299","1":"product","2":"type-product","3":"status-publish","4":"has-post-thumbnail","6":"product_cat-hot-selling-rfid-tags","7":"product_tag-on-metal-rfid-tags","8":"product_tag-uhf-industrial-on-metal-rfid-tags","10":"first","11":"instock","12":"shipping-taxable","13":"product-type-simple","14":"entry","15":"content-bg","16":"loop-entry"},"_links":{"self":[{"href":"https:\/\/rfid-laundry-tag.com\/bs\/wp-json\/wp\/v2\/product\/299","targetHints":{"allow":["GET"]}}],"collection":[{"href":"https:\/\/rfid-laundry-tag.com\/bs\/wp-json\/wp\/v2\/product"}],"about":[{"href":"https:\/\/rfid-laundry-tag.com\/bs\/wp-json\/wp\/v2\/types\/product"}],"version-history":[{"count":0,"href":"https:\/\/rfid-laundry-tag.com\/bs\/wp-json\/wp\/v2\/product\/299\/revisions"}],"wp:featuredmedia":[{"embeddable":true,"href":"https:\/\/rfid-laundry-tag.com\/bs\/wp-json\/wp\/v2\/media\/300"}],"wp:attachment":[{"href":"https:\/\/rfid-laundry-tag.com\/bs\/wp-json\/wp\/v2\/media?parent=299"}],"wp:term":[{"taxonomy":"product_brand","embeddable":true,"href":"https:\/\/rfid-laundry-tag.com\/bs\/wp-json\/wp\/v2\/product_brand?post=299"},{"taxonomy":"product_cat","embeddable":true,"href":"https:\/\/rfid-laundry-tag.com\/bs\/wp-json\/wp\/v2\/product_cat?post=299"},{"taxonomy":"product_tag","embeddable":true,"href":"https:\/\/rfid-laundry-tag.com\/bs\/wp-json\/wp\/v2\/product_tag?post=299"}],"curies":[{"name":"radni list","href":"https:\/\/api.w.org\/{rel}","templated":true}]}}